{"id":8474,"date":"2018-04-18T20:10:34","date_gmt":"2018-04-18T20:10:34","guid":{"rendered":"https:\/\/dockedge.com\/product\/face-pleine\/"},"modified":"2018-04-18T20:10:34","modified_gmt":"2018-04-18T20:10:34","slug":"face-pleine","status":"publish","type":"product","link":"https:\/\/dockedge.thinairweb.co\/fr\/produit\/face-pleine\/","title":{"rendered":"FACE PLEINE"},"content":{"rendered":"<table id=\"product-table\" cellpadding=\"15\" cellspacing=\"0\" border=\"0\">\n<tbody>\n<tr>\n<th>N\u00b0 de pi\u00e8ce<\/th>\n<th>Description<\/th>\n<\/tr>\n<tr>\n<td>DE1160F<\/td>\n<td>Profil\u00e9 blanc pleine face, (16 Ft\/Rouleau) \u2021<\/td>\n<\/tr>\n<tr>\n<td>DE1161F<\/td>\n<td>Profil\u00e9 beige pleine face, (16 Ft\/Rouleau) \u2021<\/td>\n<\/tr>\n<tr>\n<td>DE1162F<\/td>\n<td>Profil\u00e9 gris pleine face, (16 Ft\/Rouleau) \u2021<\/td>\n<\/tr>\n<tr>\n<td>DE1163F<\/td>\n<td>Profil\u00e9 noir pleine face, (16 Ft\/Rouleau) \u2021<\/td>\n<\/tr>\n<tr>\n<td>DE1104F<\/td>\n<td>Profil\u00e9 blanc pleine face, 24 pi (3 longueurs de 8 pi) \u2021<\/td>\n<\/tr>\n<tr>\n<td>DE1108F<\/td>\n<td>Profil\u00e9 beige \u00e0 face pleine, 24 pi (3 longueurs de 8 pi) \u2021<\/td>\n<\/tr>\n<tr>\n<td>DE1112F<\/td>\n<td>Profil\u00e9 gris \u00e0 face pleine, 24 pi (3 longueurs de 8 pi) \u2021<\/td>\n<\/tr>\n<tr>\n<td>DE1116F<\/td>\n<td>Profil\u00e9 noir pleine face, 24 pi (3 longueurs de 8 pi) \u2021<\/td>\n<\/tr>\n<\/tbody>\n<\/table>\n<p><script src=\"\/\/ui.powerreviews.com\/stable\/4.0\/ui.js\"><\/script><\/p>\n<p><script>\n  POWERREVIEWS.display.render({\n      api_key: 'fdb23d80-8310-4409-87f2-2ee20e24a743',\n      locale: 'en_US',\n      merchant_group_id: '78535',\n      merchant_id: '542114',\n      page_id: '3051',\n      review_wrapper_url: 'http:\/\/www.dockedge.com\/write-a-review\/?pr_page_id=___PAGE_ID___',\nstructured_data_product_id : 'http:\/\/www.dockedge.com\/product\/full-face\/',\nproduct:{\n        name: 'Full Face', \n        url: 'http:\/\/www.dockedge.com\/product\/full-face\/',\n        image_url: 'http:\/\/www.dockedge.com\/wp-content\/uploads\/sites\/3\/2018\/04\/1160-F.jpg',\n        description: 'Full Face Profile (16Ft\/Roll) WH',\n        category_name: 'Standard Heavy Duty',\n        manufacturer_id: 'DE1160F',\n        upc: '776113116005',\n        brand_name: 'Dockedge',\n        price: '<your_product_price>',\n        in_stock: '<product_in_stock_status>',\n        variants: [{\n            name: 'DE1161F',\n            description: 'Full Face Profile (16Ft\/Roll) BE',\n\t    upc: '776113116104',\t\n            page_id_variant: '1',\n        },\n        {\n            name: 'DE1162F',\n            description: 'Full Face Profile (16Ft\/Roll) GY',\n            upc: '776113116203',\n            page_id_variant: '2',  \n        },\n        {\n            name: 'DE1163F',\n            description: 'Full Face Profile (16Ft\/Roll) BK',\n            upc: '776113116302',\n            page_id_variant: '3',   \n        },\n        {\n            name: 'DE1104F',\n            description: 'Full Face Profile (24Ft\/Crt) WH',\n\t    upc: '776113110409',\t\n            page_id_variant: '4',\n        },\n        {\n            name: 'DE1108F',\n            description: 'Full Face Profile (24Ft\/Crt) BE',\n            upc: '776113110805',\n            page_id_variant: '5',  \n        },\n        {\n            name: 'DE1112F',\n            description: 'Full Face Profile (24Ft\/Crt) GY',\n            upc: '776113111208',\n            page_id_variant: '6',   \n        },\n        {\n            name: 'DE1116F',\n            description: 'Full Face Profile (24Ft\/Crt) BK',\n\t    upc: '776113111604',\t\n            page_id_variant: '7',\n    }]\n    },\n      components: {\n    ReviewSnippet: 'pr-reviewsnippet',\n    ReviewDisplay: 'pr-reviewdisplay'\n      }\n    });\n  <\/script><\/p>\n<div id=\"pr-reviewdisplay\"><\/div>\n","protected":false},"excerpt":{"rendered":"<div id=\"pr-reviewsnippet\"><\/div>\n<p><b>CUP<\/b> <br \/>\nId\u00e9al pour les grandes applications, ce profil\u00e9 offre une r\u00e9sistance et une s\u00e9curit\u00e9 accrues contre les dommages caus\u00e9s aux bateaux ou aux biens. Les doubles canaux internes avec poutrelle transversale ajoutent une protection suppl\u00e9mentaire contre les impacts et offrent une grande surface de contact. <\/p>\n","protected":false},"featured_media":7591,"template":"","meta":{"_acf_changed":false,"_et_pb_use_builder":"","_et_pb_old_content":"","_et_gb_content_width":""},"product_brand":[],"product_cat":[184],"product_tag":[],"class_list":{"0":"post-8474","1":"product","2":"type-product","3":"status-publish","4":"has-post-thumbnail","6":"product_cat-profiles-pvc-standard","8":"first","9":"instock","10":"shipping-taxable","11":"product-type-simple"},"yoast_head":"<!-- This site is optimized with the Yoast SEO plugin v27.0 - https:\/\/yoast.com\/product\/yoast-seo-wordpress\/ -->\n<title>FACE PLEINE - Dock Edge+<\/title>\n<meta name=\"robots\" content=\"index, follow, max-snippet:-1, max-image-preview:large, max-video-preview:-1\" \/>\n<link rel=\"canonical\" href=\"https:\/\/dockedge.thinairweb.co\/fr\/produit\/face-pleine\/\" \/>\n<meta property=\"og:locale\" content=\"fr_FR\" \/>\n<meta property=\"og:type\" content=\"article\" \/>\n<meta property=\"og:title\" content=\"FACE PLEINE - Dock Edge+\" \/>\n<meta property=\"og:description\" content=\"CUP Id\u00e9al pour les grandes applications, ce profil\u00e9 offre une r\u00e9sistance et une s\u00e9curit\u00e9 accrues contre les dommages caus\u00e9s aux bateaux ou aux biens. Les doubles canaux internes avec poutrelle transversale ajoutent une protection suppl\u00e9mentaire contre les impacts et offrent une grande surface de contact.\" \/>\n<meta property=\"og:url\" content=\"https:\/\/dockedge.thinairweb.co\/fr\/produit\/face-pleine\/\" \/>\n<meta property=\"og:site_name\" content=\"Dock Edge+\" \/>\n<meta property=\"og:image\" content=\"https:\/\/dockedge.thinairweb.co\/wp-content\/uploads\/sites\/3\/2018\/04\/DE1160F.jpg\" \/>\n\t<meta property=\"og:image:width\" content=\"922\" \/>\n\t<meta property=\"og:image:height\" content=\"700\" \/>\n\t<meta property=\"og:image:type\" content=\"image\/jpeg\" \/>\n<meta name=\"twitter:card\" content=\"summary_large_image\" \/>\n<script type=\"application\/ld+json\" class=\"yoast-schema-graph\">{\"@context\":\"https:\/\/schema.org\",\"@graph\":[{\"@type\":\"WebPage\",\"@id\":\"https:\/\/dockedge.thinairweb.co\/fr\/produit\/face-pleine\/\",\"url\":\"https:\/\/dockedge.thinairweb.co\/fr\/produit\/face-pleine\/\",\"name\":\"FACE PLEINE - Dock Edge+\",\"isPartOf\":{\"@id\":\"https:\/\/dockedge.thinairweb.co\/fr\/#website\"},\"primaryImageOfPage\":{\"@id\":\"https:\/\/dockedge.thinairweb.co\/fr\/produit\/face-pleine\/#primaryimage\"},\"image\":{\"@id\":\"https:\/\/dockedge.thinairweb.co\/fr\/produit\/face-pleine\/#primaryimage\"},\"thumbnailUrl\":\"https:\/\/dockedge.thinairweb.co\/wp-content\/uploads\/sites\/3\/2018\/04\/DE1160F.jpg\",\"datePublished\":\"2018-04-18T20:10:34+00:00\",\"breadcrumb\":{\"@id\":\"https:\/\/dockedge.thinairweb.co\/fr\/produit\/face-pleine\/#breadcrumb\"},\"inLanguage\":\"fr-FR\",\"potentialAction\":[{\"@type\":\"ReadAction\",\"target\":[\"https:\/\/dockedge.thinairweb.co\/fr\/produit\/face-pleine\/\"]}]},{\"@type\":\"ImageObject\",\"inLanguage\":\"fr-FR\",\"@id\":\"https:\/\/dockedge.thinairweb.co\/fr\/produit\/face-pleine\/#primaryimage\",\"url\":\"https:\/\/dockedge.thinairweb.co\/wp-content\/uploads\/sites\/3\/2018\/04\/DE1160F.jpg\",\"contentUrl\":\"https:\/\/dockedge.thinairweb.co\/wp-content\/uploads\/sites\/3\/2018\/04\/DE1160F.jpg\",\"width\":922,\"height\":700,\"caption\":\"Full Face Profile in white, installed\"},{\"@type\":\"BreadcrumbList\",\"@id\":\"https:\/\/dockedge.thinairweb.co\/fr\/produit\/face-pleine\/#breadcrumb\",\"itemListElement\":[{\"@type\":\"ListItem\",\"position\":1,\"name\":\"Home\",\"item\":\"https:\/\/dockedge.thinairweb.co\/fr\/\"},{\"@type\":\"ListItem\",\"position\":2,\"name\":\"Boutique\",\"item\":\"https:\/\/dockedge.thinairweb.co\/fr\/boutique\/\"},{\"@type\":\"ListItem\",\"position\":3,\"name\":\"FACE PLEINE\"}]},{\"@type\":\"WebSite\",\"@id\":\"https:\/\/dockedge.thinairweb.co\/fr\/#website\",\"url\":\"https:\/\/dockedge.thinairweb.co\/fr\/\",\"name\":\"Dock Edge+\",\"description\":\"Your Dock. Your Way.\",\"potentialAction\":[{\"@type\":\"SearchAction\",\"target\":{\"@type\":\"EntryPoint\",\"urlTemplate\":\"https:\/\/dockedge.thinairweb.co\/fr\/?s={search_term_string}\"},\"query-input\":{\"@type\":\"PropertyValueSpecification\",\"valueRequired\":true,\"valueName\":\"search_term_string\"}}],\"inLanguage\":\"fr-FR\"}]}<\/script>\n<!-- \/ Yoast SEO plugin. -->","yoast_head_json":{"title":"FACE PLEINE - Dock Edge+","robots":{"index":"index","follow":"follow","max-snippet":"max-snippet:-1","max-image-preview":"max-image-preview:large","max-video-preview":"max-video-preview:-1"},"canonical":"https:\/\/dockedge.thinairweb.co\/fr\/produit\/face-pleine\/","og_locale":"fr_FR","og_type":"article","og_title":"FACE PLEINE - Dock Edge+","og_description":"CUP Id\u00e9al pour les grandes applications, ce profil\u00e9 offre une r\u00e9sistance et une s\u00e9curit\u00e9 accrues contre les dommages caus\u00e9s aux bateaux ou aux biens. Les doubles canaux internes avec poutrelle transversale ajoutent une protection suppl\u00e9mentaire contre les impacts et offrent une grande surface de contact.","og_url":"https:\/\/dockedge.thinairweb.co\/fr\/produit\/face-pleine\/","og_site_name":"Dock Edge+","og_image":[{"width":922,"height":700,"url":"https:\/\/dockedge.thinairweb.co\/wp-content\/uploads\/sites\/3\/2018\/04\/DE1160F.jpg","type":"image\/jpeg"}],"twitter_card":"summary_large_image","schema":{"@context":"https:\/\/schema.org","@graph":[{"@type":"WebPage","@id":"https:\/\/dockedge.thinairweb.co\/fr\/produit\/face-pleine\/","url":"https:\/\/dockedge.thinairweb.co\/fr\/produit\/face-pleine\/","name":"FACE PLEINE - Dock Edge+","isPartOf":{"@id":"https:\/\/dockedge.thinairweb.co\/fr\/#website"},"primaryImageOfPage":{"@id":"https:\/\/dockedge.thinairweb.co\/fr\/produit\/face-pleine\/#primaryimage"},"image":{"@id":"https:\/\/dockedge.thinairweb.co\/fr\/produit\/face-pleine\/#primaryimage"},"thumbnailUrl":"https:\/\/dockedge.thinairweb.co\/wp-content\/uploads\/sites\/3\/2018\/04\/DE1160F.jpg","datePublished":"2018-04-18T20:10:34+00:00","breadcrumb":{"@id":"https:\/\/dockedge.thinairweb.co\/fr\/produit\/face-pleine\/#breadcrumb"},"inLanguage":"fr-FR","potentialAction":[{"@type":"ReadAction","target":["https:\/\/dockedge.thinairweb.co\/fr\/produit\/face-pleine\/"]}]},{"@type":"ImageObject","inLanguage":"fr-FR","@id":"https:\/\/dockedge.thinairweb.co\/fr\/produit\/face-pleine\/#primaryimage","url":"https:\/\/dockedge.thinairweb.co\/wp-content\/uploads\/sites\/3\/2018\/04\/DE1160F.jpg","contentUrl":"https:\/\/dockedge.thinairweb.co\/wp-content\/uploads\/sites\/3\/2018\/04\/DE1160F.jpg","width":922,"height":700,"caption":"Full Face Profile in white, installed"},{"@type":"BreadcrumbList","@id":"https:\/\/dockedge.thinairweb.co\/fr\/produit\/face-pleine\/#breadcrumb","itemListElement":[{"@type":"ListItem","position":1,"name":"Home","item":"https:\/\/dockedge.thinairweb.co\/fr\/"},{"@type":"ListItem","position":2,"name":"Boutique","item":"https:\/\/dockedge.thinairweb.co\/fr\/boutique\/"},{"@type":"ListItem","position":3,"name":"FACE PLEINE"}]},{"@type":"WebSite","@id":"https:\/\/dockedge.thinairweb.co\/fr\/#website","url":"https:\/\/dockedge.thinairweb.co\/fr\/","name":"Dock Edge+","description":"Your Dock. Your Way.","potentialAction":[{"@type":"SearchAction","target":{"@type":"EntryPoint","urlTemplate":"https:\/\/dockedge.thinairweb.co\/fr\/?s={search_term_string}"},"query-input":{"@type":"PropertyValueSpecification","valueRequired":true,"valueName":"search_term_string"}}],"inLanguage":"fr-FR"}]}},"acf":[],"_links":{"self":[{"href":"https:\/\/dockedge.thinairweb.co\/fr\/wp-json\/wp\/v2\/product\/8474","targetHints":{"allow":["GET"]}}],"collection":[{"href":"https:\/\/dockedge.thinairweb.co\/fr\/wp-json\/wp\/v2\/product"}],"about":[{"href":"https:\/\/dockedge.thinairweb.co\/fr\/wp-json\/wp\/v2\/types\/product"}],"wp:featuredmedia":[{"embeddable":true,"href":"https:\/\/dockedge.thinairweb.co\/fr\/wp-json\/wp\/v2\/media\/7591"}],"wp:attachment":[{"href":"https:\/\/dockedge.thinairweb.co\/fr\/wp-json\/wp\/v2\/media?parent=8474"}],"wp:term":[{"taxonomy":"product_brand","embeddable":true,"href":"https:\/\/dockedge.thinairweb.co\/fr\/wp-json\/wp\/v2\/product_brand?post=8474"},{"taxonomy":"product_cat","embeddable":true,"href":"https:\/\/dockedge.thinairweb.co\/fr\/wp-json\/wp\/v2\/product_cat?post=8474"},{"taxonomy":"product_tag","embeddable":true,"href":"https:\/\/dockedge.thinairweb.co\/fr\/wp-json\/wp\/v2\/product_tag?post=8474"}],"curies":[{"name":"wp","href":"https:\/\/api.w.org\/{rel}","templated":true}]}}