{"id":8475,"date":"2018-04-18T20:19:25","date_gmt":"2018-04-18T20:19:25","guid":{"rendered":"https:\/\/dockedge.com\/product\/garde-c\/"},"modified":"2018-04-18T20:19:25","modified_gmt":"2018-04-18T20:19:25","slug":"garde-c","status":"publish","type":"product","link":"https:\/\/dockedge.thinairweb.co\/fr\/produit\/garde-c\/","title":{"rendered":"\u00ab\u00a0GARDE \u00ab\u00a0C"},"content":{"rendered":"<table id=\"product-table\" cellpadding=\"15\" cellspacing=\"0\" border=\"0\">\n<tbody>\n<tr>\n<th>N\u00b0 de pi\u00e8ce<\/th>\n<th>Description<\/th>\n<\/tr>\n<tr>\n<td>DE1125F<\/td>\n<td>Profil\u00e9 de protection blanc \u00ab\u00a0C\u00a0\u00bb, 90 pieds (15 x 6&prime; de longueur) \u2021<\/td>\n<\/tr>\n<tr>\n<td>DE1129F<\/td>\n<td>Profil\u00e9 de protection gris \u00ab\u00a0C\u00a0\u00bb, 90 pieds (15 longueurs de 6 pieds) \u2021<\/td>\n<\/tr>\n<tr>\n<td>DE1133F<\/td>\n<td>Profil\u00e9 de protection blanc \u00ab\u00a0C\u00a0\u00bb, 24 pi (4 x 6 pi) \u2021<\/td>\n<\/tr>\n<tr>\n<td>DE1131F<\/td>\n<td>Profil\u00e9 de protection \u00ab\u00a0C\u00a0\u00bb blanc, (10 Ft\/sac) \u2021<\/td>\n<\/tr>\n<tr>\n<td>DE1132F<\/td>\n<td>Profil\u00e9 de protection \u00ab\u00a0C\u00a0\u00bb blanc, (10 Ft\/Rouleau) \u2021<\/td>\n<\/tr>\n<\/tbody>\n<\/table>\n<p><script src=\"\/\/ui.powerreviews.com\/stable\/4.0\/ui.js\"><\/script><\/p>\n<p><script>\n  POWERREVIEWS.display.render({\n      api_key: 'fdb23d80-8310-4409-87f2-2ee20e24a743',\n      locale: 'en_US',\n      merchant_group_id: '78535',\n      merchant_id: '542114',\n      page_id: '3060',\n      review_wrapper_url: 'http:\/\/www.dockedge.com\/write-a-review\/?pr_page_id=___PAGE_ID___',\nstructured_data_product_id : 'http:\/\/www.dockedge.com\/product\/c-guard\/',\nproduct:{\n        name: '\"C\" GUARD', \n        url: 'http:\/\/www.dockedge.com\/product\/c-guard\/',\n        image_url: 'http:\/\/www.dockedge.com\/wp-content\/uploads\/sites\/3\/2018\/04\/1125-F.jpg',\n        description: '\"White \u201cC\u201d Guard Profile 90 ft. (15 x 6\\\u2032 lengths)',\n        category_name: 'Economy',\n        manufacturer_id: 'DE1125F',\n        upc: '776113112502',\n        brand_name: 'Dockedge',\n        price: '<your_product_price>',\n        in_stock: '<product_in_stock_status>',\n        variants: [{\n            name: 'DE1129F',\n            description: 'Grey \u201cC\u201d Guard Profile 90 ft. (15 x 6\\\u2032 lengths)',\n\t    upc: '776113112908',\t\n            page_id_variant: '1',\n    },\n    {\n            name: 'DE1133F',\n            description: 'White \u201cC\u201d Guard Profile 24 ft. (4 x 6\\\u2032 lengths)',\n            upc: '776113113301',\n            page_id_variant: '2',  \n    },\n    {\n            name: 'DE1131F',\n            description: 'White \u201cC\u201d Guard Profile (10 Ft\/Bag)',\n            upc: '776113113103',\n            page_id_variant: '3',   \n    }]\n    {\n            name: 'DE1132F',\n            description: 'White \u201cC\u201d Guard Profile (10 Ft\/Roll)',\n            upc: '776113113202',\n            page_id_variant: '4',   \n    }]\n    },\n      components: {\n    ReviewSnippet: 'pr-reviewsnippet',\n    ReviewDisplay: 'pr-reviewdisplay'\n      }\n    });\n  <\/script><\/p>\n<div id=\"pr-reviewdisplay\"><\/div>\n","protected":false},"excerpt":{"rendered":"<div id=\"pr-reviewsnippet\"><\/div>\n<p><b>CUP<\/b> <br \/>\nCe profil\u00e9 \u00e9conomique co-extrud\u00e9 en forme de \u00ab\u00a0C\u00a0\u00bb est fabriqu\u00e9 selon des normes rigoureuses \u00e0 partir de PVC de qualit\u00e9 marine avec des inhibiteurs d&rsquo;UV et des fongicides. Il ne se fissurera pas et ne se d\u00e9formera pas en cas de temp\u00e9ratures extr\u00eames. Il est livr\u00e9 en longueurs de 6 pieds ou en bobines de 10 pieds, faciles \u00e0 installer. Il peut \u00eatre utilis\u00e9 sur des surfaces planes ainsi que sur des pilotis.     <\/p>\n","protected":false},"featured_media":7624,"template":"","meta":{"_acf_changed":false,"_et_pb_use_builder":"","_et_pb_old_content":"","_et_gb_content_width":""},"product_brand":[],"product_cat":[185],"product_tag":[],"class_list":{"0":"post-8475","1":"product","2":"type-product","3":"status-publish","4":"has-post-thumbnail","6":"product_cat-profiles-pvc-economiques","8":"first","9":"instock","10":"shipping-taxable","11":"product-type-simple"},"yoast_head":"<!-- This site is optimized with the Yoast SEO plugin v27.0 - https:\/\/yoast.com\/product\/yoast-seo-wordpress\/ -->\n<title>&quot;GARDE &quot;C - Dock Edge+<\/title>\n<meta name=\"robots\" content=\"index, follow, max-snippet:-1, max-image-preview:large, max-video-preview:-1\" \/>\n<link rel=\"canonical\" href=\"https:\/\/dockedge.thinairweb.co\/fr\/produit\/garde-c\/\" \/>\n<meta property=\"og:locale\" content=\"fr_FR\" \/>\n<meta property=\"og:type\" content=\"article\" \/>\n<meta property=\"og:title\" content=\"&quot;GARDE &quot;C - Dock Edge+\" \/>\n<meta property=\"og:description\" content=\"CUP Ce profil\u00e9 \u00e9conomique co-extrud\u00e9 en forme de &quot;C&quot; est fabriqu\u00e9 selon des normes rigoureuses \u00e0 partir de PVC de qualit\u00e9 marine avec des inhibiteurs d&#039;UV et des fongicides. Il ne se fissurera pas et ne se d\u00e9formera pas en cas de temp\u00e9ratures extr\u00eames. Il est livr\u00e9 en longueurs de 6 pieds ou en bobines de 10 pieds, faciles \u00e0 installer. Il peut \u00eatre utilis\u00e9 sur des surfaces planes ainsi que sur des pilotis.\" \/>\n<meta property=\"og:url\" content=\"https:\/\/dockedge.thinairweb.co\/fr\/produit\/garde-c\/\" \/>\n<meta property=\"og:site_name\" content=\"Dock Edge+\" \/>\n<meta property=\"og:image\" content=\"https:\/\/dockedge.thinairweb.co\/wp-content\/uploads\/sites\/3\/2018\/04\/DE1125F.jpg\" \/>\n\t<meta property=\"og:image:width\" content=\"900\" \/>\n\t<meta property=\"og:image:height\" content=\"700\" \/>\n\t<meta property=\"og:image:type\" content=\"image\/jpeg\" \/>\n<meta name=\"twitter:card\" content=\"summary_large_image\" \/>\n<script type=\"application\/ld+json\" class=\"yoast-schema-graph\">{\"@context\":\"https:\/\/schema.org\",\"@graph\":[{\"@type\":\"WebPage\",\"@id\":\"https:\/\/dockedge.thinairweb.co\/fr\/produit\/garde-c\/\",\"url\":\"https:\/\/dockedge.thinairweb.co\/fr\/produit\/garde-c\/\",\"name\":\"\\\"GARDE \\\"C - Dock Edge+\",\"isPartOf\":{\"@id\":\"https:\/\/dockedge.thinairweb.co\/fr\/#website\"},\"primaryImageOfPage\":{\"@id\":\"https:\/\/dockedge.thinairweb.co\/fr\/produit\/garde-c\/#primaryimage\"},\"image\":{\"@id\":\"https:\/\/dockedge.thinairweb.co\/fr\/produit\/garde-c\/#primaryimage\"},\"thumbnailUrl\":\"https:\/\/dockedge.thinairweb.co\/wp-content\/uploads\/sites\/3\/2018\/04\/DE1125F.jpg\",\"datePublished\":\"2018-04-18T20:19:25+00:00\",\"breadcrumb\":{\"@id\":\"https:\/\/dockedge.thinairweb.co\/fr\/produit\/garde-c\/#breadcrumb\"},\"inLanguage\":\"fr-FR\",\"potentialAction\":[{\"@type\":\"ReadAction\",\"target\":[\"https:\/\/dockedge.thinairweb.co\/fr\/produit\/garde-c\/\"]}]},{\"@type\":\"ImageObject\",\"inLanguage\":\"fr-FR\",\"@id\":\"https:\/\/dockedge.thinairweb.co\/fr\/produit\/garde-c\/#primaryimage\",\"url\":\"https:\/\/dockedge.thinairweb.co\/wp-content\/uploads\/sites\/3\/2018\/04\/DE1125F.jpg\",\"contentUrl\":\"https:\/\/dockedge.thinairweb.co\/wp-content\/uploads\/sites\/3\/2018\/04\/DE1125F.jpg\",\"width\":900,\"height\":700,\"caption\":\"C Guard profile, installed\"},{\"@type\":\"BreadcrumbList\",\"@id\":\"https:\/\/dockedge.thinairweb.co\/fr\/produit\/garde-c\/#breadcrumb\",\"itemListElement\":[{\"@type\":\"ListItem\",\"position\":1,\"name\":\"Home\",\"item\":\"https:\/\/dockedge.thinairweb.co\/fr\/\"},{\"@type\":\"ListItem\",\"position\":2,\"name\":\"Boutique\",\"item\":\"https:\/\/dockedge.thinairweb.co\/fr\/boutique\/\"},{\"@type\":\"ListItem\",\"position\":3,\"name\":\"\u00ab\u00a0GARDE \u00ab\u00a0C\"}]},{\"@type\":\"WebSite\",\"@id\":\"https:\/\/dockedge.thinairweb.co\/fr\/#website\",\"url\":\"https:\/\/dockedge.thinairweb.co\/fr\/\",\"name\":\"Dock Edge+\",\"description\":\"Your Dock. Your Way.\",\"potentialAction\":[{\"@type\":\"SearchAction\",\"target\":{\"@type\":\"EntryPoint\",\"urlTemplate\":\"https:\/\/dockedge.thinairweb.co\/fr\/?s={search_term_string}\"},\"query-input\":{\"@type\":\"PropertyValueSpecification\",\"valueRequired\":true,\"valueName\":\"search_term_string\"}}],\"inLanguage\":\"fr-FR\"}]}<\/script>\n<!-- \/ Yoast SEO plugin. -->","yoast_head_json":{"title":"\"GARDE \"C - Dock Edge+","robots":{"index":"index","follow":"follow","max-snippet":"max-snippet:-1","max-image-preview":"max-image-preview:large","max-video-preview":"max-video-preview:-1"},"canonical":"https:\/\/dockedge.thinairweb.co\/fr\/produit\/garde-c\/","og_locale":"fr_FR","og_type":"article","og_title":"\"GARDE \"C - Dock Edge+","og_description":"CUP Ce profil\u00e9 \u00e9conomique co-extrud\u00e9 en forme de \"C\" est fabriqu\u00e9 selon des normes rigoureuses \u00e0 partir de PVC de qualit\u00e9 marine avec des inhibiteurs d'UV et des fongicides. Il ne se fissurera pas et ne se d\u00e9formera pas en cas de temp\u00e9ratures extr\u00eames. Il est livr\u00e9 en longueurs de 6 pieds ou en bobines de 10 pieds, faciles \u00e0 installer. Il peut \u00eatre utilis\u00e9 sur des surfaces planes ainsi que sur des pilotis.","og_url":"https:\/\/dockedge.thinairweb.co\/fr\/produit\/garde-c\/","og_site_name":"Dock Edge+","og_image":[{"width":900,"height":700,"url":"https:\/\/dockedge.thinairweb.co\/wp-content\/uploads\/sites\/3\/2018\/04\/DE1125F.jpg","type":"image\/jpeg"}],"twitter_card":"summary_large_image","schema":{"@context":"https:\/\/schema.org","@graph":[{"@type":"WebPage","@id":"https:\/\/dockedge.thinairweb.co\/fr\/produit\/garde-c\/","url":"https:\/\/dockedge.thinairweb.co\/fr\/produit\/garde-c\/","name":"\"GARDE \"C - Dock Edge+","isPartOf":{"@id":"https:\/\/dockedge.thinairweb.co\/fr\/#website"},"primaryImageOfPage":{"@id":"https:\/\/dockedge.thinairweb.co\/fr\/produit\/garde-c\/#primaryimage"},"image":{"@id":"https:\/\/dockedge.thinairweb.co\/fr\/produit\/garde-c\/#primaryimage"},"thumbnailUrl":"https:\/\/dockedge.thinairweb.co\/wp-content\/uploads\/sites\/3\/2018\/04\/DE1125F.jpg","datePublished":"2018-04-18T20:19:25+00:00","breadcrumb":{"@id":"https:\/\/dockedge.thinairweb.co\/fr\/produit\/garde-c\/#breadcrumb"},"inLanguage":"fr-FR","potentialAction":[{"@type":"ReadAction","target":["https:\/\/dockedge.thinairweb.co\/fr\/produit\/garde-c\/"]}]},{"@type":"ImageObject","inLanguage":"fr-FR","@id":"https:\/\/dockedge.thinairweb.co\/fr\/produit\/garde-c\/#primaryimage","url":"https:\/\/dockedge.thinairweb.co\/wp-content\/uploads\/sites\/3\/2018\/04\/DE1125F.jpg","contentUrl":"https:\/\/dockedge.thinairweb.co\/wp-content\/uploads\/sites\/3\/2018\/04\/DE1125F.jpg","width":900,"height":700,"caption":"C Guard profile, installed"},{"@type":"BreadcrumbList","@id":"https:\/\/dockedge.thinairweb.co\/fr\/produit\/garde-c\/#breadcrumb","itemListElement":[{"@type":"ListItem","position":1,"name":"Home","item":"https:\/\/dockedge.thinairweb.co\/fr\/"},{"@type":"ListItem","position":2,"name":"Boutique","item":"https:\/\/dockedge.thinairweb.co\/fr\/boutique\/"},{"@type":"ListItem","position":3,"name":"\u00ab\u00a0GARDE \u00ab\u00a0C"}]},{"@type":"WebSite","@id":"https:\/\/dockedge.thinairweb.co\/fr\/#website","url":"https:\/\/dockedge.thinairweb.co\/fr\/","name":"Dock Edge+","description":"Your Dock. Your Way.","potentialAction":[{"@type":"SearchAction","target":{"@type":"EntryPoint","urlTemplate":"https:\/\/dockedge.thinairweb.co\/fr\/?s={search_term_string}"},"query-input":{"@type":"PropertyValueSpecification","valueRequired":true,"valueName":"search_term_string"}}],"inLanguage":"fr-FR"}]}},"acf":[],"_links":{"self":[{"href":"https:\/\/dockedge.thinairweb.co\/fr\/wp-json\/wp\/v2\/product\/8475","targetHints":{"allow":["GET"]}}],"collection":[{"href":"https:\/\/dockedge.thinairweb.co\/fr\/wp-json\/wp\/v2\/product"}],"about":[{"href":"https:\/\/dockedge.thinairweb.co\/fr\/wp-json\/wp\/v2\/types\/product"}],"wp:featuredmedia":[{"embeddable":true,"href":"https:\/\/dockedge.thinairweb.co\/fr\/wp-json\/wp\/v2\/media\/7624"}],"wp:attachment":[{"href":"https:\/\/dockedge.thinairweb.co\/fr\/wp-json\/wp\/v2\/media?parent=8475"}],"wp:term":[{"taxonomy":"product_brand","embeddable":true,"href":"https:\/\/dockedge.thinairweb.co\/fr\/wp-json\/wp\/v2\/product_brand?post=8475"},{"taxonomy":"product_cat","embeddable":true,"href":"https:\/\/dockedge.thinairweb.co\/fr\/wp-json\/wp\/v2\/product_cat?post=8475"},{"taxonomy":"product_tag","embeddable":true,"href":"https:\/\/dockedge.thinairweb.co\/fr\/wp-json\/wp\/v2\/product_tag?post=8475"}],"curies":[{"name":"wp","href":"https:\/\/api.w.org\/{rel}","templated":true}]}}