{"id":8476,"date":"2018-04-18T20:06:57","date_gmt":"2018-04-18T20:06:57","guid":{"rendered":"https:\/\/dockedge.com\/product\/coin-p-oblique-lourd\/"},"modified":"2018-04-18T20:06:57","modified_gmt":"2018-04-18T20:06:57","slug":"coin-p-oblique-lourd","status":"publish","type":"product","link":"https:\/\/dockedge.thinairweb.co\/fr\/produit\/coin-p-oblique-lourd\/","title":{"rendered":"COIN \u00ab\u00a0P\u00a0\u00bb OBLIQUE LOURD"},"content":{"rendered":"<table id=\"product-table\" cellpadding=\"15\" cellspacing=\"0\" border=\"0\">\n<tbody>\n<tr>\n<th>N\u00b0 de pi\u00e8ce<\/th>\n<th>Description<\/th>\n<\/tr>\n<tr>\n<td>DE1054F<\/td>\n<td>Coin blanc, profil \u00ab\u00a0p\u00a0\u00bb inclin\u00e9 lourd \u2021<\/td>\n<\/tr>\n<tr>\n<td>DE1054BF<\/td>\n<td>Coin noir, profil \u00ab\u00a0p\u00a0\u00bb inclin\u00e9 lourd \u2021<\/td>\n<\/tr>\n<tr>\n<td>DE1054GF<\/td>\n<td>Coin gris, profil \u00ab\u00a0p\u00a0\u00bb inclin\u00e9 lourd \u2021<\/td>\n<\/tr>\n<\/tbody>\n<\/table>\n<p><script src=\"\/\/ui.powerreviews.com\/stable\/4.0\/ui.js\"><\/script><\/p>\n<p><script>\n  POWERREVIEWS.display.render({\n      api_key: 'fdb23d80-8310-4409-87f2-2ee20e24a743',\n      locale: 'en_US',\n      merchant_group_id: '78535',\n      merchant_id: '542114',\n      page_id: '3047',\n      review_wrapper_url: 'http:\/\/www.dockedge.com\/write-a-review\/?pr_page_id=___PAGE_ID___',\nstructured_data_product_id : 'http:\/\/www.dockedge.com\/product\/heavy-slant-p-corner\/',\nproduct:{\n        name: 'HEAVY SLANT \"P\" CORNER', \n        url: 'http:\/\/www.dockedge.com\/product\/heavy-slant-p-corner\/',\n        image_url: 'http:\/\/www.dockedge.com\/wp-content\/uploads\/sites\/3\/2018\/04\/1054-F.jpg',\n        description: 'Cnr Out Heavy Slant P Prem WH',\n        category_name: 'Classic Prodock',\n        manufacturer_id: 'DE1054F',\n        upc: '776113105405',\n        brand_name: 'Dockedge',\n        price: '<your_product_price>',\n        in_stock: '<product_in_stock_status>',\n        variants: [{\n            name: 'DE1054BF',\n            description: 'Cnr Out Heavy Slant P Prem BK',\n\t    upc: '776113105467',\t\n            page_id_variant: '1',\n        },\n        {\n            name: 'DE1054GF',\n            description: 'Cnr Out Heavy Slant P Prem GY',\n            upc: '776113105450',\n            page_id_variant: '2',  \n    }]\n    },\n      components: {\n    ReviewSnippet: 'pr-reviewsnippet',\n    ReviewDisplay: 'pr-reviewdisplay'\n      }\n    });\n  <\/script><\/p>\n<div id=\"pr-reviewdisplay\"><\/div>\n","protected":false},"excerpt":{"rendered":"<div id=\"pr-reviewsnippet\"><\/div>\n<p><b>CUP<\/b> <br \/>\nFabriqu\u00e9 en PVC souple de qualit\u00e9 marine, il r\u00e9siste \u00e0 l&rsquo;\u00e9caillage et \u00e0 la fissuration dans des conditions normales d&rsquo;utilisation. R\u00e9siste \u00e0 l&rsquo;huile, au gaz et \u00e0 l&rsquo;eau sal\u00e9e. Les inhibiteurs d&rsquo;UV emp\u00eachent la d\u00e9coloration, la d\u00e9gradation par la lumi\u00e8re du soleil et la formation de taches. Les fongicides emp\u00eachent la croissance des moisissures et des bact\u00e9ries.   <\/p>\n<p>Roto-moul\u00e9 pour une \u00e9paisseur de paroi uniforme<\/p>\n<p>Convient aux profils \u00ab\u00a0P\u00a0\u00bb obliques lourds<\/p>\n","protected":false},"featured_media":7619,"template":"","meta":{"_acf_changed":false,"_et_pb_use_builder":"","_et_pb_old_content":"","_et_gb_content_width":""},"product_brand":[],"product_cat":[186],"product_tag":[],"class_list":{"0":"post-8476","1":"product","2":"type-product","3":"status-publish","4":"has-post-thumbnail","6":"product_cat-profiles-prodock-de-qualite-commerciale","8":"first","9":"instock","10":"shipping-taxable","11":"product-type-simple"},"yoast_head":"<!-- This site is optimized with the Yoast SEO plugin v27.0 - https:\/\/yoast.com\/product\/yoast-seo-wordpress\/ -->\n<title>COIN &quot;P&quot; OBLIQUE LOURD - Dock Edge+<\/title>\n<meta name=\"robots\" content=\"index, follow, max-snippet:-1, max-image-preview:large, max-video-preview:-1\" \/>\n<link rel=\"canonical\" href=\"https:\/\/dockedge.thinairweb.co\/fr\/produit\/coin-p-oblique-lourd\/\" \/>\n<meta property=\"og:locale\" content=\"fr_FR\" \/>\n<meta property=\"og:type\" content=\"article\" \/>\n<meta property=\"og:title\" content=\"COIN &quot;P&quot; OBLIQUE LOURD - Dock Edge+\" \/>\n<meta property=\"og:description\" content=\"CUP Fabriqu\u00e9 en PVC souple de qualit\u00e9 marine, il r\u00e9siste \u00e0 l&#039;\u00e9caillage et \u00e0 la fissuration dans des conditions normales d&#039;utilisation. R\u00e9siste \u00e0 l&#039;huile, au gaz et \u00e0 l&#039;eau sal\u00e9e. Les inhibiteurs d&#039;UV emp\u00eachent la d\u00e9coloration, la d\u00e9gradation par la lumi\u00e8re du soleil et la formation de taches. Les fongicides emp\u00eachent la croissance des moisissures et des bact\u00e9ries.   Roto-moul\u00e9 pour une \u00e9paisseur de paroi uniforme Convient aux profils &quot;P&quot; obliques lourds\" \/>\n<meta property=\"og:url\" content=\"https:\/\/dockedge.thinairweb.co\/fr\/produit\/coin-p-oblique-lourd\/\" \/>\n<meta property=\"og:site_name\" content=\"Dock Edge+\" \/>\n<meta property=\"og:image\" content=\"https:\/\/dockedge.thinairweb.co\/wp-content\/uploads\/sites\/3\/2018\/04\/DE1054F.jpg\" \/>\n\t<meta property=\"og:image:width\" content=\"700\" \/>\n\t<meta property=\"og:image:height\" content=\"469\" \/>\n\t<meta property=\"og:image:type\" content=\"image\/jpeg\" \/>\n<meta name=\"twitter:card\" content=\"summary_large_image\" \/>\n<script type=\"application\/ld+json\" class=\"yoast-schema-graph\">{\"@context\":\"https:\/\/schema.org\",\"@graph\":[{\"@type\":\"WebPage\",\"@id\":\"https:\/\/dockedge.thinairweb.co\/fr\/produit\/coin-p-oblique-lourd\/\",\"url\":\"https:\/\/dockedge.thinairweb.co\/fr\/produit\/coin-p-oblique-lourd\/\",\"name\":\"COIN \\\"P\\\" OBLIQUE LOURD - Dock Edge+\",\"isPartOf\":{\"@id\":\"https:\/\/dockedge.thinairweb.co\/fr\/#website\"},\"primaryImageOfPage\":{\"@id\":\"https:\/\/dockedge.thinairweb.co\/fr\/produit\/coin-p-oblique-lourd\/#primaryimage\"},\"image\":{\"@id\":\"https:\/\/dockedge.thinairweb.co\/fr\/produit\/coin-p-oblique-lourd\/#primaryimage\"},\"thumbnailUrl\":\"https:\/\/dockedge.thinairweb.co\/wp-content\/uploads\/sites\/3\/2018\/04\/DE1054F.jpg\",\"datePublished\":\"2018-04-18T20:06:57+00:00\",\"breadcrumb\":{\"@id\":\"https:\/\/dockedge.thinairweb.co\/fr\/produit\/coin-p-oblique-lourd\/#breadcrumb\"},\"inLanguage\":\"fr-FR\",\"potentialAction\":[{\"@type\":\"ReadAction\",\"target\":[\"https:\/\/dockedge.thinairweb.co\/fr\/produit\/coin-p-oblique-lourd\/\"]}]},{\"@type\":\"ImageObject\",\"inLanguage\":\"fr-FR\",\"@id\":\"https:\/\/dockedge.thinairweb.co\/fr\/produit\/coin-p-oblique-lourd\/#primaryimage\",\"url\":\"https:\/\/dockedge.thinairweb.co\/wp-content\/uploads\/sites\/3\/2018\/04\/DE1054F.jpg\",\"contentUrl\":\"https:\/\/dockedge.thinairweb.co\/wp-content\/uploads\/sites\/3\/2018\/04\/DE1054F.jpg\",\"width\":700,\"height\":469,\"caption\":\"Heavy Slant P Corner in white, installed\"},{\"@type\":\"BreadcrumbList\",\"@id\":\"https:\/\/dockedge.thinairweb.co\/fr\/produit\/coin-p-oblique-lourd\/#breadcrumb\",\"itemListElement\":[{\"@type\":\"ListItem\",\"position\":1,\"name\":\"Home\",\"item\":\"https:\/\/dockedge.thinairweb.co\/fr\/\"},{\"@type\":\"ListItem\",\"position\":2,\"name\":\"Boutique\",\"item\":\"https:\/\/dockedge.thinairweb.co\/fr\/boutique\/\"},{\"@type\":\"ListItem\",\"position\":3,\"name\":\"COIN \u00ab\u00a0P\u00a0\u00bb OBLIQUE LOURD\"}]},{\"@type\":\"WebSite\",\"@id\":\"https:\/\/dockedge.thinairweb.co\/fr\/#website\",\"url\":\"https:\/\/dockedge.thinairweb.co\/fr\/\",\"name\":\"Dock Edge+\",\"description\":\"Your Dock. Your Way.\",\"potentialAction\":[{\"@type\":\"SearchAction\",\"target\":{\"@type\":\"EntryPoint\",\"urlTemplate\":\"https:\/\/dockedge.thinairweb.co\/fr\/?s={search_term_string}\"},\"query-input\":{\"@type\":\"PropertyValueSpecification\",\"valueRequired\":true,\"valueName\":\"search_term_string\"}}],\"inLanguage\":\"fr-FR\"}]}<\/script>\n<!-- \/ Yoast SEO plugin. -->","yoast_head_json":{"title":"COIN \"P\" OBLIQUE LOURD - Dock Edge+","robots":{"index":"index","follow":"follow","max-snippet":"max-snippet:-1","max-image-preview":"max-image-preview:large","max-video-preview":"max-video-preview:-1"},"canonical":"https:\/\/dockedge.thinairweb.co\/fr\/produit\/coin-p-oblique-lourd\/","og_locale":"fr_FR","og_type":"article","og_title":"COIN \"P\" OBLIQUE LOURD - Dock Edge+","og_description":"CUP Fabriqu\u00e9 en PVC souple de qualit\u00e9 marine, il r\u00e9siste \u00e0 l'\u00e9caillage et \u00e0 la fissuration dans des conditions normales d'utilisation. R\u00e9siste \u00e0 l'huile, au gaz et \u00e0 l'eau sal\u00e9e. Les inhibiteurs d'UV emp\u00eachent la d\u00e9coloration, la d\u00e9gradation par la lumi\u00e8re du soleil et la formation de taches. Les fongicides emp\u00eachent la croissance des moisissures et des bact\u00e9ries.   Roto-moul\u00e9 pour une \u00e9paisseur de paroi uniforme Convient aux profils \"P\" obliques lourds","og_url":"https:\/\/dockedge.thinairweb.co\/fr\/produit\/coin-p-oblique-lourd\/","og_site_name":"Dock Edge+","og_image":[{"width":700,"height":469,"url":"https:\/\/dockedge.thinairweb.co\/wp-content\/uploads\/sites\/3\/2018\/04\/DE1054F.jpg","type":"image\/jpeg"}],"twitter_card":"summary_large_image","schema":{"@context":"https:\/\/schema.org","@graph":[{"@type":"WebPage","@id":"https:\/\/dockedge.thinairweb.co\/fr\/produit\/coin-p-oblique-lourd\/","url":"https:\/\/dockedge.thinairweb.co\/fr\/produit\/coin-p-oblique-lourd\/","name":"COIN \"P\" OBLIQUE LOURD - Dock Edge+","isPartOf":{"@id":"https:\/\/dockedge.thinairweb.co\/fr\/#website"},"primaryImageOfPage":{"@id":"https:\/\/dockedge.thinairweb.co\/fr\/produit\/coin-p-oblique-lourd\/#primaryimage"},"image":{"@id":"https:\/\/dockedge.thinairweb.co\/fr\/produit\/coin-p-oblique-lourd\/#primaryimage"},"thumbnailUrl":"https:\/\/dockedge.thinairweb.co\/wp-content\/uploads\/sites\/3\/2018\/04\/DE1054F.jpg","datePublished":"2018-04-18T20:06:57+00:00","breadcrumb":{"@id":"https:\/\/dockedge.thinairweb.co\/fr\/produit\/coin-p-oblique-lourd\/#breadcrumb"},"inLanguage":"fr-FR","potentialAction":[{"@type":"ReadAction","target":["https:\/\/dockedge.thinairweb.co\/fr\/produit\/coin-p-oblique-lourd\/"]}]},{"@type":"ImageObject","inLanguage":"fr-FR","@id":"https:\/\/dockedge.thinairweb.co\/fr\/produit\/coin-p-oblique-lourd\/#primaryimage","url":"https:\/\/dockedge.thinairweb.co\/wp-content\/uploads\/sites\/3\/2018\/04\/DE1054F.jpg","contentUrl":"https:\/\/dockedge.thinairweb.co\/wp-content\/uploads\/sites\/3\/2018\/04\/DE1054F.jpg","width":700,"height":469,"caption":"Heavy Slant P Corner in white, installed"},{"@type":"BreadcrumbList","@id":"https:\/\/dockedge.thinairweb.co\/fr\/produit\/coin-p-oblique-lourd\/#breadcrumb","itemListElement":[{"@type":"ListItem","position":1,"name":"Home","item":"https:\/\/dockedge.thinairweb.co\/fr\/"},{"@type":"ListItem","position":2,"name":"Boutique","item":"https:\/\/dockedge.thinairweb.co\/fr\/boutique\/"},{"@type":"ListItem","position":3,"name":"COIN \u00ab\u00a0P\u00a0\u00bb OBLIQUE LOURD"}]},{"@type":"WebSite","@id":"https:\/\/dockedge.thinairweb.co\/fr\/#website","url":"https:\/\/dockedge.thinairweb.co\/fr\/","name":"Dock Edge+","description":"Your Dock. Your Way.","potentialAction":[{"@type":"SearchAction","target":{"@type":"EntryPoint","urlTemplate":"https:\/\/dockedge.thinairweb.co\/fr\/?s={search_term_string}"},"query-input":{"@type":"PropertyValueSpecification","valueRequired":true,"valueName":"search_term_string"}}],"inLanguage":"fr-FR"}]}},"acf":[],"_links":{"self":[{"href":"https:\/\/dockedge.thinairweb.co\/fr\/wp-json\/wp\/v2\/product\/8476","targetHints":{"allow":["GET"]}}],"collection":[{"href":"https:\/\/dockedge.thinairweb.co\/fr\/wp-json\/wp\/v2\/product"}],"about":[{"href":"https:\/\/dockedge.thinairweb.co\/fr\/wp-json\/wp\/v2\/types\/product"}],"wp:featuredmedia":[{"embeddable":true,"href":"https:\/\/dockedge.thinairweb.co\/fr\/wp-json\/wp\/v2\/media\/7619"}],"wp:attachment":[{"href":"https:\/\/dockedge.thinairweb.co\/fr\/wp-json\/wp\/v2\/media?parent=8476"}],"wp:term":[{"taxonomy":"product_brand","embeddable":true,"href":"https:\/\/dockedge.thinairweb.co\/fr\/wp-json\/wp\/v2\/product_brand?post=8476"},{"taxonomy":"product_cat","embeddable":true,"href":"https:\/\/dockedge.thinairweb.co\/fr\/wp-json\/wp\/v2\/product_cat?post=8476"},{"taxonomy":"product_tag","embeddable":true,"href":"https:\/\/dockedge.thinairweb.co\/fr\/wp-json\/wp\/v2\/product_tag?post=8476"}],"curies":[{"name":"wp","href":"https:\/\/api.w.org\/{rel}","templated":true}]}}