{"id":8483,"date":"2018-04-18T18:13:55","date_gmt":"2018-04-18T18:13:55","guid":{"rendered":"https:\/\/dockedge.com\/product\/sentinelle-solaire\/"},"modified":"2018-04-18T18:13:55","modified_gmt":"2018-04-18T18:13:55","slug":"sentinelle-solaire","status":"publish","type":"product","link":"https:\/\/dockedge.thinairweb.co\/fr\/produit\/sentinelle-solaire\/","title":{"rendered":"SENTINELLE SOLAIRE\u2122"},"content":{"rendered":"<table id=\"product-table\" border=\"0\" cellspacing=\"0\" cellpadding=\"15\">\n<tbody>\n<tr>\n<th>N\u00b0 de pi\u00e8ce<\/th>\n<th>Description<\/th>\n<\/tr>\n<tr>\n<td>DE96252F<\/td>\n<td>Sentinelle solaire Lite, 35&Prime;<\/td>\n<\/tr>\n<tr>\n<td>DE90036F<\/td>\n<td>Crochet en \u00ab\u00a0J\u00a0\u00bb, acier inoxydable, montage encastr\u00e9<\/td>\n<\/tr>\n<\/tbody>\n<\/table>\n<p><script src=\"\/\/ui.powerreviews.com\/stable\/4.0\/ui.js\"><\/script><\/p>\n<p><script>\n  POWERREVIEWS.display.render({\n      api_key: 'fdb23d80-8310-4409-87f2-2ee20e24a743',\n      locale: 'en_US',\n      merchant_group_id: '78535',\n      merchant_id: '542114',\n      page_id: '3022',\n      review_wrapper_url: 'http:\/\/www.dockedge.com\/write-a-review\/?pr_page_id=___PAGE_ID___',\nstructured_data_product_id : 'http:\/\/www.dockedge.com\/product\/solar-sentinel\/',\nproduct:{\n        name: 'SOLAR SENTINEL&#x2122;', \n        url: 'http:\/\/www.dockedge.com\/product\/solar-sentinel\/',\n        image_url: 'http:\/\/www.dockedge.com\/wp-content\/uploads\/sites\/3\/2018\/04\/SolarSentinel.jpg',\n        description: 'Sentinel Lite 35\" Solar',\n        category_name: 'Solar Lights',\n        manufacturer_id: 'DE96252F',\n        upc: '776113962527',\n        brand_name: 'DockEdge',\n        price: '<your_product_price>',\n        in_stock: '<product_in_stock_status>',\n    },\n      components: {\n    ReviewSnippet: 'pr-reviewsnippet',\n    ReviewDisplay: 'pr-reviewdisplay'\n      }\n    });\n  <\/script><\/p>\n<div id=\"pr-reviewdisplay\"><\/div>\n","protected":false},"excerpt":{"rendered":"<div id=\"pr-reviewsnippet\"><\/div>\n<p><b>CUP<\/b> <br \/>\nLe Solar Sentinel\u2122 est une station solaire qui n&rsquo;est pas seulement attrayante, mais qui ajoute \u00e9galement de la valeur et de la fonction \u00e0 votre zone d&rsquo;amarrage. Chaque Solar Sentinel incorpore un \u00e9clairage solaire \u00e9l\u00e9gant et durable sur un pilier attrayant, large et effil\u00e9 pour \u00e9clairer les zones d&rsquo;amarrage. Le Solar Sentinel peut \u00e9galement servir de station de bou\u00e9es de sauvetage. Le <a href=\"https:\/\/dockedge.com\/produit\/life-ring-j-hook\/\" target=\"_blank\" rel=\"noopener noreferrer\">crochet en \u00ab\u00a0J\u00a0\u00bb en acier inoxydable<\/a> optionnel permet de garder une bou\u00e9e de sauvetage \u00e0 port\u00e9e de main et sous l&rsquo;\u00e9clairage pratique de la sentinelle solaire pendant la journ\u00e9e ou les heures les plus sombres de la nuit. Comprend une lampe solaire, un pilier conique et des piles rechargeables.<br \/>\n<a href=\"https:\/\/dockedge.com\/fr\/tableau-de-classement-ip\/\" target=\"_blank\" rel=\"noopener noreferrer\">Indice d&rsquo;\u00e9tanch\u00e9it\u00e9 IP 65<\/a><\/p>\n<p><img loading=\"lazy\" decoding=\"async\" class=\"size-full wp-image-3909 aligncenter\" src=\"https:\/\/dockedge.com\/wp-content\/uploads\/sites\/3\/2022\/12\/DE96250-52-64F_icon.png\" alt=\"\" width=\"506\" height=\"73\"><\/p>\n","protected":false},"featured_media":7627,"template":"","meta":{"_acf_changed":false,"_et_pb_use_builder":"","_et_pb_old_content":"","_et_gb_content_width":""},"product_brand":[],"product_cat":[183],"product_tag":[],"class_list":{"0":"post-8483","1":"product","2":"type-product","3":"status-publish","4":"has-post-thumbnail","6":"product_cat-lampes-solaires","8":"first","9":"instock","10":"shipping-taxable","11":"product-type-simple"},"yoast_head":"<!-- This site is optimized with the Yoast SEO plugin v27.0 - https:\/\/yoast.com\/product\/yoast-seo-wordpress\/ -->\n<title>SENTINELLE SOLAIRE\u2122 - Dock Edge+<\/title>\n<meta name=\"robots\" content=\"index, follow, max-snippet:-1, max-image-preview:large, max-video-preview:-1\" \/>\n<link rel=\"canonical\" href=\"https:\/\/dockedge.thinairweb.co\/fr\/produit\/sentinelle-solaire\/\" \/>\n<meta property=\"og:locale\" content=\"fr_FR\" \/>\n<meta property=\"og:type\" content=\"article\" \/>\n<meta property=\"og:title\" content=\"SENTINELLE SOLAIRE\u2122 - Dock Edge+\" \/>\n<meta property=\"og:description\" content=\"CUP Le Solar Sentinel\u2122 est une station solaire qui n&#039;est pas seulement attrayante, mais qui ajoute \u00e9galement de la valeur et de la fonction \u00e0 votre zone d&#039;amarrage. Chaque Solar Sentinel incorpore un \u00e9clairage solaire \u00e9l\u00e9gant et durable sur un pilier attrayant, large et effil\u00e9 pour \u00e9clairer les zones d&#039;amarrage. Le Solar Sentinel peut \u00e9galement servir de station de bou\u00e9es de sauvetage. Le crochet en &quot;J&quot; en acier inoxydable optionnel permet de garder une bou\u00e9e de sauvetage \u00e0 port\u00e9e de main et sous l&#039;\u00e9clairage pratique de la sentinelle solaire pendant la journ\u00e9e ou les heures les plus sombres de la nuit. Comprend une lampe solaire, un pilier conique et des piles rechargeables.   Indice d&#039;\u00e9tanch\u00e9it\u00e9 IP 65\" \/>\n<meta property=\"og:url\" content=\"https:\/\/dockedge.thinairweb.co\/fr\/produit\/sentinelle-solaire\/\" \/>\n<meta property=\"og:site_name\" content=\"Dock Edge+\" \/>\n<meta property=\"og:image\" content=\"https:\/\/dockedge.thinairweb.co\/wp-content\/uploads\/sites\/3\/2018\/04\/DE96252F.jpg\" \/>\n\t<meta property=\"og:image:width\" content=\"700\" \/>\n\t<meta property=\"og:image:height\" content=\"700\" \/>\n\t<meta property=\"og:image:type\" content=\"image\/jpeg\" \/>\n<meta name=\"twitter:card\" content=\"summary_large_image\" \/>\n<script type=\"application\/ld+json\" class=\"yoast-schema-graph\">{\"@context\":\"https:\/\/schema.org\",\"@graph\":[{\"@type\":\"WebPage\",\"@id\":\"https:\/\/dockedge.thinairweb.co\/fr\/produit\/sentinelle-solaire\/\",\"url\":\"https:\/\/dockedge.thinairweb.co\/fr\/produit\/sentinelle-solaire\/\",\"name\":\"SENTINELLE SOLAIRE\u2122 - Dock Edge+\",\"isPartOf\":{\"@id\":\"https:\/\/dockedge.thinairweb.co\/fr\/#website\"},\"primaryImageOfPage\":{\"@id\":\"https:\/\/dockedge.thinairweb.co\/fr\/produit\/sentinelle-solaire\/#primaryimage\"},\"image\":{\"@id\":\"https:\/\/dockedge.thinairweb.co\/fr\/produit\/sentinelle-solaire\/#primaryimage\"},\"thumbnailUrl\":\"https:\/\/dockedge.thinairweb.co\/wp-content\/uploads\/sites\/3\/2018\/04\/DE96252F.jpg\",\"datePublished\":\"2018-04-18T18:13:55+00:00\",\"breadcrumb\":{\"@id\":\"https:\/\/dockedge.thinairweb.co\/fr\/produit\/sentinelle-solaire\/#breadcrumb\"},\"inLanguage\":\"fr-FR\",\"potentialAction\":[{\"@type\":\"ReadAction\",\"target\":[\"https:\/\/dockedge.thinairweb.co\/fr\/produit\/sentinelle-solaire\/\"]}]},{\"@type\":\"ImageObject\",\"inLanguage\":\"fr-FR\",\"@id\":\"https:\/\/dockedge.thinairweb.co\/fr\/produit\/sentinelle-solaire\/#primaryimage\",\"url\":\"https:\/\/dockedge.thinairweb.co\/wp-content\/uploads\/sites\/3\/2018\/04\/DE96252F.jpg\",\"contentUrl\":\"https:\/\/dockedge.thinairweb.co\/wp-content\/uploads\/sites\/3\/2018\/04\/DE96252F.jpg\",\"width\":700,\"height\":700,\"caption\":\"Solar Sentinel\"},{\"@type\":\"BreadcrumbList\",\"@id\":\"https:\/\/dockedge.thinairweb.co\/fr\/produit\/sentinelle-solaire\/#breadcrumb\",\"itemListElement\":[{\"@type\":\"ListItem\",\"position\":1,\"name\":\"Home\",\"item\":\"https:\/\/dockedge.thinairweb.co\/fr\/\"},{\"@type\":\"ListItem\",\"position\":2,\"name\":\"Boutique\",\"item\":\"https:\/\/dockedge.thinairweb.co\/fr\/boutique\/\"},{\"@type\":\"ListItem\",\"position\":3,\"name\":\"SENTINELLE SOLAIRE\u2122\"}]},{\"@type\":\"WebSite\",\"@id\":\"https:\/\/dockedge.thinairweb.co\/fr\/#website\",\"url\":\"https:\/\/dockedge.thinairweb.co\/fr\/\",\"name\":\"Dock Edge+\",\"description\":\"Your Dock. Your Way.\",\"potentialAction\":[{\"@type\":\"SearchAction\",\"target\":{\"@type\":\"EntryPoint\",\"urlTemplate\":\"https:\/\/dockedge.thinairweb.co\/fr\/?s={search_term_string}\"},\"query-input\":{\"@type\":\"PropertyValueSpecification\",\"valueRequired\":true,\"valueName\":\"search_term_string\"}}],\"inLanguage\":\"fr-FR\"}]}<\/script>\n<!-- \/ Yoast SEO plugin. -->","yoast_head_json":{"title":"SENTINELLE SOLAIRE\u2122 - Dock Edge+","robots":{"index":"index","follow":"follow","max-snippet":"max-snippet:-1","max-image-preview":"max-image-preview:large","max-video-preview":"max-video-preview:-1"},"canonical":"https:\/\/dockedge.thinairweb.co\/fr\/produit\/sentinelle-solaire\/","og_locale":"fr_FR","og_type":"article","og_title":"SENTINELLE SOLAIRE\u2122 - Dock Edge+","og_description":"CUP Le Solar Sentinel\u2122 est une station solaire qui n'est pas seulement attrayante, mais qui ajoute \u00e9galement de la valeur et de la fonction \u00e0 votre zone d'amarrage. Chaque Solar Sentinel incorpore un \u00e9clairage solaire \u00e9l\u00e9gant et durable sur un pilier attrayant, large et effil\u00e9 pour \u00e9clairer les zones d'amarrage. Le Solar Sentinel peut \u00e9galement servir de station de bou\u00e9es de sauvetage. Le crochet en \"J\" en acier inoxydable optionnel permet de garder une bou\u00e9e de sauvetage \u00e0 port\u00e9e de main et sous l'\u00e9clairage pratique de la sentinelle solaire pendant la journ\u00e9e ou les heures les plus sombres de la nuit. Comprend une lampe solaire, un pilier conique et des piles rechargeables.   Indice d'\u00e9tanch\u00e9it\u00e9 IP 65","og_url":"https:\/\/dockedge.thinairweb.co\/fr\/produit\/sentinelle-solaire\/","og_site_name":"Dock Edge+","og_image":[{"width":700,"height":700,"url":"https:\/\/dockedge.thinairweb.co\/wp-content\/uploads\/sites\/3\/2018\/04\/DE96252F.jpg","type":"image\/jpeg"}],"twitter_card":"summary_large_image","schema":{"@context":"https:\/\/schema.org","@graph":[{"@type":"WebPage","@id":"https:\/\/dockedge.thinairweb.co\/fr\/produit\/sentinelle-solaire\/","url":"https:\/\/dockedge.thinairweb.co\/fr\/produit\/sentinelle-solaire\/","name":"SENTINELLE SOLAIRE\u2122 - Dock Edge+","isPartOf":{"@id":"https:\/\/dockedge.thinairweb.co\/fr\/#website"},"primaryImageOfPage":{"@id":"https:\/\/dockedge.thinairweb.co\/fr\/produit\/sentinelle-solaire\/#primaryimage"},"image":{"@id":"https:\/\/dockedge.thinairweb.co\/fr\/produit\/sentinelle-solaire\/#primaryimage"},"thumbnailUrl":"https:\/\/dockedge.thinairweb.co\/wp-content\/uploads\/sites\/3\/2018\/04\/DE96252F.jpg","datePublished":"2018-04-18T18:13:55+00:00","breadcrumb":{"@id":"https:\/\/dockedge.thinairweb.co\/fr\/produit\/sentinelle-solaire\/#breadcrumb"},"inLanguage":"fr-FR","potentialAction":[{"@type":"ReadAction","target":["https:\/\/dockedge.thinairweb.co\/fr\/produit\/sentinelle-solaire\/"]}]},{"@type":"ImageObject","inLanguage":"fr-FR","@id":"https:\/\/dockedge.thinairweb.co\/fr\/produit\/sentinelle-solaire\/#primaryimage","url":"https:\/\/dockedge.thinairweb.co\/wp-content\/uploads\/sites\/3\/2018\/04\/DE96252F.jpg","contentUrl":"https:\/\/dockedge.thinairweb.co\/wp-content\/uploads\/sites\/3\/2018\/04\/DE96252F.jpg","width":700,"height":700,"caption":"Solar Sentinel"},{"@type":"BreadcrumbList","@id":"https:\/\/dockedge.thinairweb.co\/fr\/produit\/sentinelle-solaire\/#breadcrumb","itemListElement":[{"@type":"ListItem","position":1,"name":"Home","item":"https:\/\/dockedge.thinairweb.co\/fr\/"},{"@type":"ListItem","position":2,"name":"Boutique","item":"https:\/\/dockedge.thinairweb.co\/fr\/boutique\/"},{"@type":"ListItem","position":3,"name":"SENTINELLE SOLAIRE\u2122"}]},{"@type":"WebSite","@id":"https:\/\/dockedge.thinairweb.co\/fr\/#website","url":"https:\/\/dockedge.thinairweb.co\/fr\/","name":"Dock Edge+","description":"Your Dock. Your Way.","potentialAction":[{"@type":"SearchAction","target":{"@type":"EntryPoint","urlTemplate":"https:\/\/dockedge.thinairweb.co\/fr\/?s={search_term_string}"},"query-input":{"@type":"PropertyValueSpecification","valueRequired":true,"valueName":"search_term_string"}}],"inLanguage":"fr-FR"}]}},"acf":[],"_links":{"self":[{"href":"https:\/\/dockedge.thinairweb.co\/fr\/wp-json\/wp\/v2\/product\/8483","targetHints":{"allow":["GET"]}}],"collection":[{"href":"https:\/\/dockedge.thinairweb.co\/fr\/wp-json\/wp\/v2\/product"}],"about":[{"href":"https:\/\/dockedge.thinairweb.co\/fr\/wp-json\/wp\/v2\/types\/product"}],"wp:featuredmedia":[{"embeddable":true,"href":"https:\/\/dockedge.thinairweb.co\/fr\/wp-json\/wp\/v2\/media\/7627"}],"wp:attachment":[{"href":"https:\/\/dockedge.thinairweb.co\/fr\/wp-json\/wp\/v2\/media?parent=8483"}],"wp:term":[{"taxonomy":"product_brand","embeddable":true,"href":"https:\/\/dockedge.thinairweb.co\/fr\/wp-json\/wp\/v2\/product_brand?post=8483"},{"taxonomy":"product_cat","embeddable":true,"href":"https:\/\/dockedge.thinairweb.co\/fr\/wp-json\/wp\/v2\/product_cat?post=8483"},{"taxonomy":"product_tag","embeddable":true,"href":"https:\/\/dockedge.thinairweb.co\/fr\/wp-json\/wp\/v2\/product_tag?post=8483"}],"curies":[{"name":"wp","href":"https:\/\/api.w.org\/{rel}","templated":true}]}}