{"id":8484,"date":"2018-04-18T20:02:00","date_gmt":"2018-04-18T20:02:00","guid":{"rendered":"https:\/\/dockedge.com\/product\/lourd-p\/"},"modified":"2018-04-18T20:02:00","modified_gmt":"2018-04-18T20:02:00","slug":"lourd-p","status":"publish","type":"product","link":"https:\/\/dockedge.thinairweb.co\/fr\/produit\/lourd-p\/","title":{"rendered":"LOURD \u00ab\u00a0P\u00a0\u00bb"},"content":{"rendered":"<table id=\"product-table\" cellpadding=\"15\" cellspacing=\"0\" border=\"0\">\n<tbody>\n<tr>\n<th>N\u00b0 de pi\u00e8ce<\/th>\n<th>Description<\/th>\n<\/tr>\n<tr>\n<td>DE1200F<\/td>\n<td>Profil\u00e9 \u00ab\u00a0P\u00a0\u00bb lourd blanc, 24 pi (3 longueurs de 8 pi) \u2021<\/td>\n<\/tr>\n<tr>\n<td>DE1201F<\/td>\n<td>Profil\u00e9 \u00a0\u00bb P \u00a0\u00bb lourd beige, 24 pi (3 longueurs de 8 pi) \u2021<\/td>\n<\/tr>\n<tr>\n<td>DE1202F<\/td>\n<td>Profil\u00e9 gris lourd \u00ab\u00a0P\u00a0\u00bb, 24 pi (3 longueurs de 8 pi) \u2021<\/td>\n<\/tr>\n<tr>\n<td>DE1203F<\/td>\n<td>Profil\u00e9 \u00ab\u00a0P\u00a0\u00bb lourd noir, 24 pi (3 longueurs de 8 pi) \u2021<\/td>\n<\/tr>\n<\/tbody>\n<\/table>\n<p><script src=\"\/\/ui.powerreviews.com\/stable\/4.0\/ui.js\"><\/script><\/p>\n<p><script>\n  POWERREVIEWS.display.render({\n      api_key: 'fdb23d80-8310-4409-87f2-2ee20e24a743',\n      locale: 'en_US',\n      merchant_group_id: '78535',\n      merchant_id: '542114',\n      page_id: '3039',\n      review_wrapper_url: 'http:\/\/www.dockedge.com\/write-a-review\/?pr_page_id=___PAGE_ID___',\nstructured_data_product_id : 'http:\/\/www.dockedge.com\/product\/heavy-p\/',\nproduct:{\n        name: 'HEAVY \"P\"', \n        url: 'http:\/\/www.dockedge.com\/product\/heavy-p\/',\n        image_url: 'http:\/\/www.dockedge.com\/wp-content\/uploads\/sites\/3\/2018\/04\/1200-F.jpg',\n        description: 'Heavy \"p\" Profile (24Ft\/Crt) WH',\n        category_name: 'Classic Prodock',\n        manufacturer_id: 'DE1200F',\n        upc: '776113120002',\n        brand_name: 'Dockedge',\n        price: '<your_product_price>',\n        in_stock: '<product_in_stock_status>',\n        variants: [{\n            name: 'DE1201F',\n            description: 'Heavy \"p\" Profile (24Ft\/Crt) BE',\n\t    upc: '776113120101',\t\n            page_id_variant: '1',\n        },\n        {\n            name: 'DE1202F',\n            description: 'Heavy \"p\" Profile (24Ft\/Crt) GY',\n            upc: '776113120200',\n            page_id_variant: '2',  \n        },\n        {\n            name: 'DE1203F',\n            description: 'Heavy \"p\" Profile (24Ft\/Crt) BK',\n            upc: '776113120309',\n            page_id_variant: '3',  \n    }]\n    },\n      components: {\n    ReviewSnippet: 'pr-reviewsnippet',\n    ReviewDisplay: 'pr-reviewdisplay'\n      }\n    });\n  <\/script><\/p>\n<div id=\"pr-reviewdisplay\"><\/div>\n","protected":false},"excerpt":{"rendered":"<div id=\"pr-reviewsnippet\"><\/div>\n<p><b>CUP<\/b> <br \/>\nCe profil\u00e9 exceptionnellement solide est renforc\u00e9 par un support interne. Comme tous les profil\u00e9s DockEdge+, il est fabriqu\u00e9 en PVC souple de qualit\u00e9 marine, con\u00e7u pour ne pas s&rsquo;\u00e9cailler ou se fissurer dans des conditions d&rsquo;utilisation normales. Il n&rsquo;est pas affect\u00e9 par l&rsquo;huile, le gaz ou l&rsquo;eau sal\u00e9e. Les inhibiteurs d&rsquo;UV et de champignons emp\u00eachent la d\u00e9coloration, le jaunissement, la d\u00e9t\u00e9rioration due \u00e0 la lumi\u00e8re du soleil et les taches inesth\u00e9tiques.   <\/p>\n","protected":false},"featured_media":7608,"template":"","meta":{"_acf_changed":false,"_et_pb_use_builder":"","_et_pb_old_content":"","_et_gb_content_width":""},"product_brand":[],"product_cat":[186],"product_tag":[],"class_list":{"0":"post-8484","1":"product","2":"type-product","3":"status-publish","4":"has-post-thumbnail","6":"product_cat-profiles-prodock-de-qualite-commerciale","8":"first","9":"instock","10":"shipping-taxable","11":"product-type-simple"},"yoast_head":"<!-- This site is optimized with the Yoast SEO plugin v27.0 - https:\/\/yoast.com\/product\/yoast-seo-wordpress\/ -->\n<title>LOURD &quot;P&quot; - Dock Edge+<\/title>\n<meta name=\"robots\" content=\"index, follow, max-snippet:-1, max-image-preview:large, max-video-preview:-1\" \/>\n<link rel=\"canonical\" href=\"https:\/\/dockedge.thinairweb.co\/fr\/produit\/lourd-p\/\" \/>\n<meta property=\"og:locale\" content=\"fr_FR\" \/>\n<meta property=\"og:type\" content=\"article\" \/>\n<meta property=\"og:title\" content=\"LOURD &quot;P&quot; - Dock Edge+\" \/>\n<meta property=\"og:description\" content=\"CUP Ce profil\u00e9 exceptionnellement solide est renforc\u00e9 par un support interne. Comme tous les profil\u00e9s DockEdge+, il est fabriqu\u00e9 en PVC souple de qualit\u00e9 marine, con\u00e7u pour ne pas s&#039;\u00e9cailler ou se fissurer dans des conditions d&#039;utilisation normales. Il n&#039;est pas affect\u00e9 par l&#039;huile, le gaz ou l&#039;eau sal\u00e9e. Les inhibiteurs d&#039;UV et de champignons emp\u00eachent la d\u00e9coloration, le jaunissement, la d\u00e9t\u00e9rioration due \u00e0 la lumi\u00e8re du soleil et les taches inesth\u00e9tiques.\" \/>\n<meta property=\"og:url\" content=\"https:\/\/dockedge.thinairweb.co\/fr\/produit\/lourd-p\/\" \/>\n<meta property=\"og:site_name\" content=\"Dock Edge+\" \/>\n<meta property=\"og:image\" content=\"https:\/\/dockedge.thinairweb.co\/wp-content\/uploads\/sites\/3\/2018\/04\/DE1200F.jpg\" \/>\n\t<meta property=\"og:image:width\" content=\"868\" \/>\n\t<meta property=\"og:image:height\" content=\"700\" \/>\n\t<meta property=\"og:image:type\" content=\"image\/jpeg\" \/>\n<meta name=\"twitter:card\" content=\"summary_large_image\" \/>\n<script type=\"application\/ld+json\" class=\"yoast-schema-graph\">{\"@context\":\"https:\/\/schema.org\",\"@graph\":[{\"@type\":\"WebPage\",\"@id\":\"https:\/\/dockedge.thinairweb.co\/fr\/produit\/lourd-p\/\",\"url\":\"https:\/\/dockedge.thinairweb.co\/fr\/produit\/lourd-p\/\",\"name\":\"LOURD \\\"P\\\" - Dock Edge+\",\"isPartOf\":{\"@id\":\"https:\/\/dockedge.thinairweb.co\/fr\/#website\"},\"primaryImageOfPage\":{\"@id\":\"https:\/\/dockedge.thinairweb.co\/fr\/produit\/lourd-p\/#primaryimage\"},\"image\":{\"@id\":\"https:\/\/dockedge.thinairweb.co\/fr\/produit\/lourd-p\/#primaryimage\"},\"thumbnailUrl\":\"https:\/\/dockedge.thinairweb.co\/wp-content\/uploads\/sites\/3\/2018\/04\/DE1200F.jpg\",\"datePublished\":\"2018-04-18T20:02:00+00:00\",\"breadcrumb\":{\"@id\":\"https:\/\/dockedge.thinairweb.co\/fr\/produit\/lourd-p\/#breadcrumb\"},\"inLanguage\":\"fr-FR\",\"potentialAction\":[{\"@type\":\"ReadAction\",\"target\":[\"https:\/\/dockedge.thinairweb.co\/fr\/produit\/lourd-p\/\"]}]},{\"@type\":\"ImageObject\",\"inLanguage\":\"fr-FR\",\"@id\":\"https:\/\/dockedge.thinairweb.co\/fr\/produit\/lourd-p\/#primaryimage\",\"url\":\"https:\/\/dockedge.thinairweb.co\/wp-content\/uploads\/sites\/3\/2018\/04\/DE1200F.jpg\",\"contentUrl\":\"https:\/\/dockedge.thinairweb.co\/wp-content\/uploads\/sites\/3\/2018\/04\/DE1200F.jpg\",\"width\":868,\"height\":700,\"caption\":\"Heavy P Profile in white, installed\"},{\"@type\":\"BreadcrumbList\",\"@id\":\"https:\/\/dockedge.thinairweb.co\/fr\/produit\/lourd-p\/#breadcrumb\",\"itemListElement\":[{\"@type\":\"ListItem\",\"position\":1,\"name\":\"Home\",\"item\":\"https:\/\/dockedge.thinairweb.co\/fr\/\"},{\"@type\":\"ListItem\",\"position\":2,\"name\":\"Boutique\",\"item\":\"https:\/\/dockedge.thinairweb.co\/fr\/boutique\/\"},{\"@type\":\"ListItem\",\"position\":3,\"name\":\"LOURD \u00ab\u00a0P\u00a0\u00bb\"}]},{\"@type\":\"WebSite\",\"@id\":\"https:\/\/dockedge.thinairweb.co\/fr\/#website\",\"url\":\"https:\/\/dockedge.thinairweb.co\/fr\/\",\"name\":\"Dock Edge+\",\"description\":\"Your Dock. Your Way.\",\"potentialAction\":[{\"@type\":\"SearchAction\",\"target\":{\"@type\":\"EntryPoint\",\"urlTemplate\":\"https:\/\/dockedge.thinairweb.co\/fr\/?s={search_term_string}\"},\"query-input\":{\"@type\":\"PropertyValueSpecification\",\"valueRequired\":true,\"valueName\":\"search_term_string\"}}],\"inLanguage\":\"fr-FR\"}]}<\/script>\n<!-- \/ Yoast SEO plugin. -->","yoast_head_json":{"title":"LOURD \"P\" - Dock Edge+","robots":{"index":"index","follow":"follow","max-snippet":"max-snippet:-1","max-image-preview":"max-image-preview:large","max-video-preview":"max-video-preview:-1"},"canonical":"https:\/\/dockedge.thinairweb.co\/fr\/produit\/lourd-p\/","og_locale":"fr_FR","og_type":"article","og_title":"LOURD \"P\" - Dock Edge+","og_description":"CUP Ce profil\u00e9 exceptionnellement solide est renforc\u00e9 par un support interne. Comme tous les profil\u00e9s DockEdge+, il est fabriqu\u00e9 en PVC souple de qualit\u00e9 marine, con\u00e7u pour ne pas s'\u00e9cailler ou se fissurer dans des conditions d'utilisation normales. Il n'est pas affect\u00e9 par l'huile, le gaz ou l'eau sal\u00e9e. Les inhibiteurs d'UV et de champignons emp\u00eachent la d\u00e9coloration, le jaunissement, la d\u00e9t\u00e9rioration due \u00e0 la lumi\u00e8re du soleil et les taches inesth\u00e9tiques.","og_url":"https:\/\/dockedge.thinairweb.co\/fr\/produit\/lourd-p\/","og_site_name":"Dock Edge+","og_image":[{"width":868,"height":700,"url":"https:\/\/dockedge.thinairweb.co\/wp-content\/uploads\/sites\/3\/2018\/04\/DE1200F.jpg","type":"image\/jpeg"}],"twitter_card":"summary_large_image","schema":{"@context":"https:\/\/schema.org","@graph":[{"@type":"WebPage","@id":"https:\/\/dockedge.thinairweb.co\/fr\/produit\/lourd-p\/","url":"https:\/\/dockedge.thinairweb.co\/fr\/produit\/lourd-p\/","name":"LOURD \"P\" - Dock Edge+","isPartOf":{"@id":"https:\/\/dockedge.thinairweb.co\/fr\/#website"},"primaryImageOfPage":{"@id":"https:\/\/dockedge.thinairweb.co\/fr\/produit\/lourd-p\/#primaryimage"},"image":{"@id":"https:\/\/dockedge.thinairweb.co\/fr\/produit\/lourd-p\/#primaryimage"},"thumbnailUrl":"https:\/\/dockedge.thinairweb.co\/wp-content\/uploads\/sites\/3\/2018\/04\/DE1200F.jpg","datePublished":"2018-04-18T20:02:00+00:00","breadcrumb":{"@id":"https:\/\/dockedge.thinairweb.co\/fr\/produit\/lourd-p\/#breadcrumb"},"inLanguage":"fr-FR","potentialAction":[{"@type":"ReadAction","target":["https:\/\/dockedge.thinairweb.co\/fr\/produit\/lourd-p\/"]}]},{"@type":"ImageObject","inLanguage":"fr-FR","@id":"https:\/\/dockedge.thinairweb.co\/fr\/produit\/lourd-p\/#primaryimage","url":"https:\/\/dockedge.thinairweb.co\/wp-content\/uploads\/sites\/3\/2018\/04\/DE1200F.jpg","contentUrl":"https:\/\/dockedge.thinairweb.co\/wp-content\/uploads\/sites\/3\/2018\/04\/DE1200F.jpg","width":868,"height":700,"caption":"Heavy P Profile in white, installed"},{"@type":"BreadcrumbList","@id":"https:\/\/dockedge.thinairweb.co\/fr\/produit\/lourd-p\/#breadcrumb","itemListElement":[{"@type":"ListItem","position":1,"name":"Home","item":"https:\/\/dockedge.thinairweb.co\/fr\/"},{"@type":"ListItem","position":2,"name":"Boutique","item":"https:\/\/dockedge.thinairweb.co\/fr\/boutique\/"},{"@type":"ListItem","position":3,"name":"LOURD \u00ab\u00a0P\u00a0\u00bb"}]},{"@type":"WebSite","@id":"https:\/\/dockedge.thinairweb.co\/fr\/#website","url":"https:\/\/dockedge.thinairweb.co\/fr\/","name":"Dock Edge+","description":"Your Dock. Your Way.","potentialAction":[{"@type":"SearchAction","target":{"@type":"EntryPoint","urlTemplate":"https:\/\/dockedge.thinairweb.co\/fr\/?s={search_term_string}"},"query-input":{"@type":"PropertyValueSpecification","valueRequired":true,"valueName":"search_term_string"}}],"inLanguage":"fr-FR"}]}},"acf":[],"_links":{"self":[{"href":"https:\/\/dockedge.thinairweb.co\/fr\/wp-json\/wp\/v2\/product\/8484","targetHints":{"allow":["GET"]}}],"collection":[{"href":"https:\/\/dockedge.thinairweb.co\/fr\/wp-json\/wp\/v2\/product"}],"about":[{"href":"https:\/\/dockedge.thinairweb.co\/fr\/wp-json\/wp\/v2\/types\/product"}],"wp:featuredmedia":[{"embeddable":true,"href":"https:\/\/dockedge.thinairweb.co\/fr\/wp-json\/wp\/v2\/media\/7608"}],"wp:attachment":[{"href":"https:\/\/dockedge.thinairweb.co\/fr\/wp-json\/wp\/v2\/media?parent=8484"}],"wp:term":[{"taxonomy":"product_brand","embeddable":true,"href":"https:\/\/dockedge.thinairweb.co\/fr\/wp-json\/wp\/v2\/product_brand?post=8484"},{"taxonomy":"product_cat","embeddable":true,"href":"https:\/\/dockedge.thinairweb.co\/fr\/wp-json\/wp\/v2\/product_cat?post=8484"},{"taxonomy":"product_tag","embeddable":true,"href":"https:\/\/dockedge.thinairweb.co\/fr\/wp-json\/wp\/v2\/product_tag?post=8484"}],"curies":[{"name":"wp","href":"https:\/\/api.w.org\/{rel}","templated":true}]}}