{"id":8488,"date":"2018-04-18T18:04:40","date_gmt":"2018-04-18T18:04:40","guid":{"rendered":"https:\/\/dockedge.com\/product\/docklite-value-pack\/"},"modified":"2018-04-18T18:04:40","modified_gmt":"2018-04-18T18:04:40","slug":"docklite-value-pack","status":"publish","type":"product","link":"https:\/\/dockedge.thinairweb.co\/fr\/produit\/docklite-value-pack\/","title":{"rendered":"DOCKLITE VALUE PACK"},"content":{"rendered":"<table id=\"product-table\" cellpadding=\"15\" cellspacing=\"0\" border=\"0\">\n<tbody>\n<tr>\n<th>N\u00b0 de pi\u00e8ce<\/th>\n<th>Description<\/th>\n<\/tr>\n<tr>\n<td>DE96262F<\/td>\n<td>DockLite Value Pack &#8211; 2pc\/pack<\/td>\n<\/tr>\n<\/tbody>\n<\/table>\n<p><script src=\"\/\/ui.powerreviews.com\/stable\/4.0\/ui.js\"><\/script><\/p>\n<p><script>\n  POWERREVIEWS.display.render({\n      api_key: 'fdb23d80-8310-4409-87f2-2ee20e24a743',\n      locale: 'en_US',\n      merchant_group_id: '78535',\n      merchant_id: '542114',\n      page_id: '3016',\n      review_wrapper_url: 'http:\/\/www.dockedge.com\/write-a-review\/?pr_page_id=___PAGE_ID___',\nstructured_data_product_id : 'http:\/\/www.dockedge.com\/product\/docklite-value-pack\/',\nproduct:{\n        name: 'DOCKLITE VALUE PACK', \n        url: 'http:\/\/www.dockedge.com\/product\/docklite-value-pack\/',\n        image_url: 'http:\/\/www.dockedge.com\/wp-content\/uploads\/sites\/3\/2018\/04\/DockLiteValuePack.jpg',\n        description: 'DockLite Solar Dock Light c\/w on\/off 2PK',\n        category_name: 'Solar Lights',\n        manufacturer_id: 'DE96262F',\n        upc: '776113962626',\n        brand_name: 'DockEdge',\n        price: '<your_product_price>',\n        in_stock: '<product_in_stock_status>',\n    },\n      components: {\n    ReviewSnippet: 'pr-reviewsnippet',\n    ReviewDisplay: 'pr-reviewdisplay'\n      }\n    });\n  <\/script><\/p>\n<div id=\"pr-reviewdisplay\"><\/div>\n","protected":false},"excerpt":{"rendered":"<div id=\"pr-reviewsnippet\"><\/div>\n<p><b>CUP<\/b> <br \/>\nCet ensemble de DockLites solaires est facile \u00e0 installer. Leur construction durable et r\u00e9sistante aux intemp\u00e9ries en fait un compl\u00e9ment attrayant et fonctionnel pour les quais, les all\u00e9es, les terrasses et les d\u00e9barcad\u00e8res. Elles sont id\u00e9ales pour \u00e9clairer les endroits difficiles d&rsquo;acc\u00e8s sur les sentiers ou les zones de transition, par exemple entre le quai et la rive.  <\/p>\n<ul>\n<li>Automatique \u00e0 l&rsquo;heure du cr\u00e9puscule<\/li>\n<li>R\u00e9sistant aux intemp\u00e9ries et durable<\/li>\n<li>S&rsquo;installe facilement sans aucun fil<\/li>\n<li>Tol\u00e9rance au trafic, conception respectueuse des orteils<\/li>\n<li><a href=\"https:\/\/dockedge.com\/fr\/tableau-de-classement-ip\/\" target=\"_blank\" rel=\"noopener noreferrer\">Indice d&rsquo;\u00e9tanch\u00e9it\u00e9 IP 65<\/a><\/li>\n<\/ul>\n<p><img loading=\"lazy\" decoding=\"async\" class=\"size-full wp-image-3903 aligncenter\" src=\"https:\/\/dockedge.com\/wp-content\/uploads\/sites\/3\/2022\/12\/DE96262F_icon.png\" alt=\"\" width=\"398\" height=\"73\"><\/p>\n","protected":false},"featured_media":7346,"template":"","meta":{"_acf_changed":false,"_et_pb_use_builder":"","_et_pb_old_content":"","_et_gb_content_width":""},"product_brand":[],"product_cat":[183],"product_tag":[],"class_list":{"0":"post-8488","1":"product","2":"type-product","3":"status-publish","4":"has-post-thumbnail","6":"product_cat-lampes-solaires","8":"first","9":"instock","10":"shipping-taxable","11":"product-type-simple"},"yoast_head":"<!-- This site is optimized with the Yoast SEO plugin v27.0 - https:\/\/yoast.com\/product\/yoast-seo-wordpress\/ -->\n<title>DOCKLITE VALUE PACK - Dock Edge+<\/title>\n<meta name=\"robots\" content=\"index, follow, max-snippet:-1, max-image-preview:large, max-video-preview:-1\" \/>\n<link rel=\"canonical\" href=\"https:\/\/dockedge.thinairweb.co\/fr\/produit\/docklite-value-pack\/\" \/>\n<meta property=\"og:locale\" content=\"fr_FR\" \/>\n<meta property=\"og:type\" content=\"article\" \/>\n<meta property=\"og:title\" content=\"DOCKLITE VALUE PACK - Dock Edge+\" \/>\n<meta property=\"og:description\" content=\"CUP Cet ensemble de DockLites solaires est facile \u00e0 installer. Leur construction durable et r\u00e9sistante aux intemp\u00e9ries en fait un compl\u00e9ment attrayant et fonctionnel pour les quais, les all\u00e9es, les terrasses et les d\u00e9barcad\u00e8res. Elles sont id\u00e9ales pour \u00e9clairer les endroits difficiles d&#039;acc\u00e8s sur les sentiers ou les zones de transition, par exemple entre le quai et la rive.   Automatique \u00e0 l&#039;heure du cr\u00e9puscule  R\u00e9sistant aux intemp\u00e9ries et durable  S&#039;installe facilement sans aucun fil  Tol\u00e9rance au trafic, conception respectueuse des orteils  Indice d&#039;\u00e9tanch\u00e9it\u00e9 IP 65\" \/>\n<meta property=\"og:url\" content=\"https:\/\/dockedge.thinairweb.co\/fr\/produit\/docklite-value-pack\/\" \/>\n<meta property=\"og:site_name\" content=\"Dock Edge+\" \/>\n<meta property=\"og:image\" content=\"https:\/\/dockedge.thinairweb.co\/wp-content\/uploads\/sites\/3\/2018\/04\/DockLiteValuePack-2.jpg\" \/>\n\t<meta property=\"og:image:width\" content=\"700\" \/>\n\t<meta property=\"og:image:height\" content=\"700\" \/>\n\t<meta property=\"og:image:type\" content=\"image\/jpeg\" \/>\n<meta name=\"twitter:card\" content=\"summary_large_image\" \/>\n<script type=\"application\/ld+json\" class=\"yoast-schema-graph\">{\"@context\":\"https:\/\/schema.org\",\"@graph\":[{\"@type\":\"WebPage\",\"@id\":\"https:\/\/dockedge.thinairweb.co\/fr\/produit\/docklite-value-pack\/\",\"url\":\"https:\/\/dockedge.thinairweb.co\/fr\/produit\/docklite-value-pack\/\",\"name\":\"DOCKLITE VALUE PACK - Dock Edge+\",\"isPartOf\":{\"@id\":\"https:\/\/dockedge.thinairweb.co\/fr\/#website\"},\"primaryImageOfPage\":{\"@id\":\"https:\/\/dockedge.thinairweb.co\/fr\/produit\/docklite-value-pack\/#primaryimage\"},\"image\":{\"@id\":\"https:\/\/dockedge.thinairweb.co\/fr\/produit\/docklite-value-pack\/#primaryimage\"},\"thumbnailUrl\":\"https:\/\/dockedge.thinairweb.co\/wp-content\/uploads\/sites\/3\/2018\/04\/DockLiteValuePack-2.jpg\",\"datePublished\":\"2018-04-18T18:04:40+00:00\",\"breadcrumb\":{\"@id\":\"https:\/\/dockedge.thinairweb.co\/fr\/produit\/docklite-value-pack\/#breadcrumb\"},\"inLanguage\":\"fr-FR\",\"potentialAction\":[{\"@type\":\"ReadAction\",\"target\":[\"https:\/\/dockedge.thinairweb.co\/fr\/produit\/docklite-value-pack\/\"]}]},{\"@type\":\"ImageObject\",\"inLanguage\":\"fr-FR\",\"@id\":\"https:\/\/dockedge.thinairweb.co\/fr\/produit\/docklite-value-pack\/#primaryimage\",\"url\":\"https:\/\/dockedge.thinairweb.co\/wp-content\/uploads\/sites\/3\/2018\/04\/DockLiteValuePack-2.jpg\",\"contentUrl\":\"https:\/\/dockedge.thinairweb.co\/wp-content\/uploads\/sites\/3\/2018\/04\/DockLiteValuePack-2.jpg\",\"width\":700,\"height\":700,\"caption\":\"DockLite Solar Light Value Pack\"},{\"@type\":\"BreadcrumbList\",\"@id\":\"https:\/\/dockedge.thinairweb.co\/fr\/produit\/docklite-value-pack\/#breadcrumb\",\"itemListElement\":[{\"@type\":\"ListItem\",\"position\":1,\"name\":\"Home\",\"item\":\"https:\/\/dockedge.thinairweb.co\/fr\/\"},{\"@type\":\"ListItem\",\"position\":2,\"name\":\"Boutique\",\"item\":\"https:\/\/dockedge.thinairweb.co\/fr\/boutique\/\"},{\"@type\":\"ListItem\",\"position\":3,\"name\":\"DOCKLITE VALUE PACK\"}]},{\"@type\":\"WebSite\",\"@id\":\"https:\/\/dockedge.thinairweb.co\/fr\/#website\",\"url\":\"https:\/\/dockedge.thinairweb.co\/fr\/\",\"name\":\"Dock Edge+\",\"description\":\"Your Dock. Your Way.\",\"potentialAction\":[{\"@type\":\"SearchAction\",\"target\":{\"@type\":\"EntryPoint\",\"urlTemplate\":\"https:\/\/dockedge.thinairweb.co\/fr\/?s={search_term_string}\"},\"query-input\":{\"@type\":\"PropertyValueSpecification\",\"valueRequired\":true,\"valueName\":\"search_term_string\"}}],\"inLanguage\":\"fr-FR\"}]}<\/script>\n<!-- \/ Yoast SEO plugin. -->","yoast_head_json":{"title":"DOCKLITE VALUE PACK - Dock Edge+","robots":{"index":"index","follow":"follow","max-snippet":"max-snippet:-1","max-image-preview":"max-image-preview:large","max-video-preview":"max-video-preview:-1"},"canonical":"https:\/\/dockedge.thinairweb.co\/fr\/produit\/docklite-value-pack\/","og_locale":"fr_FR","og_type":"article","og_title":"DOCKLITE VALUE PACK - Dock Edge+","og_description":"CUP Cet ensemble de DockLites solaires est facile \u00e0 installer. Leur construction durable et r\u00e9sistante aux intemp\u00e9ries en fait un compl\u00e9ment attrayant et fonctionnel pour les quais, les all\u00e9es, les terrasses et les d\u00e9barcad\u00e8res. Elles sont id\u00e9ales pour \u00e9clairer les endroits difficiles d'acc\u00e8s sur les sentiers ou les zones de transition, par exemple entre le quai et la rive.   Automatique \u00e0 l'heure du cr\u00e9puscule  R\u00e9sistant aux intemp\u00e9ries et durable  S'installe facilement sans aucun fil  Tol\u00e9rance au trafic, conception respectueuse des orteils  Indice d'\u00e9tanch\u00e9it\u00e9 IP 65","og_url":"https:\/\/dockedge.thinairweb.co\/fr\/produit\/docklite-value-pack\/","og_site_name":"Dock Edge+","og_image":[{"width":700,"height":700,"url":"https:\/\/dockedge.thinairweb.co\/wp-content\/uploads\/sites\/3\/2018\/04\/DockLiteValuePack-2.jpg","type":"image\/jpeg"}],"twitter_card":"summary_large_image","schema":{"@context":"https:\/\/schema.org","@graph":[{"@type":"WebPage","@id":"https:\/\/dockedge.thinairweb.co\/fr\/produit\/docklite-value-pack\/","url":"https:\/\/dockedge.thinairweb.co\/fr\/produit\/docklite-value-pack\/","name":"DOCKLITE VALUE PACK - Dock Edge+","isPartOf":{"@id":"https:\/\/dockedge.thinairweb.co\/fr\/#website"},"primaryImageOfPage":{"@id":"https:\/\/dockedge.thinairweb.co\/fr\/produit\/docklite-value-pack\/#primaryimage"},"image":{"@id":"https:\/\/dockedge.thinairweb.co\/fr\/produit\/docklite-value-pack\/#primaryimage"},"thumbnailUrl":"https:\/\/dockedge.thinairweb.co\/wp-content\/uploads\/sites\/3\/2018\/04\/DockLiteValuePack-2.jpg","datePublished":"2018-04-18T18:04:40+00:00","breadcrumb":{"@id":"https:\/\/dockedge.thinairweb.co\/fr\/produit\/docklite-value-pack\/#breadcrumb"},"inLanguage":"fr-FR","potentialAction":[{"@type":"ReadAction","target":["https:\/\/dockedge.thinairweb.co\/fr\/produit\/docklite-value-pack\/"]}]},{"@type":"ImageObject","inLanguage":"fr-FR","@id":"https:\/\/dockedge.thinairweb.co\/fr\/produit\/docklite-value-pack\/#primaryimage","url":"https:\/\/dockedge.thinairweb.co\/wp-content\/uploads\/sites\/3\/2018\/04\/DockLiteValuePack-2.jpg","contentUrl":"https:\/\/dockedge.thinairweb.co\/wp-content\/uploads\/sites\/3\/2018\/04\/DockLiteValuePack-2.jpg","width":700,"height":700,"caption":"DockLite Solar Light Value Pack"},{"@type":"BreadcrumbList","@id":"https:\/\/dockedge.thinairweb.co\/fr\/produit\/docklite-value-pack\/#breadcrumb","itemListElement":[{"@type":"ListItem","position":1,"name":"Home","item":"https:\/\/dockedge.thinairweb.co\/fr\/"},{"@type":"ListItem","position":2,"name":"Boutique","item":"https:\/\/dockedge.thinairweb.co\/fr\/boutique\/"},{"@type":"ListItem","position":3,"name":"DOCKLITE VALUE PACK"}]},{"@type":"WebSite","@id":"https:\/\/dockedge.thinairweb.co\/fr\/#website","url":"https:\/\/dockedge.thinairweb.co\/fr\/","name":"Dock Edge+","description":"Your Dock. Your Way.","potentialAction":[{"@type":"SearchAction","target":{"@type":"EntryPoint","urlTemplate":"https:\/\/dockedge.thinairweb.co\/fr\/?s={search_term_string}"},"query-input":{"@type":"PropertyValueSpecification","valueRequired":true,"valueName":"search_term_string"}}],"inLanguage":"fr-FR"}]}},"acf":[],"_links":{"self":[{"href":"https:\/\/dockedge.thinairweb.co\/fr\/wp-json\/wp\/v2\/product\/8488","targetHints":{"allow":["GET"]}}],"collection":[{"href":"https:\/\/dockedge.thinairweb.co\/fr\/wp-json\/wp\/v2\/product"}],"about":[{"href":"https:\/\/dockedge.thinairweb.co\/fr\/wp-json\/wp\/v2\/types\/product"}],"wp:featuredmedia":[{"embeddable":true,"href":"https:\/\/dockedge.thinairweb.co\/fr\/wp-json\/wp\/v2\/media\/7346"}],"wp:attachment":[{"href":"https:\/\/dockedge.thinairweb.co\/fr\/wp-json\/wp\/v2\/media?parent=8488"}],"wp:term":[{"taxonomy":"product_brand","embeddable":true,"href":"https:\/\/dockedge.thinairweb.co\/fr\/wp-json\/wp\/v2\/product_brand?post=8488"},{"taxonomy":"product_cat","embeddable":true,"href":"https:\/\/dockedge.thinairweb.co\/fr\/wp-json\/wp\/v2\/product_cat?post=8488"},{"taxonomy":"product_tag","embeddable":true,"href":"https:\/\/dockedge.thinairweb.co\/fr\/wp-json\/wp\/v2\/product_tag?post=8488"}],"curies":[{"name":"wp","href":"https:\/\/api.w.org\/{rel}","templated":true}]}}