{"id":8490,"date":"2018-04-18T18:00:47","date_gmt":"2018-04-18T18:00:47","guid":{"rendered":"https:\/\/dockedge.com\/product\/dock-lite\/"},"modified":"2018-04-18T18:00:47","modified_gmt":"2018-04-18T18:00:47","slug":"dock-lite","status":"publish","type":"product","link":"https:\/\/dockedge.thinairweb.co\/fr\/produit\/dock-lite\/","title":{"rendered":"DOCK LITE\u2122"},"content":{"rendered":"<table id=\"product-table\" border=\"0\" cellspacing=\"0\" cellpadding=\"15\">\n<tbody>\n<tr>\n<th>N\u00b0 de pi\u00e8ce<\/th>\n<th>Description<\/th>\n<\/tr>\n<tr>\n<td>DE96255F<\/td>\n<td>DockLite, Lumi\u00e8re solaire de quai et de terrasse<\/td>\n<\/tr>\n<\/tbody>\n<\/table>\n<p><script src=\"\/\/ui.powerreviews.com\/stable\/4.0\/ui.js\"><\/script><\/p>\n<p><script>\n  POWERREVIEWS.display.render({\n      api_key: 'fdb23d80-8310-4409-87f2-2ee20e24a743',\n      locale: 'en_US',\n      merchant_group_id: '78535',\n      merchant_id: '542114',\n      page_id: '3014',\n      review_wrapper_url: 'http:\/\/www.dockedge.com\/write-a-review\/?pr_page_id=___PAGE_ID___',\nstructured_data_product_id : 'http:\/\/www.dockedge.com\/product\/dock-lite\/',\nproduct:{\n        name: 'DOCK LITE&#x2122;', \n        url: 'http:\/\/www.dockedge.com\/product\/dock-lite\/',\n        image_url: 'http:\/\/www.dockedge.com\/wp-content\/uploads\/sites\/3\/2018\/04\/DockLite.jpg',\n        description: 'DockLite Solar Dock & Deck Light',\n        category_name: 'Solar Lights',\n        manufacturer_id: 'DE96255F',\n        upc: '776113962558',\n        brand_name: 'DockEdge',\n        price: '<your_product_price>',\n        in_stock: '<product_in_stock_status>',\n    },\n      components: {\n    ReviewSnippet: 'pr-reviewsnippet',\n    ReviewDisplay: 'pr-reviewdisplay'\n      }\n    });\n  <\/script><\/p>\n<div id=\"pr-reviewdisplay\"><\/div>\n","protected":false},"excerpt":{"rendered":"<div id=\"pr-reviewsnippet\"><\/div>\n<p><b>CUP<\/b> <\/p>\n<ul>\n<li>Automatique \u00e0 l&rsquo;heure du cr\u00e9puscule<\/li>\n<li>Un compl\u00e9ment attrayant et fonctionnel pour les quais, les passerelles, les terrasses et les d\u00e9barcad\u00e8res.<\/li>\n<li>Id\u00e9al pour \u00e9clairer les endroits difficiles d&rsquo;acc\u00e8s sur les sentiers ou les zones de transition, par exemple entre le quai et le rivage.<\/li>\n<li>Facile \u00e0 installer sans fils<\/li>\n<li>Construction durable, r\u00e9sistante aux intemp\u00e9ries et \u00e0 profil bas<\/li>\n<li>R\u00e9siste facilement \u00e0 la circulation des pi\u00e9tons et des v\u00e9hicules mod\u00e9r\u00e9s, tels que les chariots \u00e0 main et autres<\/li>\n<li>Les batteries solaires \u00e0 haut rendement permettent au DockLite de durer jusqu&rsquo;au lever du soleil.<\/li>\n<li><a href=\"https:\/\/dockedge.com\/fr\/tableau-de-classement-ip\/\" target=\"_blank\" rel=\"noopener noreferrer\">Indice d&rsquo;\u00e9tanch\u00e9it\u00e9 IP 65<\/a><\/li>\n<\/ul>\n<p><img loading=\"lazy\" decoding=\"async\" class=\"size-full wp-image-3902 aligncenter\" src=\"https:\/\/dockedge.com\/wp-content\/uploads\/sites\/3\/2022\/12\/DE96255F_icon.png\" alt=\"\" width=\"398\" height=\"74\"><\/p>\n","protected":false},"featured_media":7349,"template":"","meta":{"_acf_changed":false,"_et_pb_use_builder":"","_et_pb_old_content":"","_et_gb_content_width":""},"product_brand":[],"product_cat":[183],"product_tag":[],"class_list":{"0":"post-8490","1":"product","2":"type-product","3":"status-publish","4":"has-post-thumbnail","6":"product_cat-lampes-solaires","8":"first","9":"instock","10":"shipping-taxable","11":"product-type-simple"},"yoast_head":"<!-- This site is optimized with the Yoast SEO plugin v27.0 - https:\/\/yoast.com\/product\/yoast-seo-wordpress\/ -->\n<title>DOCK LITE\u2122 - Dock Edge+<\/title>\n<meta name=\"robots\" content=\"index, follow, max-snippet:-1, max-image-preview:large, max-video-preview:-1\" \/>\n<link rel=\"canonical\" href=\"https:\/\/dockedge.thinairweb.co\/fr\/produit\/dock-lite\/\" \/>\n<meta property=\"og:locale\" content=\"fr_FR\" \/>\n<meta property=\"og:type\" content=\"article\" \/>\n<meta property=\"og:title\" content=\"DOCK LITE\u2122 - Dock Edge+\" \/>\n<meta property=\"og:description\" content=\"CUP   Automatique \u00e0 l&#039;heure du cr\u00e9puscule  Un compl\u00e9ment attrayant et fonctionnel pour les quais, les passerelles, les terrasses et les d\u00e9barcad\u00e8res.  Id\u00e9al pour \u00e9clairer les endroits difficiles d&#039;acc\u00e8s sur les sentiers ou les zones de transition, par exemple entre le quai et le rivage.  Facile \u00e0 installer sans fils  Construction durable, r\u00e9sistante aux intemp\u00e9ries et \u00e0 profil bas  R\u00e9siste facilement \u00e0 la circulation des pi\u00e9tons et des v\u00e9hicules mod\u00e9r\u00e9s, tels que les chariots \u00e0 main et autres  Les batteries solaires \u00e0 haut rendement permettent au DockLite de durer jusqu&#039;au lever du soleil.  Indice d&#039;\u00e9tanch\u00e9it\u00e9 IP 65\" \/>\n<meta property=\"og:url\" content=\"https:\/\/dockedge.thinairweb.co\/fr\/produit\/dock-lite\/\" \/>\n<meta property=\"og:site_name\" content=\"Dock Edge+\" \/>\n<meta property=\"og:image\" content=\"https:\/\/dockedge.thinairweb.co\/wp-content\/uploads\/sites\/3\/2018\/04\/DockLite.jpg\" \/>\n\t<meta property=\"og:image:width\" content=\"700\" \/>\n\t<meta property=\"og:image:height\" content=\"700\" \/>\n\t<meta property=\"og:image:type\" content=\"image\/jpeg\" \/>\n<meta name=\"twitter:card\" content=\"summary_large_image\" \/>\n<script type=\"application\/ld+json\" class=\"yoast-schema-graph\">{\"@context\":\"https:\/\/schema.org\",\"@graph\":[{\"@type\":\"WebPage\",\"@id\":\"https:\/\/dockedge.thinairweb.co\/fr\/produit\/dock-lite\/\",\"url\":\"https:\/\/dockedge.thinairweb.co\/fr\/produit\/dock-lite\/\",\"name\":\"DOCK LITE\u2122 - Dock Edge+\",\"isPartOf\":{\"@id\":\"https:\/\/dockedge.thinairweb.co\/fr\/#website\"},\"primaryImageOfPage\":{\"@id\":\"https:\/\/dockedge.thinairweb.co\/fr\/produit\/dock-lite\/#primaryimage\"},\"image\":{\"@id\":\"https:\/\/dockedge.thinairweb.co\/fr\/produit\/dock-lite\/#primaryimage\"},\"thumbnailUrl\":\"https:\/\/dockedge.thinairweb.co\/wp-content\/uploads\/sites\/3\/2018\/04\/DockLite.jpg\",\"datePublished\":\"2018-04-18T18:00:47+00:00\",\"breadcrumb\":{\"@id\":\"https:\/\/dockedge.thinairweb.co\/fr\/produit\/dock-lite\/#breadcrumb\"},\"inLanguage\":\"fr-FR\",\"potentialAction\":[{\"@type\":\"ReadAction\",\"target\":[\"https:\/\/dockedge.thinairweb.co\/fr\/produit\/dock-lite\/\"]}]},{\"@type\":\"ImageObject\",\"inLanguage\":\"fr-FR\",\"@id\":\"https:\/\/dockedge.thinairweb.co\/fr\/produit\/dock-lite\/#primaryimage\",\"url\":\"https:\/\/dockedge.thinairweb.co\/wp-content\/uploads\/sites\/3\/2018\/04\/DockLite.jpg\",\"contentUrl\":\"https:\/\/dockedge.thinairweb.co\/wp-content\/uploads\/sites\/3\/2018\/04\/DockLite.jpg\",\"width\":700,\"height\":700,\"caption\":\"DockLite solar light\"},{\"@type\":\"BreadcrumbList\",\"@id\":\"https:\/\/dockedge.thinairweb.co\/fr\/produit\/dock-lite\/#breadcrumb\",\"itemListElement\":[{\"@type\":\"ListItem\",\"position\":1,\"name\":\"Home\",\"item\":\"https:\/\/dockedge.thinairweb.co\/fr\/\"},{\"@type\":\"ListItem\",\"position\":2,\"name\":\"Boutique\",\"item\":\"https:\/\/dockedge.thinairweb.co\/fr\/boutique\/\"},{\"@type\":\"ListItem\",\"position\":3,\"name\":\"DOCK LITE\u2122\"}]},{\"@type\":\"WebSite\",\"@id\":\"https:\/\/dockedge.thinairweb.co\/fr\/#website\",\"url\":\"https:\/\/dockedge.thinairweb.co\/fr\/\",\"name\":\"Dock Edge+\",\"description\":\"Your Dock. Your Way.\",\"potentialAction\":[{\"@type\":\"SearchAction\",\"target\":{\"@type\":\"EntryPoint\",\"urlTemplate\":\"https:\/\/dockedge.thinairweb.co\/fr\/?s={search_term_string}\"},\"query-input\":{\"@type\":\"PropertyValueSpecification\",\"valueRequired\":true,\"valueName\":\"search_term_string\"}}],\"inLanguage\":\"fr-FR\"}]}<\/script>\n<!-- \/ Yoast SEO plugin. -->","yoast_head_json":{"title":"DOCK LITE\u2122 - Dock Edge+","robots":{"index":"index","follow":"follow","max-snippet":"max-snippet:-1","max-image-preview":"max-image-preview:large","max-video-preview":"max-video-preview:-1"},"canonical":"https:\/\/dockedge.thinairweb.co\/fr\/produit\/dock-lite\/","og_locale":"fr_FR","og_type":"article","og_title":"DOCK LITE\u2122 - Dock Edge+","og_description":"CUP   Automatique \u00e0 l'heure du cr\u00e9puscule  Un compl\u00e9ment attrayant et fonctionnel pour les quais, les passerelles, les terrasses et les d\u00e9barcad\u00e8res.  Id\u00e9al pour \u00e9clairer les endroits difficiles d'acc\u00e8s sur les sentiers ou les zones de transition, par exemple entre le quai et le rivage.  Facile \u00e0 installer sans fils  Construction durable, r\u00e9sistante aux intemp\u00e9ries et \u00e0 profil bas  R\u00e9siste facilement \u00e0 la circulation des pi\u00e9tons et des v\u00e9hicules mod\u00e9r\u00e9s, tels que les chariots \u00e0 main et autres  Les batteries solaires \u00e0 haut rendement permettent au DockLite de durer jusqu'au lever du soleil.  Indice d'\u00e9tanch\u00e9it\u00e9 IP 65","og_url":"https:\/\/dockedge.thinairweb.co\/fr\/produit\/dock-lite\/","og_site_name":"Dock Edge+","og_image":[{"width":700,"height":700,"url":"https:\/\/dockedge.thinairweb.co\/wp-content\/uploads\/sites\/3\/2018\/04\/DockLite.jpg","type":"image\/jpeg"}],"twitter_card":"summary_large_image","schema":{"@context":"https:\/\/schema.org","@graph":[{"@type":"WebPage","@id":"https:\/\/dockedge.thinairweb.co\/fr\/produit\/dock-lite\/","url":"https:\/\/dockedge.thinairweb.co\/fr\/produit\/dock-lite\/","name":"DOCK LITE\u2122 - Dock Edge+","isPartOf":{"@id":"https:\/\/dockedge.thinairweb.co\/fr\/#website"},"primaryImageOfPage":{"@id":"https:\/\/dockedge.thinairweb.co\/fr\/produit\/dock-lite\/#primaryimage"},"image":{"@id":"https:\/\/dockedge.thinairweb.co\/fr\/produit\/dock-lite\/#primaryimage"},"thumbnailUrl":"https:\/\/dockedge.thinairweb.co\/wp-content\/uploads\/sites\/3\/2018\/04\/DockLite.jpg","datePublished":"2018-04-18T18:00:47+00:00","breadcrumb":{"@id":"https:\/\/dockedge.thinairweb.co\/fr\/produit\/dock-lite\/#breadcrumb"},"inLanguage":"fr-FR","potentialAction":[{"@type":"ReadAction","target":["https:\/\/dockedge.thinairweb.co\/fr\/produit\/dock-lite\/"]}]},{"@type":"ImageObject","inLanguage":"fr-FR","@id":"https:\/\/dockedge.thinairweb.co\/fr\/produit\/dock-lite\/#primaryimage","url":"https:\/\/dockedge.thinairweb.co\/wp-content\/uploads\/sites\/3\/2018\/04\/DockLite.jpg","contentUrl":"https:\/\/dockedge.thinairweb.co\/wp-content\/uploads\/sites\/3\/2018\/04\/DockLite.jpg","width":700,"height":700,"caption":"DockLite solar light"},{"@type":"BreadcrumbList","@id":"https:\/\/dockedge.thinairweb.co\/fr\/produit\/dock-lite\/#breadcrumb","itemListElement":[{"@type":"ListItem","position":1,"name":"Home","item":"https:\/\/dockedge.thinairweb.co\/fr\/"},{"@type":"ListItem","position":2,"name":"Boutique","item":"https:\/\/dockedge.thinairweb.co\/fr\/boutique\/"},{"@type":"ListItem","position":3,"name":"DOCK LITE\u2122"}]},{"@type":"WebSite","@id":"https:\/\/dockedge.thinairweb.co\/fr\/#website","url":"https:\/\/dockedge.thinairweb.co\/fr\/","name":"Dock Edge+","description":"Your Dock. Your Way.","potentialAction":[{"@type":"SearchAction","target":{"@type":"EntryPoint","urlTemplate":"https:\/\/dockedge.thinairweb.co\/fr\/?s={search_term_string}"},"query-input":{"@type":"PropertyValueSpecification","valueRequired":true,"valueName":"search_term_string"}}],"inLanguage":"fr-FR"}]}},"acf":[],"_links":{"self":[{"href":"https:\/\/dockedge.thinairweb.co\/fr\/wp-json\/wp\/v2\/product\/8490","targetHints":{"allow":["GET"]}}],"collection":[{"href":"https:\/\/dockedge.thinairweb.co\/fr\/wp-json\/wp\/v2\/product"}],"about":[{"href":"https:\/\/dockedge.thinairweb.co\/fr\/wp-json\/wp\/v2\/types\/product"}],"wp:featuredmedia":[{"embeddable":true,"href":"https:\/\/dockedge.thinairweb.co\/fr\/wp-json\/wp\/v2\/media\/7349"}],"wp:attachment":[{"href":"https:\/\/dockedge.thinairweb.co\/fr\/wp-json\/wp\/v2\/media?parent=8490"}],"wp:term":[{"taxonomy":"product_brand","embeddable":true,"href":"https:\/\/dockedge.thinairweb.co\/fr\/wp-json\/wp\/v2\/product_brand?post=8490"},{"taxonomy":"product_cat","embeddable":true,"href":"https:\/\/dockedge.thinairweb.co\/fr\/wp-json\/wp\/v2\/product_cat?post=8490"},{"taxonomy":"product_tag","embeddable":true,"href":"https:\/\/dockedge.thinairweb.co\/fr\/wp-json\/wp\/v2\/product_tag?post=8490"}],"curies":[{"name":"wp","href":"https:\/\/api.w.org\/{rel}","templated":true}]}}