{"id":8492,"date":"2018-04-18T17:39:48","date_gmt":"2018-04-18T17:39:48","guid":{"rendered":"https:\/\/dockedge.com\/product\/cleatlite\/"},"modified":"2018-04-18T17:39:48","modified_gmt":"2018-04-18T17:39:48","slug":"cleatlite","status":"publish","type":"product","link":"https:\/\/dockedge.thinairweb.co\/fr\/produit\/cleatlite\/","title":{"rendered":"CLEATLITE\u2122"},"content":{"rendered":"<table id=\"product-table\" border=\"0\" cellspacing=\"0\" cellpadding=\"15\">\n<tbody>\n<tr>\n<th>N\u00b0 de pi\u00e8ce<\/th>\n<th>Description<\/th>\n<\/tr>\n<tr>\n<td>DE96250F<\/td>\n<td>CleatLite, Lumi\u00e8re de quai solaire avec taquet d&rsquo;amarrage en acier inoxydable<\/td>\n<\/tr>\n<\/tbody>\n<\/table>\n<p><script src=\"\/\/ui.powerreviews.com\/stable\/4.0\/ui.js\"><\/script><\/p>\n<p><script>\n  POWERREVIEWS.display.render({\n      api_key: 'fdb23d80-8310-4409-87f2-2ee20e24a743',\n      locale: 'en_US',\n      merchant_group_id: '78535',\n      merchant_id: '542114',\n      page_id: '3011',\n      review_wrapper_url: 'http:\/\/www.dockedge.com\/write-a-review\/?pr_page_id=___PAGE_ID___',\nstructured_data_product_id : 'http:\/\/www.dockedge.com\/product\/cleatlite\/',\nproduct:{\n        name: 'CLEATLITE&#x2122;', \n        url: 'http:\/\/www.dockedge.com\/product\/cleatlite\/',\n        image_url: 'http:\/\/www.dockedge.com\/wp-content\/uploads\/sites\/3\/2018\/04\/CleatLite.jpg',\n        description: 'CleatLite SolarDockLight c\/w SS Cleat',\n        category_name: 'Solar Lights',\n        manufacturer_id: 'DE96250F',\n        upc: '776113962503',\n        brand_name: 'DockEdge',\n        price: '<your_product_price>',\n        in_stock: '<product_in_stock_status>',\n    },\n      components: {\n    ReviewSnippet: 'pr-reviewsnippet',\n    ReviewDisplay: 'pr-reviewdisplay'\n      }\n    });\n  <\/script><\/p>\n<div id=\"pr-reviewdisplay\"><\/div>\n","protected":false},"excerpt":{"rendered":"<div id=\"pr-reviewsnippet\"><\/div>\n<p><b>CUP<\/b> <br \/>\nCes lampes solaires sont mont\u00e9es sur une base en acier robuste, \u00e0 l&rsquo;int\u00e9rieur d&rsquo;un pilier en vinyle attrayant de style colonial de 12&Prime; de haut et 4&Prime; de large. Facile \u00e0 installer et SANS FIL. Ces accessoires de quai d\u00e9coratifs et fonctionnels ajouteront du style \u00e0 votre quai, de jour comme de nuit. La lampe est con\u00e7ue pour \u00e9clairer votre bateau, votre quai et votre taquet en acier inoxydable, et non pour vous \u00e9clairer les yeux.<br \/>\n<a href=\"https:\/\/dockedge.com\/fr\/tableau-de-classement-ip\/\" target=\"_blank\" rel=\"noopener noreferrer\">IP 65 R\u00e9sistance \u00e0 l&rsquo;eau<\/a>.<\/p>\n<p>Chaque kit comprend un pilier, un taquet en acier inoxydable, une base de montage, une lampe solaire et des piles rechargeables.<\/p>\n<p><img loading=\"lazy\" decoding=\"async\" class=\"size-full wp-image-3901 aligncenter\" src=\"https:\/\/dockedge.com\/wp-content\/uploads\/sites\/3\/2022\/12\/DE96250-52-64F_icon.png\" alt=\"\" width=\"506\" height=\"73\"><\/p>\n","protected":false},"featured_media":7351,"template":"","meta":{"_acf_changed":false,"_et_pb_use_builder":"off","_et_pb_old_content":"<table id=\"product-table\" border=\"0\" cellspacing=\"0\" cellpadding=\"15\">\n<tbody>\n<tr>\n<th>N\u00b0 de pi\u00e8ce<\/th>\n<th>Description<\/th>\n<\/tr>\n<tr>\n<td>DE96250F<\/td>\n<td>CleatLite, Lumi\u00e8re de quai solaire avec taquet d'amarrage en acier inoxydable<\/td>\n<\/tr>\n<\/tbody>\n<\/table>\n\n\n\n  POWERREVIEWS.display.render({\n  api_key: 'fdb23d80-8310-4409-87f2-2ee20e24a743',\n  locale : 'en_US',\n  merchant_group_id : '78535',\n  merchant_id : '542114',\n  page_id : '3011',\n  review_wrapper_url : 'http:\/\/www.dockedge.com\/write-a-review\/?pr_page_id=___PAGE_ID___',\nstructured_data_product_id : 'http:\/\/www.dockedge.com\/product\/cleatlite\/',\nproduit:{\n  nom : \"CLEATLITE\u2122\",  \n  url : 'http:\/\/www.dockedge.com\/product\/cleatlite\/',\n  image_url : 'http:\/\/www.dockedge.com\/wp-content\/uploads\/sites\/3\/2018\/04\/CleatLite.jpg',\n  description : \"CleatLite SolarDockLight c\/w SS Cleat\",\n  category_name : 'Solar Lights',\n  id_du_fabricant : 'DE96250F',\n  upc : '776113962503',\n  nom de marque : \"DockEdge\",\n  prix : '',\n  in_stock : '',\n  },\n  les composants : {\n  ReviewSnippet : 'pr-reviewsnippet',\n  ReviewDisplay : \"pr-reviewdisplay\" (affichage de l'examen)\n  }\n  }) ;\n  \n<div id=\"pr-reviewdisplay\"><\/div>","_et_gb_content_width":""},"product_brand":[],"product_cat":[183],"product_tag":[],"class_list":{"0":"post-8492","1":"product","2":"type-product","3":"status-publish","4":"has-post-thumbnail","6":"product_cat-lampes-solaires","8":"first","9":"instock","10":"shipping-taxable","11":"product-type-simple"},"yoast_head":"<!-- This site is optimized with the Yoast SEO plugin v27.0 - https:\/\/yoast.com\/product\/yoast-seo-wordpress\/ -->\n<title>CLEATLITE\u2122 - Dock Edge+<\/title>\n<meta name=\"robots\" content=\"index, follow, max-snippet:-1, max-image-preview:large, max-video-preview:-1\" \/>\n<link rel=\"canonical\" href=\"https:\/\/dockedge.thinairweb.co\/fr\/produit\/cleatlite\/\" \/>\n<meta property=\"og:locale\" content=\"fr_FR\" \/>\n<meta property=\"og:type\" content=\"article\" \/>\n<meta property=\"og:title\" content=\"CLEATLITE\u2122 - Dock Edge+\" \/>\n<meta property=\"og:description\" content=\"CUP Ces lampes solaires sont mont\u00e9es sur une base en acier robuste, \u00e0 l&#039;int\u00e9rieur d&#039;un pilier en vinyle attrayant de style colonial de 12&quot; de haut et 4&quot; de large. Facile \u00e0 installer et SANS FIL. Ces accessoires de quai d\u00e9coratifs et fonctionnels ajouteront du style \u00e0 votre quai, de jour comme de nuit. La lampe est con\u00e7ue pour \u00e9clairer votre bateau, votre quai et votre taquet en acier inoxydable, et non pour vous \u00e9clairer les yeux.   IP 65 R\u00e9sistance \u00e0 l&#039;eau. Chaque kit comprend un pilier, un taquet en acier inoxydable, une base de montage, une lampe solaire et des piles rechargeables.\" \/>\n<meta property=\"og:url\" content=\"https:\/\/dockedge.thinairweb.co\/fr\/produit\/cleatlite\/\" \/>\n<meta property=\"og:site_name\" content=\"Dock Edge+\" \/>\n<meta property=\"og:image\" content=\"https:\/\/dockedge.thinairweb.co\/wp-content\/uploads\/sites\/3\/2018\/04\/CleatLite.jpg\" \/>\n\t<meta property=\"og:image:width\" content=\"700\" \/>\n\t<meta property=\"og:image:height\" content=\"700\" \/>\n\t<meta property=\"og:image:type\" content=\"image\/jpeg\" \/>\n<meta name=\"twitter:card\" content=\"summary_large_image\" \/>\n<script type=\"application\/ld+json\" class=\"yoast-schema-graph\">{\"@context\":\"https:\/\/schema.org\",\"@graph\":[{\"@type\":\"WebPage\",\"@id\":\"https:\/\/dockedge.thinairweb.co\/fr\/produit\/cleatlite\/\",\"url\":\"https:\/\/dockedge.thinairweb.co\/fr\/produit\/cleatlite\/\",\"name\":\"CLEATLITE\u2122 - Dock Edge+\",\"isPartOf\":{\"@id\":\"https:\/\/dockedge.thinairweb.co\/fr\/#website\"},\"primaryImageOfPage\":{\"@id\":\"https:\/\/dockedge.thinairweb.co\/fr\/produit\/cleatlite\/#primaryimage\"},\"image\":{\"@id\":\"https:\/\/dockedge.thinairweb.co\/fr\/produit\/cleatlite\/#primaryimage\"},\"thumbnailUrl\":\"https:\/\/dockedge.thinairweb.co\/wp-content\/uploads\/sites\/3\/2018\/04\/CleatLite.jpg\",\"datePublished\":\"2018-04-18T17:39:48+00:00\",\"breadcrumb\":{\"@id\":\"https:\/\/dockedge.thinairweb.co\/fr\/produit\/cleatlite\/#breadcrumb\"},\"inLanguage\":\"fr-FR\",\"potentialAction\":[{\"@type\":\"ReadAction\",\"target\":[\"https:\/\/dockedge.thinairweb.co\/fr\/produit\/cleatlite\/\"]}]},{\"@type\":\"ImageObject\",\"inLanguage\":\"fr-FR\",\"@id\":\"https:\/\/dockedge.thinairweb.co\/fr\/produit\/cleatlite\/#primaryimage\",\"url\":\"https:\/\/dockedge.thinairweb.co\/wp-content\/uploads\/sites\/3\/2018\/04\/CleatLite.jpg\",\"contentUrl\":\"https:\/\/dockedge.thinairweb.co\/wp-content\/uploads\/sites\/3\/2018\/04\/CleatLite.jpg\",\"width\":700,\"height\":700,\"caption\":\"Cleat Lite\"},{\"@type\":\"BreadcrumbList\",\"@id\":\"https:\/\/dockedge.thinairweb.co\/fr\/produit\/cleatlite\/#breadcrumb\",\"itemListElement\":[{\"@type\":\"ListItem\",\"position\":1,\"name\":\"Home\",\"item\":\"https:\/\/dockedge.thinairweb.co\/fr\/\"},{\"@type\":\"ListItem\",\"position\":2,\"name\":\"Boutique\",\"item\":\"https:\/\/dockedge.thinairweb.co\/fr\/boutique\/\"},{\"@type\":\"ListItem\",\"position\":3,\"name\":\"CLEATLITE\u2122\"}]},{\"@type\":\"WebSite\",\"@id\":\"https:\/\/dockedge.thinairweb.co\/fr\/#website\",\"url\":\"https:\/\/dockedge.thinairweb.co\/fr\/\",\"name\":\"Dock Edge+\",\"description\":\"Your Dock. Your Way.\",\"potentialAction\":[{\"@type\":\"SearchAction\",\"target\":{\"@type\":\"EntryPoint\",\"urlTemplate\":\"https:\/\/dockedge.thinairweb.co\/fr\/?s={search_term_string}\"},\"query-input\":{\"@type\":\"PropertyValueSpecification\",\"valueRequired\":true,\"valueName\":\"search_term_string\"}}],\"inLanguage\":\"fr-FR\"}]}<\/script>\n<!-- \/ Yoast SEO plugin. -->","yoast_head_json":{"title":"CLEATLITE\u2122 - Dock Edge+","robots":{"index":"index","follow":"follow","max-snippet":"max-snippet:-1","max-image-preview":"max-image-preview:large","max-video-preview":"max-video-preview:-1"},"canonical":"https:\/\/dockedge.thinairweb.co\/fr\/produit\/cleatlite\/","og_locale":"fr_FR","og_type":"article","og_title":"CLEATLITE\u2122 - Dock Edge+","og_description":"CUP Ces lampes solaires sont mont\u00e9es sur une base en acier robuste, \u00e0 l'int\u00e9rieur d'un pilier en vinyle attrayant de style colonial de 12\" de haut et 4\" de large. Facile \u00e0 installer et SANS FIL. Ces accessoires de quai d\u00e9coratifs et fonctionnels ajouteront du style \u00e0 votre quai, de jour comme de nuit. La lampe est con\u00e7ue pour \u00e9clairer votre bateau, votre quai et votre taquet en acier inoxydable, et non pour vous \u00e9clairer les yeux.   IP 65 R\u00e9sistance \u00e0 l'eau. Chaque kit comprend un pilier, un taquet en acier inoxydable, une base de montage, une lampe solaire et des piles rechargeables.","og_url":"https:\/\/dockedge.thinairweb.co\/fr\/produit\/cleatlite\/","og_site_name":"Dock Edge+","og_image":[{"width":700,"height":700,"url":"https:\/\/dockedge.thinairweb.co\/wp-content\/uploads\/sites\/3\/2018\/04\/CleatLite.jpg","type":"image\/jpeg"}],"twitter_card":"summary_large_image","schema":{"@context":"https:\/\/schema.org","@graph":[{"@type":"WebPage","@id":"https:\/\/dockedge.thinairweb.co\/fr\/produit\/cleatlite\/","url":"https:\/\/dockedge.thinairweb.co\/fr\/produit\/cleatlite\/","name":"CLEATLITE\u2122 - Dock Edge+","isPartOf":{"@id":"https:\/\/dockedge.thinairweb.co\/fr\/#website"},"primaryImageOfPage":{"@id":"https:\/\/dockedge.thinairweb.co\/fr\/produit\/cleatlite\/#primaryimage"},"image":{"@id":"https:\/\/dockedge.thinairweb.co\/fr\/produit\/cleatlite\/#primaryimage"},"thumbnailUrl":"https:\/\/dockedge.thinairweb.co\/wp-content\/uploads\/sites\/3\/2018\/04\/CleatLite.jpg","datePublished":"2018-04-18T17:39:48+00:00","breadcrumb":{"@id":"https:\/\/dockedge.thinairweb.co\/fr\/produit\/cleatlite\/#breadcrumb"},"inLanguage":"fr-FR","potentialAction":[{"@type":"ReadAction","target":["https:\/\/dockedge.thinairweb.co\/fr\/produit\/cleatlite\/"]}]},{"@type":"ImageObject","inLanguage":"fr-FR","@id":"https:\/\/dockedge.thinairweb.co\/fr\/produit\/cleatlite\/#primaryimage","url":"https:\/\/dockedge.thinairweb.co\/wp-content\/uploads\/sites\/3\/2018\/04\/CleatLite.jpg","contentUrl":"https:\/\/dockedge.thinairweb.co\/wp-content\/uploads\/sites\/3\/2018\/04\/CleatLite.jpg","width":700,"height":700,"caption":"Cleat Lite"},{"@type":"BreadcrumbList","@id":"https:\/\/dockedge.thinairweb.co\/fr\/produit\/cleatlite\/#breadcrumb","itemListElement":[{"@type":"ListItem","position":1,"name":"Home","item":"https:\/\/dockedge.thinairweb.co\/fr\/"},{"@type":"ListItem","position":2,"name":"Boutique","item":"https:\/\/dockedge.thinairweb.co\/fr\/boutique\/"},{"@type":"ListItem","position":3,"name":"CLEATLITE\u2122"}]},{"@type":"WebSite","@id":"https:\/\/dockedge.thinairweb.co\/fr\/#website","url":"https:\/\/dockedge.thinairweb.co\/fr\/","name":"Dock Edge+","description":"Your Dock. Your Way.","potentialAction":[{"@type":"SearchAction","target":{"@type":"EntryPoint","urlTemplate":"https:\/\/dockedge.thinairweb.co\/fr\/?s={search_term_string}"},"query-input":{"@type":"PropertyValueSpecification","valueRequired":true,"valueName":"search_term_string"}}],"inLanguage":"fr-FR"}]}},"acf":[],"_links":{"self":[{"href":"https:\/\/dockedge.thinairweb.co\/fr\/wp-json\/wp\/v2\/product\/8492","targetHints":{"allow":["GET"]}}],"collection":[{"href":"https:\/\/dockedge.thinairweb.co\/fr\/wp-json\/wp\/v2\/product"}],"about":[{"href":"https:\/\/dockedge.thinairweb.co\/fr\/wp-json\/wp\/v2\/types\/product"}],"wp:featuredmedia":[{"embeddable":true,"href":"https:\/\/dockedge.thinairweb.co\/fr\/wp-json\/wp\/v2\/media\/7351"}],"wp:attachment":[{"href":"https:\/\/dockedge.thinairweb.co\/fr\/wp-json\/wp\/v2\/media?parent=8492"}],"wp:term":[{"taxonomy":"product_brand","embeddable":true,"href":"https:\/\/dockedge.thinairweb.co\/fr\/wp-json\/wp\/v2\/product_brand?post=8492"},{"taxonomy":"product_cat","embeddable":true,"href":"https:\/\/dockedge.thinairweb.co\/fr\/wp-json\/wp\/v2\/product_cat?post=8492"},{"taxonomy":"product_tag","embeddable":true,"href":"https:\/\/dockedge.thinairweb.co\/fr\/wp-json\/wp\/v2\/product_tag?post=8492"}],"curies":[{"name":"wp","href":"https:\/\/api.w.org\/{rel}","templated":true}]}}