{"id":8497,"date":"2018-04-18T16:59:22","date_gmt":"2018-04-18T16:59:22","guid":{"rendered":"https:\/\/dockedge.com\/product\/coins-a-coussin-dair\/"},"modified":"2018-04-18T16:59:22","modified_gmt":"2018-04-18T16:59:22","slug":"coins-a-coussin-dair","status":"publish","type":"product","link":"https:\/\/dockedge.thinairweb.co\/fr\/produit\/coins-a-coussin-dair\/","title":{"rendered":"COINS \u00c0 COUSSIN D&rsquo;AIR"},"content":{"rendered":"<table id=\"product-table\" cellpadding=\"15\" cellspacing=\"0\" border=\"0\">\n<tbody>\n<tr>\n<th>N\u00b0 de pi\u00e8ce<\/th>\n<th>Description<\/th>\n<\/tr>\n<tr>\n<td>DE1048F<\/td>\n<td>Blanc Grand angle ext\u00e9rieur, (2 pi\u00e8ces) \u2021<\/td>\n<\/tr>\n<tr>\n<td>DE1048BF<\/td>\n<td>Grand angle ext\u00e9rieur noir, (2 pi\u00e8ces) \u2021<\/td>\n<\/tr>\n<tr>\n<td>DE1048NF<\/td>\n<td>Grand coin ext\u00e9rieur bleu marine, (2 pi\u00e8ces) \u2021<\/td>\n<\/tr>\n<tr>\n<td>DE1049F<\/td>\n<td>Petit coin ext\u00e9rieur blanc, (4 pi\u00e8ces) \u2021<\/td>\n<\/tr>\n<tr>\n<td>DE1049NF<\/td>\n<td>Petit coin ext\u00e9rieur bleu marine, (4 pi\u00e8ces) \u2021<\/td>\n<\/tr>\n<\/tbody>\n<\/table>\n<p><script src=\"\/\/ui.powerreviews.com\/stable\/4.0\/ui.js\"><\/script><\/p>\n<p><script>\n  POWERREVIEWS.display.render({\n      api_key: 'fdb23d80-8310-4409-87f2-2ee20e24a743',\n      locale: 'en_US',\n      merchant_group_id: '78535',\n      merchant_id: '542114',\n      page_id: '2996',\n      review_wrapper_url: 'http:\/\/www.dockedge.com\/write-a-review\/?pr_page_id=___PAGE_ID___',\nstructured_data_product_id : 'http:\/\/www.dockedge.com\/product\/air-cushion-corners\/',\nproduct:{\n        name: 'AIR CUSHION CORNERS', \n        url: 'http:\/\/www.dockedge.com\/product\/air-cushion-corners\/',\n        image_url: 'http:\/\/www.dockedge.com\/wp-content\/uploads\/sites\/3\/2018\/04\/1048-F.jpg',\n        description: 'Corner Out Lg (2Pcs\/Pk) WH',\n        category_name: 'PVC Edge Bumpers',\n        manufacturer_id: 'DE1048F',\n        upc: '776113104804',\n        brand_name: 'Dockedge',\n        price: '<your_product_price>',\n        in_stock: '<product_in_stock_status>',\n        variants: [{\n            name: 'DE1048BF',\n            description: 'Corner Out Lg (2Pcs\/Pk) BK',\n\t    upc: '776113104866',\t\n            page_id_variant: '1',\n        },\n        {\n            name: 'DE1048NF',\n            description: 'Corner Out Lg (2Pcs\/Pk) NB',\n            upc: '776113104897',\n            page_id_variant: '2',  \n        },\n        {\n            name: 'DE1049F',\n            description: 'Corner Out Sm (4Pcs\/Pk) WH',\n            upc: '776113104903',\n            page_id_variant: '3',   \n        },\n        {\n            name: 'DE1049NF',\n            description: 'Corner Out Sm (4Pcs\/Pk) NB',\n\t    upc: '776113104996',\t\n            page_id_variant: '4',\n    }]\n    },\n      components: {\n    ReviewSnippet: 'pr-reviewsnippet',\n    ReviewDisplay: 'pr-reviewdisplay'\n      }\n    });\n  <\/script><\/p>\n<div id=\"pr-reviewdisplay\"><\/div>\n","protected":false},"excerpt":{"rendered":"<div id=\"pr-reviewsnippet\"><\/div>\n<p><b>CUP<\/b> <br \/>\nConnectez les profil\u00e9s AIR CUSHION \u00e0 n&rsquo;importe quel angle ext\u00e9rieur de 90 degr\u00e9s. Utilisez les connecteurs DockEdge+, les bouchons d&rsquo;extr\u00e9mit\u00e9 et le solvant PVC pour le syst\u00e8me AIR CUSHION. <\/p>\n<p>Disponible en blanc et bleu marine. Le noir n&rsquo;est disponible qu&rsquo;en grand format. <\/p>\n","protected":false},"featured_media":7091,"template":"","meta":{"_acf_changed":false,"_et_pb_use_builder":"","_et_pb_old_content":"","_et_gb_content_width":""},"product_brand":[],"product_cat":[151],"product_tag":[],"class_list":{"0":"post-8497","1":"product","2":"type-product","3":"status-publish","4":"has-post-thumbnail","6":"product_cat-butoirs-en-pvc-de-premiere-qualite","8":"first","9":"instock","10":"shipping-taxable","11":"product-type-simple"},"yoast_head":"<!-- This site is optimized with the Yoast SEO plugin v27.0 - https:\/\/yoast.com\/product\/yoast-seo-wordpress\/ -->\n<title>COINS \u00c0 COUSSIN D&#039;AIR - Dock Edge+<\/title>\n<meta name=\"robots\" content=\"index, follow, max-snippet:-1, max-image-preview:large, max-video-preview:-1\" \/>\n<link rel=\"canonical\" href=\"https:\/\/dockedge.thinairweb.co\/fr\/produit\/coins-a-coussin-dair\/\" \/>\n<meta property=\"og:locale\" content=\"fr_FR\" \/>\n<meta property=\"og:type\" content=\"article\" \/>\n<meta property=\"og:title\" content=\"COINS \u00c0 COUSSIN D&#039;AIR - Dock Edge+\" \/>\n<meta property=\"og:description\" content=\"CUP Connectez les profil\u00e9s AIR CUSHION \u00e0 n&#039;importe quel angle ext\u00e9rieur de 90 degr\u00e9s. Utilisez les connecteurs DockEdge+, les bouchons d&#039;extr\u00e9mit\u00e9 et le solvant PVC pour le syst\u00e8me AIR CUSHION.  Disponible en blanc et bleu marine. Le noir n&#039;est disponible qu&#039;en grand format.\" \/>\n<meta property=\"og:url\" content=\"https:\/\/dockedge.thinairweb.co\/fr\/produit\/coins-a-coussin-dair\/\" \/>\n<meta property=\"og:site_name\" content=\"Dock Edge+\" \/>\n<meta property=\"og:image\" content=\"https:\/\/dockedge.thinairweb.co\/wp-content\/uploads\/sites\/3\/2018\/04\/1048-F.jpg\" \/>\n\t<meta property=\"og:image:width\" content=\"300\" \/>\n\t<meta property=\"og:image:height\" content=\"300\" \/>\n\t<meta property=\"og:image:type\" content=\"image\/jpeg\" \/>\n<meta name=\"twitter:card\" content=\"summary_large_image\" \/>\n<script type=\"application\/ld+json\" class=\"yoast-schema-graph\">{\"@context\":\"https:\/\/schema.org\",\"@graph\":[{\"@type\":\"WebPage\",\"@id\":\"https:\/\/dockedge.thinairweb.co\/fr\/produit\/coins-a-coussin-dair\/\",\"url\":\"https:\/\/dockedge.thinairweb.co\/fr\/produit\/coins-a-coussin-dair\/\",\"name\":\"COINS \u00c0 COUSSIN D'AIR - Dock Edge+\",\"isPartOf\":{\"@id\":\"https:\/\/dockedge.thinairweb.co\/fr\/#website\"},\"primaryImageOfPage\":{\"@id\":\"https:\/\/dockedge.thinairweb.co\/fr\/produit\/coins-a-coussin-dair\/#primaryimage\"},\"image\":{\"@id\":\"https:\/\/dockedge.thinairweb.co\/fr\/produit\/coins-a-coussin-dair\/#primaryimage\"},\"thumbnailUrl\":\"https:\/\/dockedge.thinairweb.co\/wp-content\/uploads\/sites\/3\/2018\/04\/1048-F.jpg\",\"datePublished\":\"2018-04-18T16:59:22+00:00\",\"breadcrumb\":{\"@id\":\"https:\/\/dockedge.thinairweb.co\/fr\/produit\/coins-a-coussin-dair\/#breadcrumb\"},\"inLanguage\":\"fr-FR\",\"potentialAction\":[{\"@type\":\"ReadAction\",\"target\":[\"https:\/\/dockedge.thinairweb.co\/fr\/produit\/coins-a-coussin-dair\/\"]}]},{\"@type\":\"ImageObject\",\"inLanguage\":\"fr-FR\",\"@id\":\"https:\/\/dockedge.thinairweb.co\/fr\/produit\/coins-a-coussin-dair\/#primaryimage\",\"url\":\"https:\/\/dockedge.thinairweb.co\/wp-content\/uploads\/sites\/3\/2018\/04\/1048-F.jpg\",\"contentUrl\":\"https:\/\/dockedge.thinairweb.co\/wp-content\/uploads\/sites\/3\/2018\/04\/1048-F.jpg\",\"width\":\"300\",\"height\":\"300\",\"caption\":\"Air Cushion Corners\"},{\"@type\":\"BreadcrumbList\",\"@id\":\"https:\/\/dockedge.thinairweb.co\/fr\/produit\/coins-a-coussin-dair\/#breadcrumb\",\"itemListElement\":[{\"@type\":\"ListItem\",\"position\":1,\"name\":\"Home\",\"item\":\"https:\/\/dockedge.thinairweb.co\/fr\/\"},{\"@type\":\"ListItem\",\"position\":2,\"name\":\"Boutique\",\"item\":\"https:\/\/dockedge.thinairweb.co\/fr\/boutique\/\"},{\"@type\":\"ListItem\",\"position\":3,\"name\":\"COINS \u00c0 COUSSIN D&rsquo;AIR\"}]},{\"@type\":\"WebSite\",\"@id\":\"https:\/\/dockedge.thinairweb.co\/fr\/#website\",\"url\":\"https:\/\/dockedge.thinairweb.co\/fr\/\",\"name\":\"Dock Edge+\",\"description\":\"Your Dock. Your Way.\",\"potentialAction\":[{\"@type\":\"SearchAction\",\"target\":{\"@type\":\"EntryPoint\",\"urlTemplate\":\"https:\/\/dockedge.thinairweb.co\/fr\/?s={search_term_string}\"},\"query-input\":{\"@type\":\"PropertyValueSpecification\",\"valueRequired\":true,\"valueName\":\"search_term_string\"}}],\"inLanguage\":\"fr-FR\"}]}<\/script>\n<!-- \/ Yoast SEO plugin. -->","yoast_head_json":{"title":"COINS \u00c0 COUSSIN D'AIR - Dock Edge+","robots":{"index":"index","follow":"follow","max-snippet":"max-snippet:-1","max-image-preview":"max-image-preview:large","max-video-preview":"max-video-preview:-1"},"canonical":"https:\/\/dockedge.thinairweb.co\/fr\/produit\/coins-a-coussin-dair\/","og_locale":"fr_FR","og_type":"article","og_title":"COINS \u00c0 COUSSIN D'AIR - Dock Edge+","og_description":"CUP Connectez les profil\u00e9s AIR CUSHION \u00e0 n'importe quel angle ext\u00e9rieur de 90 degr\u00e9s. Utilisez les connecteurs DockEdge+, les bouchons d'extr\u00e9mit\u00e9 et le solvant PVC pour le syst\u00e8me AIR CUSHION.  Disponible en blanc et bleu marine. Le noir n'est disponible qu'en grand format.","og_url":"https:\/\/dockedge.thinairweb.co\/fr\/produit\/coins-a-coussin-dair\/","og_site_name":"Dock Edge+","og_image":[{"width":300,"height":300,"url":"https:\/\/dockedge.thinairweb.co\/wp-content\/uploads\/sites\/3\/2018\/04\/1048-F.jpg","type":"image\/jpeg"}],"twitter_card":"summary_large_image","schema":{"@context":"https:\/\/schema.org","@graph":[{"@type":"WebPage","@id":"https:\/\/dockedge.thinairweb.co\/fr\/produit\/coins-a-coussin-dair\/","url":"https:\/\/dockedge.thinairweb.co\/fr\/produit\/coins-a-coussin-dair\/","name":"COINS \u00c0 COUSSIN D'AIR - Dock Edge+","isPartOf":{"@id":"https:\/\/dockedge.thinairweb.co\/fr\/#website"},"primaryImageOfPage":{"@id":"https:\/\/dockedge.thinairweb.co\/fr\/produit\/coins-a-coussin-dair\/#primaryimage"},"image":{"@id":"https:\/\/dockedge.thinairweb.co\/fr\/produit\/coins-a-coussin-dair\/#primaryimage"},"thumbnailUrl":"https:\/\/dockedge.thinairweb.co\/wp-content\/uploads\/sites\/3\/2018\/04\/1048-F.jpg","datePublished":"2018-04-18T16:59:22+00:00","breadcrumb":{"@id":"https:\/\/dockedge.thinairweb.co\/fr\/produit\/coins-a-coussin-dair\/#breadcrumb"},"inLanguage":"fr-FR","potentialAction":[{"@type":"ReadAction","target":["https:\/\/dockedge.thinairweb.co\/fr\/produit\/coins-a-coussin-dair\/"]}]},{"@type":"ImageObject","inLanguage":"fr-FR","@id":"https:\/\/dockedge.thinairweb.co\/fr\/produit\/coins-a-coussin-dair\/#primaryimage","url":"https:\/\/dockedge.thinairweb.co\/wp-content\/uploads\/sites\/3\/2018\/04\/1048-F.jpg","contentUrl":"https:\/\/dockedge.thinairweb.co\/wp-content\/uploads\/sites\/3\/2018\/04\/1048-F.jpg","width":"300","height":"300","caption":"Air Cushion Corners"},{"@type":"BreadcrumbList","@id":"https:\/\/dockedge.thinairweb.co\/fr\/produit\/coins-a-coussin-dair\/#breadcrumb","itemListElement":[{"@type":"ListItem","position":1,"name":"Home","item":"https:\/\/dockedge.thinairweb.co\/fr\/"},{"@type":"ListItem","position":2,"name":"Boutique","item":"https:\/\/dockedge.thinairweb.co\/fr\/boutique\/"},{"@type":"ListItem","position":3,"name":"COINS \u00c0 COUSSIN D&rsquo;AIR"}]},{"@type":"WebSite","@id":"https:\/\/dockedge.thinairweb.co\/fr\/#website","url":"https:\/\/dockedge.thinairweb.co\/fr\/","name":"Dock Edge+","description":"Your Dock. Your Way.","potentialAction":[{"@type":"SearchAction","target":{"@type":"EntryPoint","urlTemplate":"https:\/\/dockedge.thinairweb.co\/fr\/?s={search_term_string}"},"query-input":{"@type":"PropertyValueSpecification","valueRequired":true,"valueName":"search_term_string"}}],"inLanguage":"fr-FR"}]}},"acf":[],"_links":{"self":[{"href":"https:\/\/dockedge.thinairweb.co\/fr\/wp-json\/wp\/v2\/product\/8497","targetHints":{"allow":["GET"]}}],"collection":[{"href":"https:\/\/dockedge.thinairweb.co\/fr\/wp-json\/wp\/v2\/product"}],"about":[{"href":"https:\/\/dockedge.thinairweb.co\/fr\/wp-json\/wp\/v2\/types\/product"}],"wp:featuredmedia":[{"embeddable":true,"href":"https:\/\/dockedge.thinairweb.co\/fr\/wp-json\/wp\/v2\/media\/7091"}],"wp:attachment":[{"href":"https:\/\/dockedge.thinairweb.co\/fr\/wp-json\/wp\/v2\/media?parent=8497"}],"wp:term":[{"taxonomy":"product_brand","embeddable":true,"href":"https:\/\/dockedge.thinairweb.co\/fr\/wp-json\/wp\/v2\/product_brand?post=8497"},{"taxonomy":"product_cat","embeddable":true,"href":"https:\/\/dockedge.thinairweb.co\/fr\/wp-json\/wp\/v2\/product_cat?post=8497"},{"taxonomy":"product_tag","embeddable":true,"href":"https:\/\/dockedge.thinairweb.co\/fr\/wp-json\/wp\/v2\/product_tag?post=8497"}],"curies":[{"name":"wp","href":"https:\/\/api.w.org\/{rel}","templated":true}]}}