{"id":8498,"date":"2018-04-18T16:31:49","date_gmt":"2018-04-18T16:31:49","guid":{"rendered":"https:\/\/dockedge.com\/product\/liquid-gold-deodorizer\/"},"modified":"2018-04-18T16:31:49","modified_gmt":"2018-04-18T16:31:49","slug":"liquid-gold-deodorizer","status":"publish","type":"product","link":"https:\/\/dockedge.thinairweb.co\/fr\/produit\/liquid-gold-deodorizer\/","title":{"rendered":"Liquid Gold\u2122 Deodorizer"},"content":{"rendered":"<div class='one_fourth'>\n\t\t\t\t\t\n\t\t\t\t<\/div>\n<table id=\"product-table\" border=\"0\" cellspacing=\"0\" cellpadding=\"15\">\n<tbody>\n<tr>\n<th>N\u00b0 de pi\u00e8ce<\/th>\n<th>Description<\/th>\n<\/tr>\n<tr>\n<td>DEFL2006EFS<\/td>\n<td>LIQUID GOLD\u2122 D\u00e9sodorisant, 2l (67.6oz)<\/td>\n<\/tr>\n<tr>\n<td>DEFL10006B<\/td>\n<td>LIQUID GOLD\u2122 D\u00e9sodorisant, 984ml (33.26oz)<\/td>\n<\/tr>\n<tr>\n<td>DEFL5006B<\/td>\n<td>LIQUID GOLD\u2122 D\u00e9sodorisant, 494ml (16.7oz)<\/td>\n<\/tr>\n<\/tbody>\n<\/table>\n<p><script src=\"\/\/ui.powerreviews.com\/stable\/4.0\/ui.js\"><\/script><\/p>\n<p><script>\n  POWERREVIEWS.display.render({\n      api_key: 'fdb23d80-8310-4409-87f2-2ee20e24a743',\n      locale: 'en_US',\n      merchant_group_id: '78535',\n      merchant_id: '542114',\n      page_id: '2973',\n      review_wrapper_url: 'http:\/\/www.dockedge.com\/write-a-review\/?pr_page_id=___PAGE_ID___',\nstructured_data_product_id : 'http:\/\/www.dockedge.com\/product\/liquid-gold\/',\nproduct:{\n        name: 'Liquid Gold&#x2122;', \n        url: 'http:\/\/www.dockedge.com\/product\/liquid-gold\/',\n        image_url: 'http:\/\/www.dockedge.com\/wp-content\/uploads\/sites\/3\/2019\/06\/deodorizers.jpg',\n        description: 'Deodorizer LIQUID GOLD 2l',\n        category_name: 'Toilet Care',\n        manufacturer_id: 'DEFL2006EFS',\n        upc: '776113995655',\n        brand_name: 'DockEdge',\n        price: '<your_product_price>',\n        in_stock: '<product_in_stock_status>',\n        variants: [{\n            name: 'DEFL10006B',\n            description: 'Deodorizer LIQUID GOLD 984ml',\n            upc: '776113995648',\n            page_id_variant: '1',  \n        },\n        {\n            name: 'DEFL5006B',\n            description: 'Deodorizer LIQUID GOLD 494ml',\n            upc: '776113995662',\n            page_id_variant: '2',   \n    }]\n    },\n      components: {\n    ReviewSnippet: 'pr-reviewsnippet',\n    ReviewDisplay: 'pr-reviewdisplay'\n      }\n    });\n  <\/script><\/p>\n<div id=\"pr-reviewdisplay\"><\/div>\n","protected":false},"excerpt":{"rendered":"<div id=\"pr-reviewsnippet\"><\/div>\n<p><b>CUP<\/b> <\/p>\n<ul>\n<li>Contr\u00f4le efficace des odeurs<\/li>\n<li>Non toxique<\/li>\n<li>Formule plus \u00e9paisse pour une utilisation sans goutte<\/li>\n<li>Ne tache pas<\/li>\n<li>Facile et \u00e9conomique \u00e0 utiliser<\/li>\n<\/ul>\n","protected":false},"featured_media":7558,"template":"","meta":{"_acf_changed":false,"_et_pb_use_builder":"off","_et_pb_old_content":"<table id=\"product-table\" border=\"0\" cellspacing=\"0\" cellpadding=\"15\">\n<tbody>\n<tr>\n<th>N\u00b0 de pi\u00e8ce<\/th>\n<th>Description<\/th>\n<\/tr>\n<tr>\n<td>DEFC10006B<\/td>\n<td>LIQUID GOLD\u2122 Nettoyant pour cuvette et r\u00e9servoir, 1L (33.8oz)<\/td>\n<\/tr>\n<tr>\n<td>DEFL10006B<\/td>\n<td>LIQUID GOLD\u2122 D\u00e9sodorisant, 984ml (33.26oz)<\/td>\n<\/tr>\n<tr>\n<td>DEFL5006B<\/td>\n<td>LIQUID GOLD\u2122 D\u00e9sodorisant, 494ml (16.7oz)<\/td>\n<\/tr>\n<tr>\n<td>DEFP5006B<\/td>\n<td>LIQUID GOLD\u2122 Cristaux d\u00e9sodorisants, 454gm (16oz)<\/td>\n<\/tr>\n<tr>\n<td>DEFT6B<\/td>\n<td>LIQUID GOLD\u2122 Rapid Dissolving Tissue, 2 paquets, 1000 feuilles\/rouleau<\/td>\n<\/tr>\n<\/tbody>\n<\/table>\n\n\n\n  POWERREVIEWS.display.render({\n  api_key: 'fdb23d80-8310-4409-87f2-2ee20e24a743',\n  locale : 'en_US',\n  merchant_group_id : '78535',\n  merchant_id : '542114',\n  page_id : '2973',\n  review_wrapper_url : 'http:\/\/dockedge.com\/write-a-review\/?pr_page_id=___PAGE_ID___',\nstructured_data_product_id : 'http:\/\/dockedge.com\/product\/liquid-gold\/',\nproduit:{\n  nom : \"Liquid Gold\u2122\",  \n  url : 'http:\/\/dockedge.com\/product\/liquid-gold\/',\n  image_url : 'http:\/\/dockedge.com\/wp-content\/uploads\/sites\/3\/2018\/04\/liquidgold.jpg',\n  description : 'Bowl&Tank Cleaner LIQUID GOLD 1L 46711',\n  category_name : 'Toilet Care',\n  Num\u00e9ro de fabricant : 'DEFC10006B',\n  upc : '057709000206',\n  marque : \"Dockedge\",\n  prix : '',\n  in_stock : '',\n  },\n  les composants : {\n  ReviewSnippet : 'pr-reviewsnippet',\n  ReviewDisplay : \"pr-reviewdisplay\" (affichage de l'examen)\n  }\n  }) ;\n  \n<div id=\"pr-reviewdisplay\"><\/div>","_et_gb_content_width":""},"product_brand":[],"product_cat":[188],"product_tag":[],"class_list":{"0":"post-8498","1":"product","2":"type-product","3":"status-publish","4":"has-post-thumbnail","6":"product_cat-soins-des-toilettes","8":"first","9":"instock","10":"shipping-taxable","11":"product-type-simple"},"yoast_head":"<!-- This site is optimized with the Yoast SEO plugin v27.0 - https:\/\/yoast.com\/product\/yoast-seo-wordpress\/ -->\n<title>Liquid Gold\u2122 Deodorizer - Dock Edge+<\/title>\n<meta name=\"robots\" content=\"index, follow, max-snippet:-1, max-image-preview:large, max-video-preview:-1\" \/>\n<link rel=\"canonical\" href=\"https:\/\/dockedge.thinairweb.co\/fr\/produit\/liquid-gold-deodorizer\/\" \/>\n<meta property=\"og:locale\" content=\"fr_FR\" \/>\n<meta property=\"og:type\" content=\"article\" \/>\n<meta property=\"og:title\" content=\"Liquid Gold\u2122 Deodorizer - Dock Edge+\" \/>\n<meta property=\"og:description\" content=\"CUP   Contr\u00f4le efficace des odeurs  Non toxique  Formule plus \u00e9paisse pour une utilisation sans goutte  Ne tache pas  Facile et \u00e9conomique \u00e0 utiliser\" \/>\n<meta property=\"og:url\" content=\"https:\/\/dockedge.thinairweb.co\/fr\/produit\/liquid-gold-deodorizer\/\" \/>\n<meta property=\"og:site_name\" content=\"Dock Edge+\" \/>\n<meta property=\"og:image\" content=\"https:\/\/dockedge.thinairweb.co\/wp-content\/uploads\/sites\/3\/2019\/06\/deodorizers.jpg\" \/>\n\t<meta property=\"og:image:width\" content=\"700\" \/>\n\t<meta property=\"og:image:height\" content=\"700\" \/>\n\t<meta property=\"og:image:type\" content=\"image\/jpeg\" \/>\n<meta name=\"twitter:card\" content=\"summary_large_image\" \/>\n<script type=\"application\/ld+json\" class=\"yoast-schema-graph\">{\"@context\":\"https:\/\/schema.org\",\"@graph\":[{\"@type\":\"WebPage\",\"@id\":\"https:\/\/dockedge.thinairweb.co\/fr\/produit\/liquid-gold-deodorizer\/\",\"url\":\"https:\/\/dockedge.thinairweb.co\/fr\/produit\/liquid-gold-deodorizer\/\",\"name\":\"Liquid Gold\u2122 Deodorizer - Dock Edge+\",\"isPartOf\":{\"@id\":\"https:\/\/dockedge.thinairweb.co\/fr\/#website\"},\"primaryImageOfPage\":{\"@id\":\"https:\/\/dockedge.thinairweb.co\/fr\/produit\/liquid-gold-deodorizer\/#primaryimage\"},\"image\":{\"@id\":\"https:\/\/dockedge.thinairweb.co\/fr\/produit\/liquid-gold-deodorizer\/#primaryimage\"},\"thumbnailUrl\":\"https:\/\/dockedge.thinairweb.co\/wp-content\/uploads\/sites\/3\/2019\/06\/deodorizers.jpg\",\"datePublished\":\"2018-04-18T16:31:49+00:00\",\"breadcrumb\":{\"@id\":\"https:\/\/dockedge.thinairweb.co\/fr\/produit\/liquid-gold-deodorizer\/#breadcrumb\"},\"inLanguage\":\"fr-FR\",\"potentialAction\":[{\"@type\":\"ReadAction\",\"target\":[\"https:\/\/dockedge.thinairweb.co\/fr\/produit\/liquid-gold-deodorizer\/\"]}]},{\"@type\":\"ImageObject\",\"inLanguage\":\"fr-FR\",\"@id\":\"https:\/\/dockedge.thinairweb.co\/fr\/produit\/liquid-gold-deodorizer\/#primaryimage\",\"url\":\"https:\/\/dockedge.thinairweb.co\/wp-content\/uploads\/sites\/3\/2019\/06\/deodorizers.jpg\",\"contentUrl\":\"https:\/\/dockedge.thinairweb.co\/wp-content\/uploads\/sites\/3\/2019\/06\/deodorizers.jpg\",\"width\":700,\"height\":700,\"caption\":\"Liquid Gold Concentrated Deodorizers\"},{\"@type\":\"BreadcrumbList\",\"@id\":\"https:\/\/dockedge.thinairweb.co\/fr\/produit\/liquid-gold-deodorizer\/#breadcrumb\",\"itemListElement\":[{\"@type\":\"ListItem\",\"position\":1,\"name\":\"Home\",\"item\":\"https:\/\/dockedge.thinairweb.co\/fr\/\"},{\"@type\":\"ListItem\",\"position\":2,\"name\":\"Boutique\",\"item\":\"https:\/\/dockedge.thinairweb.co\/fr\/boutique\/\"},{\"@type\":\"ListItem\",\"position\":3,\"name\":\"Liquid Gold\u2122 Deodorizer\"}]},{\"@type\":\"WebSite\",\"@id\":\"https:\/\/dockedge.thinairweb.co\/fr\/#website\",\"url\":\"https:\/\/dockedge.thinairweb.co\/fr\/\",\"name\":\"Dock Edge+\",\"description\":\"Your Dock. Your Way.\",\"potentialAction\":[{\"@type\":\"SearchAction\",\"target\":{\"@type\":\"EntryPoint\",\"urlTemplate\":\"https:\/\/dockedge.thinairweb.co\/fr\/?s={search_term_string}\"},\"query-input\":{\"@type\":\"PropertyValueSpecification\",\"valueRequired\":true,\"valueName\":\"search_term_string\"}}],\"inLanguage\":\"fr-FR\"}]}<\/script>\n<!-- \/ Yoast SEO plugin. -->","yoast_head_json":{"title":"Liquid Gold\u2122 Deodorizer - Dock Edge+","robots":{"index":"index","follow":"follow","max-snippet":"max-snippet:-1","max-image-preview":"max-image-preview:large","max-video-preview":"max-video-preview:-1"},"canonical":"https:\/\/dockedge.thinairweb.co\/fr\/produit\/liquid-gold-deodorizer\/","og_locale":"fr_FR","og_type":"article","og_title":"Liquid Gold\u2122 Deodorizer - Dock Edge+","og_description":"CUP   Contr\u00f4le efficace des odeurs  Non toxique  Formule plus \u00e9paisse pour une utilisation sans goutte  Ne tache pas  Facile et \u00e9conomique \u00e0 utiliser","og_url":"https:\/\/dockedge.thinairweb.co\/fr\/produit\/liquid-gold-deodorizer\/","og_site_name":"Dock Edge+","og_image":[{"width":700,"height":700,"url":"https:\/\/dockedge.thinairweb.co\/wp-content\/uploads\/sites\/3\/2019\/06\/deodorizers.jpg","type":"image\/jpeg"}],"twitter_card":"summary_large_image","schema":{"@context":"https:\/\/schema.org","@graph":[{"@type":"WebPage","@id":"https:\/\/dockedge.thinairweb.co\/fr\/produit\/liquid-gold-deodorizer\/","url":"https:\/\/dockedge.thinairweb.co\/fr\/produit\/liquid-gold-deodorizer\/","name":"Liquid Gold\u2122 Deodorizer - Dock Edge+","isPartOf":{"@id":"https:\/\/dockedge.thinairweb.co\/fr\/#website"},"primaryImageOfPage":{"@id":"https:\/\/dockedge.thinairweb.co\/fr\/produit\/liquid-gold-deodorizer\/#primaryimage"},"image":{"@id":"https:\/\/dockedge.thinairweb.co\/fr\/produit\/liquid-gold-deodorizer\/#primaryimage"},"thumbnailUrl":"https:\/\/dockedge.thinairweb.co\/wp-content\/uploads\/sites\/3\/2019\/06\/deodorizers.jpg","datePublished":"2018-04-18T16:31:49+00:00","breadcrumb":{"@id":"https:\/\/dockedge.thinairweb.co\/fr\/produit\/liquid-gold-deodorizer\/#breadcrumb"},"inLanguage":"fr-FR","potentialAction":[{"@type":"ReadAction","target":["https:\/\/dockedge.thinairweb.co\/fr\/produit\/liquid-gold-deodorizer\/"]}]},{"@type":"ImageObject","inLanguage":"fr-FR","@id":"https:\/\/dockedge.thinairweb.co\/fr\/produit\/liquid-gold-deodorizer\/#primaryimage","url":"https:\/\/dockedge.thinairweb.co\/wp-content\/uploads\/sites\/3\/2019\/06\/deodorizers.jpg","contentUrl":"https:\/\/dockedge.thinairweb.co\/wp-content\/uploads\/sites\/3\/2019\/06\/deodorizers.jpg","width":700,"height":700,"caption":"Liquid Gold Concentrated Deodorizers"},{"@type":"BreadcrumbList","@id":"https:\/\/dockedge.thinairweb.co\/fr\/produit\/liquid-gold-deodorizer\/#breadcrumb","itemListElement":[{"@type":"ListItem","position":1,"name":"Home","item":"https:\/\/dockedge.thinairweb.co\/fr\/"},{"@type":"ListItem","position":2,"name":"Boutique","item":"https:\/\/dockedge.thinairweb.co\/fr\/boutique\/"},{"@type":"ListItem","position":3,"name":"Liquid Gold\u2122 Deodorizer"}]},{"@type":"WebSite","@id":"https:\/\/dockedge.thinairweb.co\/fr\/#website","url":"https:\/\/dockedge.thinairweb.co\/fr\/","name":"Dock Edge+","description":"Your Dock. Your Way.","potentialAction":[{"@type":"SearchAction","target":{"@type":"EntryPoint","urlTemplate":"https:\/\/dockedge.thinairweb.co\/fr\/?s={search_term_string}"},"query-input":{"@type":"PropertyValueSpecification","valueRequired":true,"valueName":"search_term_string"}}],"inLanguage":"fr-FR"}]}},"acf":[],"_links":{"self":[{"href":"https:\/\/dockedge.thinairweb.co\/fr\/wp-json\/wp\/v2\/product\/8498","targetHints":{"allow":["GET"]}}],"collection":[{"href":"https:\/\/dockedge.thinairweb.co\/fr\/wp-json\/wp\/v2\/product"}],"about":[{"href":"https:\/\/dockedge.thinairweb.co\/fr\/wp-json\/wp\/v2\/types\/product"}],"wp:featuredmedia":[{"embeddable":true,"href":"https:\/\/dockedge.thinairweb.co\/fr\/wp-json\/wp\/v2\/media\/7558"}],"wp:attachment":[{"href":"https:\/\/dockedge.thinairweb.co\/fr\/wp-json\/wp\/v2\/media?parent=8498"}],"wp:term":[{"taxonomy":"product_brand","embeddable":true,"href":"https:\/\/dockedge.thinairweb.co\/fr\/wp-json\/wp\/v2\/product_brand?post=8498"},{"taxonomy":"product_cat","embeddable":true,"href":"https:\/\/dockedge.thinairweb.co\/fr\/wp-json\/wp\/v2\/product_cat?post=8498"},{"taxonomy":"product_tag","embeddable":true,"href":"https:\/\/dockedge.thinairweb.co\/fr\/wp-json\/wp\/v2\/product_tag?post=8498"}],"curies":[{"name":"wp","href":"https:\/\/api.w.org\/{rel}","templated":true}]}}