{"id":8499,"date":"2018-04-18T16:58:00","date_gmt":"2018-04-18T16:58:00","guid":{"rendered":"https:\/\/dockedge.com\/product\/connecteurs-pour-coussins-dair\/"},"modified":"2018-04-18T16:58:00","modified_gmt":"2018-04-18T16:58:00","slug":"connecteurs-pour-coussins-dair","status":"publish","type":"product","link":"https:\/\/dockedge.thinairweb.co\/fr\/produit\/connecteurs-pour-coussins-dair\/","title":{"rendered":"CONNECTEURS POUR COUSSINS D&rsquo;AIR"},"content":{"rendered":"<table id=\"product-table\" cellpadding=\"15\" cellspacing=\"0\" border=\"0\">\n<tbody>\n<tr>\n<th>N\u00b0 de pi\u00e8ce<\/th>\n<th>Description<\/th>\n<\/tr>\n<tr>\n<td>DE1028F<\/td>\n<td>Connecteur blanc large, (2 pi\u00e8ces) \u2021<\/td>\n<\/tr>\n<tr>\n<td>DE1028NF<\/td>\n<td>Connecteur large bleu marine, (2 pi\u00e8ces) \u2021<\/td>\n<\/tr>\n<tr>\n<td>DE1029F<\/td>\n<td>Petit connecteur blanc, (4 pi\u00e8ces) \u2021<\/td>\n<\/tr>\n<tr>\n<td>DE1029NF<\/td>\n<td>Petit connecteur bleu marine, (4 pi\u00e8ces) \u2021<\/td>\n<\/tr>\n<\/tbody>\n<\/table>\n<p><script src=\"\/\/ui.powerreviews.com\/stable\/4.0\/ui.js\"><\/script><\/p>\n<p><script>\n  POWERREVIEWS.display.render({\n      api_key: 'fdb23d80-8310-4409-87f2-2ee20e24a743',\n      locale: 'en_US',\n      merchant_group_id: '78535',\n      merchant_id: '542114',\n      page_id: '2994',\n      review_wrapper_url: 'http:\/\/www.dockedge.com\/write-a-review\/?pr_page_id=___PAGE_ID___',\nstructured_data_product_id : 'http:\/\/www.dockedge.com\/product\/air-cushion-connectors\/',\nproduct:{\n        name: 'AIR CUSHION CONNECTORS', \n        url: 'http:\/\/www.dockedge.com\/product\/air-cushion-connectors\/',\n        image_url: 'http:\/\/www.dockedge.com\/wp-content\/uploads\/sites\/3\/2018\/04\/1028-F.jpg',\n        description: 'Connect Lg (2Pcs\/Pack) WH',\n        category_name: 'PVC Edge Bumpers',\n        manufacturer_id: 'DE1028F',\n        upc: '776113102800',\n        brand_name: 'Dockedge',\n        price: '<your_product_price>',\n        in_stock: '<product_in_stock_status>',\n        variants: [{\n            name: 'DE1028NF',\n            description: 'Connect Lg (2Pcs\/Pack) NB',\n\t    upc: '776113102893',\t\n            page_id_variant: '1',\n        },\n        {\n            name: 'DE1029F',\n            description: 'Connect Sm (4Pcs\/Pack) WH',\n            upc: '776113102909',\n            page_id_variant: '2',  \n        },\n        {\n            name: 'DE1029NF',\n            description: 'Connect Sm (4Pcs\/Pack) NB',\n            upc: '776113102992',\n            page_id_variant: '3',   \n    }]\n    },\n      components: {\n    ReviewSnippet: 'pr-reviewsnippet',\n    ReviewDisplay: 'pr-reviewdisplay'\n      }\n    });\n  <\/script><\/p>\n<div id=\"pr-reviewdisplay\"><\/div>\n","protected":false},"excerpt":{"rendered":"<div id=\"pr-reviewsnippet\"><\/div>\n<p><b>CUP<\/b> <br \/>\nRaccordez les profil\u00e9s AIR CUSHION. A utiliser avec les bouchons d&rsquo;extr\u00e9mit\u00e9 DockEdge+, les coins et le solvant PVC pour le syst\u00e8me AIR CUSHION. <\/p>\n<p>Disponible en blanc et en bleu marine.<\/p>\n","protected":false},"featured_media":7090,"template":"","meta":{"_acf_changed":false,"_et_pb_use_builder":"","_et_pb_old_content":"","_et_gb_content_width":""},"product_brand":[],"product_cat":[151],"product_tag":[],"class_list":{"0":"post-8499","1":"product","2":"type-product","3":"status-publish","4":"has-post-thumbnail","6":"product_cat-butoirs-en-pvc-de-premiere-qualite","8":"first","9":"instock","10":"shipping-taxable","11":"product-type-simple"},"yoast_head":"<!-- This site is optimized with the Yoast SEO plugin v27.0 - https:\/\/yoast.com\/product\/yoast-seo-wordpress\/ -->\n<title>CONNECTEURS POUR COUSSINS D&#039;AIR - Dock Edge+<\/title>\n<meta name=\"robots\" content=\"index, follow, max-snippet:-1, max-image-preview:large, max-video-preview:-1\" \/>\n<link rel=\"canonical\" href=\"https:\/\/dockedge.thinairweb.co\/fr\/produit\/connecteurs-pour-coussins-dair\/\" \/>\n<meta property=\"og:locale\" content=\"fr_FR\" \/>\n<meta property=\"og:type\" content=\"article\" \/>\n<meta property=\"og:title\" content=\"CONNECTEURS POUR COUSSINS D&#039;AIR - Dock Edge+\" \/>\n<meta property=\"og:description\" content=\"CUP Raccordez les profil\u00e9s AIR CUSHION. A utiliser avec les bouchons d&#039;extr\u00e9mit\u00e9 DockEdge+, les coins et le solvant PVC pour le syst\u00e8me AIR CUSHION.  Disponible en blanc et en bleu marine.\" \/>\n<meta property=\"og:url\" content=\"https:\/\/dockedge.thinairweb.co\/fr\/produit\/connecteurs-pour-coussins-dair\/\" \/>\n<meta property=\"og:site_name\" content=\"Dock Edge+\" \/>\n<meta property=\"og:image\" content=\"https:\/\/dockedge.thinairweb.co\/wp-content\/uploads\/sites\/3\/2018\/04\/1028-F.jpg\" \/>\n\t<meta property=\"og:image:width\" content=\"300\" \/>\n\t<meta property=\"og:image:height\" content=\"300\" \/>\n\t<meta property=\"og:image:type\" content=\"image\/jpeg\" \/>\n<meta name=\"twitter:card\" content=\"summary_large_image\" \/>\n<script type=\"application\/ld+json\" class=\"yoast-schema-graph\">{\"@context\":\"https:\/\/schema.org\",\"@graph\":[{\"@type\":\"WebPage\",\"@id\":\"https:\/\/dockedge.thinairweb.co\/fr\/produit\/connecteurs-pour-coussins-dair\/\",\"url\":\"https:\/\/dockedge.thinairweb.co\/fr\/produit\/connecteurs-pour-coussins-dair\/\",\"name\":\"CONNECTEURS POUR COUSSINS D'AIR - Dock Edge+\",\"isPartOf\":{\"@id\":\"https:\/\/dockedge.thinairweb.co\/fr\/#website\"},\"primaryImageOfPage\":{\"@id\":\"https:\/\/dockedge.thinairweb.co\/fr\/produit\/connecteurs-pour-coussins-dair\/#primaryimage\"},\"image\":{\"@id\":\"https:\/\/dockedge.thinairweb.co\/fr\/produit\/connecteurs-pour-coussins-dair\/#primaryimage\"},\"thumbnailUrl\":\"https:\/\/dockedge.thinairweb.co\/wp-content\/uploads\/sites\/3\/2018\/04\/1028-F.jpg\",\"datePublished\":\"2018-04-18T16:58:00+00:00\",\"breadcrumb\":{\"@id\":\"https:\/\/dockedge.thinairweb.co\/fr\/produit\/connecteurs-pour-coussins-dair\/#breadcrumb\"},\"inLanguage\":\"fr-FR\",\"potentialAction\":[{\"@type\":\"ReadAction\",\"target\":[\"https:\/\/dockedge.thinairweb.co\/fr\/produit\/connecteurs-pour-coussins-dair\/\"]}]},{\"@type\":\"ImageObject\",\"inLanguage\":\"fr-FR\",\"@id\":\"https:\/\/dockedge.thinairweb.co\/fr\/produit\/connecteurs-pour-coussins-dair\/#primaryimage\",\"url\":\"https:\/\/dockedge.thinairweb.co\/wp-content\/uploads\/sites\/3\/2018\/04\/1028-F.jpg\",\"contentUrl\":\"https:\/\/dockedge.thinairweb.co\/wp-content\/uploads\/sites\/3\/2018\/04\/1028-F.jpg\",\"width\":\"300\",\"height\":\"300\",\"caption\":\"Air Cushion Connectors\"},{\"@type\":\"BreadcrumbList\",\"@id\":\"https:\/\/dockedge.thinairweb.co\/fr\/produit\/connecteurs-pour-coussins-dair\/#breadcrumb\",\"itemListElement\":[{\"@type\":\"ListItem\",\"position\":1,\"name\":\"Home\",\"item\":\"https:\/\/dockedge.thinairweb.co\/fr\/\"},{\"@type\":\"ListItem\",\"position\":2,\"name\":\"Boutique\",\"item\":\"https:\/\/dockedge.thinairweb.co\/fr\/boutique\/\"},{\"@type\":\"ListItem\",\"position\":3,\"name\":\"CONNECTEURS POUR COUSSINS D&rsquo;AIR\"}]},{\"@type\":\"WebSite\",\"@id\":\"https:\/\/dockedge.thinairweb.co\/fr\/#website\",\"url\":\"https:\/\/dockedge.thinairweb.co\/fr\/\",\"name\":\"Dock Edge+\",\"description\":\"Your Dock. Your Way.\",\"potentialAction\":[{\"@type\":\"SearchAction\",\"target\":{\"@type\":\"EntryPoint\",\"urlTemplate\":\"https:\/\/dockedge.thinairweb.co\/fr\/?s={search_term_string}\"},\"query-input\":{\"@type\":\"PropertyValueSpecification\",\"valueRequired\":true,\"valueName\":\"search_term_string\"}}],\"inLanguage\":\"fr-FR\"}]}<\/script>\n<!-- \/ Yoast SEO plugin. -->","yoast_head_json":{"title":"CONNECTEURS POUR COUSSINS D'AIR - Dock Edge+","robots":{"index":"index","follow":"follow","max-snippet":"max-snippet:-1","max-image-preview":"max-image-preview:large","max-video-preview":"max-video-preview:-1"},"canonical":"https:\/\/dockedge.thinairweb.co\/fr\/produit\/connecteurs-pour-coussins-dair\/","og_locale":"fr_FR","og_type":"article","og_title":"CONNECTEURS POUR COUSSINS D'AIR - Dock Edge+","og_description":"CUP Raccordez les profil\u00e9s AIR CUSHION. A utiliser avec les bouchons d'extr\u00e9mit\u00e9 DockEdge+, les coins et le solvant PVC pour le syst\u00e8me AIR CUSHION.  Disponible en blanc et en bleu marine.","og_url":"https:\/\/dockedge.thinairweb.co\/fr\/produit\/connecteurs-pour-coussins-dair\/","og_site_name":"Dock Edge+","og_image":[{"width":300,"height":300,"url":"https:\/\/dockedge.thinairweb.co\/wp-content\/uploads\/sites\/3\/2018\/04\/1028-F.jpg","type":"image\/jpeg"}],"twitter_card":"summary_large_image","schema":{"@context":"https:\/\/schema.org","@graph":[{"@type":"WebPage","@id":"https:\/\/dockedge.thinairweb.co\/fr\/produit\/connecteurs-pour-coussins-dair\/","url":"https:\/\/dockedge.thinairweb.co\/fr\/produit\/connecteurs-pour-coussins-dair\/","name":"CONNECTEURS POUR COUSSINS D'AIR - Dock Edge+","isPartOf":{"@id":"https:\/\/dockedge.thinairweb.co\/fr\/#website"},"primaryImageOfPage":{"@id":"https:\/\/dockedge.thinairweb.co\/fr\/produit\/connecteurs-pour-coussins-dair\/#primaryimage"},"image":{"@id":"https:\/\/dockedge.thinairweb.co\/fr\/produit\/connecteurs-pour-coussins-dair\/#primaryimage"},"thumbnailUrl":"https:\/\/dockedge.thinairweb.co\/wp-content\/uploads\/sites\/3\/2018\/04\/1028-F.jpg","datePublished":"2018-04-18T16:58:00+00:00","breadcrumb":{"@id":"https:\/\/dockedge.thinairweb.co\/fr\/produit\/connecteurs-pour-coussins-dair\/#breadcrumb"},"inLanguage":"fr-FR","potentialAction":[{"@type":"ReadAction","target":["https:\/\/dockedge.thinairweb.co\/fr\/produit\/connecteurs-pour-coussins-dair\/"]}]},{"@type":"ImageObject","inLanguage":"fr-FR","@id":"https:\/\/dockedge.thinairweb.co\/fr\/produit\/connecteurs-pour-coussins-dair\/#primaryimage","url":"https:\/\/dockedge.thinairweb.co\/wp-content\/uploads\/sites\/3\/2018\/04\/1028-F.jpg","contentUrl":"https:\/\/dockedge.thinairweb.co\/wp-content\/uploads\/sites\/3\/2018\/04\/1028-F.jpg","width":"300","height":"300","caption":"Air Cushion Connectors"},{"@type":"BreadcrumbList","@id":"https:\/\/dockedge.thinairweb.co\/fr\/produit\/connecteurs-pour-coussins-dair\/#breadcrumb","itemListElement":[{"@type":"ListItem","position":1,"name":"Home","item":"https:\/\/dockedge.thinairweb.co\/fr\/"},{"@type":"ListItem","position":2,"name":"Boutique","item":"https:\/\/dockedge.thinairweb.co\/fr\/boutique\/"},{"@type":"ListItem","position":3,"name":"CONNECTEURS POUR COUSSINS D&rsquo;AIR"}]},{"@type":"WebSite","@id":"https:\/\/dockedge.thinairweb.co\/fr\/#website","url":"https:\/\/dockedge.thinairweb.co\/fr\/","name":"Dock Edge+","description":"Your Dock. Your Way.","potentialAction":[{"@type":"SearchAction","target":{"@type":"EntryPoint","urlTemplate":"https:\/\/dockedge.thinairweb.co\/fr\/?s={search_term_string}"},"query-input":{"@type":"PropertyValueSpecification","valueRequired":true,"valueName":"search_term_string"}}],"inLanguage":"fr-FR"}]}},"acf":[],"_links":{"self":[{"href":"https:\/\/dockedge.thinairweb.co\/fr\/wp-json\/wp\/v2\/product\/8499","targetHints":{"allow":["GET"]}}],"collection":[{"href":"https:\/\/dockedge.thinairweb.co\/fr\/wp-json\/wp\/v2\/product"}],"about":[{"href":"https:\/\/dockedge.thinairweb.co\/fr\/wp-json\/wp\/v2\/types\/product"}],"wp:featuredmedia":[{"embeddable":true,"href":"https:\/\/dockedge.thinairweb.co\/fr\/wp-json\/wp\/v2\/media\/7090"}],"wp:attachment":[{"href":"https:\/\/dockedge.thinairweb.co\/fr\/wp-json\/wp\/v2\/media?parent=8499"}],"wp:term":[{"taxonomy":"product_brand","embeddable":true,"href":"https:\/\/dockedge.thinairweb.co\/fr\/wp-json\/wp\/v2\/product_brand?post=8499"},{"taxonomy":"product_cat","embeddable":true,"href":"https:\/\/dockedge.thinairweb.co\/fr\/wp-json\/wp\/v2\/product_cat?post=8499"},{"taxonomy":"product_tag","embeddable":true,"href":"https:\/\/dockedge.thinairweb.co\/fr\/wp-json\/wp\/v2\/product_tag?post=8499"}],"curies":[{"name":"wp","href":"https:\/\/api.w.org\/{rel}","templated":true}]}}