{"id":8500,"date":"2018-04-18T16:28:51","date_gmt":"2018-04-18T16:28:51","guid":{"rendered":"https:\/\/dockedge.com\/product\/toilettes-portables\/"},"modified":"2025-07-29T13:14:55","modified_gmt":"2025-07-29T13:14:55","slug":"toilettes-portables","status":"publish","type":"product","link":"https:\/\/dockedge.thinairweb.co\/fr\/produit\/toilettes-portables\/","title":{"rendered":"Toilettes portables"},"content":{"rendered":"<p>[et_pb_section bb_built=\u00a0\u00bb1&Prime; admin_label=\u00a0\u00bbsection\u00a0\u00bb _builder_version=\u00a0\u00bb3.22.3&Prime; custom_padding=\u00a0\u00bb||8px|||\u00a0\u00bb next_background_color=\u00a0\u00bb#000000&Prime;][et_pb_row admin_label=\u00a0\u00bbrang\u00e9e\u00a0\u00bb _builder_version=\u00a0\u00bb3.22.3&Prime; background_size=\u00a0\u00bbinitial\u00a0\u00bb background_position=\u00a0\u00bbtop_left\u00a0\u00bb background_repeat=\u00a0\u00bbrepeat\u00a0\u00bb][et_pb_column type=\u00a0\u00bb4_4&Prime;][et_pb_text _builder_version=\u00a0\u00bb3.22.6&Prime; background_size=\u00a0\u00bbinitial\u00a0\u00bb background_position=\u00a0\u00bbtop_left\u00a0\u00bb background_repeat=\u00a0\u00bbrepeat\u00a0\u00bb text_text_shadow_horizontal_length=\u00a0\u00bbtext_text_shadow_style,%91object Object%93&Prime; text_text_shadow_vertical_length=\u00a0\u00bbtext_text_shadow_style,%91object Object%93&Prime; text_text_shadow_blur_strength=\u00a0\u00bbtext_text_shadow_style,%91object Object%93&Prime; link_text_shadow_horizontal_length=\u00a0\u00bblink_text_shadow_style,%91object Object%93&Prime; link_text_shadow_vertical_length=\u00a0\u00bblink_text_shadow_style,%91object Object%93&Prime; link_text_shadow_blur_strength=\u00a0\u00bblink_text_shadow_style,%91object Object%93&Prime; ul_text_shadow_horizontal_length=\u00a0\u00bbul_text_shadow_style,%91object Object%93&Prime; ul_text_shadow_vertical_length=\u00a0\u00bbul_text_shadow_style,%91object Object%93&Prime; ul_text_shadow_blur_strength=\u00a0\u00bbul_text_shadow_style,%91object Object%93&Prime; ol_text_shadow_horizontal_length=\u00a0\u00bbol_text_shadow_style,%91object Object%93&Prime; ol_text_shadow_vertical_length=\u00a0\u00bbol_text_shadow_style,%91object Object%93&Prime; ol_text_shadow_blur_strength=\u00a0\u00bbol_text_shadow_style,%91object Object%93&Prime; quote_text_shadow_horizontal_length=\u00a0\u00bbquote_text_shadow_style,%91object Object%93&Prime; quote_text_shadow_vertical_length=\u00a0\u00bbquote_text_shadow_style,%91object Object%93&Prime; quote_text_shadow_blur_strength=\u00a0\u00bbquote_text_shadow_style,%91object Object%93&Prime; header_text_shadow_horizontal_length=\u00a0\u00bbheader_text_shadow_style,%91object Object%93&Prime; header_text_shadow_vertical_length=\u00a0\u00bbheader_text_shadow_style,%91object Object%93&Prime; header_text_shadow_blur_strength=\u00a0\u00bbheader_text_shadow_style,%91object Object%93&Prime; header_2_text_shadow_horizontal_length=\u00a0\u00bbheader_2_text_shadow_style,%91object Object%93&Prime; header_2_text_shadow_vertical_length=\u00a0\u00bbheader_2_text_shadow_style,%91object Object%93&Prime; header_2_text_shadow_blur_strength=\u00a0\u00bbheader_2_text_shadow_style,%91object Object%93&Prime; header_3_text_shadow_horizontal_length=\u00a0\u00bbheader_3_text_shadow_style,%91object Object%93&Prime; header_3_text_shadow_vertical_length=\u00a0\u00bbheader_3_text_shadow_style,%91object Object%93&Prime; header_3_text_shadow_blur_strength=\u00a0\u00bbheader_3_text_shadow_style,%91object Object%93&Prime; header_4_text_shadow_horizontal_length=\u00a0\u00bbheader_4_text_shadow_style,%91object Object%93&Prime; header_4_text_shadow_vertical_length=\u00a0\u00bbheader_4_text_shadow_style,%91object Object%93&Prime; header_4_text_shadow_blur_strength=\u00a0\u00bbheader_4_text_shadow_style,%91object Object%93&Prime; header_5_text_shadow_horizontal_length=\u00a0\u00bbheader_5_text_shadow_style,%91object Object%93&Prime; header_5_text_shadow_vertical_length=\u00a0\u00bbheader_5_text_shadow_style,%91object Object%93&Prime; header_5_text_shadow_blur_strength=\u00a0\u00bbheader_5_text_shadow_style,%91object Object%93&Prime; header_6_text_shadow_horizontal_length=\u00a0\u00bbheader_6_text_shadow_style,%91object Object%93&Prime; header_6_text_shadow_vertical_length=\u00a0\u00bbheader_6_text_shadow_style,%91object Object%93&Prime; header_6_text_shadow_blur_strength=\u00a0\u00bbheader_6_text_shadow_style,%91object Object%93&Prime; z_index_tablet=\u00a0\u00bb500&Prime;]<\/p>\n<table id=\"product-table\" cellpadding=\"15\" cellspacing=\"0\" border=\"0\">\n<tbody>\n<tr>\n<th>N\u00b0 de pi\u00e8ce<\/th>\n<th>Description<\/th>\n<\/tr>\n<tr>\n<td>DEF008002<\/td>\n<td>Toilette SpaceSaver Passport 8 litres, gris<\/td>\n<\/tr>\n<tr>\n<td>DEF120101<\/td>\n<td>Toilette Passport 12 litres, gris<\/td>\n<\/tr>\n<tr>\n<td>DEF150101<\/td>\n<td>Toilette Passport 18 litres, gris<\/td>\n<\/tr>\n<tr>\n<td>DEF240101<\/td>\n<td>Toilette Passport 24 litres, gris<\/td>\n<\/tr>\n<tr>\n<td>DEF228101<\/td>\n<td>Toilette Visa 8 litres<\/td>\n<\/tr>\n<tr>\n<td>DEF248101<\/td>\n<td>Toilette Visa 18 litres<\/td>\n<\/tr>\n<tr>\n<td>DEF268101<\/td>\n<td>Toilette Visa 24 litres<\/td>\n<\/tr>\n<tr>\n<td>DEF308<\/td>\n<td>Toilette Visa MSD 8 litres<\/td>\n<\/tr>\n<tr>\n<td>DEF319<\/td>\n<td>Toilette Visa MSD 18 litres<\/td>\n<\/tr>\n<\/tbody>\n<\/table>\n<p><script src=\"\/\/ui.powerreviews.com\/stable\/4.0\/ui.js\"><\/script><\/p>\n<p><script>\n  POWERREVIEWS.display.render({\n      api_key: 'fdb23d80-8310-4409-87f2-2ee20e24a743',\n      locale: 'en_US',\n      merchant_group_id: '78535',\n      merchant_id: '542114',\n      page_id: '2968',\n      review_wrapper_url: 'http:\/\/www.dockedge.com\/write-a-review\/?pr_page_id=___PAGE_ID___',\nstructured_data_product_id : 'http:\/\/www.dockedge.com\/product\/portable-toilets\/',\nproduct:{\n        name: 'Portable Toilets', \n        url: 'http:\/\/www.dockedge.com\/product\/portable-toilets\/',\n        image_url: 'http:\/\/www.dockedge.com\/wp-content\/uploads\/sites\/3\/2018\/04\/PortableToilets.jpg',\n        description: 'Toilet 8 Litre Passport Grey SpaceSaver',\n        category_name: 'Portable Toilets',\n        manufacturer_id: 'DEF008002',\n        upc: '776113995303',\n        brand_name: 'DockEdge',\n        price: '<your_product_price>',\n        in_stock: '<product_in_stock_status>',\n        variants: [{\n            name: 'DEF120101',\n            description: 'Toilet 12 Litre Passport Grey',\n\t    upc: '776113105818',\t\n            page_id_variant: '1',\n        },\n        {\n            name: 'DEF150101',\n            description: 'Toilet 18 Litre Passport Grey',\n            upc: '776113995310',\n            page_id_variant: '2',  \n        },\n        {\n            name: 'DEF240101',\n            description: 'Toilet 24 Litre Passport Grey',\n            upc: '776113995334',\n            page_id_variant: '3',   \n        },\n        {\n            name: 'DEF228101',\n            description: 'Toilet Visa 8 Litre',\n            upc: '776113995327',\n            page_id_variant: '4',   \n        },\n        {\n            name: 'DEF248101',\n            description: 'Toilet Visa 18 Litre',\n            upc: '776113995341',\n            page_id_variant: '5',  \n        },\n        {\n            name: 'DEF268101',\n            description: 'Toilet Visa 24 Litre',\n            upc: '776113995358',\n            page_id_variant: '6',   \n        },\n        {\n            name: 'DEF308',\n            description: 'Toilet Visa MSD 8 Litre',\n            upc: '776113106136',\n            page_id_variant: '7',   \n        },\n        {\n            name: 'DEF319',\n            description: 'Toilet Visa MSD 18 Litre',\n            upc: '776113106143',\n            page_id_variant: '8',  \n    }]\n    },\n      components: {\n    ReviewSnippet: 'pr-reviewsnippet',\n    ReviewDisplay: 'pr-reviewdisplay'\n      }\n    });\n  <\/script><\/p>\n<div id=\"pr-reviewdisplay\"><\/div>\n<p>[\/et_pb_text][\/et_pb_column][\/et_pb_row][\/et_pb_section][et_pb_section bb_built=\u00a0\u00bb1&Prime; min_height=\u00a0\u00bb28px\u00a0\u00bb _builder_version=\u00a0\u00bb3.22.6&Prime; custom_padding=\u00a0\u00bb2px||0px|||\u00a0\u00bb prev_background_color=\u00a0\u00bb#000000&Prime; next_background_color=\u00a0\u00bb#000000&Prime;][et_pb_row _builder_version=\u00a0\u00bb3.22.6&Prime; custom_padding=\u00a0\u00bb||0px|||\u00a0\u00bb custom_margin=\u00a0\u00bb-45px|auto|106px|auto||\u00a0\u00bb][et_pb_column type=\u00a0\u00bb4_4&Prime;][et_pb_button url_new_window=\u00a0\u00bbon\u00a0\u00bb custom_button=\u00a0\u00bbon\u00a0\u00bb button_text_color=\u00a0\u00bb#00aef9&Prime; button_border_color=\u00a0\u00bb#00aef9&Prime; button_text=\u00a0\u00bbT\u00e9l\u00e9chargez la brochure Visa Toilet\u00a0\u00bb _builder_version=\u00a0\u00bb3.24.1&Prime; button_url=\u00a0\u00bbhttp:\/\/www.dockedge.com\/wp-content\/uploads\/sites\/3\/2019\/06\/Visa-Toilet-Product-Guide.pdf\u00a0\u00bb custom_margin=\u00a0\u00bb-28px|||||\u00a0\u00bb button_text_shadow_horizontal_length=\u00a0\u00bbbutton_text_shadow_style,%91object Object%93&Prime; button_text_shadow_horizontal_length_tablet=\u00a0\u00bb0px\u00a0\u00bb button_text_shadow_vertical_length=\u00a0\u00bbbutton_text_shadow_style,%91object Object%93&Prime; button_text_shadow_vertical_length_tablet=\u00a0\u00bb0px\u00a0\u00bb button_text_shadow_blur_strength=\u00a0\u00bbbutton_text_shadow_style,%91object Object%93&Prime; button_text_shadow_blur_strength_tablet=\u00a0\u00bb1px\u00a0\u00bb box_shadow_horizontal_tablet=\u00a0\u00bb0px\u00a0\u00bb box_shadow_vertical_tablet=\u00a0\u00bb0px\u00a0\u00bb box_shadow_blur_tablet=\u00a0\u00bb40px\u00a0\u00bb box_shadow_spread_tablet=\u00a0\u00bb0px\u00a0\u00bb z_index_tablet=\u00a0\u00bb500&Prime; \/][et_pb_button url_new_window=\u00a0\u00bbon\u00a0\u00bb custom_button=\u00a0\u00bbon\u00a0\u00bb button_text_color=\u00a0\u00bb#00aef9&Prime; button_border_color=\u00a0\u00bb#00aef9&Prime; button_text=\u00a0\u00bbT\u00e9l\u00e9chargez la brochure Passport Toilet\u00a0\u00bb _builder_version=\u00a0\u00bb3.24.1&Prime; button_url=\u00a0\u00bbhttp:\/\/www.dockedge.com\/wp-content\/uploads\/sites\/3\/2019\/06\/Passport-Toilet-Product-Guide.pdf\u00a0\u00bb button_text_shadow_horizontal_length=\u00a0\u00bbbutton_text_shadow_style,%91object Object%93&Prime; button_text_shadow_horizontal_length_tablet=\u00a0\u00bb0px\u00a0\u00bb button_text_shadow_vertical_length=\u00a0\u00bbbutton_text_shadow_style,%91object Object%93&Prime; button_text_shadow_vertical_length_tablet=\u00a0\u00bb0px\u00a0\u00bb button_text_shadow_blur_strength=\u00a0\u00bbbutton_text_shadow_style,%91object Object%93&Prime; button_text_shadow_blur_strength_tablet=\u00a0\u00bb1px\u00a0\u00bb box_shadow_horizontal_tablet=\u00a0\u00bb0px\u00a0\u00bb box_shadow_vertical_tablet=\u00a0\u00bb0px\u00a0\u00bb box_shadow_blur_tablet=\u00a0\u00bb40px\u00a0\u00bb box_shadow_spread_tablet=\u00a0\u00bb0px\u00a0\u00bb z_index_tablet=\u00a0\u00bb500&Prime; \/][\/et_pb_column][\/et_pb_row][\/et_pb_section][et_pb_section bb_built=\u00a0\u00bb1&Prime; _builder_version=\u00a0\u00bb3.22.6&Prime; custom_padding=\u00a0\u00bb0px|||||\u00a0\u00bb prev_background_color=\u00a0\u00bb#000000&Prime;][et_pb_row max_width=\u00a0\u00bb1685px\u00a0\u00bb _builder_version=\u00a0\u00bb3.22.6&Prime;][et_pb_column type=\u00a0\u00bb4_4&Prime;][et_pb_video hover_enabled=\u00a0\u00bb0&Prime; src=\u00a0\u00bbhttps:\/\/www.youtube.com\/watch?v=XX_5QT-gxec&amp;t=2s\u00a0\u00bb _builder_version=\u00a0\u00bb3.22.6&Prime; width_last_edited=\u00a0\u00bbon|phone\u00a0\u00bb \/][\/et_pb_column][\/et_pb_row][\/et_pb_section]<\/p>\n","protected":false},"excerpt":{"rendered":"<div id=\"pr-reviewsnippet\"><\/div>\n<p><b>CUP<\/b> <\/p>\n<ul>\n<li>Toilette portable \u00e0 chasse d&rsquo;eau en 2 parties<\/li>\n<li>Construction solide et durable<\/li>\n<li>Rin\u00e7age par pompe \u00e0 piston bidirectionnelle<\/li>\n<li>Joint \u00e9tanche aux fuites et aux odeurs<\/li>\n<li>Indicateur de niveau de d\u00e9chets<\/li>\n<li>Grande capacit\u00e9 d&rsquo;eau douce<\/li>\n<li>Capacit\u00e9 des r\u00e9servoirs de 8 \u00e0 24 litres<\/li>\n<\/ul>\n","protected":false},"featured_media":7442,"template":"","meta":{"_acf_changed":false,"_et_pb_use_builder":"on","_et_pb_old_content":"<table id=\"product-table\" cellpadding=\"15\" cellspacing=\"0\" border=\"0\">\n           <tbody><tr>\n             <th>N\u00b0 de pi\u00e8ce<\/th>\n             <th>Description<\/th>\n           <\/tr>\n           \n           <tr>\n             <td>DEF008002<\/td>\n             <td>Toilette SpaceSaver Passport 8 litres, gris<\/td>\n           <\/tr>\n           \n           <tr>\n             <td>DEF248101<\/td>\n             <td>Toilette Visa 18 litres<\/td>\n           <\/tr>\n           \n           <tr>\n             <td>DEF268101<\/td>\n             <td>Toilette Visa 24 litres<\/td>\n           <\/tr>\n<\/tbody><\/table>\n\n<script src=\"\/\/ui.powerreviews.com\/stable\/4.0\/ui.js\"><\/script>\n\n<script>\n  POWERREVIEWS.display.render({\n      api_key: 'fdb23d80-8310-4409-87f2-2ee20e24a743',\n      locale: 'en_US',\n      merchant_group_id: '78535',\n      merchant_id: '542114',\n      page_id: '2968',\n      review_wrapper_url: 'http:\/\/www.dockedge.com\/write-a-review\/?pr_page_id=___PAGE_ID___',\nstructured_data_product_id : 'http:\/\/www.dockedge.com\/product\/portable-toilets\/',\nproduct:{\n        name: 'Portable Toilets', \n        url: 'http:\/\/www.dockedge.com\/product\/portable-toilets\/',\n        image_url: 'http:\/\/www.dockedge.com\/wp-content\/uploads\/sites\/3\/2018\/04\/PortableToilets.jpg',\n        description: 'Toilet 8 Litre Passport Grey SpaceSaver',\n        category_name: 'Portable Toilets',\n        manufacturer_id: 'DEF008002',\n        upc: '057709080017',\n        brand_name: 'DockEdge',\n        price: '<your_product_price>',\n        in_stock: '<product_in_stock_status>',\n        variants: [{\n            name: 'DEF248101',\n            description: 'Toilet 18 Litre Visa Grey',\n\t    upc: '057709002484',\t\n            page_id_variant: '1',\n        },\n        {\n            name: 'DEF268101',\n            description: 'Toilet 24 Litre Visa Grey',\n            upc: '057709002682',\n            page_id_variant: '2',  \n    }]\n    },\n      components: {\n    ReviewSnippet: 'pr-reviewsnippet',\n    ReviewDisplay: 'pr-reviewdisplay'\n      }\n    });\n  <\/script>\n\n<div id=\"pr-reviewdisplay\"><\/div>","_et_gb_content_width":""},"product_brand":[],"product_cat":[189],"product_tag":[],"class_list":{"0":"post-8500","1":"product","2":"type-product","3":"status-publish","4":"has-post-thumbnail","6":"product_cat-toilettes-portables","8":"first","9":"instock","10":"shipping-taxable","11":"product-type-simple"},"yoast_head":"<!-- This site is optimized with the Yoast SEO plugin v27.0 - https:\/\/yoast.com\/product\/yoast-seo-wordpress\/ -->\n<title>Toilettes portables - Dock Edge+<\/title>\n<meta name=\"robots\" content=\"index, follow, max-snippet:-1, max-image-preview:large, max-video-preview:-1\" \/>\n<link rel=\"canonical\" href=\"https:\/\/dockedge.thinairweb.co\/fr\/produit\/toilettes-portables\/\" \/>\n<meta property=\"og:locale\" content=\"fr_FR\" \/>\n<meta property=\"og:type\" content=\"article\" \/>\n<meta property=\"og:title\" content=\"Toilettes portables - Dock Edge+\" \/>\n<meta property=\"og:description\" content=\"CUP   Toilette portable \u00e0 chasse d&#039;eau en 2 parties  Construction solide et durable  Rin\u00e7age par pompe \u00e0 piston bidirectionnelle  Joint \u00e9tanche aux fuites et aux odeurs  Indicateur de niveau de d\u00e9chets  Grande capacit\u00e9 d&#039;eau douce  Capacit\u00e9 des r\u00e9servoirs de 8 \u00e0 24 litres\" \/>\n<meta property=\"og:url\" content=\"https:\/\/dockedge.thinairweb.co\/fr\/produit\/toilettes-portables\/\" \/>\n<meta property=\"og:site_name\" content=\"Dock Edge+\" \/>\n<meta property=\"article:modified_time\" content=\"2025-07-29T13:14:55+00:00\" \/>\n<meta property=\"og:image\" content=\"https:\/\/dockedge.thinairweb.co\/wp-content\/uploads\/sites\/3\/2018\/04\/F008002b.jpg\" \/>\n\t<meta property=\"og:image:width\" content=\"700\" \/>\n\t<meta property=\"og:image:height\" content=\"700\" \/>\n\t<meta property=\"og:image:type\" content=\"image\/jpeg\" \/>\n<meta name=\"twitter:card\" content=\"summary_large_image\" \/>\n<meta name=\"twitter:label1\" content=\"Dur\u00e9e de lecture estim\u00e9e\" \/>\n\t<meta name=\"twitter:data1\" content=\"4 minutes\" \/>\n<script type=\"application\/ld+json\" class=\"yoast-schema-graph\">{\"@context\":\"https:\/\/schema.org\",\"@graph\":[{\"@type\":\"WebPage\",\"@id\":\"https:\/\/dockedge.thinairweb.co\/fr\/produit\/toilettes-portables\/\",\"url\":\"https:\/\/dockedge.thinairweb.co\/fr\/produit\/toilettes-portables\/\",\"name\":\"Toilettes portables - Dock Edge+\",\"isPartOf\":{\"@id\":\"https:\/\/dockedge.thinairweb.co\/fr\/#website\"},\"primaryImageOfPage\":{\"@id\":\"https:\/\/dockedge.thinairweb.co\/fr\/produit\/toilettes-portables\/#primaryimage\"},\"image\":{\"@id\":\"https:\/\/dockedge.thinairweb.co\/fr\/produit\/toilettes-portables\/#primaryimage\"},\"thumbnailUrl\":\"https:\/\/dockedge.thinairweb.co\/wp-content\/uploads\/sites\/3\/2018\/04\/F008002b.jpg\",\"datePublished\":\"2018-04-18T16:28:51+00:00\",\"dateModified\":\"2025-07-29T13:14:55+00:00\",\"breadcrumb\":{\"@id\":\"https:\/\/dockedge.thinairweb.co\/fr\/produit\/toilettes-portables\/#breadcrumb\"},\"inLanguage\":\"fr-FR\",\"potentialAction\":[{\"@type\":\"ReadAction\",\"target\":[\"https:\/\/dockedge.thinairweb.co\/fr\/produit\/toilettes-portables\/\"]}]},{\"@type\":\"ImageObject\",\"inLanguage\":\"fr-FR\",\"@id\":\"https:\/\/dockedge.thinairweb.co\/fr\/produit\/toilettes-portables\/#primaryimage\",\"url\":\"https:\/\/dockedge.thinairweb.co\/wp-content\/uploads\/sites\/3\/2018\/04\/F008002b.jpg\",\"contentUrl\":\"https:\/\/dockedge.thinairweb.co\/wp-content\/uploads\/sites\/3\/2018\/04\/F008002b.jpg\",\"width\":700,\"height\":700,\"caption\":\"Passport Potty 8L Toilet\"},{\"@type\":\"BreadcrumbList\",\"@id\":\"https:\/\/dockedge.thinairweb.co\/fr\/produit\/toilettes-portables\/#breadcrumb\",\"itemListElement\":[{\"@type\":\"ListItem\",\"position\":1,\"name\":\"Home\",\"item\":\"https:\/\/dockedge.thinairweb.co\/fr\/\"},{\"@type\":\"ListItem\",\"position\":2,\"name\":\"Boutique\",\"item\":\"https:\/\/dockedge.thinairweb.co\/fr\/boutique\/\"},{\"@type\":\"ListItem\",\"position\":3,\"name\":\"Toilettes portables\"}]},{\"@type\":\"WebSite\",\"@id\":\"https:\/\/dockedge.thinairweb.co\/fr\/#website\",\"url\":\"https:\/\/dockedge.thinairweb.co\/fr\/\",\"name\":\"Dock Edge+\",\"description\":\"Your Dock. Your Way.\",\"potentialAction\":[{\"@type\":\"SearchAction\",\"target\":{\"@type\":\"EntryPoint\",\"urlTemplate\":\"https:\/\/dockedge.thinairweb.co\/fr\/?s={search_term_string}\"},\"query-input\":{\"@type\":\"PropertyValueSpecification\",\"valueRequired\":true,\"valueName\":\"search_term_string\"}}],\"inLanguage\":\"fr-FR\"}]}<\/script>\n<!-- \/ Yoast SEO plugin. -->","yoast_head_json":{"title":"Toilettes portables - Dock Edge+","robots":{"index":"index","follow":"follow","max-snippet":"max-snippet:-1","max-image-preview":"max-image-preview:large","max-video-preview":"max-video-preview:-1"},"canonical":"https:\/\/dockedge.thinairweb.co\/fr\/produit\/toilettes-portables\/","og_locale":"fr_FR","og_type":"article","og_title":"Toilettes portables - Dock Edge+","og_description":"CUP   Toilette portable \u00e0 chasse d'eau en 2 parties  Construction solide et durable  Rin\u00e7age par pompe \u00e0 piston bidirectionnelle  Joint \u00e9tanche aux fuites et aux odeurs  Indicateur de niveau de d\u00e9chets  Grande capacit\u00e9 d'eau douce  Capacit\u00e9 des r\u00e9servoirs de 8 \u00e0 24 litres","og_url":"https:\/\/dockedge.thinairweb.co\/fr\/produit\/toilettes-portables\/","og_site_name":"Dock Edge+","article_modified_time":"2025-07-29T13:14:55+00:00","og_image":[{"width":700,"height":700,"url":"https:\/\/dockedge.thinairweb.co\/wp-content\/uploads\/sites\/3\/2018\/04\/F008002b.jpg","type":"image\/jpeg"}],"twitter_card":"summary_large_image","twitter_misc":{"Dur\u00e9e de lecture estim\u00e9e":"4 minutes"},"schema":{"@context":"https:\/\/schema.org","@graph":[{"@type":"WebPage","@id":"https:\/\/dockedge.thinairweb.co\/fr\/produit\/toilettes-portables\/","url":"https:\/\/dockedge.thinairweb.co\/fr\/produit\/toilettes-portables\/","name":"Toilettes portables - Dock Edge+","isPartOf":{"@id":"https:\/\/dockedge.thinairweb.co\/fr\/#website"},"primaryImageOfPage":{"@id":"https:\/\/dockedge.thinairweb.co\/fr\/produit\/toilettes-portables\/#primaryimage"},"image":{"@id":"https:\/\/dockedge.thinairweb.co\/fr\/produit\/toilettes-portables\/#primaryimage"},"thumbnailUrl":"https:\/\/dockedge.thinairweb.co\/wp-content\/uploads\/sites\/3\/2018\/04\/F008002b.jpg","datePublished":"2018-04-18T16:28:51+00:00","dateModified":"2025-07-29T13:14:55+00:00","breadcrumb":{"@id":"https:\/\/dockedge.thinairweb.co\/fr\/produit\/toilettes-portables\/#breadcrumb"},"inLanguage":"fr-FR","potentialAction":[{"@type":"ReadAction","target":["https:\/\/dockedge.thinairweb.co\/fr\/produit\/toilettes-portables\/"]}]},{"@type":"ImageObject","inLanguage":"fr-FR","@id":"https:\/\/dockedge.thinairweb.co\/fr\/produit\/toilettes-portables\/#primaryimage","url":"https:\/\/dockedge.thinairweb.co\/wp-content\/uploads\/sites\/3\/2018\/04\/F008002b.jpg","contentUrl":"https:\/\/dockedge.thinairweb.co\/wp-content\/uploads\/sites\/3\/2018\/04\/F008002b.jpg","width":700,"height":700,"caption":"Passport Potty 8L Toilet"},{"@type":"BreadcrumbList","@id":"https:\/\/dockedge.thinairweb.co\/fr\/produit\/toilettes-portables\/#breadcrumb","itemListElement":[{"@type":"ListItem","position":1,"name":"Home","item":"https:\/\/dockedge.thinairweb.co\/fr\/"},{"@type":"ListItem","position":2,"name":"Boutique","item":"https:\/\/dockedge.thinairweb.co\/fr\/boutique\/"},{"@type":"ListItem","position":3,"name":"Toilettes portables"}]},{"@type":"WebSite","@id":"https:\/\/dockedge.thinairweb.co\/fr\/#website","url":"https:\/\/dockedge.thinairweb.co\/fr\/","name":"Dock Edge+","description":"Your Dock. Your Way.","potentialAction":[{"@type":"SearchAction","target":{"@type":"EntryPoint","urlTemplate":"https:\/\/dockedge.thinairweb.co\/fr\/?s={search_term_string}"},"query-input":{"@type":"PropertyValueSpecification","valueRequired":true,"valueName":"search_term_string"}}],"inLanguage":"fr-FR"}]}},"acf":[],"_links":{"self":[{"href":"https:\/\/dockedge.thinairweb.co\/fr\/wp-json\/wp\/v2\/product\/8500","targetHints":{"allow":["GET"]}}],"collection":[{"href":"https:\/\/dockedge.thinairweb.co\/fr\/wp-json\/wp\/v2\/product"}],"about":[{"href":"https:\/\/dockedge.thinairweb.co\/fr\/wp-json\/wp\/v2\/types\/product"}],"wp:featuredmedia":[{"embeddable":true,"href":"https:\/\/dockedge.thinairweb.co\/fr\/wp-json\/wp\/v2\/media\/7442"}],"wp:attachment":[{"href":"https:\/\/dockedge.thinairweb.co\/fr\/wp-json\/wp\/v2\/media?parent=8500"}],"wp:term":[{"taxonomy":"product_brand","embeddable":true,"href":"https:\/\/dockedge.thinairweb.co\/fr\/wp-json\/wp\/v2\/product_brand?post=8500"},{"taxonomy":"product_cat","embeddable":true,"href":"https:\/\/dockedge.thinairweb.co\/fr\/wp-json\/wp\/v2\/product_cat?post=8500"},{"taxonomy":"product_tag","embeddable":true,"href":"https:\/\/dockedge.thinairweb.co\/fr\/wp-json\/wp\/v2\/product_tag?post=8500"}],"curies":[{"name":"wp","href":"https:\/\/api.w.org\/{rel}","templated":true}]}}