{"id":8510,"date":"2022-11-02T16:44:21","date_gmt":"2022-11-02T16:44:21","guid":{"rendered":"https:\/\/dockedge.com\/product\/chaines\/"},"modified":"2022-11-02T16:44:21","modified_gmt":"2022-11-02T16:44:21","slug":"chaines","status":"publish","type":"product","link":"https:\/\/dockedge.thinairweb.co\/fr\/produit\/chaines\/","title":{"rendered":"CHA\u00ceNES"},"content":{"rendered":"<table id=\"product-table\" border=\"0\" cellspacing=\"0\" cellpadding=\"15\">\n<tbody>\n<tr>\n<th>N\u00b0 de pi\u00e8ce<\/th>\n<th>Description<\/th>\n<\/tr>\n<tr>\n<td>DE10330065<\/td>\n<td>Cha\u00eene 3\/8&Prime; x 400ft, tambour complet<\/td>\n<\/tr>\n<tr>\n<td>DE10330066<\/td>\n<td>Cha\u00eene 3\/8&Prime; x 2000ft, caisse<\/td>\n<\/tr>\n<tr>\n<td>DE10330067<\/td>\n<td>Cha\u00eene 5\/16&Prime; x 550ft ; tambour complet<\/td>\n<\/tr>\n<tr>\n<td>DE10330068<\/td>\n<td>Cha\u00eene 5\/16&Prime; x 2750ft, caisse<\/td>\n<\/tr>\n<\/tbody>\n<\/table>\n<p><script src=\"\/\/ui.powerreviews.com\/stable\/4.0\/ui.js\"><\/script><\/p>\n<p><script>\n  POWERREVIEWS.display.render({\n      api_key: 'fdb23d80-8310-4409-87f2-2ee20e24a743',\n      locale: 'en_US',\n      merchant_group_id: '78535',\n      merchant_id: '542114',\n      page_id: '3877',\n      review_wrapper_url: 'http:\/\/www.dockedge.com\/write-a-review\/?pr_page_id=___PAGE_ID___',\nstructured_data_product_id : 'http:\/\/www.dockedge.com\/product\/chains\/',\nproduct:{\n        name: 'Chains', \n        url: 'http:\/\/www.dockedge.com\/product\/chains\/',\n        image_url: 'https:\/\/dockedge.com\/wp-content\/uploads\/sites\/3\/2023\/02\/chain.jpg',\n        description: 'Chain 3\/8\u201d full drum 400ft',\n        category_name: 'Chains',\n        manufacturer_id: 'DE10330065',\n        upc: '776113300657',\n        brand_name: 'DockEdge',\n        price: '<your_product_price>',\n        in_stock: '<product_in_stock_status>',\n        variants: [{\n            name: 'DE10330066',\n            description: 'Chain 3\/8\u201d crate 2000ft',\n            upc: '776113300664',\t\n            page_id_variant: '1',\n        },\n        {\n            name: 'DE10330067',\n            description: 'Chain 5\/16\u201d full drum 550ft',\n            upc: '776113300671',\n            page_id_variant: '2',  \n        },\n        {\n            name: 'DE10330068',\n            description: 'Chain 5\/16\u201d crate 2750ft',\n            upc: '776113300688',\n            page_id_variant: '3',   \n    }]\n    },\n      components: {\n    ReviewSnippet: 'pr-reviewsnippet',\n    ReviewDisplay: 'pr-reviewdisplay'\n      }\n    });\n  <\/script><\/p>\n<div id=\"pr-reviewdisplay\"><\/div>\n","protected":false},"excerpt":{"rendered":"<div id=\"pr-reviewsnippet\"><\/div>\n<p><b>CUP<\/b> <\/p>\n<ul>\n<li>R\u00e9sistance \u00e0 la rupture sup\u00e9rieure \u00e0 la classe 30<\/li>\n<li>Finition galvanis\u00e9e \u00e0 chaud<\/li>\n<li>Surface de soudage lisse<\/li>\n<li>Disponible en f\u00fbts ou en caisses<\/li>\n<li>Parfait pour ancrer votre quai<\/li>\n<\/ul>\n","protected":false},"featured_media":7911,"template":"","meta":{"_acf_changed":false,"_et_pb_use_builder":"off","_et_pb_old_content":"<table id=\"product-table\" border=\"0\" cellspacing=\"0\" cellpadding=\"15\">\n<tbody>\n<tr>\n<th>N\u00b0 de pi\u00e8ce<\/th>\n<th>Description<\/th>\n<\/tr>\n<tr>\n<td>DE10330065<\/td>\n<td>Cha\u00eene 3\/8\" x 400ft, tambour complet<\/td>\n<\/tr>\n<tr>\n<td>DE10330066<\/td>\n<td>Cha\u00eene 3\/8\" x 2000ft, caisse<\/td>\n<\/tr>\n<tr>\n<td>DE10330067<\/td>\n<td>Cha\u00eene 5\/16\" x 550ft ; tambour complet<\/td>\n<\/tr>\n<tr>\n<td>DE10330068<\/td>\n<td>Cha\u00eene 5\/16\" x 2750ft, caisse<\/td>\n<\/tr>\n<\/tbody>\n<\/table>\n\n\n\n  POWERREVIEWS.display.render({\n  api_key: 'fdb23d80-8310-4409-87f2-2ee20e24a743',\n  locale : 'en_US',\n  merchant_group_id : '78535',\n  merchant_id : '542114',\n  page_id : '3877',\n  review_wrapper_url : 'http:\/\/www.dockedge.com\/write-a-review\/?pr_page_id=___PAGE_ID___',\nstructured_data_product_id : 'http:\/\/www.dockedge.com\/product\/chains\/',\nproduit:{\n  nom : \"FD Series Fenders\",  \n  url : 'http:\/\/www.dockedge.com\/product\/chains\/',\n  image_url : 'https:\/\/dockedge.com\/wp-content\/uploads\/sites\/3\/2022\/11\/chain_illus.jpg',\n  description : 'Chain 3\/8\" full drum 400ft',\n  category_name : 'Chains',\n  id_du_fabricant : 'DE10330065',\n  upc : '776113300657',\n  nom de marque : \"DockEdge\",\n  prix : '',\n  in_stock : '',\n  variantes : [{\n  nom : \"DE10330066\",\n  description : 'Chain 3\/8\" crate 2000ft',\n  upc : '776113300664',  \n  page_id_variant : '1',\n  },\n  {\n  nom : \"DE10330067\",\n  description : 'Chain 5\/16\" full drum 550ft',\n  upc : '776113300671',\n  page_id_variant : \"2\",  \n  },\n  {\n  nom : \"DE10330068\",\n  description : 'Chain 5\/16\" crate 2750ft',\n  upc : '776113300688',\n  page_id_variant : '3',  \n  }]\n  },\n  les composants : {\n  ReviewSnippet : 'pr-reviewsnippet',\n  ReviewDisplay : \"pr-reviewdisplay\" (affichage de l'examen)\n  }\n  }) ;\n  \n<div id=\"pr-reviewdisplay\"><\/div>","_et_gb_content_width":""},"product_brand":[],"product_cat":[191,177],"product_tag":[],"class_list":{"0":"post-8510","1":"product","2":"type-product","3":"status-publish","4":"has-post-thumbnail","6":"product_cat-chaines","7":"product_cat-construction-de-quais","9":"first","10":"instock","11":"shipping-taxable","12":"product-type-simple"},"yoast_head":"<!-- This site is optimized with the Yoast SEO plugin v27.0 - https:\/\/yoast.com\/product\/yoast-seo-wordpress\/ -->\n<title>CHA\u00ceNES - Dock Edge+<\/title>\n<meta name=\"robots\" content=\"index, follow, max-snippet:-1, max-image-preview:large, max-video-preview:-1\" \/>\n<link rel=\"canonical\" href=\"https:\/\/dockedge.thinairweb.co\/fr\/produit\/chaines\/\" \/>\n<meta property=\"og:locale\" content=\"fr_FR\" \/>\n<meta property=\"og:type\" content=\"article\" \/>\n<meta property=\"og:title\" content=\"CHA\u00ceNES - Dock Edge+\" \/>\n<meta property=\"og:description\" content=\"CUP   R\u00e9sistance \u00e0 la rupture sup\u00e9rieure \u00e0 la classe 30  Finition galvanis\u00e9e \u00e0 chaud  Surface de soudage lisse  Disponible en f\u00fbts ou en caisses  Parfait pour ancrer votre quai\" \/>\n<meta property=\"og:url\" content=\"https:\/\/dockedge.thinairweb.co\/fr\/produit\/chaines\/\" \/>\n<meta property=\"og:site_name\" content=\"Dock Edge+\" \/>\n<meta property=\"og:image\" content=\"https:\/\/dockedge.thinairweb.co\/wp-content\/uploads\/sites\/3\/2023\/02\/chain.jpg\" \/>\n\t<meta property=\"og:image:width\" content=\"800\" \/>\n\t<meta property=\"og:image:height\" content=\"749\" \/>\n\t<meta property=\"og:image:type\" content=\"image\/jpeg\" \/>\n<meta name=\"twitter:card\" content=\"summary_large_image\" \/>\n<script type=\"application\/ld+json\" class=\"yoast-schema-graph\">{\"@context\":\"https:\/\/schema.org\",\"@graph\":[{\"@type\":\"WebPage\",\"@id\":\"https:\/\/dockedge.thinairweb.co\/fr\/produit\/chaines\/\",\"url\":\"https:\/\/dockedge.thinairweb.co\/fr\/produit\/chaines\/\",\"name\":\"CHA\u00ceNES - Dock Edge+\",\"isPartOf\":{\"@id\":\"https:\/\/dockedge.thinairweb.co\/fr\/#website\"},\"primaryImageOfPage\":{\"@id\":\"https:\/\/dockedge.thinairweb.co\/fr\/produit\/chaines\/#primaryimage\"},\"image\":{\"@id\":\"https:\/\/dockedge.thinairweb.co\/fr\/produit\/chaines\/#primaryimage\"},\"thumbnailUrl\":\"https:\/\/dockedge.thinairweb.co\/wp-content\/uploads\/sites\/3\/2023\/02\/chain.jpg\",\"datePublished\":\"2022-11-02T16:44:21+00:00\",\"breadcrumb\":{\"@id\":\"https:\/\/dockedge.thinairweb.co\/fr\/produit\/chaines\/#breadcrumb\"},\"inLanguage\":\"fr-FR\",\"potentialAction\":[{\"@type\":\"ReadAction\",\"target\":[\"https:\/\/dockedge.thinairweb.co\/fr\/produit\/chaines\/\"]}]},{\"@type\":\"ImageObject\",\"inLanguage\":\"fr-FR\",\"@id\":\"https:\/\/dockedge.thinairweb.co\/fr\/produit\/chaines\/#primaryimage\",\"url\":\"https:\/\/dockedge.thinairweb.co\/wp-content\/uploads\/sites\/3\/2023\/02\/chain.jpg\",\"contentUrl\":\"https:\/\/dockedge.thinairweb.co\/wp-content\/uploads\/sites\/3\/2023\/02\/chain.jpg\",\"width\":800,\"height\":749,\"caption\":\"Dock chain\"},{\"@type\":\"BreadcrumbList\",\"@id\":\"https:\/\/dockedge.thinairweb.co\/fr\/produit\/chaines\/#breadcrumb\",\"itemListElement\":[{\"@type\":\"ListItem\",\"position\":1,\"name\":\"Home\",\"item\":\"https:\/\/dockedge.thinairweb.co\/fr\/\"},{\"@type\":\"ListItem\",\"position\":2,\"name\":\"Boutique\",\"item\":\"https:\/\/dockedge.thinairweb.co\/fr\/boutique\/\"},{\"@type\":\"ListItem\",\"position\":3,\"name\":\"CHA\u00ceNES\"}]},{\"@type\":\"WebSite\",\"@id\":\"https:\/\/dockedge.thinairweb.co\/fr\/#website\",\"url\":\"https:\/\/dockedge.thinairweb.co\/fr\/\",\"name\":\"Dock Edge+\",\"description\":\"Your Dock. Your Way.\",\"potentialAction\":[{\"@type\":\"SearchAction\",\"target\":{\"@type\":\"EntryPoint\",\"urlTemplate\":\"https:\/\/dockedge.thinairweb.co\/fr\/?s={search_term_string}\"},\"query-input\":{\"@type\":\"PropertyValueSpecification\",\"valueRequired\":true,\"valueName\":\"search_term_string\"}}],\"inLanguage\":\"fr-FR\"}]}<\/script>\n<!-- \/ Yoast SEO plugin. -->","yoast_head_json":{"title":"CHA\u00ceNES - Dock Edge+","robots":{"index":"index","follow":"follow","max-snippet":"max-snippet:-1","max-image-preview":"max-image-preview:large","max-video-preview":"max-video-preview:-1"},"canonical":"https:\/\/dockedge.thinairweb.co\/fr\/produit\/chaines\/","og_locale":"fr_FR","og_type":"article","og_title":"CHA\u00ceNES - Dock Edge+","og_description":"CUP   R\u00e9sistance \u00e0 la rupture sup\u00e9rieure \u00e0 la classe 30  Finition galvanis\u00e9e \u00e0 chaud  Surface de soudage lisse  Disponible en f\u00fbts ou en caisses  Parfait pour ancrer votre quai","og_url":"https:\/\/dockedge.thinairweb.co\/fr\/produit\/chaines\/","og_site_name":"Dock Edge+","og_image":[{"width":800,"height":749,"url":"https:\/\/dockedge.thinairweb.co\/wp-content\/uploads\/sites\/3\/2023\/02\/chain.jpg","type":"image\/jpeg"}],"twitter_card":"summary_large_image","schema":{"@context":"https:\/\/schema.org","@graph":[{"@type":"WebPage","@id":"https:\/\/dockedge.thinairweb.co\/fr\/produit\/chaines\/","url":"https:\/\/dockedge.thinairweb.co\/fr\/produit\/chaines\/","name":"CHA\u00ceNES - Dock Edge+","isPartOf":{"@id":"https:\/\/dockedge.thinairweb.co\/fr\/#website"},"primaryImageOfPage":{"@id":"https:\/\/dockedge.thinairweb.co\/fr\/produit\/chaines\/#primaryimage"},"image":{"@id":"https:\/\/dockedge.thinairweb.co\/fr\/produit\/chaines\/#primaryimage"},"thumbnailUrl":"https:\/\/dockedge.thinairweb.co\/wp-content\/uploads\/sites\/3\/2023\/02\/chain.jpg","datePublished":"2022-11-02T16:44:21+00:00","breadcrumb":{"@id":"https:\/\/dockedge.thinairweb.co\/fr\/produit\/chaines\/#breadcrumb"},"inLanguage":"fr-FR","potentialAction":[{"@type":"ReadAction","target":["https:\/\/dockedge.thinairweb.co\/fr\/produit\/chaines\/"]}]},{"@type":"ImageObject","inLanguage":"fr-FR","@id":"https:\/\/dockedge.thinairweb.co\/fr\/produit\/chaines\/#primaryimage","url":"https:\/\/dockedge.thinairweb.co\/wp-content\/uploads\/sites\/3\/2023\/02\/chain.jpg","contentUrl":"https:\/\/dockedge.thinairweb.co\/wp-content\/uploads\/sites\/3\/2023\/02\/chain.jpg","width":800,"height":749,"caption":"Dock chain"},{"@type":"BreadcrumbList","@id":"https:\/\/dockedge.thinairweb.co\/fr\/produit\/chaines\/#breadcrumb","itemListElement":[{"@type":"ListItem","position":1,"name":"Home","item":"https:\/\/dockedge.thinairweb.co\/fr\/"},{"@type":"ListItem","position":2,"name":"Boutique","item":"https:\/\/dockedge.thinairweb.co\/fr\/boutique\/"},{"@type":"ListItem","position":3,"name":"CHA\u00ceNES"}]},{"@type":"WebSite","@id":"https:\/\/dockedge.thinairweb.co\/fr\/#website","url":"https:\/\/dockedge.thinairweb.co\/fr\/","name":"Dock Edge+","description":"Your Dock. Your Way.","potentialAction":[{"@type":"SearchAction","target":{"@type":"EntryPoint","urlTemplate":"https:\/\/dockedge.thinairweb.co\/fr\/?s={search_term_string}"},"query-input":{"@type":"PropertyValueSpecification","valueRequired":true,"valueName":"search_term_string"}}],"inLanguage":"fr-FR"}]}},"acf":[],"_links":{"self":[{"href":"https:\/\/dockedge.thinairweb.co\/fr\/wp-json\/wp\/v2\/product\/8510","targetHints":{"allow":["GET"]}}],"collection":[{"href":"https:\/\/dockedge.thinairweb.co\/fr\/wp-json\/wp\/v2\/product"}],"about":[{"href":"https:\/\/dockedge.thinairweb.co\/fr\/wp-json\/wp\/v2\/types\/product"}],"wp:featuredmedia":[{"embeddable":true,"href":"https:\/\/dockedge.thinairweb.co\/fr\/wp-json\/wp\/v2\/media\/7911"}],"wp:attachment":[{"href":"https:\/\/dockedge.thinairweb.co\/fr\/wp-json\/wp\/v2\/media?parent=8510"}],"wp:term":[{"taxonomy":"product_brand","embeddable":true,"href":"https:\/\/dockedge.thinairweb.co\/fr\/wp-json\/wp\/v2\/product_brand?post=8510"},{"taxonomy":"product_cat","embeddable":true,"href":"https:\/\/dockedge.thinairweb.co\/fr\/wp-json\/wp\/v2\/product_cat?post=8510"},{"taxonomy":"product_tag","embeddable":true,"href":"https:\/\/dockedge.thinairweb.co\/fr\/wp-json\/wp\/v2\/product_tag?post=8510"}],"curies":[{"name":"wp","href":"https:\/\/api.w.org\/{rel}","templated":true}]}}