{"id":8512,"date":"2025-07-21T15:04:27","date_gmt":"2025-07-21T15:04:27","guid":{"rendered":"https:\/\/dockedge.com\/product\/fouets-damarrage-supreme-ez-stow\/"},"modified":"2025-08-06T18:55:17","modified_gmt":"2025-08-06T18:55:17","slug":"fouets-damarrage-supreme-ez-stow","status":"publish","type":"product","link":"https:\/\/dockedge.thinairweb.co\/fr\/produit\/fouets-damarrage-supreme-ez-stow\/","title":{"rendered":"Fouets d&rsquo;amarrage Supreme EZ-Stow"},"content":{"rendered":"<p>DE3000FMFormation de la base du fouet, avec bouton en T<\/p>\n<table id=\"product-table\" border=\"0\" cellspacing=\"0\" cellpadding=\"15\">\n<tbody>\n<tr>\n<th>N\u00b0 de pi\u00e8ce<\/th>\n<th>Description<\/th>\n<\/tr>\n<tr>\n<td>DE3330F<\/td>\n<td>Fouet d&rsquo;amarrage 10&prime; (lot de 2) pour bateaux jusqu&rsquo;\u00e0 21 ft. ou 4000Lb<\/td>\n<\/tr>\n<\/tbody>\n<\/table>\n<p><script src=\"\/\/ui.powerreviews.com\/stable\/4.0\/ui.js\"><\/script><\/p>\n<p><script>\n  POWERREVIEWS.display.render({\n      api_key: 'fdb23d80-8310-4409-87f2-2ee20e24a743',\n      locale: 'en_US',\n      merchant_group_id: '78535',\n      merchant_id: '542114',\n      page_id: '3193',\n      review_wrapper_url: 'http:\/\/www.dockedge.com\/write-a-review\/?pr_page_id=___PAGE_ID___',\nstructured_data_product_id : 'https:\/\/www.dockedge.com\/product\/ezstow-mooring-whips\/',\nproduct:{\n        name: 'EZ-Stow Mooring Whips', \n        url: 'https:\/\/www.dockedge.com\/product\/ezstow-mooring-whips\/',\n        image_url: 'https:\/\/dockedge.com\/wp-content\/uploads\/sites\/3\/2025\/07\/EZStowWhips1.jpg',\n        description: 'Whip 10' Lines&Hdw 4000Lb',\n        category_name: 'Mooring',\n        manufacturer_id: 'DE3330F',\n        upc: '776113116425',\n        brand_name: 'DockEdge',\n        price: '',\n        in_stock: '',\nvariants: [{\n            name: 'DE3000F',\n            description: 'Mooring Whip Base c\/w T Knob Grey',\n            upc: '776113300022',\n            page_id_variant: '1',\n    }]\n    },\n      components: {\n    ReviewSnippet: 'pr-reviewsnippet',\n    ReviewDisplay: 'pr-reviewdisplay'\n      }\n    });\n  <\/script><\/p>\n<div id=\"pr-reviewdisplay\"><\/div>\n","protected":false},"excerpt":{"rendered":"<div id=\"pr-reviewsnippet\"><\/div>\n<p><b>CUP<\/b> <\/p>\n<ul>\n<li>Prot\u00e8ge les bateaux jusqu&rsquo;\u00e0 21&prime; dans les zones non mar\u00e9cageuses contre les dommages caus\u00e9s par le vent et le sillage.<\/li>\n<li>Stockage pr\u00eat pour la saison : Les fouets se d\u00e9montent rapidement pour un stockage compact hors saison.<\/li>\n<li>S\u00e9curit\u00e9 par action du ressort : Les fouets en fibre de verre fl\u00e9chissent pour maintenir votre bateau \u00e0 distance du quai en toute s\u00e9curit\u00e9.<\/li>\n<li>Construction durable : Tiges solides en fibre de verre envelopp\u00e9es d&rsquo;une triple couche de fibres crois\u00e9es pour r\u00e9sister aux UV, \u00e0 la chaleur et au froid.<\/li>\n<li>Installation d&rsquo;une seule main : Le tendeur unique permet d&rsquo;ajuster facilement la ligne.<\/li>\n<li>Kit complet : Comprend le mat\u00e9riel de montage et les lignes de ressorts.<\/li>\n<\/ul>\n<p>T\u00e9l\u00e9charger<a href=\"https:\/\/dockedge.com\/wp-content\/uploads\/sites\/3\/2025\/07\/EZStowWhip.pdf\">\u00ab\u00a0Instructions<\/a>\u00a0\u00bb<\/p>\n<p><img loading=\"lazy\" decoding=\"async\" class=\"alignnone size-medium wp-image-5505\" src=\"https:\/\/dockedge.com\/wp-content\/uploads\/sites\/3\/2025\/07\/mooring_charts_ez.png\" alt=\"\" width=\"1000\" height=\"236\"><\/p>\n","protected":false},"featured_media":8739,"template":"","meta":{"_acf_changed":false,"_et_pb_use_builder":"off","_et_pb_old_content":"<table id=\"product-table\" border=\"0\" cellspacing=\"0\" cellpadding=\"15\">\n<tbody>\n<tr>\n<th>N\u00b0 de pi\u00e8ce<\/th>\n<th>Description<\/th>\n<\/tr>\n<tr>\n<td>DE3100F<\/td>\n<td>8' Mooring Whip (set de 2) pour bateaux jusqu'\u00e0 18 ft. ou 2000Lb<\/td>\n<\/tr>\n<tr>\n<td>DE3120F<\/td>\n<td>Cravache d'amarrage 12' (jeu de 2) pour bateaux jusqu'\u00e0 23 ft. ou 4000Lb<\/td>\n<\/tr>\n<tr>\n<td>DE3000F<\/td>\n<td>Embase pour fouet d'amarrage, avec bouton en T<\/td>\n<\/tr>\n<tr>\n<td>DE3100RF<\/td>\n<td>Fouet de remplacement pour 3100<\/td>\n<\/tr>\n<tr>\n<td>DE3120RF<\/td>\n<td>Fouet de remplacement pour 3120<\/td>\n<\/tr>\n<tr>\n<td>DE3920WF<\/td>\n<td>Chapeau d'amarrage seulement, pour 3120<\/td>\n<\/tr>\n<tr>\n<td>DE3925WF<\/td>\n<td>Fouet d'amarrage fond seul, pour 3120<\/td>\n<\/tr>\n<\/tbody>\n<\/table>\n\n\n\n  POWERREVIEWS.display.render({\n  api_key: 'fdb23d80-8310-4409-87f2-2ee20e24a743',\n  locale : 'en_US',\n  merchant_group_id : '78535',\n  merchant_id : '542114',\n  page_id : '3193',\n  review_wrapper_url : 'http:\/\/www.dockedge.com\/write-a-review\/?pr_page_id=___PAGE_ID___',\nstructured_data_product_id : 'http:\/\/www.dockedge.com\/product\/economy-mooring-whips\/',\nproduit:{\n  nom : \"Economy Mooring Whips\",  \n  url : 'http:\/\/www.dockedge.com\/product\/economy-mooring-whips\/',\n  image_url : 'http:\/\/www.dockedge.com\/wp-content\/uploads\/sites\/3\/2018\/04\/3100-F.jpg',\n  description : 'Whip 8' Lines&Hdw 2000Lb Howell',\n  category_name : 'Mooring',\n  id_du_fabricant : 'DE3100F',\n  upc : '776113310007',\n  nom de marque : \"DockEdge\",\n  prix : '',\n  in_stock : '',\nvariantes : [{\n  nom : \"DE3120F\",\n  description : 'Whip 12' Lines&Hdw 4000Lb Howell',\n  upc : '776113312001',  \n  page_id_variant : '1',\n  },\n  {\n  nom : \"DE3000F\",\n  description : 'Mooring Whip Base c\/w T Knob Grey',\n  upc : '776113300022',\n  page_id_variant : \"2\",  \n  },\n  {\n  nom : \"DE3100RF\",\n  description : \"Fouet de remplacement (2000 Lb) 3100\",\n  upc : '776113310021',\n  page_id_variant : '3',  \n  },\n  {\n  nom : \"DE3120RF\",\n  description : \"Fouet de remplacement (4000 Lb) 3120\",\n  upc : '776113312025',\n  page_id_variant : '4',  \n  },\n  {\n  nom : \"DE3920WF\",\n  description : 'Mooring Whip Top 3120',\n  upc : '776113392027',\n  page_id_variant : '5',  \n  },\n  {\n  nom : \"DE3925WF\",\n  description : 'Mooring Whip Bottom 3120',\n  upc : '776113392522',  \n  page_id_variant : '6',\n  }]\n  },\n  les composants : {\n  ReviewSnippet : 'pr-reviewsnippet',\n  ReviewDisplay : \"pr-reviewdisplay\" (affichage de l'examen)\n  }\n  }) ;\n  \n<div id=\"pr-reviewdisplay\"><\/div>","_et_gb_content_width":""},"product_brand":[],"product_cat":[149],"product_tag":[],"class_list":{"0":"post-8512","1":"product","2":"type-product","3":"status-publish","4":"has-post-thumbnail","6":"product_cat-amarrage","8":"first","9":"instock","10":"shipping-taxable","11":"product-type-simple"},"yoast_head":"<!-- This site is optimized with the Yoast SEO plugin v27.0 - https:\/\/yoast.com\/product\/yoast-seo-wordpress\/ -->\n<title>Fouets d&#039;amarrage Supreme EZ-Stow - Dock Edge+<\/title>\n<meta name=\"robots\" content=\"index, follow, max-snippet:-1, max-image-preview:large, max-video-preview:-1\" \/>\n<link rel=\"canonical\" href=\"https:\/\/dockedge.thinairweb.co\/fr\/produit\/fouets-damarrage-supreme-ez-stow\/\" \/>\n<meta property=\"og:locale\" content=\"fr_FR\" \/>\n<meta property=\"og:type\" content=\"article\" \/>\n<meta property=\"og:title\" content=\"Fouets d&#039;amarrage Supreme EZ-Stow - Dock Edge+\" \/>\n<meta property=\"og:description\" content=\"CUP   Prot\u00e8ge les bateaux jusqu&#039;\u00e0 21&#039; dans les zones non mar\u00e9cageuses contre les dommages caus\u00e9s par le vent et le sillage.  Stockage pr\u00eat pour la saison : Les fouets se d\u00e9montent rapidement pour un stockage compact hors saison.  S\u00e9curit\u00e9 par action du ressort : Les fouets en fibre de verre fl\u00e9chissent pour maintenir votre bateau \u00e0 distance du quai en toute s\u00e9curit\u00e9.  Construction durable : Tiges solides en fibre de verre envelopp\u00e9es d&#039;une triple couche de fibres crois\u00e9es pour r\u00e9sister aux UV, \u00e0 la chaleur et au froid.  Installation d&#039;une seule main : Le tendeur unique permet d&#039;ajuster facilement la ligne.  Kit complet : Comprend le mat\u00e9riel de montage et les lignes de ressorts. T\u00e9l\u00e9charger&quot;Instructions&quot;\" \/>\n<meta property=\"og:url\" content=\"https:\/\/dockedge.thinairweb.co\/fr\/produit\/fouets-damarrage-supreme-ez-stow\/\" \/>\n<meta property=\"og:site_name\" content=\"Dock Edge+\" \/>\n<meta property=\"article:modified_time\" content=\"2025-08-06T18:55:17+00:00\" \/>\n<meta property=\"og:image\" content=\"https:\/\/dockedge.thinairweb.co\/wp-content\/uploads\/sites\/3\/2025\/08\/DE3330Fa.jpg\" \/>\n\t<meta property=\"og:image:width\" content=\"1000\" \/>\n\t<meta property=\"og:image:height\" content=\"667\" \/>\n\t<meta property=\"og:image:type\" content=\"image\/jpeg\" \/>\n<meta name=\"twitter:card\" content=\"summary_large_image\" \/>\n<script type=\"application\/ld+json\" class=\"yoast-schema-graph\">{\"@context\":\"https:\/\/schema.org\",\"@graph\":[{\"@type\":\"WebPage\",\"@id\":\"https:\/\/dockedge.thinairweb.co\/fr\/produit\/fouets-damarrage-supreme-ez-stow\/\",\"url\":\"https:\/\/dockedge.thinairweb.co\/fr\/produit\/fouets-damarrage-supreme-ez-stow\/\",\"name\":\"Fouets d'amarrage Supreme EZ-Stow - Dock Edge+\",\"isPartOf\":{\"@id\":\"https:\/\/dockedge.thinairweb.co\/fr\/#website\"},\"primaryImageOfPage\":{\"@id\":\"https:\/\/dockedge.thinairweb.co\/fr\/produit\/fouets-damarrage-supreme-ez-stow\/#primaryimage\"},\"image\":{\"@id\":\"https:\/\/dockedge.thinairweb.co\/fr\/produit\/fouets-damarrage-supreme-ez-stow\/#primaryimage\"},\"thumbnailUrl\":\"https:\/\/dockedge.thinairweb.co\/wp-content\/uploads\/sites\/3\/2025\/08\/DE3330Fa.jpg\",\"datePublished\":\"2025-07-21T15:04:27+00:00\",\"dateModified\":\"2025-08-06T18:55:17+00:00\",\"breadcrumb\":{\"@id\":\"https:\/\/dockedge.thinairweb.co\/fr\/produit\/fouets-damarrage-supreme-ez-stow\/#breadcrumb\"},\"inLanguage\":\"fr-FR\",\"potentialAction\":[{\"@type\":\"ReadAction\",\"target\":[\"https:\/\/dockedge.thinairweb.co\/fr\/produit\/fouets-damarrage-supreme-ez-stow\/\"]}]},{\"@type\":\"ImageObject\",\"inLanguage\":\"fr-FR\",\"@id\":\"https:\/\/dockedge.thinairweb.co\/fr\/produit\/fouets-damarrage-supreme-ez-stow\/#primaryimage\",\"url\":\"https:\/\/dockedge.thinairweb.co\/wp-content\/uploads\/sites\/3\/2025\/08\/DE3330Fa.jpg\",\"contentUrl\":\"https:\/\/dockedge.thinairweb.co\/wp-content\/uploads\/sites\/3\/2025\/08\/DE3330Fa.jpg\",\"width\":1000,\"height\":667,\"caption\":\"Supreme EZ-Stow Mooring Whips\"},{\"@type\":\"BreadcrumbList\",\"@id\":\"https:\/\/dockedge.thinairweb.co\/fr\/produit\/fouets-damarrage-supreme-ez-stow\/#breadcrumb\",\"itemListElement\":[{\"@type\":\"ListItem\",\"position\":1,\"name\":\"Home\",\"item\":\"https:\/\/dockedge.thinairweb.co\/fr\/\"},{\"@type\":\"ListItem\",\"position\":2,\"name\":\"Boutique\",\"item\":\"https:\/\/dockedge.thinairweb.co\/fr\/boutique\/\"},{\"@type\":\"ListItem\",\"position\":3,\"name\":\"Fouets d&rsquo;amarrage Supreme EZ-Stow\"}]},{\"@type\":\"WebSite\",\"@id\":\"https:\/\/dockedge.thinairweb.co\/fr\/#website\",\"url\":\"https:\/\/dockedge.thinairweb.co\/fr\/\",\"name\":\"Dock Edge+\",\"description\":\"Your Dock. Your Way.\",\"potentialAction\":[{\"@type\":\"SearchAction\",\"target\":{\"@type\":\"EntryPoint\",\"urlTemplate\":\"https:\/\/dockedge.thinairweb.co\/fr\/?s={search_term_string}\"},\"query-input\":{\"@type\":\"PropertyValueSpecification\",\"valueRequired\":true,\"valueName\":\"search_term_string\"}}],\"inLanguage\":\"fr-FR\"}]}<\/script>\n<!-- \/ Yoast SEO plugin. -->","yoast_head_json":{"title":"Fouets d'amarrage Supreme EZ-Stow - Dock Edge+","robots":{"index":"index","follow":"follow","max-snippet":"max-snippet:-1","max-image-preview":"max-image-preview:large","max-video-preview":"max-video-preview:-1"},"canonical":"https:\/\/dockedge.thinairweb.co\/fr\/produit\/fouets-damarrage-supreme-ez-stow\/","og_locale":"fr_FR","og_type":"article","og_title":"Fouets d'amarrage Supreme EZ-Stow - Dock Edge+","og_description":"CUP   Prot\u00e8ge les bateaux jusqu'\u00e0 21' dans les zones non mar\u00e9cageuses contre les dommages caus\u00e9s par le vent et le sillage.  Stockage pr\u00eat pour la saison : Les fouets se d\u00e9montent rapidement pour un stockage compact hors saison.  S\u00e9curit\u00e9 par action du ressort : Les fouets en fibre de verre fl\u00e9chissent pour maintenir votre bateau \u00e0 distance du quai en toute s\u00e9curit\u00e9.  Construction durable : Tiges solides en fibre de verre envelopp\u00e9es d'une triple couche de fibres crois\u00e9es pour r\u00e9sister aux UV, \u00e0 la chaleur et au froid.  Installation d'une seule main : Le tendeur unique permet d'ajuster facilement la ligne.  Kit complet : Comprend le mat\u00e9riel de montage et les lignes de ressorts. T\u00e9l\u00e9charger\"Instructions\"","og_url":"https:\/\/dockedge.thinairweb.co\/fr\/produit\/fouets-damarrage-supreme-ez-stow\/","og_site_name":"Dock Edge+","article_modified_time":"2025-08-06T18:55:17+00:00","og_image":[{"width":1000,"height":667,"url":"https:\/\/dockedge.thinairweb.co\/wp-content\/uploads\/sites\/3\/2025\/08\/DE3330Fa.jpg","type":"image\/jpeg"}],"twitter_card":"summary_large_image","schema":{"@context":"https:\/\/schema.org","@graph":[{"@type":"WebPage","@id":"https:\/\/dockedge.thinairweb.co\/fr\/produit\/fouets-damarrage-supreme-ez-stow\/","url":"https:\/\/dockedge.thinairweb.co\/fr\/produit\/fouets-damarrage-supreme-ez-stow\/","name":"Fouets d'amarrage Supreme EZ-Stow - Dock Edge+","isPartOf":{"@id":"https:\/\/dockedge.thinairweb.co\/fr\/#website"},"primaryImageOfPage":{"@id":"https:\/\/dockedge.thinairweb.co\/fr\/produit\/fouets-damarrage-supreme-ez-stow\/#primaryimage"},"image":{"@id":"https:\/\/dockedge.thinairweb.co\/fr\/produit\/fouets-damarrage-supreme-ez-stow\/#primaryimage"},"thumbnailUrl":"https:\/\/dockedge.thinairweb.co\/wp-content\/uploads\/sites\/3\/2025\/08\/DE3330Fa.jpg","datePublished":"2025-07-21T15:04:27+00:00","dateModified":"2025-08-06T18:55:17+00:00","breadcrumb":{"@id":"https:\/\/dockedge.thinairweb.co\/fr\/produit\/fouets-damarrage-supreme-ez-stow\/#breadcrumb"},"inLanguage":"fr-FR","potentialAction":[{"@type":"ReadAction","target":["https:\/\/dockedge.thinairweb.co\/fr\/produit\/fouets-damarrage-supreme-ez-stow\/"]}]},{"@type":"ImageObject","inLanguage":"fr-FR","@id":"https:\/\/dockedge.thinairweb.co\/fr\/produit\/fouets-damarrage-supreme-ez-stow\/#primaryimage","url":"https:\/\/dockedge.thinairweb.co\/wp-content\/uploads\/sites\/3\/2025\/08\/DE3330Fa.jpg","contentUrl":"https:\/\/dockedge.thinairweb.co\/wp-content\/uploads\/sites\/3\/2025\/08\/DE3330Fa.jpg","width":1000,"height":667,"caption":"Supreme EZ-Stow Mooring Whips"},{"@type":"BreadcrumbList","@id":"https:\/\/dockedge.thinairweb.co\/fr\/produit\/fouets-damarrage-supreme-ez-stow\/#breadcrumb","itemListElement":[{"@type":"ListItem","position":1,"name":"Home","item":"https:\/\/dockedge.thinairweb.co\/fr\/"},{"@type":"ListItem","position":2,"name":"Boutique","item":"https:\/\/dockedge.thinairweb.co\/fr\/boutique\/"},{"@type":"ListItem","position":3,"name":"Fouets d&rsquo;amarrage Supreme EZ-Stow"}]},{"@type":"WebSite","@id":"https:\/\/dockedge.thinairweb.co\/fr\/#website","url":"https:\/\/dockedge.thinairweb.co\/fr\/","name":"Dock Edge+","description":"Your Dock. Your Way.","potentialAction":[{"@type":"SearchAction","target":{"@type":"EntryPoint","urlTemplate":"https:\/\/dockedge.thinairweb.co\/fr\/?s={search_term_string}"},"query-input":{"@type":"PropertyValueSpecification","valueRequired":true,"valueName":"search_term_string"}}],"inLanguage":"fr-FR"}]}},"acf":[],"_links":{"self":[{"href":"https:\/\/dockedge.thinairweb.co\/fr\/wp-json\/wp\/v2\/product\/8512","targetHints":{"allow":["GET"]}}],"collection":[{"href":"https:\/\/dockedge.thinairweb.co\/fr\/wp-json\/wp\/v2\/product"}],"about":[{"href":"https:\/\/dockedge.thinairweb.co\/fr\/wp-json\/wp\/v2\/types\/product"}],"wp:featuredmedia":[{"embeddable":true,"href":"https:\/\/dockedge.thinairweb.co\/fr\/wp-json\/wp\/v2\/media\/8739"}],"wp:attachment":[{"href":"https:\/\/dockedge.thinairweb.co\/fr\/wp-json\/wp\/v2\/media?parent=8512"}],"wp:term":[{"taxonomy":"product_brand","embeddable":true,"href":"https:\/\/dockedge.thinairweb.co\/fr\/wp-json\/wp\/v2\/product_brand?post=8512"},{"taxonomy":"product_cat","embeddable":true,"href":"https:\/\/dockedge.thinairweb.co\/fr\/wp-json\/wp\/v2\/product_cat?post=8512"},{"taxonomy":"product_tag","embeddable":true,"href":"https:\/\/dockedge.thinairweb.co\/fr\/wp-json\/wp\/v2\/product_tag?post=8512"}],"curies":[{"name":"wp","href":"https:\/\/api.w.org\/{rel}","templated":true}]}}