{"id":8513,"date":"2022-05-11T20:41:35","date_gmt":"2022-05-11T20:41:35","guid":{"rendered":"https:\/\/dockedge.com\/product\/amarres-a-double-tresse\/"},"modified":"2022-05-11T20:41:35","modified_gmt":"2022-05-11T20:41:35","slug":"amarres-a-double-tresse","status":"publish","type":"product","link":"https:\/\/dockedge.thinairweb.co\/fr\/produit\/amarres-a-double-tresse\/","title":{"rendered":"Amarres \u00e0 double tresse"},"content":{"rendered":"<table id=\"product-table\" cellpadding=\"15\" cellspacing=\"0\" border=\"0\">\n<tbody>\n<tr>\n<th>N\u00b0 de pi\u00e8ce<\/th>\n<th>Description<\/th>\n<\/tr>\n<tr>\n<td>DE917111F<\/td>\n<td>Amarre de quai en nylon 3\/8&Prime; x 15&prime;, blanc<\/td>\n<\/tr>\n<tr>\n<td>DE917116F<\/td>\n<td>Ligne de quai en nylon 3\/8&Prime; x 15&prime;, noir<\/td>\n<\/tr>\n<tr>\n<td>DE917131F<\/td>\n<td>Amarre de quai en nylon 3\/8&Prime; x 20&prime;, blanc<\/td>\n<\/tr>\n<tr>\n<td>DE917311F<\/td>\n<td>Amarre de quai en nylon 1\/2&Prime; x 15&prime;, blanc<\/td>\n<\/tr>\n<tr>\n<td>DE917316F<\/td>\n<td>Ligne de quai en nylon 1\/2&Prime; x 15&prime;, noir<\/td>\n<\/tr>\n<tr>\n<td>DE917331F<\/td>\n<td>Amarre de quai en nylon 1\/2&Prime; x 20&prime;, blanc<\/td>\n<\/tr>\n<tr>\n<td>DE917336F<\/td>\n<td>Ligne de quai en nylon 1\/2&Prime; x 20&prime;, noir<\/td>\n<\/tr>\n<tr>\n<td>DE917531F<\/td>\n<td>Amarre de quai en nylon 5\/8&Prime; x 20&prime;, blanc<\/td>\n<\/tr>\n<tr>\n<td>DE917551F<\/td>\n<td>Amarre de quai en nylon 5\/8&Prime; x 25&prime;, blanc<\/td>\n<\/tr>\n<tr>\n<td>DE917556F<\/td>\n<td>Amarre de quai en nylon 5\/8&Prime; x 25&prime;, noir<\/td>\n<\/tr>\n<\/tbody>\n<\/table>\n<p><script src=\"\/\/ui.powerreviews.com\/stable\/4.0\/ui.js\"><\/script><\/p>\n<p><script>\n  POWERREVIEWS.display.render({\n      api_key: 'fdb23d80-8310-4409-87f2-2ee20e24a743',\n      locale: 'en_US',\n      merchant_group_id: '78535',\n      merchant_id: '542114',\n      page_id: '3113',\n      review_wrapper_url: 'http:\/\/www.dockedge.com\/write-a-review\/?pr_page_id=___PAGE_ID___',\nstructured_data_product_id : 'http:\/\/www.dockedge.com\/product\/double-braid-dock-lines\/',\nproduct:{\n        name: 'Double Braid Dock Lines', \n        url: 'http:\/\/www.dockedge.com\/product\/double-braid-dock-lines\/',\n        image_url: 'https:\/\/dockedge.com\/wp-content\/uploads\/sites\/3\/2022\/05\/dockline_W.jpg',\n        description: 'DockLine 3\/8\"x15' WH Dbl Braid Nylon',\n        category_name: 'Boat Accessories',\n        manufacturer_id: 'DE917111F',\n        upc: '776113621691',\n        brand_name: 'DockEdge',\n        price: '<your_product_price>',\n        in_stock: '<product_in_stock_status>',\n        variants: [{\n            name: 'DE917116F',\n            description: 'DockLine 3\/8\"x15' BK Dbl Braid Nylon',\n            upc: '776113621707',\t\n            page_id_variant: '1',\n        },\n        {\n            name: 'DE917131F',\n            description: 'DockLine 3\/8\"x20' WH Dbl Braid Nylon',\n            upc: '776113994405',\n            page_id_variant: '2',  \n        },\n        {\n            name: 'DE917311F',\n            description: 'DockLine 1\/2\"x15' WH Dbl Braid Nylon',\n            upc: '776113621714',\n            page_id_variant: '3',   \n        },\n        {\n            name: 'DE917316F',\n            description: 'DockLine 1\/2\"x15' BK Dbl Braid Nylon',\n\t\t    upc: '776113621721',\t\n            page_id_variant: '4',\n        },\n        {\n            name: 'DE917331F',\n            description: 'DockLine 1\/2\"x20' WH Dbl Braid Nylon',\n            upc: '776113621738',\n            page_id_variant: '5',  \n        },\n        {\n            name: 'DE917336F',\n            description: 'DockLine 1\/2\"x20' BK Dbl Braid Nylon',\n            upc: '776113621745',\n            page_id_variant: '6',   \n        },        {\n            name: 'DE917531F',\n            description: 'DockLine 5\/8\"x20' WH Dbl Braid Nylon',\n            upc: '776113621752',\n            page_id_variant: '7',  \n        },\n        {\n            name: 'DE917551F',\n            description: 'DockLine 5\/8\"x25' WH Dbl Braid Nylon',\n            upc: '776113621769',\n            page_id_variant: '8',   \n        },\n        {\n            name: 'DE917556F',\n            description: 'DockLine 5\/8\"x25' BK Dbl Braid Nylon',\n\t    upc: '776113621776',\t\n            page_id_variant: '9',\n    }]\n    },\n      components: {\n    ReviewSnippet: 'pr-reviewsnippet',\n    ReviewDisplay: 'pr-reviewdisplay'\n      }\n    });\n  <\/script><\/p>\n<div id=\"pr-reviewdisplay\"><\/div>\n","protected":false},"excerpt":{"rendered":"<div id=\"pr-reviewsnippet\"><\/div>\n<p><b>CUP<\/b> <br \/>\nLes lignes de quai en nylon Dock Edge sont dot\u00e9es d&rsquo;un rev\u00eatement r\u00e9sistant \u00e0 l&rsquo;eau afin d&rsquo;\u00e9viter toute perte de r\u00e9sistance dans des conditions humides. Une torsion plus importante des fils et des torons permet d&rsquo;obtenir un c\u00e2ble plus dense, plus rond, plus r\u00e9sistant \u00e0 l&rsquo;abrasion et moins susceptible de s&rsquo;accrocher. La fabrication contr\u00f4l\u00e9e garantit une ligne bien \u00e9quilibr\u00e9e, sans torsion et qui ne se d\u00e9fera pas sous une charge lourde.  <\/p>\n<p>Sp\u00e9cifications des raccords \u00e0 \u0153il :<br \/>\n3\/8 in x 10 ft : 12&Prime; (305 mm) ;<br \/>\n1\/2 in x 10 ft &#8211; 1\/2 in x 30 ft : 12&Prime; (305 mm) ;<br \/>\n5\/8 in x 15 ft &#8211; 5\/8 in x 35 ft : 15&Prime; (381 mm).<\/p>\n<p>Veuillez v\u00e9rifier les sp\u00e9cifications du fabricant avant utilisation.<\/p>\n","protected":false},"featured_media":7846,"template":"","meta":{"_acf_changed":false,"_et_pb_use_builder":"","_et_pb_old_content":"","_et_gb_content_width":""},"product_brand":[],"product_cat":[172],"product_tag":[],"class_list":{"0":"post-8513","1":"product","2":"type-product","3":"status-publish","4":"has-post-thumbnail","6":"product_cat-accessoires-pour-bateaux","8":"first","9":"instock","10":"shipping-taxable","11":"product-type-simple"},"yoast_head":"<!-- This site is optimized with the Yoast SEO plugin v27.0 - https:\/\/yoast.com\/product\/yoast-seo-wordpress\/ -->\n<title>Amarres \u00e0 double tresse - Dock Edge+<\/title>\n<meta name=\"robots\" content=\"index, follow, max-snippet:-1, max-image-preview:large, max-video-preview:-1\" \/>\n<link rel=\"canonical\" href=\"https:\/\/dockedge.thinairweb.co\/fr\/produit\/amarres-a-double-tresse\/\" \/>\n<meta property=\"og:locale\" content=\"fr_FR\" \/>\n<meta property=\"og:type\" content=\"article\" \/>\n<meta property=\"og:title\" content=\"Amarres \u00e0 double tresse - Dock Edge+\" \/>\n<meta property=\"og:description\" content=\"CUP Les lignes de quai en nylon Dock Edge sont dot\u00e9es d&#039;un rev\u00eatement r\u00e9sistant \u00e0 l&#039;eau afin d&#039;\u00e9viter toute perte de r\u00e9sistance dans des conditions humides. Une torsion plus importante des fils et des torons permet d&#039;obtenir un c\u00e2ble plus dense, plus rond, plus r\u00e9sistant \u00e0 l&#039;abrasion et moins susceptible de s&#039;accrocher. La fabrication contr\u00f4l\u00e9e garantit une ligne bien \u00e9quilibr\u00e9e, sans torsion et qui ne se d\u00e9fera pas sous une charge lourde.  Sp\u00e9cifications des raccords \u00e0 \u0153il : 3\/8 in x 10 ft : 12&quot; (305 mm) ; 1\/2 in x 10 ft - 1\/2 in x 30 ft : 12&quot; (305 mm) ; 5\/8 in x 15 ft - 5\/8 in x 35 ft : 15&quot; (381 mm). Veuillez v\u00e9rifier les sp\u00e9cifications du fabricant avant utilisation.\" \/>\n<meta property=\"og:url\" content=\"https:\/\/dockedge.thinairweb.co\/fr\/produit\/amarres-a-double-tresse\/\" \/>\n<meta property=\"og:site_name\" content=\"Dock Edge+\" \/>\n<meta property=\"og:image\" content=\"https:\/\/dockedge.thinairweb.co\/wp-content\/uploads\/sites\/3\/2022\/05\/dockline_W.jpg\" \/>\n\t<meta property=\"og:image:width\" content=\"700\" \/>\n\t<meta property=\"og:image:height\" content=\"700\" \/>\n\t<meta property=\"og:image:type\" content=\"image\/jpeg\" \/>\n<meta name=\"twitter:card\" content=\"summary_large_image\" \/>\n<meta name=\"twitter:label1\" content=\"Dur\u00e9e de lecture estim\u00e9e\" \/>\n\t<meta name=\"twitter:data1\" content=\"1 minute\" \/>\n<script type=\"application\/ld+json\" class=\"yoast-schema-graph\">{\"@context\":\"https:\/\/schema.org\",\"@graph\":[{\"@type\":\"WebPage\",\"@id\":\"https:\/\/dockedge.thinairweb.co\/fr\/produit\/amarres-a-double-tresse\/\",\"url\":\"https:\/\/dockedge.thinairweb.co\/fr\/produit\/amarres-a-double-tresse\/\",\"name\":\"Amarres \u00e0 double tresse - Dock Edge+\",\"isPartOf\":{\"@id\":\"https:\/\/dockedge.thinairweb.co\/fr\/#website\"},\"primaryImageOfPage\":{\"@id\":\"https:\/\/dockedge.thinairweb.co\/fr\/produit\/amarres-a-double-tresse\/#primaryimage\"},\"image\":{\"@id\":\"https:\/\/dockedge.thinairweb.co\/fr\/produit\/amarres-a-double-tresse\/#primaryimage\"},\"thumbnailUrl\":\"https:\/\/dockedge.thinairweb.co\/wp-content\/uploads\/sites\/3\/2022\/05\/dockline_W.jpg\",\"datePublished\":\"2022-05-11T20:41:35+00:00\",\"breadcrumb\":{\"@id\":\"https:\/\/dockedge.thinairweb.co\/fr\/produit\/amarres-a-double-tresse\/#breadcrumb\"},\"inLanguage\":\"fr-FR\",\"potentialAction\":[{\"@type\":\"ReadAction\",\"target\":[\"https:\/\/dockedge.thinairweb.co\/fr\/produit\/amarres-a-double-tresse\/\"]}]},{\"@type\":\"ImageObject\",\"inLanguage\":\"fr-FR\",\"@id\":\"https:\/\/dockedge.thinairweb.co\/fr\/produit\/amarres-a-double-tresse\/#primaryimage\",\"url\":\"https:\/\/dockedge.thinairweb.co\/wp-content\/uploads\/sites\/3\/2022\/05\/dockline_W.jpg\",\"contentUrl\":\"https:\/\/dockedge.thinairweb.co\/wp-content\/uploads\/sites\/3\/2022\/05\/dockline_W.jpg\",\"width\":700,\"height\":700,\"caption\":\"Dock line in white\"},{\"@type\":\"BreadcrumbList\",\"@id\":\"https:\/\/dockedge.thinairweb.co\/fr\/produit\/amarres-a-double-tresse\/#breadcrumb\",\"itemListElement\":[{\"@type\":\"ListItem\",\"position\":1,\"name\":\"Home\",\"item\":\"https:\/\/dockedge.thinairweb.co\/fr\/\"},{\"@type\":\"ListItem\",\"position\":2,\"name\":\"Boutique\",\"item\":\"https:\/\/dockedge.thinairweb.co\/fr\/boutique\/\"},{\"@type\":\"ListItem\",\"position\":3,\"name\":\"Amarres \u00e0 double tresse\"}]},{\"@type\":\"WebSite\",\"@id\":\"https:\/\/dockedge.thinairweb.co\/fr\/#website\",\"url\":\"https:\/\/dockedge.thinairweb.co\/fr\/\",\"name\":\"Dock Edge+\",\"description\":\"Your Dock. Your Way.\",\"potentialAction\":[{\"@type\":\"SearchAction\",\"target\":{\"@type\":\"EntryPoint\",\"urlTemplate\":\"https:\/\/dockedge.thinairweb.co\/fr\/?s={search_term_string}\"},\"query-input\":{\"@type\":\"PropertyValueSpecification\",\"valueRequired\":true,\"valueName\":\"search_term_string\"}}],\"inLanguage\":\"fr-FR\"}]}<\/script>\n<!-- \/ Yoast SEO plugin. -->","yoast_head_json":{"title":"Amarres \u00e0 double tresse - Dock Edge+","robots":{"index":"index","follow":"follow","max-snippet":"max-snippet:-1","max-image-preview":"max-image-preview:large","max-video-preview":"max-video-preview:-1"},"canonical":"https:\/\/dockedge.thinairweb.co\/fr\/produit\/amarres-a-double-tresse\/","og_locale":"fr_FR","og_type":"article","og_title":"Amarres \u00e0 double tresse - Dock Edge+","og_description":"CUP Les lignes de quai en nylon Dock Edge sont dot\u00e9es d'un rev\u00eatement r\u00e9sistant \u00e0 l'eau afin d'\u00e9viter toute perte de r\u00e9sistance dans des conditions humides. Une torsion plus importante des fils et des torons permet d'obtenir un c\u00e2ble plus dense, plus rond, plus r\u00e9sistant \u00e0 l'abrasion et moins susceptible de s'accrocher. La fabrication contr\u00f4l\u00e9e garantit une ligne bien \u00e9quilibr\u00e9e, sans torsion et qui ne se d\u00e9fera pas sous une charge lourde.  Sp\u00e9cifications des raccords \u00e0 \u0153il : 3\/8 in x 10 ft : 12\" (305 mm) ; 1\/2 in x 10 ft - 1\/2 in x 30 ft : 12\" (305 mm) ; 5\/8 in x 15 ft - 5\/8 in x 35 ft : 15\" (381 mm). Veuillez v\u00e9rifier les sp\u00e9cifications du fabricant avant utilisation.","og_url":"https:\/\/dockedge.thinairweb.co\/fr\/produit\/amarres-a-double-tresse\/","og_site_name":"Dock Edge+","og_image":[{"width":700,"height":700,"url":"https:\/\/dockedge.thinairweb.co\/wp-content\/uploads\/sites\/3\/2022\/05\/dockline_W.jpg","type":"image\/jpeg"}],"twitter_card":"summary_large_image","twitter_misc":{"Dur\u00e9e de lecture estim\u00e9e":"1 minute"},"schema":{"@context":"https:\/\/schema.org","@graph":[{"@type":"WebPage","@id":"https:\/\/dockedge.thinairweb.co\/fr\/produit\/amarres-a-double-tresse\/","url":"https:\/\/dockedge.thinairweb.co\/fr\/produit\/amarres-a-double-tresse\/","name":"Amarres \u00e0 double tresse - Dock Edge+","isPartOf":{"@id":"https:\/\/dockedge.thinairweb.co\/fr\/#website"},"primaryImageOfPage":{"@id":"https:\/\/dockedge.thinairweb.co\/fr\/produit\/amarres-a-double-tresse\/#primaryimage"},"image":{"@id":"https:\/\/dockedge.thinairweb.co\/fr\/produit\/amarres-a-double-tresse\/#primaryimage"},"thumbnailUrl":"https:\/\/dockedge.thinairweb.co\/wp-content\/uploads\/sites\/3\/2022\/05\/dockline_W.jpg","datePublished":"2022-05-11T20:41:35+00:00","breadcrumb":{"@id":"https:\/\/dockedge.thinairweb.co\/fr\/produit\/amarres-a-double-tresse\/#breadcrumb"},"inLanguage":"fr-FR","potentialAction":[{"@type":"ReadAction","target":["https:\/\/dockedge.thinairweb.co\/fr\/produit\/amarres-a-double-tresse\/"]}]},{"@type":"ImageObject","inLanguage":"fr-FR","@id":"https:\/\/dockedge.thinairweb.co\/fr\/produit\/amarres-a-double-tresse\/#primaryimage","url":"https:\/\/dockedge.thinairweb.co\/wp-content\/uploads\/sites\/3\/2022\/05\/dockline_W.jpg","contentUrl":"https:\/\/dockedge.thinairweb.co\/wp-content\/uploads\/sites\/3\/2022\/05\/dockline_W.jpg","width":700,"height":700,"caption":"Dock line in white"},{"@type":"BreadcrumbList","@id":"https:\/\/dockedge.thinairweb.co\/fr\/produit\/amarres-a-double-tresse\/#breadcrumb","itemListElement":[{"@type":"ListItem","position":1,"name":"Home","item":"https:\/\/dockedge.thinairweb.co\/fr\/"},{"@type":"ListItem","position":2,"name":"Boutique","item":"https:\/\/dockedge.thinairweb.co\/fr\/boutique\/"},{"@type":"ListItem","position":3,"name":"Amarres \u00e0 double tresse"}]},{"@type":"WebSite","@id":"https:\/\/dockedge.thinairweb.co\/fr\/#website","url":"https:\/\/dockedge.thinairweb.co\/fr\/","name":"Dock Edge+","description":"Your Dock. Your Way.","potentialAction":[{"@type":"SearchAction","target":{"@type":"EntryPoint","urlTemplate":"https:\/\/dockedge.thinairweb.co\/fr\/?s={search_term_string}"},"query-input":{"@type":"PropertyValueSpecification","valueRequired":true,"valueName":"search_term_string"}}],"inLanguage":"fr-FR"}]}},"acf":[],"_links":{"self":[{"href":"https:\/\/dockedge.thinairweb.co\/fr\/wp-json\/wp\/v2\/product\/8513","targetHints":{"allow":["GET"]}}],"collection":[{"href":"https:\/\/dockedge.thinairweb.co\/fr\/wp-json\/wp\/v2\/product"}],"about":[{"href":"https:\/\/dockedge.thinairweb.co\/fr\/wp-json\/wp\/v2\/types\/product"}],"wp:featuredmedia":[{"embeddable":true,"href":"https:\/\/dockedge.thinairweb.co\/fr\/wp-json\/wp\/v2\/media\/7846"}],"wp:attachment":[{"href":"https:\/\/dockedge.thinairweb.co\/fr\/wp-json\/wp\/v2\/media?parent=8513"}],"wp:term":[{"taxonomy":"product_brand","embeddable":true,"href":"https:\/\/dockedge.thinairweb.co\/fr\/wp-json\/wp\/v2\/product_brand?post=8513"},{"taxonomy":"product_cat","embeddable":true,"href":"https:\/\/dockedge.thinairweb.co\/fr\/wp-json\/wp\/v2\/product_cat?post=8513"},{"taxonomy":"product_tag","embeddable":true,"href":"https:\/\/dockedge.thinairweb.co\/fr\/wp-json\/wp\/v2\/product_tag?post=8513"}],"curies":[{"name":"wp","href":"https:\/\/api.w.org\/{rel}","templated":true}]}}