{"id":8514,"date":"2018-04-19T02:06:51","date_gmt":"2018-04-19T02:06:51","guid":{"rendered":"https:\/\/dockedge.com\/product\/couvercles-dailes\/"},"modified":"2025-07-29T13:15:08","modified_gmt":"2025-07-29T13:15:08","slug":"couvercles-dailes","status":"publish","type":"product","link":"https:\/\/dockedge.thinairweb.co\/fr\/produit\/couvercles-dailes\/","title":{"rendered":"Couvercles d&rsquo;ailes"},"content":{"rendered":"<p>[et_pb_section fb_built=\u00a0\u00bb1&Prime; _builder_version=\u00a0\u00bb4.16&Prime; custom_padding=\u00a0\u00bb0px||||false|false\u00a0\u00bb global_colors_info=\u00a0\u00bb{}\u00a0\u00bb][et_pb_row _builder_version=\u00a0\u00bb4.16&Prime; background_size=\u00a0\u00bbinitial\u00a0\u00bb background_position=\u00a0\u00bbtop_left\u00a0\u00bb background_repeat=\u00a0\u00bbrepeat\u00a0\u00bb width=\u00a0\u00bb100%\u00a0\u00bb custom_padding=\u00a0\u00bb0px||0px||false|false\u00a0\u00bb global_colors_info=\u00a0\u00bb{}\u00a0\u00bb][et_pb_column type=\u00a0\u00bb4_4&Prime; _builder_version=\u00a0\u00bb4.16&Prime; custom_padding=\u00a0\u00bb|||\u00a0\u00bb global_colors_info=\u00a0\u00bb{}\u00a0\u00bb custom_padding__hover=\u00a0\u00bb|||\u00a0\u00bb][et_pb_wc_breadcrumb _builder_version=\u00a0\u00bb4.16&Prime; global_colors_info=\u00a0\u00bb{}\u00a0\u00bb][\/et_pb_wc_breadcrumb][et_pb_wc_cart_notice _builder_version=\u00a0\u00bb4.16&Prime; global_colors_info=\u00a0\u00bb{}\u00a0\u00bb][\/et_pb_wc_cart_notice][\/et_pb_column][\/et_pb_row][et_pb_row _builder_version=\u00a0\u00bb4.16&Prime; background_size=\u00a0\u00bbinitial\u00a0\u00bb background_position=\u00a0\u00bbtop_left\u00a0\u00bb background_repeat=\u00a0\u00bbrepeat\u00a0\u00bb width=\u00a0\u00bb100%\u00a0\u00bb custom_padding=\u00a0\u00bb0px||||false|false\u00a0\u00bb global_colors_info=\u00a0\u00bb{}\u00a0\u00bb column_structure=\u00a0\u00bb1_2,1_2&Prime;][et_pb_column type=\u00a0\u00bb1_2&Prime; _builder_version=\u00a0\u00bb4.16&Prime; custom_padding=\u00a0\u00bb|||\u00a0\u00bb global_colors_info=\u00a0\u00bb{}\u00a0\u00bb custom_padding__hover=\u00a0\u00bb|||\u00a0\u00bb][et_pb_wc_images _builder_version=\u00a0\u00bb4.16&Prime; global_colors_info=\u00a0\u00bb{}\u00a0\u00bb][\/et_pb_wc_images][\/et_pb_column][et_pb_column type=\u00a0\u00bb1_2&Prime; _builder_version=\u00a0\u00bb4.16&Prime; custom_padding=\u00a0\u00bb|||\u00a0\u00bb global_colors_info=\u00a0\u00bb{}\u00a0\u00bb custom_padding__hover=\u00a0\u00bb|||\u00a0\u00bb][et_pb_wc_title _builder_version=\u00a0\u00bb4.16&Prime; global_colors_info=\u00a0\u00bb{}\u00a0\u00bb][\/et_pb_wc_title][et_pb_wc_rating _builder_version=\u00a0\u00bb4.16&Prime; global_colors_info=\u00a0\u00bb{}\u00a0\u00bb][\/et_pb_wc_rating][et_pb_wc_price _builder_version=\u00a0\u00bb4.16&Prime; global_colors_info=\u00a0\u00bb{}\u00a0\u00bb][\/et_pb_wc_price][et_pb_wc_description _builder_version=\u00a0\u00bb4.16&Prime; global_colors_info=\u00a0\u00bb{}\u00a0\u00bb][\/et_pb_wc_description][et_pb_wc_add_to_cart _builder_version=\u00a0\u00bb4.16&Prime; global_colors_info=\u00a0\u00bb{}\u00a0\u00bb][\/et_pb_wc_add_to_cart][et_pb_wc_meta _builder_version=\u00a0\u00bb4.16&Prime; global_colors_info=\u00a0\u00bb{}\u00a0\u00bb][\/et_pb_wc_meta][\/et_pb_column][\/et_pb_row][et_pb_row _builder_version=\u00a0\u00bb4.21.2&Prime; _module_preset=\u00a0\u00bbdefault\u00a0\u00bb][et_pb_column _builder_version=\u00a0\u00bb4.21.2&Prime; _module_preset=\u00a0\u00bbdefault\u00a0\u00bb type=\u00a0\u00bb4_4&Prime;][et_pb_video src=\u00a0\u00bbhttps:\/\/www.youtube.com\/watch?v=Sa6bh4U4nbw\u00a0\u00bb _builder_version=\u00a0\u00bb4.21.2&Prime; _module_preset=\u00a0\u00bbdefault\u00a0\u00bb hover_enabled=\u00a0\u00bb0&Prime; sticky_enabled=\u00a0\u00bb0&Prime;][\/et_pb_video][\/et_pb_column][\/et_pb_row][et_pb_row _builder_version=\u00a0\u00bb4.16&Prime; background_size=\u00a0\u00bbinitial\u00a0\u00bb background_position=\u00a0\u00bbtop_left\u00a0\u00bb background_repeat=\u00a0\u00bbrepeat\u00a0\u00bb width=\u00a0\u00bb100%\u00a0\u00bb global_colors_info=\u00a0\u00bb{}\u00a0\u00bb][et_pb_column type=\u00a0\u00bb4_4&Prime; _builder_version=\u00a0\u00bb4.16&Prime; custom_padding=\u00a0\u00bb|||\u00a0\u00bb global_colors_info=\u00a0\u00bb{}\u00a0\u00bb custom_padding__hover=\u00a0\u00bb|||\u00a0\u00bb][et_pb_wc_tabs _builder_version=\u00a0\u00bb4.16&Prime; global_colors_info=\u00a0\u00bb{}\u00a0\u00bb]\t\t\t\t\t[\/et_pb_wc_tabs][et_pb_wc_upsells _builder_version=\u00a0\u00bb4.16&Prime; global_colors_info=\u00a0\u00bb{}\u00a0\u00bb][\/et_pb_wc_upsells][et_pb_wc_related_products _builder_version=\u00a0\u00bb4.16&Prime; global_colors_info=\u00a0\u00bb{}\u00a0\u00bb][\/et_pb_wc_related_products][\/et_pb_column][\/et_pb_row][\/et_pb_section]<\/p>\n","protected":false},"excerpt":{"rendered":"<div id=\"pr-reviewsnippet\"><\/div>\n<p><b>CUP<\/b> <br \/>\nLes housses d&rsquo;ailes Dock Edge ont fait l&rsquo;objet de tests de durabilit\u00e9 effectu\u00e9s par une tierce partie et ont surpass\u00e9 leurs concurrents dans six des sept tests standard de l&rsquo;industrie, notamment en ce qui concerne l&rsquo;effet de m\u00e8che, la r\u00e9sistance aux UV et l&rsquo;inalt\u00e9rabilit\u00e9 des couleurs. Conclusion d&rsquo;un laboratoire textile de premier plan : \u00ab\u00a0Le tissu CMP se distingue par ses performances exceptionnelles, sa r\u00e9silience \u00e9prouv\u00e9e et la conservation de ses couleurs&#8230; ce qui en fait le choix id\u00e9al pour les applications marines o\u00f9 la durabilit\u00e9 est primordiale.\u00a0\u00bb <\/p>\n<p>Caract\u00e9ristiques et avantages :<\/p>\n<ul>\n<li>Enti\u00e8rement r\u00e9versible noir\/bleu avec double fermeture \u00e0 cordon durable et cordon de serrage \u00e9lastique.<\/li>\n<li>Tr\u00e8s durable, r\u00e9sistant aux couleurs et hydrofuge.<\/li>\n<li>Tissu antibact\u00e9rien et dry-wick pour un s\u00e9chage rapide.<\/li>\n<li>Double couche pour une r\u00e9sistance sup\u00e9rieure \u00e0 l&rsquo;abrasion.<\/li>\n<li>Dur\u00e9e de vie prolong\u00e9e gr\u00e2ce \u00e0 une r\u00e9sistance \u00e9lev\u00e9e aux UV.<\/li>\n<li>Quatre tailles diff\u00e9rentes :<br \/>\nSmall pour les d\u00e9fenses d&rsquo;un diam\u00e8tre de 6&Prime;.<br \/>\nMedium pour les d\u00e9fenses d&rsquo;un diam\u00e8tre de 8&Prime;.<br \/>\nLarge pour les d\u00e9fenses d&rsquo;un diam\u00e8tre de 10&Prime;.<br \/>\nExtra Large pour les d\u00e9fenses d&rsquo;un diam\u00e8tre de 12&Prime;.<\/li>\n<\/ul>\n","protected":false},"featured_media":8072,"template":"","meta":{"_acf_changed":false,"_et_pb_use_builder":"on","_et_pb_old_content":"<table id=\"product-table\" border=\"0\" cellspacing=\"0\" cellpadding=\"15\">\n<tbody>\n<tr>\n<th>N\u00b0 de pi\u00e8ce<\/th>\n<th>Description<\/th>\n<th>Pour \u0153il double<\/th>\n<th>Pour trou central<\/th>\n<\/tr>\n<tr>\n<td>DE965669F<\/td>\n<td>Housse de garde-boue, petite, noir\/bleu - r\u00e9versible<\/td>\n<td>6.5\" x 23\" (16.5cm x 58.4cm)<\/td>\n<td>6.5\" x 15\" (15.2cm x 38.1cm)<\/td>\n<\/tr>\n<tr>\n<td>DE965869F<\/td>\n<td>Housse de garde-boue, moyenne, noir\/bleu - r\u00e9versible<\/td>\n<td>8.5\" x 27\" (21.6cm x 68.6cm)<\/td>\n<td>8\" x 20\" (20.3cm x 50.8cm)<\/td>\n<\/tr>\n<tr>\n<td>DE965069F<\/td>\n<td>Housse de garde-boue, grande, noir\/bleu - r\u00e9versible<\/td>\n<td>10\" x 30\" (25.4cm x 76.2cm)<\/td>\n<td>10\" x 25\" (25.4cm x 63.5cm)<\/td>\n<\/tr>\n<tr>\n<td>DE965269F<\/td>\n<td>Housse de garde-boue, extra large, noir\/bleu - r\u00e9versible<\/td>\n<td><\/td>\n<td>12\" x 34\" (30.5cm x 86.4cm)<\/td>\n<\/tr>\n<\/tbody>\n<\/table>\n<script src=\"\/\/ui.powerreviews.com\/stable\/4.0\/ui.js\"><\/script>\n\n<script>\n  POWERREVIEWS.display.render({\n      api_key: 'fdb23d80-8310-4409-87f2-2ee20e24a743',\n      locale: 'en_US',\n      merchant_group_id: '78535',\n      merchant_id: '542114',\n      page_id: '3877',\n      review_wrapper_url: 'http:\/\/www.dockedge.com\/write-a-review\/?pr_page_id=___PAGE_ID___',\nstructured_data_product_id : 'http:\/\/www.dockedge.com\/product\/fender-covers\/',\nproduct:{\n        name: 'Contour Fenders', \n        url: 'http:\/\/www.dockedge.com\/product\/fender-covers\/',\n        image_url: 'https:\/\/dockedge.com\/wp-content\/uploads\/sites\/3\/2024\/09\/fendercover_folded1.jpg',\n        description: 'Fender Cover, Small, Black\/Blue',\n        category_name: 'Fenders & Buoys',\n        manufacturer_id: 'DE965669F',\n        upc: '7761131157770',\n        brand_name: 'DockEdge',\n        price: '<your_product_price>',\n        in_stock: '<product_in_stock_status>',\n        variants: [{\n            name: 'DE965869F',\n            description: 'Fender Cover, Medium, Black\/Blue',\n            upc: '776113115787',\t\n            page_id_variant: '1',\n        },\n        {\n            name: 'DE965069F',\n            description: 'Fender Cover, Large, Black\/Blue',\n            upc: '776113115763',\n            page_id_variant: '2',  \n        },\n        {\n            name: 'DE965269F',\n            description: 'Fender Cover, Extra Large, Black\/Blue',\n            upc: '776113116050',\n            page_id_variant: '3',   \n    }]\n    },\n      components: {\n    ReviewSnippet: 'pr-reviewsnippet',\n    ReviewDisplay: 'pr-reviewdisplay'\n      }\n    });\n  <\/script>\n<div id=\"pr-reviewdisplay\"><\/div>","_et_gb_content_width":""},"product_brand":[],"product_cat":[148],"product_tag":[],"class_list":{"0":"post-8514","1":"product","2":"type-product","3":"status-publish","4":"has-post-thumbnail","6":"product_cat-defenses-et-bouees","8":"first","9":"instock","10":"shipping-taxable","11":"product-type-simple"},"yoast_head":"<!-- This site is optimized with the Yoast SEO plugin v27.0 - https:\/\/yoast.com\/product\/yoast-seo-wordpress\/ -->\n<title>Couvercles d&#039;ailes - Dock Edge+<\/title>\n<meta name=\"robots\" content=\"index, follow, max-snippet:-1, max-image-preview:large, max-video-preview:-1\" \/>\n<link rel=\"canonical\" href=\"https:\/\/dockedge.thinairweb.co\/fr\/produit\/couvercles-dailes\/\" \/>\n<meta property=\"og:locale\" content=\"fr_FR\" \/>\n<meta property=\"og:type\" content=\"article\" \/>\n<meta property=\"og:title\" content=\"Couvercles d&#039;ailes - Dock Edge+\" \/>\n<meta property=\"og:description\" content=\"CUP Les housses d&#039;ailes Dock Edge ont fait l&#039;objet de tests de durabilit\u00e9 effectu\u00e9s par une tierce partie et ont surpass\u00e9 leurs concurrents dans six des sept tests standard de l&#039;industrie, notamment en ce qui concerne l&#039;effet de m\u00e8che, la r\u00e9sistance aux UV et l&#039;inalt\u00e9rabilit\u00e9 des couleurs. Conclusion d&#039;un laboratoire textile de premier plan : &quot;Le tissu CMP se distingue par ses performances exceptionnelles, sa r\u00e9silience \u00e9prouv\u00e9e et la conservation de ses couleurs... ce qui en fait le choix id\u00e9al pour les applications marines o\u00f9 la durabilit\u00e9 est primordiale.&quot;  Caract\u00e9ristiques et avantages :  Enti\u00e8rement r\u00e9versible noir\/bleu avec double fermeture \u00e0 cordon durable et cordon de serrage \u00e9lastique.  Tr\u00e8s durable, r\u00e9sistant aux couleurs et hydrofuge.  Tissu antibact\u00e9rien et dry-wick pour un s\u00e9chage rapide.  Double couche pour une r\u00e9sistance sup\u00e9rieure \u00e0 l&#039;abrasion.  Dur\u00e9e de vie prolong\u00e9e gr\u00e2ce \u00e0 une r\u00e9sistance \u00e9lev\u00e9e aux UV.  Quatre tailles diff\u00e9rentes : Small pour les d\u00e9fenses d&#039;un diam\u00e8tre de 6&quot;. Medium pour les d\u00e9fenses d&#039;un diam\u00e8tre de 8&quot;. Large pour les d\u00e9fenses d&#039;un diam\u00e8tre de 10&quot;. Extra Large pour les d\u00e9fenses d&#039;un diam\u00e8tre de 12&quot;.\" \/>\n<meta property=\"og:url\" content=\"https:\/\/dockedge.thinairweb.co\/fr\/produit\/couvercles-dailes\/\" \/>\n<meta property=\"og:site_name\" content=\"Dock Edge+\" \/>\n<meta property=\"article:modified_time\" content=\"2025-07-29T13:15:08+00:00\" \/>\n<meta property=\"og:image\" content=\"https:\/\/dockedge.thinairweb.co\/wp-content\/uploads\/sites\/3\/2024\/09\/fendercover_folded1.jpg\" \/>\n\t<meta property=\"og:image:width\" content=\"972\" \/>\n\t<meta property=\"og:image:height\" content=\"1000\" \/>\n\t<meta property=\"og:image:type\" content=\"image\/jpeg\" \/>\n<meta name=\"twitter:card\" content=\"summary_large_image\" \/>\n<meta name=\"twitter:label1\" content=\"Dur\u00e9e de lecture estim\u00e9e\" \/>\n\t<meta name=\"twitter:data1\" content=\"2 minutes\" \/>\n<script type=\"application\/ld+json\" class=\"yoast-schema-graph\">{\"@context\":\"https:\/\/schema.org\",\"@graph\":[{\"@type\":\"WebPage\",\"@id\":\"https:\/\/dockedge.thinairweb.co\/fr\/produit\/couvercles-dailes\/\",\"url\":\"https:\/\/dockedge.thinairweb.co\/fr\/produit\/couvercles-dailes\/\",\"name\":\"Couvercles d'ailes - Dock Edge+\",\"isPartOf\":{\"@id\":\"https:\/\/dockedge.thinairweb.co\/fr\/#website\"},\"primaryImageOfPage\":{\"@id\":\"https:\/\/dockedge.thinairweb.co\/fr\/produit\/couvercles-dailes\/#primaryimage\"},\"image\":{\"@id\":\"https:\/\/dockedge.thinairweb.co\/fr\/produit\/couvercles-dailes\/#primaryimage\"},\"thumbnailUrl\":\"https:\/\/dockedge.thinairweb.co\/wp-content\/uploads\/sites\/3\/2024\/09\/fendercover_folded1.jpg\",\"datePublished\":\"2018-04-19T02:06:51+00:00\",\"dateModified\":\"2025-07-29T13:15:08+00:00\",\"breadcrumb\":{\"@id\":\"https:\/\/dockedge.thinairweb.co\/fr\/produit\/couvercles-dailes\/#breadcrumb\"},\"inLanguage\":\"fr-FR\",\"potentialAction\":[{\"@type\":\"ReadAction\",\"target\":[\"https:\/\/dockedge.thinairweb.co\/fr\/produit\/couvercles-dailes\/\"]}]},{\"@type\":\"ImageObject\",\"inLanguage\":\"fr-FR\",\"@id\":\"https:\/\/dockedge.thinairweb.co\/fr\/produit\/couvercles-dailes\/#primaryimage\",\"url\":\"https:\/\/dockedge.thinairweb.co\/wp-content\/uploads\/sites\/3\/2024\/09\/fendercover_folded1.jpg\",\"contentUrl\":\"https:\/\/dockedge.thinairweb.co\/wp-content\/uploads\/sites\/3\/2024\/09\/fendercover_folded1.jpg\",\"width\":972,\"height\":1000,\"caption\":\"Dock Edge+ Reversible Fender Cover\"},{\"@type\":\"BreadcrumbList\",\"@id\":\"https:\/\/dockedge.thinairweb.co\/fr\/produit\/couvercles-dailes\/#breadcrumb\",\"itemListElement\":[{\"@type\":\"ListItem\",\"position\":1,\"name\":\"Home\",\"item\":\"https:\/\/dockedge.thinairweb.co\/fr\/\"},{\"@type\":\"ListItem\",\"position\":2,\"name\":\"Boutique\",\"item\":\"https:\/\/dockedge.thinairweb.co\/fr\/boutique\/\"},{\"@type\":\"ListItem\",\"position\":3,\"name\":\"Couvercles d&rsquo;ailes\"}]},{\"@type\":\"WebSite\",\"@id\":\"https:\/\/dockedge.thinairweb.co\/fr\/#website\",\"url\":\"https:\/\/dockedge.thinairweb.co\/fr\/\",\"name\":\"Dock Edge+\",\"description\":\"Your Dock. Your Way.\",\"potentialAction\":[{\"@type\":\"SearchAction\",\"target\":{\"@type\":\"EntryPoint\",\"urlTemplate\":\"https:\/\/dockedge.thinairweb.co\/fr\/?s={search_term_string}\"},\"query-input\":{\"@type\":\"PropertyValueSpecification\",\"valueRequired\":true,\"valueName\":\"search_term_string\"}}],\"inLanguage\":\"fr-FR\"}]}<\/script>\n<!-- \/ Yoast SEO plugin. -->","yoast_head_json":{"title":"Couvercles d'ailes - Dock Edge+","robots":{"index":"index","follow":"follow","max-snippet":"max-snippet:-1","max-image-preview":"max-image-preview:large","max-video-preview":"max-video-preview:-1"},"canonical":"https:\/\/dockedge.thinairweb.co\/fr\/produit\/couvercles-dailes\/","og_locale":"fr_FR","og_type":"article","og_title":"Couvercles d'ailes - Dock Edge+","og_description":"CUP Les housses d'ailes Dock Edge ont fait l'objet de tests de durabilit\u00e9 effectu\u00e9s par une tierce partie et ont surpass\u00e9 leurs concurrents dans six des sept tests standard de l'industrie, notamment en ce qui concerne l'effet de m\u00e8che, la r\u00e9sistance aux UV et l'inalt\u00e9rabilit\u00e9 des couleurs. Conclusion d'un laboratoire textile de premier plan : \"Le tissu CMP se distingue par ses performances exceptionnelles, sa r\u00e9silience \u00e9prouv\u00e9e et la conservation de ses couleurs... ce qui en fait le choix id\u00e9al pour les applications marines o\u00f9 la durabilit\u00e9 est primordiale.\"  Caract\u00e9ristiques et avantages :  Enti\u00e8rement r\u00e9versible noir\/bleu avec double fermeture \u00e0 cordon durable et cordon de serrage \u00e9lastique.  Tr\u00e8s durable, r\u00e9sistant aux couleurs et hydrofuge.  Tissu antibact\u00e9rien et dry-wick pour un s\u00e9chage rapide.  Double couche pour une r\u00e9sistance sup\u00e9rieure \u00e0 l'abrasion.  Dur\u00e9e de vie prolong\u00e9e gr\u00e2ce \u00e0 une r\u00e9sistance \u00e9lev\u00e9e aux UV.  Quatre tailles diff\u00e9rentes : Small pour les d\u00e9fenses d'un diam\u00e8tre de 6\". Medium pour les d\u00e9fenses d'un diam\u00e8tre de 8\". Large pour les d\u00e9fenses d'un diam\u00e8tre de 10\". Extra Large pour les d\u00e9fenses d'un diam\u00e8tre de 12\".","og_url":"https:\/\/dockedge.thinairweb.co\/fr\/produit\/couvercles-dailes\/","og_site_name":"Dock Edge+","article_modified_time":"2025-07-29T13:15:08+00:00","og_image":[{"width":972,"height":1000,"url":"https:\/\/dockedge.thinairweb.co\/wp-content\/uploads\/sites\/3\/2024\/09\/fendercover_folded1.jpg","type":"image\/jpeg"}],"twitter_card":"summary_large_image","twitter_misc":{"Dur\u00e9e de lecture estim\u00e9e":"2 minutes"},"schema":{"@context":"https:\/\/schema.org","@graph":[{"@type":"WebPage","@id":"https:\/\/dockedge.thinairweb.co\/fr\/produit\/couvercles-dailes\/","url":"https:\/\/dockedge.thinairweb.co\/fr\/produit\/couvercles-dailes\/","name":"Couvercles d'ailes - Dock Edge+","isPartOf":{"@id":"https:\/\/dockedge.thinairweb.co\/fr\/#website"},"primaryImageOfPage":{"@id":"https:\/\/dockedge.thinairweb.co\/fr\/produit\/couvercles-dailes\/#primaryimage"},"image":{"@id":"https:\/\/dockedge.thinairweb.co\/fr\/produit\/couvercles-dailes\/#primaryimage"},"thumbnailUrl":"https:\/\/dockedge.thinairweb.co\/wp-content\/uploads\/sites\/3\/2024\/09\/fendercover_folded1.jpg","datePublished":"2018-04-19T02:06:51+00:00","dateModified":"2025-07-29T13:15:08+00:00","breadcrumb":{"@id":"https:\/\/dockedge.thinairweb.co\/fr\/produit\/couvercles-dailes\/#breadcrumb"},"inLanguage":"fr-FR","potentialAction":[{"@type":"ReadAction","target":["https:\/\/dockedge.thinairweb.co\/fr\/produit\/couvercles-dailes\/"]}]},{"@type":"ImageObject","inLanguage":"fr-FR","@id":"https:\/\/dockedge.thinairweb.co\/fr\/produit\/couvercles-dailes\/#primaryimage","url":"https:\/\/dockedge.thinairweb.co\/wp-content\/uploads\/sites\/3\/2024\/09\/fendercover_folded1.jpg","contentUrl":"https:\/\/dockedge.thinairweb.co\/wp-content\/uploads\/sites\/3\/2024\/09\/fendercover_folded1.jpg","width":972,"height":1000,"caption":"Dock Edge+ Reversible Fender Cover"},{"@type":"BreadcrumbList","@id":"https:\/\/dockedge.thinairweb.co\/fr\/produit\/couvercles-dailes\/#breadcrumb","itemListElement":[{"@type":"ListItem","position":1,"name":"Home","item":"https:\/\/dockedge.thinairweb.co\/fr\/"},{"@type":"ListItem","position":2,"name":"Boutique","item":"https:\/\/dockedge.thinairweb.co\/fr\/boutique\/"},{"@type":"ListItem","position":3,"name":"Couvercles d&rsquo;ailes"}]},{"@type":"WebSite","@id":"https:\/\/dockedge.thinairweb.co\/fr\/#website","url":"https:\/\/dockedge.thinairweb.co\/fr\/","name":"Dock Edge+","description":"Your Dock. Your Way.","potentialAction":[{"@type":"SearchAction","target":{"@type":"EntryPoint","urlTemplate":"https:\/\/dockedge.thinairweb.co\/fr\/?s={search_term_string}"},"query-input":{"@type":"PropertyValueSpecification","valueRequired":true,"valueName":"search_term_string"}}],"inLanguage":"fr-FR"}]}},"acf":[],"_links":{"self":[{"href":"https:\/\/dockedge.thinairweb.co\/fr\/wp-json\/wp\/v2\/product\/8514","targetHints":{"allow":["GET"]}}],"collection":[{"href":"https:\/\/dockedge.thinairweb.co\/fr\/wp-json\/wp\/v2\/product"}],"about":[{"href":"https:\/\/dockedge.thinairweb.co\/fr\/wp-json\/wp\/v2\/types\/product"}],"wp:featuredmedia":[{"embeddable":true,"href":"https:\/\/dockedge.thinairweb.co\/fr\/wp-json\/wp\/v2\/media\/8072"}],"wp:attachment":[{"href":"https:\/\/dockedge.thinairweb.co\/fr\/wp-json\/wp\/v2\/media?parent=8514"}],"wp:term":[{"taxonomy":"product_brand","embeddable":true,"href":"https:\/\/dockedge.thinairweb.co\/fr\/wp-json\/wp\/v2\/product_brand?post=8514"},{"taxonomy":"product_cat","embeddable":true,"href":"https:\/\/dockedge.thinairweb.co\/fr\/wp-json\/wp\/v2\/product_cat?post=8514"},{"taxonomy":"product_tag","embeddable":true,"href":"https:\/\/dockedge.thinairweb.co\/fr\/wp-json\/wp\/v2\/product_tag?post=8514"}],"curies":[{"name":"wp","href":"https:\/\/api.w.org\/{rel}","templated":true}]}}