{"id":8515,"date":"2020-05-11T19:07:29","date_gmt":"2020-05-11T19:07:29","guid":{"rendered":"https:\/\/dockedge.com\/product\/defenses-de-contour\/"},"modified":"2020-05-11T19:07:29","modified_gmt":"2020-05-11T19:07:29","slug":"defenses-de-contour","status":"publish","type":"product","link":"https:\/\/dockedge.thinairweb.co\/fr\/produit\/defenses-de-contour\/","title":{"rendered":"D\u00e9fenses de contour"},"content":{"rendered":"<table id=\"product-table\" border=\"0\" cellspacing=\"0\" cellpadding=\"15\">\n<tbody>\n<tr>\n<th>N\u00b0 de pi\u00e8ce<\/th>\n<th>Description<\/th>\n<\/tr>\n<tr>\n<td>DE53421F<\/td>\n<td>Petit d\u00e9flecteur de contour, blanc, 24&Prime; x 6&Prime; x 2.5&Prime; (61 x 15 x 6cm)<\/td>\n<\/tr>\n<tr>\n<td>DE53426F<\/td>\n<td>Petit garde-boue contour, noir, 24&Prime; x 6&Prime; x 2.5&Prime; (61 x 15 x 6cm)<\/td>\n<\/tr>\n<tr>\n<td>DE53441F<\/td>\n<td>Grand d\u00e9flecteur de contour, blanc, 30&Prime; x 6&Prime; x 4&Prime; (76 x 15 x 10cm)<\/td>\n<\/tr>\n<tr>\n<td>DE53446F<\/td>\n<td>Grand garde-boue contour, noir, 30&Prime; x 6&Prime; x 4&Prime; (76 x 15 x 10cm)<\/td>\n<\/tr>\n<\/tbody>\n<\/table>\n<p><script src=\"\/\/ui.powerreviews.com\/stable\/4.0\/ui.js\"><\/script><\/p>\n<p><script>\n  POWERREVIEWS.display.render({\n      api_key: 'fdb23d80-8310-4409-87f2-2ee20e24a743',\n      locale: 'en_US',\n      merchant_group_id: '78535',\n      merchant_id: '542114',\n      page_id: '3877',\n      review_wrapper_url: 'http:\/\/www.dockedge.com\/write-a-review\/?pr_page_id=___PAGE_ID___',\nstructured_data_product_id : 'http:\/\/www.dockedge.com\/product\/contour-fenders\/',\nproduct:{\n        name: 'Contour Fenders', \n        url: 'http:\/\/www.dockedge.com\/product\/contour-fenders\/',\n        image_url: 'https:\/\/dockedge.com\/wp-content\/uploads\/sites\/3\/2022\/05\/contour_fenders.jpg',\n        description: 'Small Contour Fender, White',\n        category_name: 'Fenders & Buoys',\n        manufacturer_id: 'DE53421F',\n        upc: '776113998939',\n        brand_name: 'DockEdge',\n        price: '<your_product_price>',\n        in_stock: '<product_in_stock_status>',\n        variants: [{\n            name: 'DE53426F',\n            description: 'Small Contour Fender, Black',\n            upc: '776113998922',\t\n            page_id_variant: '1',\n        },\n        {\n            name: 'DE53441F',\n            description: 'Large Contour Fender, White',\n            upc: '776113998915',\n            page_id_variant: '2',  \n        },\n        {\n            name: 'DE53446F',\n            description: 'Large Contour Fender, Black',\n            upc: '776113998908',\n            page_id_variant: '3',   \n    }]\n    },\n      components: {\n    ReviewSnippet: 'pr-reviewsnippet',\n    ReviewDisplay: 'pr-reviewdisplay'\n      }\n    });\n  <\/script><\/p>\n<div id=\"pr-reviewdisplay\"><\/div>\n","protected":false},"excerpt":{"rendered":"<div id=\"pr-reviewsnippet\"><\/div>\n<p><b>CUP<\/b> <\/p>\n<ul>\n<li>Prot\u00e8ge le plat-bord et la coque<\/li>\n<li>Compact, facile \u00e0 ranger<\/li>\n<li>Couverture tri-lamin\u00e9e durable, de qualit\u00e9 marine<\/li>\n<li>Coutures thermocoll\u00e9es doubles<\/li>\n<li>R\u00e9sistant \u00e0 la d\u00e9chirure et aux UV<\/li>\n<li>Oeillets en polycarbonate r\u00e9sistant \u00e0 la corrosion<\/li>\n<li>Disponible en petit format 24&Prime; x 6&Prime; x 2,5&Prime; ou en grand format 30&Prime; x 6&Prime; x 4&Prime;.<\/li>\n<\/ul>\n","protected":false},"featured_media":7835,"template":"","meta":{"_acf_changed":false,"_et_pb_use_builder":"","_et_pb_old_content":"","_et_gb_content_width":""},"product_brand":[],"product_cat":[148],"product_tag":[],"class_list":{"0":"post-8515","1":"product","2":"type-product","3":"status-publish","4":"has-post-thumbnail","6":"product_cat-defenses-et-bouees","8":"first","9":"instock","10":"shipping-taxable","11":"product-type-simple"},"yoast_head":"<!-- This site is optimized with the Yoast SEO plugin v27.0 - https:\/\/yoast.com\/product\/yoast-seo-wordpress\/ -->\n<title>D\u00e9fenses de contour - Dock Edge+<\/title>\n<meta name=\"robots\" content=\"index, follow, max-snippet:-1, max-image-preview:large, max-video-preview:-1\" \/>\n<link rel=\"canonical\" href=\"https:\/\/dockedge.thinairweb.co\/fr\/produit\/defenses-de-contour\/\" \/>\n<meta property=\"og:locale\" content=\"fr_FR\" \/>\n<meta property=\"og:type\" content=\"article\" \/>\n<meta property=\"og:title\" content=\"D\u00e9fenses de contour - Dock Edge+\" \/>\n<meta property=\"og:description\" content=\"CUP   Prot\u00e8ge le plat-bord et la coque  Compact, facile \u00e0 ranger  Couverture tri-lamin\u00e9e durable, de qualit\u00e9 marine  Coutures thermocoll\u00e9es doubles  R\u00e9sistant \u00e0 la d\u00e9chirure et aux UV  Oeillets en polycarbonate r\u00e9sistant \u00e0 la corrosion  Disponible en petit format 24&quot; x 6&quot; x 2,5&quot; ou en grand format 30&quot; x 6&quot; x 4&quot;.\" \/>\n<meta property=\"og:url\" content=\"https:\/\/dockedge.thinairweb.co\/fr\/produit\/defenses-de-contour\/\" \/>\n<meta property=\"og:site_name\" content=\"Dock Edge+\" \/>\n<meta property=\"og:image\" content=\"https:\/\/dockedge.thinairweb.co\/wp-content\/uploads\/sites\/3\/2022\/05\/contour_fenders.jpg\" \/>\n\t<meta property=\"og:image:width\" content=\"700\" \/>\n\t<meta property=\"og:image:height\" content=\"700\" \/>\n\t<meta property=\"og:image:type\" content=\"image\/jpeg\" \/>\n<meta name=\"twitter:card\" content=\"summary_large_image\" \/>\n<script type=\"application\/ld+json\" class=\"yoast-schema-graph\">{\"@context\":\"https:\/\/schema.org\",\"@graph\":[{\"@type\":\"WebPage\",\"@id\":\"https:\/\/dockedge.thinairweb.co\/fr\/produit\/defenses-de-contour\/\",\"url\":\"https:\/\/dockedge.thinairweb.co\/fr\/produit\/defenses-de-contour\/\",\"name\":\"D\u00e9fenses de contour - Dock Edge+\",\"isPartOf\":{\"@id\":\"https:\/\/dockedge.thinairweb.co\/fr\/#website\"},\"primaryImageOfPage\":{\"@id\":\"https:\/\/dockedge.thinairweb.co\/fr\/produit\/defenses-de-contour\/#primaryimage\"},\"image\":{\"@id\":\"https:\/\/dockedge.thinairweb.co\/fr\/produit\/defenses-de-contour\/#primaryimage\"},\"thumbnailUrl\":\"https:\/\/dockedge.thinairweb.co\/wp-content\/uploads\/sites\/3\/2022\/05\/contour_fenders.jpg\",\"datePublished\":\"2020-05-11T19:07:29+00:00\",\"breadcrumb\":{\"@id\":\"https:\/\/dockedge.thinairweb.co\/fr\/produit\/defenses-de-contour\/#breadcrumb\"},\"inLanguage\":\"fr-FR\",\"potentialAction\":[{\"@type\":\"ReadAction\",\"target\":[\"https:\/\/dockedge.thinairweb.co\/fr\/produit\/defenses-de-contour\/\"]}]},{\"@type\":\"ImageObject\",\"inLanguage\":\"fr-FR\",\"@id\":\"https:\/\/dockedge.thinairweb.co\/fr\/produit\/defenses-de-contour\/#primaryimage\",\"url\":\"https:\/\/dockedge.thinairweb.co\/wp-content\/uploads\/sites\/3\/2022\/05\/contour_fenders.jpg\",\"contentUrl\":\"https:\/\/dockedge.thinairweb.co\/wp-content\/uploads\/sites\/3\/2022\/05\/contour_fenders.jpg\",\"width\":700,\"height\":700,\"caption\":\"Contour Fenders in Black and White\"},{\"@type\":\"BreadcrumbList\",\"@id\":\"https:\/\/dockedge.thinairweb.co\/fr\/produit\/defenses-de-contour\/#breadcrumb\",\"itemListElement\":[{\"@type\":\"ListItem\",\"position\":1,\"name\":\"Home\",\"item\":\"https:\/\/dockedge.thinairweb.co\/fr\/\"},{\"@type\":\"ListItem\",\"position\":2,\"name\":\"Boutique\",\"item\":\"https:\/\/dockedge.thinairweb.co\/fr\/boutique\/\"},{\"@type\":\"ListItem\",\"position\":3,\"name\":\"D\u00e9fenses de contour\"}]},{\"@type\":\"WebSite\",\"@id\":\"https:\/\/dockedge.thinairweb.co\/fr\/#website\",\"url\":\"https:\/\/dockedge.thinairweb.co\/fr\/\",\"name\":\"Dock Edge+\",\"description\":\"Your Dock. Your Way.\",\"potentialAction\":[{\"@type\":\"SearchAction\",\"target\":{\"@type\":\"EntryPoint\",\"urlTemplate\":\"https:\/\/dockedge.thinairweb.co\/fr\/?s={search_term_string}\"},\"query-input\":{\"@type\":\"PropertyValueSpecification\",\"valueRequired\":true,\"valueName\":\"search_term_string\"}}],\"inLanguage\":\"fr-FR\"}]}<\/script>\n<!-- \/ Yoast SEO plugin. -->","yoast_head_json":{"title":"D\u00e9fenses de contour - Dock Edge+","robots":{"index":"index","follow":"follow","max-snippet":"max-snippet:-1","max-image-preview":"max-image-preview:large","max-video-preview":"max-video-preview:-1"},"canonical":"https:\/\/dockedge.thinairweb.co\/fr\/produit\/defenses-de-contour\/","og_locale":"fr_FR","og_type":"article","og_title":"D\u00e9fenses de contour - Dock Edge+","og_description":"CUP   Prot\u00e8ge le plat-bord et la coque  Compact, facile \u00e0 ranger  Couverture tri-lamin\u00e9e durable, de qualit\u00e9 marine  Coutures thermocoll\u00e9es doubles  R\u00e9sistant \u00e0 la d\u00e9chirure et aux UV  Oeillets en polycarbonate r\u00e9sistant \u00e0 la corrosion  Disponible en petit format 24\" x 6\" x 2,5\" ou en grand format 30\" x 6\" x 4\".","og_url":"https:\/\/dockedge.thinairweb.co\/fr\/produit\/defenses-de-contour\/","og_site_name":"Dock Edge+","og_image":[{"width":700,"height":700,"url":"https:\/\/dockedge.thinairweb.co\/wp-content\/uploads\/sites\/3\/2022\/05\/contour_fenders.jpg","type":"image\/jpeg"}],"twitter_card":"summary_large_image","schema":{"@context":"https:\/\/schema.org","@graph":[{"@type":"WebPage","@id":"https:\/\/dockedge.thinairweb.co\/fr\/produit\/defenses-de-contour\/","url":"https:\/\/dockedge.thinairweb.co\/fr\/produit\/defenses-de-contour\/","name":"D\u00e9fenses de contour - Dock Edge+","isPartOf":{"@id":"https:\/\/dockedge.thinairweb.co\/fr\/#website"},"primaryImageOfPage":{"@id":"https:\/\/dockedge.thinairweb.co\/fr\/produit\/defenses-de-contour\/#primaryimage"},"image":{"@id":"https:\/\/dockedge.thinairweb.co\/fr\/produit\/defenses-de-contour\/#primaryimage"},"thumbnailUrl":"https:\/\/dockedge.thinairweb.co\/wp-content\/uploads\/sites\/3\/2022\/05\/contour_fenders.jpg","datePublished":"2020-05-11T19:07:29+00:00","breadcrumb":{"@id":"https:\/\/dockedge.thinairweb.co\/fr\/produit\/defenses-de-contour\/#breadcrumb"},"inLanguage":"fr-FR","potentialAction":[{"@type":"ReadAction","target":["https:\/\/dockedge.thinairweb.co\/fr\/produit\/defenses-de-contour\/"]}]},{"@type":"ImageObject","inLanguage":"fr-FR","@id":"https:\/\/dockedge.thinairweb.co\/fr\/produit\/defenses-de-contour\/#primaryimage","url":"https:\/\/dockedge.thinairweb.co\/wp-content\/uploads\/sites\/3\/2022\/05\/contour_fenders.jpg","contentUrl":"https:\/\/dockedge.thinairweb.co\/wp-content\/uploads\/sites\/3\/2022\/05\/contour_fenders.jpg","width":700,"height":700,"caption":"Contour Fenders in Black and White"},{"@type":"BreadcrumbList","@id":"https:\/\/dockedge.thinairweb.co\/fr\/produit\/defenses-de-contour\/#breadcrumb","itemListElement":[{"@type":"ListItem","position":1,"name":"Home","item":"https:\/\/dockedge.thinairweb.co\/fr\/"},{"@type":"ListItem","position":2,"name":"Boutique","item":"https:\/\/dockedge.thinairweb.co\/fr\/boutique\/"},{"@type":"ListItem","position":3,"name":"D\u00e9fenses de contour"}]},{"@type":"WebSite","@id":"https:\/\/dockedge.thinairweb.co\/fr\/#website","url":"https:\/\/dockedge.thinairweb.co\/fr\/","name":"Dock Edge+","description":"Your Dock. Your Way.","potentialAction":[{"@type":"SearchAction","target":{"@type":"EntryPoint","urlTemplate":"https:\/\/dockedge.thinairweb.co\/fr\/?s={search_term_string}"},"query-input":{"@type":"PropertyValueSpecification","valueRequired":true,"valueName":"search_term_string"}}],"inLanguage":"fr-FR"}]}},"acf":[],"_links":{"self":[{"href":"https:\/\/dockedge.thinairweb.co\/fr\/wp-json\/wp\/v2\/product\/8515","targetHints":{"allow":["GET"]}}],"collection":[{"href":"https:\/\/dockedge.thinairweb.co\/fr\/wp-json\/wp\/v2\/product"}],"about":[{"href":"https:\/\/dockedge.thinairweb.co\/fr\/wp-json\/wp\/v2\/types\/product"}],"wp:featuredmedia":[{"embeddable":true,"href":"https:\/\/dockedge.thinairweb.co\/fr\/wp-json\/wp\/v2\/media\/7835"}],"wp:attachment":[{"href":"https:\/\/dockedge.thinairweb.co\/fr\/wp-json\/wp\/v2\/media?parent=8515"}],"wp:term":[{"taxonomy":"product_brand","embeddable":true,"href":"https:\/\/dockedge.thinairweb.co\/fr\/wp-json\/wp\/v2\/product_brand?post=8515"},{"taxonomy":"product_cat","embeddable":true,"href":"https:\/\/dockedge.thinairweb.co\/fr\/wp-json\/wp\/v2\/product_cat?post=8515"},{"taxonomy":"product_tag","embeddable":true,"href":"https:\/\/dockedge.thinairweb.co\/fr\/wp-json\/wp\/v2\/product_tag?post=8515"}],"curies":[{"name":"wp","href":"https:\/\/api.w.org\/{rel}","templated":true}]}}