{"id":8516,"date":"2020-05-11T17:59:26","date_gmt":"2020-05-11T17:59:26","guid":{"rendered":"https:\/\/dockedge.com\/product\/bouees-de-balisage-pour-le-ski-nautique\/"},"modified":"2020-05-11T17:59:26","modified_gmt":"2020-05-11T17:59:26","slug":"bouees-de-balisage-pour-le-ski-nautique","status":"publish","type":"product","link":"https:\/\/dockedge.thinairweb.co\/fr\/produit\/bouees-de-balisage-pour-le-ski-nautique\/","title":{"rendered":"Bou\u00e9es de balisage pour le ski nautique"},"content":{"rendered":"<table id=\"product-table\" border=\"0\" cellspacing=\"0\" cellpadding=\"15\">\n<tbody>\n<tr>\n<th>N\u00b0 de pi\u00e8ce<\/th>\n<th>Description<\/th>\n<\/tr>\n<tr>\n<td>DE95880F<\/td>\n<td>Bou\u00e9e de marquage de ski nautique rouge n\u00e9on de 8&Prime;.<\/td>\n<\/tr>\n<tr>\n<td>DE95881F<\/td>\n<td>Bou\u00e9e blanche de 8&Prime; pour le ski nautique<\/td>\n<\/tr>\n<tr>\n<td>DE95883F<\/td>\n<td>Bou\u00e9e orange de 8&Prime; pour ski nautique<\/td>\n<\/tr>\n<tr>\n<td>DE95885F<\/td>\n<td>Bou\u00e9e jaune de 8&Prime; pour ski nautique<\/td>\n<\/tr>\n<tr>\n<td>DE95887F<\/td>\n<td>Bou\u00e9e rouge de 8&Prime; pour ski nautique<\/td>\n<\/tr>\n<tr>\n<td>DE95888F<\/td>\n<td>Bou\u00e9e verte de 8&Prime; pour le ski nautique<\/td>\n<\/tr>\n<\/tbody>\n<\/table>\n<p><script src=\"\/\/ui.powerreviews.com\/stable\/4.0\/ui.js\"><\/script><\/p>\n<p><script>\n  POWERREVIEWS.display.render({\n      api_key: 'fdb23d80-8310-4409-87f2-2ee20e24a743',\n      locale: 'en_US',\n      merchant_group_id: '78535',\n      merchant_id: '542114',\n      page_id: '3877',\n      review_wrapper_url: 'http:\/\/www.dockedge.com\/write-a-review\/?pr_page_id=___PAGE_ID___',\nstructured_data_product_id : 'http:\/\/www.dockedge.com\/product\/water-ski-marker-buoys\/',\nproduct:{\n        name: 'Water Ski Marker Buoys', \n        url: 'http:\/\/www.dockedge.com\/product\/water-ski-marker-buoys\/',\n        image_url: 'https:\/\/dockedge.com\/wp-content\/uploads\/sites\/3\/2022\/05\/marking_buoys.jpg',\n        description: 'Neon Red Water Ski Marker Buoy',\n        category_name: 'Fenders & Buoys',\n        manufacturer_id: 'DE95880F',\n        upc: '776113996737',\n        brand_name: 'DockEdge',\n        price: '<your_product_price>',\n        in_stock: '<product_in_stock_status>',\n        variants: [{\n            name: 'DE95881F',\n            description: 'White Water Ski Marker Buoy',\n            upc: '776113996744',\t\n            page_id_variant: '1',\n        },\n        {\n            name: 'DE95883F',\n            description: 'Orange Water Ski Marker Buoy',\n            upc: '776113996751',\n            page_id_variant: '2',  \n        },\n        {\n            name: 'DE95885F',\n            description: 'Yellow Water Ski Marker Buoy',\n            upc: '776113996768',\n            page_id_variant: '3',  \n        },\n        {\n            name: 'DE95887F',\n            description: 'Red Water Ski Marker Buoy',\n            upc: '776113996775',\n            page_id_variant: '4',  \n        },\n        {\n            name: 'DE95888F',\n            description: 'Green Water Ski Marker Buoy',\n            upc: '776113996782',\n            page_id_variant: '5',   \n    }]\n    },\n      components: {\n    ReviewSnippet: 'pr-reviewsnippet',\n    ReviewDisplay: 'pr-reviewdisplay'\n      }\n    });\n  <\/script><\/p>\n<div id=\"pr-reviewdisplay\"><\/div>\n","protected":false},"excerpt":{"rendered":"<div id=\"pr-reviewsnippet\"><\/div>\n<p><b>CUP<\/b> <\/p>\n<ul>\n<li>Rotomoul\u00e9 en PVC, l\u00e9ger et gonflable<\/li>\n<li>Boucle moul\u00e9e pour fixer la ligne d&rsquo;ancrage<\/li>\n<li>Excellent pour les parcours de slalom<\/li>\n<li>8&Prime; de diam\u00e8tre<\/li>\n<\/ul>\n","protected":false},"featured_media":7834,"template":"","meta":{"_acf_changed":false,"_et_pb_use_builder":"","_et_pb_old_content":"","_et_gb_content_width":""},"product_brand":[],"product_cat":[148],"product_tag":[],"class_list":{"0":"post-8516","1":"product","2":"type-product","3":"status-publish","4":"has-post-thumbnail","6":"product_cat-defenses-et-bouees","8":"first","9":"instock","10":"shipping-taxable","11":"product-type-simple"},"yoast_head":"<!-- This site is optimized with the Yoast SEO plugin v27.0 - https:\/\/yoast.com\/product\/yoast-seo-wordpress\/ -->\n<title>Bou\u00e9es de balisage pour le ski nautique - Dock Edge+<\/title>\n<meta name=\"robots\" content=\"index, follow, max-snippet:-1, max-image-preview:large, max-video-preview:-1\" \/>\n<link rel=\"canonical\" href=\"https:\/\/dockedge.thinairweb.co\/fr\/produit\/bouees-de-balisage-pour-le-ski-nautique\/\" \/>\n<meta property=\"og:locale\" content=\"fr_FR\" \/>\n<meta property=\"og:type\" content=\"article\" \/>\n<meta property=\"og:title\" content=\"Bou\u00e9es de balisage pour le ski nautique - Dock Edge+\" \/>\n<meta property=\"og:description\" content=\"CUP   Rotomoul\u00e9 en PVC, l\u00e9ger et gonflable  Boucle moul\u00e9e pour fixer la ligne d&#039;ancrage  Excellent pour les parcours de slalom  8&quot; de diam\u00e8tre\" \/>\n<meta property=\"og:url\" content=\"https:\/\/dockedge.thinairweb.co\/fr\/produit\/bouees-de-balisage-pour-le-ski-nautique\/\" \/>\n<meta property=\"og:site_name\" content=\"Dock Edge+\" \/>\n<meta property=\"og:image\" content=\"https:\/\/dockedge.thinairweb.co\/wp-content\/uploads\/sites\/3\/2022\/05\/marking_buoys.jpg\" \/>\n\t<meta property=\"og:image:width\" content=\"800\" \/>\n\t<meta property=\"og:image:height\" content=\"600\" \/>\n\t<meta property=\"og:image:type\" content=\"image\/jpeg\" \/>\n<meta name=\"twitter:card\" content=\"summary_large_image\" \/>\n<script type=\"application\/ld+json\" class=\"yoast-schema-graph\">{\"@context\":\"https:\/\/schema.org\",\"@graph\":[{\"@type\":\"WebPage\",\"@id\":\"https:\/\/dockedge.thinairweb.co\/fr\/produit\/bouees-de-balisage-pour-le-ski-nautique\/\",\"url\":\"https:\/\/dockedge.thinairweb.co\/fr\/produit\/bouees-de-balisage-pour-le-ski-nautique\/\",\"name\":\"Bou\u00e9es de balisage pour le ski nautique - Dock Edge+\",\"isPartOf\":{\"@id\":\"https:\/\/dockedge.thinairweb.co\/fr\/#website\"},\"primaryImageOfPage\":{\"@id\":\"https:\/\/dockedge.thinairweb.co\/fr\/produit\/bouees-de-balisage-pour-le-ski-nautique\/#primaryimage\"},\"image\":{\"@id\":\"https:\/\/dockedge.thinairweb.co\/fr\/produit\/bouees-de-balisage-pour-le-ski-nautique\/#primaryimage\"},\"thumbnailUrl\":\"https:\/\/dockedge.thinairweb.co\/wp-content\/uploads\/sites\/3\/2022\/05\/marking_buoys.jpg\",\"datePublished\":\"2020-05-11T17:59:26+00:00\",\"breadcrumb\":{\"@id\":\"https:\/\/dockedge.thinairweb.co\/fr\/produit\/bouees-de-balisage-pour-le-ski-nautique\/#breadcrumb\"},\"inLanguage\":\"fr-FR\",\"potentialAction\":[{\"@type\":\"ReadAction\",\"target\":[\"https:\/\/dockedge.thinairweb.co\/fr\/produit\/bouees-de-balisage-pour-le-ski-nautique\/\"]}]},{\"@type\":\"ImageObject\",\"inLanguage\":\"fr-FR\",\"@id\":\"https:\/\/dockedge.thinairweb.co\/fr\/produit\/bouees-de-balisage-pour-le-ski-nautique\/#primaryimage\",\"url\":\"https:\/\/dockedge.thinairweb.co\/wp-content\/uploads\/sites\/3\/2022\/05\/marking_buoys.jpg\",\"contentUrl\":\"https:\/\/dockedge.thinairweb.co\/wp-content\/uploads\/sites\/3\/2022\/05\/marking_buoys.jpg\",\"width\":800,\"height\":600,\"caption\":\"Water ski marking bouys\"},{\"@type\":\"BreadcrumbList\",\"@id\":\"https:\/\/dockedge.thinairweb.co\/fr\/produit\/bouees-de-balisage-pour-le-ski-nautique\/#breadcrumb\",\"itemListElement\":[{\"@type\":\"ListItem\",\"position\":1,\"name\":\"Home\",\"item\":\"https:\/\/dockedge.thinairweb.co\/fr\/\"},{\"@type\":\"ListItem\",\"position\":2,\"name\":\"Boutique\",\"item\":\"https:\/\/dockedge.thinairweb.co\/fr\/boutique\/\"},{\"@type\":\"ListItem\",\"position\":3,\"name\":\"Bou\u00e9es de balisage pour le ski nautique\"}]},{\"@type\":\"WebSite\",\"@id\":\"https:\/\/dockedge.thinairweb.co\/fr\/#website\",\"url\":\"https:\/\/dockedge.thinairweb.co\/fr\/\",\"name\":\"Dock Edge+\",\"description\":\"Your Dock. Your Way.\",\"potentialAction\":[{\"@type\":\"SearchAction\",\"target\":{\"@type\":\"EntryPoint\",\"urlTemplate\":\"https:\/\/dockedge.thinairweb.co\/fr\/?s={search_term_string}\"},\"query-input\":{\"@type\":\"PropertyValueSpecification\",\"valueRequired\":true,\"valueName\":\"search_term_string\"}}],\"inLanguage\":\"fr-FR\"}]}<\/script>\n<!-- \/ Yoast SEO plugin. -->","yoast_head_json":{"title":"Bou\u00e9es de balisage pour le ski nautique - Dock Edge+","robots":{"index":"index","follow":"follow","max-snippet":"max-snippet:-1","max-image-preview":"max-image-preview:large","max-video-preview":"max-video-preview:-1"},"canonical":"https:\/\/dockedge.thinairweb.co\/fr\/produit\/bouees-de-balisage-pour-le-ski-nautique\/","og_locale":"fr_FR","og_type":"article","og_title":"Bou\u00e9es de balisage pour le ski nautique - Dock Edge+","og_description":"CUP   Rotomoul\u00e9 en PVC, l\u00e9ger et gonflable  Boucle moul\u00e9e pour fixer la ligne d'ancrage  Excellent pour les parcours de slalom  8\" de diam\u00e8tre","og_url":"https:\/\/dockedge.thinairweb.co\/fr\/produit\/bouees-de-balisage-pour-le-ski-nautique\/","og_site_name":"Dock Edge+","og_image":[{"width":800,"height":600,"url":"https:\/\/dockedge.thinairweb.co\/wp-content\/uploads\/sites\/3\/2022\/05\/marking_buoys.jpg","type":"image\/jpeg"}],"twitter_card":"summary_large_image","schema":{"@context":"https:\/\/schema.org","@graph":[{"@type":"WebPage","@id":"https:\/\/dockedge.thinairweb.co\/fr\/produit\/bouees-de-balisage-pour-le-ski-nautique\/","url":"https:\/\/dockedge.thinairweb.co\/fr\/produit\/bouees-de-balisage-pour-le-ski-nautique\/","name":"Bou\u00e9es de balisage pour le ski nautique - Dock Edge+","isPartOf":{"@id":"https:\/\/dockedge.thinairweb.co\/fr\/#website"},"primaryImageOfPage":{"@id":"https:\/\/dockedge.thinairweb.co\/fr\/produit\/bouees-de-balisage-pour-le-ski-nautique\/#primaryimage"},"image":{"@id":"https:\/\/dockedge.thinairweb.co\/fr\/produit\/bouees-de-balisage-pour-le-ski-nautique\/#primaryimage"},"thumbnailUrl":"https:\/\/dockedge.thinairweb.co\/wp-content\/uploads\/sites\/3\/2022\/05\/marking_buoys.jpg","datePublished":"2020-05-11T17:59:26+00:00","breadcrumb":{"@id":"https:\/\/dockedge.thinairweb.co\/fr\/produit\/bouees-de-balisage-pour-le-ski-nautique\/#breadcrumb"},"inLanguage":"fr-FR","potentialAction":[{"@type":"ReadAction","target":["https:\/\/dockedge.thinairweb.co\/fr\/produit\/bouees-de-balisage-pour-le-ski-nautique\/"]}]},{"@type":"ImageObject","inLanguage":"fr-FR","@id":"https:\/\/dockedge.thinairweb.co\/fr\/produit\/bouees-de-balisage-pour-le-ski-nautique\/#primaryimage","url":"https:\/\/dockedge.thinairweb.co\/wp-content\/uploads\/sites\/3\/2022\/05\/marking_buoys.jpg","contentUrl":"https:\/\/dockedge.thinairweb.co\/wp-content\/uploads\/sites\/3\/2022\/05\/marking_buoys.jpg","width":800,"height":600,"caption":"Water ski marking bouys"},{"@type":"BreadcrumbList","@id":"https:\/\/dockedge.thinairweb.co\/fr\/produit\/bouees-de-balisage-pour-le-ski-nautique\/#breadcrumb","itemListElement":[{"@type":"ListItem","position":1,"name":"Home","item":"https:\/\/dockedge.thinairweb.co\/fr\/"},{"@type":"ListItem","position":2,"name":"Boutique","item":"https:\/\/dockedge.thinairweb.co\/fr\/boutique\/"},{"@type":"ListItem","position":3,"name":"Bou\u00e9es de balisage pour le ski nautique"}]},{"@type":"WebSite","@id":"https:\/\/dockedge.thinairweb.co\/fr\/#website","url":"https:\/\/dockedge.thinairweb.co\/fr\/","name":"Dock Edge+","description":"Your Dock. Your Way.","potentialAction":[{"@type":"SearchAction","target":{"@type":"EntryPoint","urlTemplate":"https:\/\/dockedge.thinairweb.co\/fr\/?s={search_term_string}"},"query-input":{"@type":"PropertyValueSpecification","valueRequired":true,"valueName":"search_term_string"}}],"inLanguage":"fr-FR"}]}},"acf":[],"_links":{"self":[{"href":"https:\/\/dockedge.thinairweb.co\/fr\/wp-json\/wp\/v2\/product\/8516","targetHints":{"allow":["GET"]}}],"collection":[{"href":"https:\/\/dockedge.thinairweb.co\/fr\/wp-json\/wp\/v2\/product"}],"about":[{"href":"https:\/\/dockedge.thinairweb.co\/fr\/wp-json\/wp\/v2\/types\/product"}],"wp:featuredmedia":[{"embeddable":true,"href":"https:\/\/dockedge.thinairweb.co\/fr\/wp-json\/wp\/v2\/media\/7834"}],"wp:attachment":[{"href":"https:\/\/dockedge.thinairweb.co\/fr\/wp-json\/wp\/v2\/media?parent=8516"}],"wp:term":[{"taxonomy":"product_brand","embeddable":true,"href":"https:\/\/dockedge.thinairweb.co\/fr\/wp-json\/wp\/v2\/product_brand?post=8516"},{"taxonomy":"product_cat","embeddable":true,"href":"https:\/\/dockedge.thinairweb.co\/fr\/wp-json\/wp\/v2\/product_cat?post=8516"},{"taxonomy":"product_tag","embeddable":true,"href":"https:\/\/dockedge.thinairweb.co\/fr\/wp-json\/wp\/v2\/product_tag?post=8516"}],"curies":[{"name":"wp","href":"https:\/\/api.w.org\/{rel}","templated":true}]}}