{"id":8517,"date":"2021-06-24T22:33:01","date_gmt":"2021-06-24T22:33:01","guid":{"rendered":"https:\/\/dockedge.com\/product\/garde-boue-nervure-a-trou-central-6-x-15\/"},"modified":"2021-06-24T22:33:01","modified_gmt":"2021-06-24T22:33:01","slug":"garde-boue-nervure-a-trou-central-6-x-15","status":"publish","type":"product","link":"https:\/\/dockedge.thinairweb.co\/fr\/produit\/garde-boue-nervure-a-trou-central-6-x-15\/","title":{"rendered":"Garde-boue nervur\u00e9 \u00e0 trou central &#8211; 6&Prime; x 15&Prime;."},"content":{"rendered":"<p>Toutes les d\u00e9fenses rotomoul\u00e9es sont fabriqu\u00e9es \u00e0 partir de vinyle marin de la meilleure qualit\u00e9, ce qui leur conf\u00e8re une r\u00e9sistance et un amortissement sup\u00e9rieurs, ainsi qu&rsquo;une finition tr\u00e8s brillante. Les d\u00e9fenses Dolphin ont \u00e9t\u00e9 test\u00e9es pendant de nombreuses ann\u00e9es dans divers environnements marins dans le monde entier. Les d\u00e9fenses Dolphin r\u00e9sistent \u00e0 la d\u00e9t\u00e9rioration due \u00e0 la moisissure, au gaz, \u00e0 l&rsquo;huile, \u00e0 l&rsquo;eau de mer et aux bact\u00e9ries, et sont dot\u00e9es d&rsquo;inhibiteurs d&rsquo;ultraviolets int\u00e9gr\u00e9s. Toutes les d\u00e9fenses sont \u00e9quip\u00e9es d&rsquo;une valve de gonflage qui permet d&rsquo;ajuster le niveau de fermet\u00e9 souhait\u00e9.   <\/p>\n<p>Chaque garde-boue \u00e0 trou central est \u00e9quip\u00e9 d&rsquo;un tube central qui permet le passage de la ligne d&rsquo;un bout \u00e0 l&rsquo;autre. La construction nervur\u00e9e unique donne de la force au garde-boue, minimise le roulis et offre une protection maximale. Disponible en 4 tailles et diff\u00e9rentes couleurs.  <\/p>\n<p>Chaque pare-battage est garanti pour la dur\u00e9e de vie du bateau.<\/p>\n","protected":false},"excerpt":{"rendered":"<p>Toutes les d\u00e9fenses rotomoul\u00e9es sont fabriqu\u00e9es \u00e0 partir de vinyle marin de la meilleure qualit\u00e9, ce qui leur conf\u00e8re une r\u00e9sistance et un amortissement sup\u00e9rieurs, ainsi qu&rsquo;une finition tr\u00e8s brillante. Les d\u00e9fenses Dolphin ont \u00e9t\u00e9 test\u00e9es pendant de nombreuses ann\u00e9es dans divers environnements marins dans le monde entier. Les d\u00e9fenses Dolphin r\u00e9sistent \u00e0 la d\u00e9t\u00e9rioration [&hellip;]<\/p>\n","protected":false},"featured_media":7566,"template":"","meta":{"_acf_changed":false,"_et_pb_use_builder":"","_et_pb_old_content":"","_et_gb_content_width":""},"product_brand":[],"product_cat":[148],"product_tag":[],"class_list":{"0":"post-8517","1":"product","2":"type-product","3":"status-publish","4":"has-post-thumbnail","6":"product_cat-defenses-et-bouees","8":"first","9":"instock","10":"shipping-taxable","11":"product-type-simple"},"yoast_head":"<!-- This site is optimized with the Yoast SEO plugin v27.0 - https:\/\/yoast.com\/product\/yoast-seo-wordpress\/ -->\n<title>Garde-boue nervur\u00e9 \u00e0 trou central - 6&quot; x 15&quot;. - Dock Edge+<\/title>\n<meta name=\"robots\" content=\"index, follow, max-snippet:-1, max-image-preview:large, max-video-preview:-1\" \/>\n<link rel=\"canonical\" href=\"https:\/\/dockedge.thinairweb.co\/fr\/produit\/garde-boue-nervure-a-trou-central-6-x-15\/\" \/>\n<meta property=\"og:locale\" content=\"fr_FR\" \/>\n<meta property=\"og:type\" content=\"article\" \/>\n<meta property=\"og:title\" content=\"Garde-boue nervur\u00e9 \u00e0 trou central - 6&quot; x 15&quot;. - Dock Edge+\" \/>\n<meta property=\"og:description\" content=\"Toutes les d\u00e9fenses rotomoul\u00e9es sont fabriqu\u00e9es \u00e0 partir de vinyle marin de la meilleure qualit\u00e9, ce qui leur conf\u00e8re une r\u00e9sistance et un amortissement sup\u00e9rieurs, ainsi qu&rsquo;une finition tr\u00e8s brillante. Les d\u00e9fenses Dolphin ont \u00e9t\u00e9 test\u00e9es pendant de nombreuses ann\u00e9es dans divers environnements marins dans le monde entier. Les d\u00e9fenses Dolphin r\u00e9sistent \u00e0 la d\u00e9t\u00e9rioration [&hellip;]\" \/>\n<meta property=\"og:url\" content=\"https:\/\/dockedge.thinairweb.co\/fr\/produit\/garde-boue-nervure-a-trou-central-6-x-15\/\" \/>\n<meta property=\"og:site_name\" content=\"Dock Edge+\" \/>\n<meta property=\"og:image\" content=\"https:\/\/dockedge.thinairweb.co\/wp-content\/uploads\/sites\/3\/2018\/04\/CenterHole.jpg\" \/>\n\t<meta property=\"og:image:width\" content=\"700\" \/>\n\t<meta property=\"og:image:height\" content=\"700\" \/>\n\t<meta property=\"og:image:type\" content=\"image\/jpeg\" \/>\n<meta name=\"twitter:card\" content=\"summary_large_image\" \/>\n<meta name=\"twitter:label1\" content=\"Dur\u00e9e de lecture estim\u00e9e\" \/>\n\t<meta name=\"twitter:data1\" content=\"1 minute\" \/>\n<script type=\"application\/ld+json\" class=\"yoast-schema-graph\">{\"@context\":\"https:\/\/schema.org\",\"@graph\":[{\"@type\":\"WebPage\",\"@id\":\"https:\/\/dockedge.thinairweb.co\/fr\/produit\/garde-boue-nervure-a-trou-central-6-x-15\/\",\"url\":\"https:\/\/dockedge.thinairweb.co\/fr\/produit\/garde-boue-nervure-a-trou-central-6-x-15\/\",\"name\":\"Garde-boue nervur\u00e9 \u00e0 trou central - 6\\\" x 15\\\". - Dock Edge+\",\"isPartOf\":{\"@id\":\"https:\/\/dockedge.thinairweb.co\/fr\/#website\"},\"primaryImageOfPage\":{\"@id\":\"https:\/\/dockedge.thinairweb.co\/fr\/produit\/garde-boue-nervure-a-trou-central-6-x-15\/#primaryimage\"},\"image\":{\"@id\":\"https:\/\/dockedge.thinairweb.co\/fr\/produit\/garde-boue-nervure-a-trou-central-6-x-15\/#primaryimage\"},\"thumbnailUrl\":\"https:\/\/dockedge.thinairweb.co\/wp-content\/uploads\/sites\/3\/2018\/04\/CenterHole.jpg\",\"datePublished\":\"2021-06-24T22:33:01+00:00\",\"breadcrumb\":{\"@id\":\"https:\/\/dockedge.thinairweb.co\/fr\/produit\/garde-boue-nervure-a-trou-central-6-x-15\/#breadcrumb\"},\"inLanguage\":\"fr-FR\",\"potentialAction\":[{\"@type\":\"ReadAction\",\"target\":[\"https:\/\/dockedge.thinairweb.co\/fr\/produit\/garde-boue-nervure-a-trou-central-6-x-15\/\"]}]},{\"@type\":\"ImageObject\",\"inLanguage\":\"fr-FR\",\"@id\":\"https:\/\/dockedge.thinairweb.co\/fr\/produit\/garde-boue-nervure-a-trou-central-6-x-15\/#primaryimage\",\"url\":\"https:\/\/dockedge.thinairweb.co\/wp-content\/uploads\/sites\/3\/2018\/04\/CenterHole.jpg\",\"contentUrl\":\"https:\/\/dockedge.thinairweb.co\/wp-content\/uploads\/sites\/3\/2018\/04\/CenterHole.jpg\",\"width\":700,\"height\":700,\"caption\":\"Center Hole Fenders\"},{\"@type\":\"BreadcrumbList\",\"@id\":\"https:\/\/dockedge.thinairweb.co\/fr\/produit\/garde-boue-nervure-a-trou-central-6-x-15\/#breadcrumb\",\"itemListElement\":[{\"@type\":\"ListItem\",\"position\":1,\"name\":\"Home\",\"item\":\"https:\/\/dockedge.thinairweb.co\/fr\/\"},{\"@type\":\"ListItem\",\"position\":2,\"name\":\"Boutique\",\"item\":\"https:\/\/dockedge.thinairweb.co\/fr\/boutique\/\"},{\"@type\":\"ListItem\",\"position\":3,\"name\":\"Garde-boue nervur\u00e9 \u00e0 trou central &#8211; 6&Prime; x 15&Prime;.\"}]},{\"@type\":\"WebSite\",\"@id\":\"https:\/\/dockedge.thinairweb.co\/fr\/#website\",\"url\":\"https:\/\/dockedge.thinairweb.co\/fr\/\",\"name\":\"Dock Edge+\",\"description\":\"Your Dock. Your Way.\",\"potentialAction\":[{\"@type\":\"SearchAction\",\"target\":{\"@type\":\"EntryPoint\",\"urlTemplate\":\"https:\/\/dockedge.thinairweb.co\/fr\/?s={search_term_string}\"},\"query-input\":{\"@type\":\"PropertyValueSpecification\",\"valueRequired\":true,\"valueName\":\"search_term_string\"}}],\"inLanguage\":\"fr-FR\"}]}<\/script>\n<!-- \/ Yoast SEO plugin. -->","yoast_head_json":{"title":"Garde-boue nervur\u00e9 \u00e0 trou central - 6\" x 15\". - Dock Edge+","robots":{"index":"index","follow":"follow","max-snippet":"max-snippet:-1","max-image-preview":"max-image-preview:large","max-video-preview":"max-video-preview:-1"},"canonical":"https:\/\/dockedge.thinairweb.co\/fr\/produit\/garde-boue-nervure-a-trou-central-6-x-15\/","og_locale":"fr_FR","og_type":"article","og_title":"Garde-boue nervur\u00e9 \u00e0 trou central - 6\" x 15\". - Dock Edge+","og_description":"Toutes les d\u00e9fenses rotomoul\u00e9es sont fabriqu\u00e9es \u00e0 partir de vinyle marin de la meilleure qualit\u00e9, ce qui leur conf\u00e8re une r\u00e9sistance et un amortissement sup\u00e9rieurs, ainsi qu&rsquo;une finition tr\u00e8s brillante. Les d\u00e9fenses Dolphin ont \u00e9t\u00e9 test\u00e9es pendant de nombreuses ann\u00e9es dans divers environnements marins dans le monde entier. Les d\u00e9fenses Dolphin r\u00e9sistent \u00e0 la d\u00e9t\u00e9rioration [&hellip;]","og_url":"https:\/\/dockedge.thinairweb.co\/fr\/produit\/garde-boue-nervure-a-trou-central-6-x-15\/","og_site_name":"Dock Edge+","og_image":[{"width":700,"height":700,"url":"https:\/\/dockedge.thinairweb.co\/wp-content\/uploads\/sites\/3\/2018\/04\/CenterHole.jpg","type":"image\/jpeg"}],"twitter_card":"summary_large_image","twitter_misc":{"Dur\u00e9e de lecture estim\u00e9e":"1 minute"},"schema":{"@context":"https:\/\/schema.org","@graph":[{"@type":"WebPage","@id":"https:\/\/dockedge.thinairweb.co\/fr\/produit\/garde-boue-nervure-a-trou-central-6-x-15\/","url":"https:\/\/dockedge.thinairweb.co\/fr\/produit\/garde-boue-nervure-a-trou-central-6-x-15\/","name":"Garde-boue nervur\u00e9 \u00e0 trou central - 6\" x 15\". - Dock Edge+","isPartOf":{"@id":"https:\/\/dockedge.thinairweb.co\/fr\/#website"},"primaryImageOfPage":{"@id":"https:\/\/dockedge.thinairweb.co\/fr\/produit\/garde-boue-nervure-a-trou-central-6-x-15\/#primaryimage"},"image":{"@id":"https:\/\/dockedge.thinairweb.co\/fr\/produit\/garde-boue-nervure-a-trou-central-6-x-15\/#primaryimage"},"thumbnailUrl":"https:\/\/dockedge.thinairweb.co\/wp-content\/uploads\/sites\/3\/2018\/04\/CenterHole.jpg","datePublished":"2021-06-24T22:33:01+00:00","breadcrumb":{"@id":"https:\/\/dockedge.thinairweb.co\/fr\/produit\/garde-boue-nervure-a-trou-central-6-x-15\/#breadcrumb"},"inLanguage":"fr-FR","potentialAction":[{"@type":"ReadAction","target":["https:\/\/dockedge.thinairweb.co\/fr\/produit\/garde-boue-nervure-a-trou-central-6-x-15\/"]}]},{"@type":"ImageObject","inLanguage":"fr-FR","@id":"https:\/\/dockedge.thinairweb.co\/fr\/produit\/garde-boue-nervure-a-trou-central-6-x-15\/#primaryimage","url":"https:\/\/dockedge.thinairweb.co\/wp-content\/uploads\/sites\/3\/2018\/04\/CenterHole.jpg","contentUrl":"https:\/\/dockedge.thinairweb.co\/wp-content\/uploads\/sites\/3\/2018\/04\/CenterHole.jpg","width":700,"height":700,"caption":"Center Hole Fenders"},{"@type":"BreadcrumbList","@id":"https:\/\/dockedge.thinairweb.co\/fr\/produit\/garde-boue-nervure-a-trou-central-6-x-15\/#breadcrumb","itemListElement":[{"@type":"ListItem","position":1,"name":"Home","item":"https:\/\/dockedge.thinairweb.co\/fr\/"},{"@type":"ListItem","position":2,"name":"Boutique","item":"https:\/\/dockedge.thinairweb.co\/fr\/boutique\/"},{"@type":"ListItem","position":3,"name":"Garde-boue nervur\u00e9 \u00e0 trou central &#8211; 6&Prime; x 15&Prime;."}]},{"@type":"WebSite","@id":"https:\/\/dockedge.thinairweb.co\/fr\/#website","url":"https:\/\/dockedge.thinairweb.co\/fr\/","name":"Dock Edge+","description":"Your Dock. Your Way.","potentialAction":[{"@type":"SearchAction","target":{"@type":"EntryPoint","urlTemplate":"https:\/\/dockedge.thinairweb.co\/fr\/?s={search_term_string}"},"query-input":{"@type":"PropertyValueSpecification","valueRequired":true,"valueName":"search_term_string"}}],"inLanguage":"fr-FR"}]}},"acf":[],"_links":{"self":[{"href":"https:\/\/dockedge.thinairweb.co\/fr\/wp-json\/wp\/v2\/product\/8517","targetHints":{"allow":["GET"]}}],"collection":[{"href":"https:\/\/dockedge.thinairweb.co\/fr\/wp-json\/wp\/v2\/product"}],"about":[{"href":"https:\/\/dockedge.thinairweb.co\/fr\/wp-json\/wp\/v2\/types\/product"}],"wp:featuredmedia":[{"embeddable":true,"href":"https:\/\/dockedge.thinairweb.co\/fr\/wp-json\/wp\/v2\/media\/7566"}],"wp:attachment":[{"href":"https:\/\/dockedge.thinairweb.co\/fr\/wp-json\/wp\/v2\/media?parent=8517"}],"wp:term":[{"taxonomy":"product_brand","embeddable":true,"href":"https:\/\/dockedge.thinairweb.co\/fr\/wp-json\/wp\/v2\/product_brand?post=8517"},{"taxonomy":"product_cat","embeddable":true,"href":"https:\/\/dockedge.thinairweb.co\/fr\/wp-json\/wp\/v2\/product_cat?post=8517"},{"taxonomy":"product_tag","embeddable":true,"href":"https:\/\/dockedge.thinairweb.co\/fr\/wp-json\/wp\/v2\/product_tag?post=8517"}],"curies":[{"name":"wp","href":"https:\/\/api.w.org\/{rel}","templated":true}]}}