{"id":8518,"date":"2020-05-11T17:44:46","date_gmt":"2020-05-11T17:44:46","guid":{"rendered":"https:\/\/dockedge.com\/product\/defenses-gonflables-pour-le-rafting\/"},"modified":"2020-05-11T17:44:46","modified_gmt":"2020-05-11T17:44:46","slug":"defenses-gonflables-pour-le-rafting","status":"publish","type":"product","link":"https:\/\/dockedge.thinairweb.co\/fr\/produit\/defenses-gonflables-pour-le-rafting\/","title":{"rendered":"D\u00e9fenses gonflables pour le rafting"},"content":{"rendered":"<table id=\"product-table\" cellpadding=\"15\" cellspacing=\"0\" border=\"0\">\n<tbody>\n<tr>\n<th>N\u00b0 de pi\u00e8ce<\/th>\n<th>Description<\/th>\n<\/tr>\n<tr>\n<td>DE53651F<\/td>\n<td>D\u00e9fenses gonflables pour rafting Small 48&Prime; x 12&Prime; (1.2m x 30cm)<\/td>\n<\/tr>\n<tr>\n<td>DE53661F<\/td>\n<td>D\u00e9fenses gonflables pour rafting Medium 72&Prime; x 12&Prime; (1.8m x 30cm)<\/td>\n<\/tr>\n<tr>\n<td>DE53671F<\/td>\n<td>D\u00e9fenses gonflables pour rafting Large 144&Prime; x 12&Prime; (3.6m x 30cm)<\/td>\n<\/tr>\n<\/tbody>\n<\/table>\n<p><script src=\"\/\/ui.powerreviews.com\/stable\/4.0\/ui.js\"><\/script><\/p>\n<p><script>\n  POWERREVIEWS.display.render({\n      api_key: 'fdb23d80-8310-4409-87f2-2ee20e24a743',\n      locale: 'en_US',\n      merchant_group_id: '78535',\n      merchant_id: '542114',\n      page_id: '3107',\n      review_wrapper_url: 'http:\/\/www.dockedge.com\/write-a-review\/?pr_page_id=___PAGE_ID___',\nstructured_data_product_id : 'http:\/\/www.dockedge.com\/product\/inflatable-rafting-fender\/',\nproduct:{\n        name: 'Inflatable Rafting Fender', \n        url: 'http:\/\/www.dockedge.com\/product\/inflatable-rafting-fender\/',\n        image_url: 'https:\/\/dockedge.com\/wp-content\/uploads\/sites\/3\/2022\/05\/inflatable_rafting_fender3.jpg',\n        description: 'Inflatable Rafting Fender Small',\n        category_name: 'Fenders &amp; Buoys',\n        manufacturer_id: 'DE53651F',\n        upc: '776113531310',\n        brand_name: 'DockEdge',\n        price: '<your_product_price>',\n        in_stock: '<product_in_stock_status>',\n        variants: [{\n            name: 'DE53661F',\n            description: 'Inflatable Rafting Fender Medium',\n\t    upc: '776113531341',\t\n            page_id_variant: '1',\n        },\n        {\n            name: 'DE53671F',\n            description: 'Inflatable Rafting Fender Large',\n            upc: '776113531358',\n            page_id_variant: '2',\n    }]\n    },\n      components: {\n    ReviewSnippet: 'pr-reviewsnippet',\n    ReviewDisplay: 'pr-reviewdisplay'\n      }\n    });\n  <\/script><\/p>\n<div id=\"pr-reviewdisplay\"><\/div>\n","protected":false},"excerpt":{"rendered":"<div id=\"pr-reviewsnippet\"><\/div>\n<p><b>CUP<\/b> <\/p>\n<ul>\n<li>Protection sup\u00e9rieure pour les pontons et les bateaux habitables lors du rafting de bateau \u00e0 bateau ou de l&rsquo;accostage.<\/li>\n<li>Fabriqu\u00e9 \u00e0 partir d&rsquo;une b\u00e2che en PVC renforc\u00e9e et durable.<\/li>\n<li>Attaches pratiques avec des anneaux en D en acier inoxydable mont\u00e9s aux deux extr\u00e9mit\u00e9s.<\/li>\n<li>La valve en H permet un gonflage et un d\u00e9gonflage rapides.<\/li>\n<li>Se d\u00e9gonfle rapidement et se range de fa\u00e7on compacte.<\/li>\n<\/ul>\n","protected":false},"featured_media":7831,"template":"","meta":{"_acf_changed":false,"_et_pb_use_builder":"","_et_pb_old_content":"","_et_gb_content_width":""},"product_brand":[],"product_cat":[148],"product_tag":[],"class_list":{"0":"post-8518","1":"product","2":"type-product","3":"status-publish","4":"has-post-thumbnail","6":"product_cat-defenses-et-bouees","8":"first","9":"instock","10":"shipping-taxable","11":"product-type-simple"},"yoast_head":"<!-- This site is optimized with the Yoast SEO plugin v27.0 - https:\/\/yoast.com\/product\/yoast-seo-wordpress\/ -->\n<title>D\u00e9fenses gonflables pour le rafting - Dock Edge+<\/title>\n<meta name=\"robots\" content=\"index, follow, max-snippet:-1, max-image-preview:large, max-video-preview:-1\" \/>\n<link rel=\"canonical\" href=\"https:\/\/dockedge.thinairweb.co\/fr\/produit\/defenses-gonflables-pour-le-rafting\/\" \/>\n<meta property=\"og:locale\" content=\"fr_FR\" \/>\n<meta property=\"og:type\" content=\"article\" \/>\n<meta property=\"og:title\" content=\"D\u00e9fenses gonflables pour le rafting - Dock Edge+\" \/>\n<meta property=\"og:description\" content=\"CUP   Protection sup\u00e9rieure pour les pontons et les bateaux habitables lors du rafting de bateau \u00e0 bateau ou de l&#039;accostage.  Fabriqu\u00e9 \u00e0 partir d&#039;une b\u00e2che en PVC renforc\u00e9e et durable.  Attaches pratiques avec des anneaux en D en acier inoxydable mont\u00e9s aux deux extr\u00e9mit\u00e9s.  La valve en H permet un gonflage et un d\u00e9gonflage rapides.  Se d\u00e9gonfle rapidement et se range de fa\u00e7on compacte.\" \/>\n<meta property=\"og:url\" content=\"https:\/\/dockedge.thinairweb.co\/fr\/produit\/defenses-gonflables-pour-le-rafting\/\" \/>\n<meta property=\"og:site_name\" content=\"Dock Edge+\" \/>\n<meta property=\"og:image\" content=\"https:\/\/dockedge.thinairweb.co\/wp-content\/uploads\/sites\/3\/2022\/05\/inflatable_rafting_fender3.jpg\" \/>\n\t<meta property=\"og:image:width\" content=\"700\" \/>\n\t<meta property=\"og:image:height\" content=\"700\" \/>\n\t<meta property=\"og:image:type\" content=\"image\/jpeg\" \/>\n<meta name=\"twitter:card\" content=\"summary_large_image\" \/>\n<script type=\"application\/ld+json\" class=\"yoast-schema-graph\">{\"@context\":\"https:\/\/schema.org\",\"@graph\":[{\"@type\":\"WebPage\",\"@id\":\"https:\/\/dockedge.thinairweb.co\/fr\/produit\/defenses-gonflables-pour-le-rafting\/\",\"url\":\"https:\/\/dockedge.thinairweb.co\/fr\/produit\/defenses-gonflables-pour-le-rafting\/\",\"name\":\"D\u00e9fenses gonflables pour le rafting - Dock Edge+\",\"isPartOf\":{\"@id\":\"https:\/\/dockedge.thinairweb.co\/fr\/#website\"},\"primaryImageOfPage\":{\"@id\":\"https:\/\/dockedge.thinairweb.co\/fr\/produit\/defenses-gonflables-pour-le-rafting\/#primaryimage\"},\"image\":{\"@id\":\"https:\/\/dockedge.thinairweb.co\/fr\/produit\/defenses-gonflables-pour-le-rafting\/#primaryimage\"},\"thumbnailUrl\":\"https:\/\/dockedge.thinairweb.co\/wp-content\/uploads\/sites\/3\/2022\/05\/inflatable_rafting_fender3.jpg\",\"datePublished\":\"2020-05-11T17:44:46+00:00\",\"breadcrumb\":{\"@id\":\"https:\/\/dockedge.thinairweb.co\/fr\/produit\/defenses-gonflables-pour-le-rafting\/#breadcrumb\"},\"inLanguage\":\"fr-FR\",\"potentialAction\":[{\"@type\":\"ReadAction\",\"target\":[\"https:\/\/dockedge.thinairweb.co\/fr\/produit\/defenses-gonflables-pour-le-rafting\/\"]}]},{\"@type\":\"ImageObject\",\"inLanguage\":\"fr-FR\",\"@id\":\"https:\/\/dockedge.thinairweb.co\/fr\/produit\/defenses-gonflables-pour-le-rafting\/#primaryimage\",\"url\":\"https:\/\/dockedge.thinairweb.co\/wp-content\/uploads\/sites\/3\/2022\/05\/inflatable_rafting_fender3.jpg\",\"contentUrl\":\"https:\/\/dockedge.thinairweb.co\/wp-content\/uploads\/sites\/3\/2022\/05\/inflatable_rafting_fender3.jpg\",\"width\":700,\"height\":700,\"caption\":\"Inflatable Rafting Fender in black\"},{\"@type\":\"BreadcrumbList\",\"@id\":\"https:\/\/dockedge.thinairweb.co\/fr\/produit\/defenses-gonflables-pour-le-rafting\/#breadcrumb\",\"itemListElement\":[{\"@type\":\"ListItem\",\"position\":1,\"name\":\"Home\",\"item\":\"https:\/\/dockedge.thinairweb.co\/fr\/\"},{\"@type\":\"ListItem\",\"position\":2,\"name\":\"Boutique\",\"item\":\"https:\/\/dockedge.thinairweb.co\/fr\/boutique\/\"},{\"@type\":\"ListItem\",\"position\":3,\"name\":\"D\u00e9fenses gonflables pour le rafting\"}]},{\"@type\":\"WebSite\",\"@id\":\"https:\/\/dockedge.thinairweb.co\/fr\/#website\",\"url\":\"https:\/\/dockedge.thinairweb.co\/fr\/\",\"name\":\"Dock Edge+\",\"description\":\"Your Dock. Your Way.\",\"potentialAction\":[{\"@type\":\"SearchAction\",\"target\":{\"@type\":\"EntryPoint\",\"urlTemplate\":\"https:\/\/dockedge.thinairweb.co\/fr\/?s={search_term_string}\"},\"query-input\":{\"@type\":\"PropertyValueSpecification\",\"valueRequired\":true,\"valueName\":\"search_term_string\"}}],\"inLanguage\":\"fr-FR\"}]}<\/script>\n<!-- \/ Yoast SEO plugin. -->","yoast_head_json":{"title":"D\u00e9fenses gonflables pour le rafting - Dock Edge+","robots":{"index":"index","follow":"follow","max-snippet":"max-snippet:-1","max-image-preview":"max-image-preview:large","max-video-preview":"max-video-preview:-1"},"canonical":"https:\/\/dockedge.thinairweb.co\/fr\/produit\/defenses-gonflables-pour-le-rafting\/","og_locale":"fr_FR","og_type":"article","og_title":"D\u00e9fenses gonflables pour le rafting - Dock Edge+","og_description":"CUP   Protection sup\u00e9rieure pour les pontons et les bateaux habitables lors du rafting de bateau \u00e0 bateau ou de l'accostage.  Fabriqu\u00e9 \u00e0 partir d'une b\u00e2che en PVC renforc\u00e9e et durable.  Attaches pratiques avec des anneaux en D en acier inoxydable mont\u00e9s aux deux extr\u00e9mit\u00e9s.  La valve en H permet un gonflage et un d\u00e9gonflage rapides.  Se d\u00e9gonfle rapidement et se range de fa\u00e7on compacte.","og_url":"https:\/\/dockedge.thinairweb.co\/fr\/produit\/defenses-gonflables-pour-le-rafting\/","og_site_name":"Dock Edge+","og_image":[{"width":700,"height":700,"url":"https:\/\/dockedge.thinairweb.co\/wp-content\/uploads\/sites\/3\/2022\/05\/inflatable_rafting_fender3.jpg","type":"image\/jpeg"}],"twitter_card":"summary_large_image","schema":{"@context":"https:\/\/schema.org","@graph":[{"@type":"WebPage","@id":"https:\/\/dockedge.thinairweb.co\/fr\/produit\/defenses-gonflables-pour-le-rafting\/","url":"https:\/\/dockedge.thinairweb.co\/fr\/produit\/defenses-gonflables-pour-le-rafting\/","name":"D\u00e9fenses gonflables pour le rafting - Dock Edge+","isPartOf":{"@id":"https:\/\/dockedge.thinairweb.co\/fr\/#website"},"primaryImageOfPage":{"@id":"https:\/\/dockedge.thinairweb.co\/fr\/produit\/defenses-gonflables-pour-le-rafting\/#primaryimage"},"image":{"@id":"https:\/\/dockedge.thinairweb.co\/fr\/produit\/defenses-gonflables-pour-le-rafting\/#primaryimage"},"thumbnailUrl":"https:\/\/dockedge.thinairweb.co\/wp-content\/uploads\/sites\/3\/2022\/05\/inflatable_rafting_fender3.jpg","datePublished":"2020-05-11T17:44:46+00:00","breadcrumb":{"@id":"https:\/\/dockedge.thinairweb.co\/fr\/produit\/defenses-gonflables-pour-le-rafting\/#breadcrumb"},"inLanguage":"fr-FR","potentialAction":[{"@type":"ReadAction","target":["https:\/\/dockedge.thinairweb.co\/fr\/produit\/defenses-gonflables-pour-le-rafting\/"]}]},{"@type":"ImageObject","inLanguage":"fr-FR","@id":"https:\/\/dockedge.thinairweb.co\/fr\/produit\/defenses-gonflables-pour-le-rafting\/#primaryimage","url":"https:\/\/dockedge.thinairweb.co\/wp-content\/uploads\/sites\/3\/2022\/05\/inflatable_rafting_fender3.jpg","contentUrl":"https:\/\/dockedge.thinairweb.co\/wp-content\/uploads\/sites\/3\/2022\/05\/inflatable_rafting_fender3.jpg","width":700,"height":700,"caption":"Inflatable Rafting Fender in black"},{"@type":"BreadcrumbList","@id":"https:\/\/dockedge.thinairweb.co\/fr\/produit\/defenses-gonflables-pour-le-rafting\/#breadcrumb","itemListElement":[{"@type":"ListItem","position":1,"name":"Home","item":"https:\/\/dockedge.thinairweb.co\/fr\/"},{"@type":"ListItem","position":2,"name":"Boutique","item":"https:\/\/dockedge.thinairweb.co\/fr\/boutique\/"},{"@type":"ListItem","position":3,"name":"D\u00e9fenses gonflables pour le rafting"}]},{"@type":"WebSite","@id":"https:\/\/dockedge.thinairweb.co\/fr\/#website","url":"https:\/\/dockedge.thinairweb.co\/fr\/","name":"Dock Edge+","description":"Your Dock. Your Way.","potentialAction":[{"@type":"SearchAction","target":{"@type":"EntryPoint","urlTemplate":"https:\/\/dockedge.thinairweb.co\/fr\/?s={search_term_string}"},"query-input":{"@type":"PropertyValueSpecification","valueRequired":true,"valueName":"search_term_string"}}],"inLanguage":"fr-FR"}]}},"acf":[],"_links":{"self":[{"href":"https:\/\/dockedge.thinairweb.co\/fr\/wp-json\/wp\/v2\/product\/8518","targetHints":{"allow":["GET"]}}],"collection":[{"href":"https:\/\/dockedge.thinairweb.co\/fr\/wp-json\/wp\/v2\/product"}],"about":[{"href":"https:\/\/dockedge.thinairweb.co\/fr\/wp-json\/wp\/v2\/types\/product"}],"wp:featuredmedia":[{"embeddable":true,"href":"https:\/\/dockedge.thinairweb.co\/fr\/wp-json\/wp\/v2\/media\/7831"}],"wp:attachment":[{"href":"https:\/\/dockedge.thinairweb.co\/fr\/wp-json\/wp\/v2\/media?parent=8518"}],"wp:term":[{"taxonomy":"product_brand","embeddable":true,"href":"https:\/\/dockedge.thinairweb.co\/fr\/wp-json\/wp\/v2\/product_brand?post=8518"},{"taxonomy":"product_cat","embeddable":true,"href":"https:\/\/dockedge.thinairweb.co\/fr\/wp-json\/wp\/v2\/product_cat?post=8518"},{"taxonomy":"product_tag","embeddable":true,"href":"https:\/\/dockedge.thinairweb.co\/fr\/wp-json\/wp\/v2\/product_tag?post=8518"}],"curies":[{"name":"wp","href":"https:\/\/api.w.org\/{rel}","templated":true}]}}