{"id":8521,"date":"2022-05-06T20:38:43","date_gmt":"2022-05-06T20:38:43","guid":{"rendered":"https:\/\/dockedge.com\/product\/aluminium-flip-up-wide-step\/"},"modified":"2022-05-06T20:38:43","modified_gmt":"2022-05-06T20:38:43","slug":"aluminium-flip-up-wide-step","status":"publish","type":"product","link":"https:\/\/dockedge.thinairweb.co\/fr\/produit\/aluminium-flip-up-wide-step\/","title":{"rendered":"ALUMINIUM FLIP UP &#8211; WIDE STEP"},"content":{"rendered":"<table id=\"product-table\" cellpadding=\"15\" cellspacing=\"0\" border=\"0\">\n<tbody>\n<tr>\n<th>N\u00b0 de pi\u00e8ce<\/th>\n<th>Description<\/th>\n<\/tr>\n<tr>\n<td>DE2123F<\/td>\n<td>\u00c9chelle de quai escamotable \u00e0 3 larges marches, soud\u00e9e, aluminium<\/td>\n<\/tr>\n<tr>\n<td>DE2124F<\/td>\n<td>\u00c9chelle de quai basculante \u00e0 4 larges marches, soud\u00e9e, aluminium<\/td>\n<\/tr>\n<tr>\n<td>DE2125F<\/td>\n<td>\u00c9chelle de quai basculante \u00e0 5 larges marches, soud\u00e9e, aluminium<\/td>\n<\/tr>\n<tr>\n<td>DE2127F<\/td>\n<td>\u00c9chelle de quai escamotable \u00e0 7 marches, soud\u00e9e, en aluminium<\/td>\n<\/tr>\n<\/tbody>\n<\/table>\n<p><script src=\"\/\/ui.powerreviews.com\/stable\/4.0\/ui.js\"><\/script><\/p>\n<p><script>\n  POWERREVIEWS.display.render({\n      api_key: 'fdb23d80-8310-4409-87f2-2ee20e24a743',\n      locale: 'en_US',\n      merchant_group_id: '78535',\n      merchant_id: '542114',\n      page_id: '2848',\n      review_wrapper_url: 'http:\/\/www.dockedge.com\/write-a-review\/?pr_page_id=___PAGE_ID___',\nstructured_data_product_id : 'http:\/\/www.dockedge.com\/product\/aluminum-flip-up-wide-step\/',\nproduct:{\n        name: 'ALUMINUM FLIP-UP - WIDE STEP', \n        url: 'http:\/\/www.dockedge.com\/product\/aluminum-flip-up-wide-step\/',\n        image_url: 'https:\/\/dockedge.com\/wp-content\/uploads\/sites\/3\/2023\/02\/DE2124F.jpg',\n        description: 'Ladder 3 Step Flip-Up Alum WIDE Step Weld',\n        category_name: 'Dock Ladders',\n        manufacturer_id: 'DE2123F',\n        upc: '776113998687',\n        brand_name: 'DockEdge',\n        price: '<your_product_price>',\n        in_stock: '<product_in_stock_status>',\n        variants: [{\n            name: 'DE2124F',\n            description: 'Ladder 4 Step Flip-Up Alum WIDE Step Weld',\n\t    upc: '776113998670',\t\n            page_id_variant: '1',\n        },\n        {\n            name: 'DE2125F',\n            description: 'Ladder 5 Step Flip-Up Alum WIDE Step Weld',\n            upc: '776113998663',\n            page_id_variant: '2',  \n        },\n        {\n            name: 'DE2127F',\n            description: 'Ladder 7 Step Flip-Up Alum WIDE Step Weld',\n            upc: '776113998694',\n            page_id_variant: '3',   \n    }]\n    },\n      components: {\n    ReviewSnippet: 'pr-reviewsnippet',\n    ReviewDisplay: 'pr-reviewdisplay'\n      }\n    });\n  <\/script><\/p>\n<div id=\"pr-reviewdisplay\"><\/div>\n","protected":false},"excerpt":{"rendered":"<div id=\"pr-reviewsnippet\"><\/div>\n<p><b>CUP<\/b> <br \/>\nCes \u00e9chelles \u00e0 marches larges et rabattables ont une profondeur de marche de 4&Prime; et sont id\u00e9ales pour acc\u00e9der d&rsquo;un pied s\u00fbr \u00e0 l&rsquo;eau ou au bateau et en sortir. Avec une capacit\u00e9 de charge de 665 lb, ces \u00e9chelles robustes r\u00e9sisteront \u00e0 l&rsquo;\u00e9preuve du temps. Parfaites pour les digues ou les quais avec des niveaux d&rsquo;eau variables.   <\/p>\n<p>Hauteur du rail : 19-1\/2&Prime; au-dessus du quai<br \/>\nDistance de la premi\u00e8re marche : Depuis la surface du quai, 11&Prime; et 12&Prime; entre les marches.<br \/>\nLes marches ont une profondeur de 4&Prime; et une largeur de 16-3\/4&Prime; : Profondeur de 4&Prime; et largeur de 16-3\/4&Prime;.<br \/>\nCapacit\u00e9 : 1000 lb (454 kg). <\/p>\n","protected":false},"featured_media":7890,"template":"","meta":{"_acf_changed":false,"_et_pb_use_builder":"","_et_pb_old_content":"","_et_gb_content_width":""},"product_brand":[],"product_cat":[181],"product_tag":[],"class_list":{"0":"post-8521","1":"product","2":"type-product","3":"status-publish","4":"has-post-thumbnail","6":"product_cat-echelles-de-quai","8":"first","9":"instock","10":"shipping-taxable","11":"product-type-simple"},"yoast_head":"<!-- This site is optimized with the Yoast SEO plugin v27.0 - https:\/\/yoast.com\/product\/yoast-seo-wordpress\/ -->\n<title>ALUMINIUM FLIP UP - WIDE STEP - Dock Edge+<\/title>\n<meta name=\"robots\" content=\"index, follow, max-snippet:-1, max-image-preview:large, max-video-preview:-1\" \/>\n<link rel=\"canonical\" href=\"https:\/\/dockedge.thinairweb.co\/fr\/produit\/aluminium-flip-up-wide-step\/\" \/>\n<meta property=\"og:locale\" content=\"fr_FR\" \/>\n<meta property=\"og:type\" content=\"article\" \/>\n<meta property=\"og:title\" content=\"ALUMINIUM FLIP UP - WIDE STEP - Dock Edge+\" \/>\n<meta property=\"og:description\" content=\"CUP Ces \u00e9chelles \u00e0 marches larges et rabattables ont une profondeur de marche de 4&quot; et sont id\u00e9ales pour acc\u00e9der d&#039;un pied s\u00fbr \u00e0 l&#039;eau ou au bateau et en sortir. Avec une capacit\u00e9 de charge de 665 lb, ces \u00e9chelles robustes r\u00e9sisteront \u00e0 l&#039;\u00e9preuve du temps. Parfaites pour les digues ou les quais avec des niveaux d&#039;eau variables.   Hauteur du rail : 19-1\/2&quot; au-dessus du quai Distance de la premi\u00e8re marche : Depuis la surface du quai, 11&quot; et 12&quot; entre les marches. Les marches ont une profondeur de 4&quot; et une largeur de 16-3\/4&quot; : Profondeur de 4&quot; et largeur de 16-3\/4&quot;. Capacit\u00e9 : 1000 lb (454 kg).\" \/>\n<meta property=\"og:url\" content=\"https:\/\/dockedge.thinairweb.co\/fr\/produit\/aluminium-flip-up-wide-step\/\" \/>\n<meta property=\"og:site_name\" content=\"Dock Edge+\" \/>\n<meta property=\"og:image\" content=\"https:\/\/dockedge.thinairweb.co\/wp-content\/uploads\/sites\/3\/2023\/02\/DE2124F.jpg\" \/>\n\t<meta property=\"og:image:width\" content=\"800\" \/>\n\t<meta property=\"og:image:height\" content=\"800\" \/>\n\t<meta property=\"og:image:type\" content=\"image\/jpeg\" \/>\n<meta name=\"twitter:card\" content=\"summary_large_image\" \/>\n<script type=\"application\/ld+json\" class=\"yoast-schema-graph\">{\"@context\":\"https:\/\/schema.org\",\"@graph\":[{\"@type\":\"WebPage\",\"@id\":\"https:\/\/dockedge.thinairweb.co\/fr\/produit\/aluminium-flip-up-wide-step\/\",\"url\":\"https:\/\/dockedge.thinairweb.co\/fr\/produit\/aluminium-flip-up-wide-step\/\",\"name\":\"ALUMINIUM FLIP UP - WIDE STEP - Dock Edge+\",\"isPartOf\":{\"@id\":\"https:\/\/dockedge.thinairweb.co\/fr\/#website\"},\"primaryImageOfPage\":{\"@id\":\"https:\/\/dockedge.thinairweb.co\/fr\/produit\/aluminium-flip-up-wide-step\/#primaryimage\"},\"image\":{\"@id\":\"https:\/\/dockedge.thinairweb.co\/fr\/produit\/aluminium-flip-up-wide-step\/#primaryimage\"},\"thumbnailUrl\":\"https:\/\/dockedge.thinairweb.co\/wp-content\/uploads\/sites\/3\/2023\/02\/DE2124F.jpg\",\"datePublished\":\"2022-05-06T20:38:43+00:00\",\"breadcrumb\":{\"@id\":\"https:\/\/dockedge.thinairweb.co\/fr\/produit\/aluminium-flip-up-wide-step\/#breadcrumb\"},\"inLanguage\":\"fr-FR\",\"potentialAction\":[{\"@type\":\"ReadAction\",\"target\":[\"https:\/\/dockedge.thinairweb.co\/fr\/produit\/aluminium-flip-up-wide-step\/\"]}]},{\"@type\":\"ImageObject\",\"inLanguage\":\"fr-FR\",\"@id\":\"https:\/\/dockedge.thinairweb.co\/fr\/produit\/aluminium-flip-up-wide-step\/#primaryimage\",\"url\":\"https:\/\/dockedge.thinairweb.co\/wp-content\/uploads\/sites\/3\/2023\/02\/DE2124F.jpg\",\"contentUrl\":\"https:\/\/dockedge.thinairweb.co\/wp-content\/uploads\/sites\/3\/2023\/02\/DE2124F.jpg\",\"width\":800,\"height\":800,\"caption\":\"Aluminum 4-Step Flip Up Dock Ladder\"},{\"@type\":\"BreadcrumbList\",\"@id\":\"https:\/\/dockedge.thinairweb.co\/fr\/produit\/aluminium-flip-up-wide-step\/#breadcrumb\",\"itemListElement\":[{\"@type\":\"ListItem\",\"position\":1,\"name\":\"Home\",\"item\":\"https:\/\/dockedge.thinairweb.co\/fr\/\"},{\"@type\":\"ListItem\",\"position\":2,\"name\":\"Boutique\",\"item\":\"https:\/\/dockedge.thinairweb.co\/fr\/boutique\/\"},{\"@type\":\"ListItem\",\"position\":3,\"name\":\"ALUMINIUM FLIP UP &#8211; WIDE STEP\"}]},{\"@type\":\"WebSite\",\"@id\":\"https:\/\/dockedge.thinairweb.co\/fr\/#website\",\"url\":\"https:\/\/dockedge.thinairweb.co\/fr\/\",\"name\":\"Dock Edge+\",\"description\":\"Your Dock. Your Way.\",\"potentialAction\":[{\"@type\":\"SearchAction\",\"target\":{\"@type\":\"EntryPoint\",\"urlTemplate\":\"https:\/\/dockedge.thinairweb.co\/fr\/?s={search_term_string}\"},\"query-input\":{\"@type\":\"PropertyValueSpecification\",\"valueRequired\":true,\"valueName\":\"search_term_string\"}}],\"inLanguage\":\"fr-FR\"}]}<\/script>\n<!-- \/ Yoast SEO plugin. -->","yoast_head_json":{"title":"ALUMINIUM FLIP UP - WIDE STEP - Dock Edge+","robots":{"index":"index","follow":"follow","max-snippet":"max-snippet:-1","max-image-preview":"max-image-preview:large","max-video-preview":"max-video-preview:-1"},"canonical":"https:\/\/dockedge.thinairweb.co\/fr\/produit\/aluminium-flip-up-wide-step\/","og_locale":"fr_FR","og_type":"article","og_title":"ALUMINIUM FLIP UP - WIDE STEP - Dock Edge+","og_description":"CUP Ces \u00e9chelles \u00e0 marches larges et rabattables ont une profondeur de marche de 4\" et sont id\u00e9ales pour acc\u00e9der d'un pied s\u00fbr \u00e0 l'eau ou au bateau et en sortir. Avec une capacit\u00e9 de charge de 665 lb, ces \u00e9chelles robustes r\u00e9sisteront \u00e0 l'\u00e9preuve du temps. Parfaites pour les digues ou les quais avec des niveaux d'eau variables.   Hauteur du rail : 19-1\/2\" au-dessus du quai Distance de la premi\u00e8re marche : Depuis la surface du quai, 11\" et 12\" entre les marches. Les marches ont une profondeur de 4\" et une largeur de 16-3\/4\" : Profondeur de 4\" et largeur de 16-3\/4\". Capacit\u00e9 : 1000 lb (454 kg).","og_url":"https:\/\/dockedge.thinairweb.co\/fr\/produit\/aluminium-flip-up-wide-step\/","og_site_name":"Dock Edge+","og_image":[{"width":800,"height":800,"url":"https:\/\/dockedge.thinairweb.co\/wp-content\/uploads\/sites\/3\/2023\/02\/DE2124F.jpg","type":"image\/jpeg"}],"twitter_card":"summary_large_image","schema":{"@context":"https:\/\/schema.org","@graph":[{"@type":"WebPage","@id":"https:\/\/dockedge.thinairweb.co\/fr\/produit\/aluminium-flip-up-wide-step\/","url":"https:\/\/dockedge.thinairweb.co\/fr\/produit\/aluminium-flip-up-wide-step\/","name":"ALUMINIUM FLIP UP - WIDE STEP - Dock Edge+","isPartOf":{"@id":"https:\/\/dockedge.thinairweb.co\/fr\/#website"},"primaryImageOfPage":{"@id":"https:\/\/dockedge.thinairweb.co\/fr\/produit\/aluminium-flip-up-wide-step\/#primaryimage"},"image":{"@id":"https:\/\/dockedge.thinairweb.co\/fr\/produit\/aluminium-flip-up-wide-step\/#primaryimage"},"thumbnailUrl":"https:\/\/dockedge.thinairweb.co\/wp-content\/uploads\/sites\/3\/2023\/02\/DE2124F.jpg","datePublished":"2022-05-06T20:38:43+00:00","breadcrumb":{"@id":"https:\/\/dockedge.thinairweb.co\/fr\/produit\/aluminium-flip-up-wide-step\/#breadcrumb"},"inLanguage":"fr-FR","potentialAction":[{"@type":"ReadAction","target":["https:\/\/dockedge.thinairweb.co\/fr\/produit\/aluminium-flip-up-wide-step\/"]}]},{"@type":"ImageObject","inLanguage":"fr-FR","@id":"https:\/\/dockedge.thinairweb.co\/fr\/produit\/aluminium-flip-up-wide-step\/#primaryimage","url":"https:\/\/dockedge.thinairweb.co\/wp-content\/uploads\/sites\/3\/2023\/02\/DE2124F.jpg","contentUrl":"https:\/\/dockedge.thinairweb.co\/wp-content\/uploads\/sites\/3\/2023\/02\/DE2124F.jpg","width":800,"height":800,"caption":"Aluminum 4-Step Flip Up Dock Ladder"},{"@type":"BreadcrumbList","@id":"https:\/\/dockedge.thinairweb.co\/fr\/produit\/aluminium-flip-up-wide-step\/#breadcrumb","itemListElement":[{"@type":"ListItem","position":1,"name":"Home","item":"https:\/\/dockedge.thinairweb.co\/fr\/"},{"@type":"ListItem","position":2,"name":"Boutique","item":"https:\/\/dockedge.thinairweb.co\/fr\/boutique\/"},{"@type":"ListItem","position":3,"name":"ALUMINIUM FLIP UP &#8211; WIDE STEP"}]},{"@type":"WebSite","@id":"https:\/\/dockedge.thinairweb.co\/fr\/#website","url":"https:\/\/dockedge.thinairweb.co\/fr\/","name":"Dock Edge+","description":"Your Dock. Your Way.","potentialAction":[{"@type":"SearchAction","target":{"@type":"EntryPoint","urlTemplate":"https:\/\/dockedge.thinairweb.co\/fr\/?s={search_term_string}"},"query-input":{"@type":"PropertyValueSpecification","valueRequired":true,"valueName":"search_term_string"}}],"inLanguage":"fr-FR"}]}},"acf":[],"_links":{"self":[{"href":"https:\/\/dockedge.thinairweb.co\/fr\/wp-json\/wp\/v2\/product\/8521","targetHints":{"allow":["GET"]}}],"collection":[{"href":"https:\/\/dockedge.thinairweb.co\/fr\/wp-json\/wp\/v2\/product"}],"about":[{"href":"https:\/\/dockedge.thinairweb.co\/fr\/wp-json\/wp\/v2\/types\/product"}],"wp:featuredmedia":[{"embeddable":true,"href":"https:\/\/dockedge.thinairweb.co\/fr\/wp-json\/wp\/v2\/media\/7890"}],"wp:attachment":[{"href":"https:\/\/dockedge.thinairweb.co\/fr\/wp-json\/wp\/v2\/media?parent=8521"}],"wp:term":[{"taxonomy":"product_brand","embeddable":true,"href":"https:\/\/dockedge.thinairweb.co\/fr\/wp-json\/wp\/v2\/product_brand?post=8521"},{"taxonomy":"product_cat","embeddable":true,"href":"https:\/\/dockedge.thinairweb.co\/fr\/wp-json\/wp\/v2\/product_cat?post=8521"},{"taxonomy":"product_tag","embeddable":true,"href":"https:\/\/dockedge.thinairweb.co\/fr\/wp-json\/wp\/v2\/product_tag?post=8521"}],"curies":[{"name":"wp","href":"https:\/\/api.w.org\/{rel}","templated":true}]}}