{"id":8531,"date":"2021-06-24T21:50:16","date_gmt":"2021-06-24T21:50:16","guid":{"rendered":"https:\/\/dockedge.com\/product\/dolphin-twin-eye-ribbed-fender-6-5%e2%80%b3-x-23%e2%80%b3-2\/"},"modified":"2025-07-29T13:15:16","modified_gmt":"2025-07-29T13:15:16","slug":"dolphin-twin-eye-ribbed-fender-6-5%e2%80%b3-x-23%e2%80%b3-2","status":"publish","type":"product","link":"https:\/\/dockedge.thinairweb.co\/fr\/produit\/dolphin-twin-eye-ribbed-fender-6-5%e2%80%b3-x-23%e2%80%b3-2\/","title":{"rendered":"Dolphin\u2122 Twin Eye Ribbed Fender &#8211; 6.5\u2033 x 23\u2033"},"content":{"rendered":"<p>[et_pb_section fb_built=\u00a0\u00bb1&Prime; _builder_version=\u00a0\u00bb3.22&Prime; custom_padding=\u00a0\u00bb0px||||false|false\u00a0\u00bb][et_pb_row _builder_version=\u00a0\u00bb3.25&Prime; background_size=\u00a0\u00bbinitial\u00a0\u00bb background_position=\u00a0\u00bbtop_left\u00a0\u00bb background_repeat=\u00a0\u00bbrepeat\u00a0\u00bb width=\u00a0\u00bb100%\u00a0\u00bb custom_padding=\u00a0\u00bb0px||0px||false|false\u00a0\u00bb][et_pb_column type=\u00a0\u00bb4_4&Prime; _builder_version=\u00a0\u00bb3.25&Prime; custom_padding=\u00a0\u00bb|||\u00a0\u00bb custom_padding__hover=\u00a0\u00bb|||\u00a0\u00bb][et_pb_wc_breadcrumb _builder_version=\u00a0\u00bb3.0.47&Prime;][\/et_pb_wc_breadcrumb][et_pb_wc_cart_notice _builder_version=\u00a0\u00bb3.0.47&Prime;][\/et_pb_wc_cart_notice][\/et_pb_column][\/et_pb_row][et_pb_row column_structure=\u00a0\u00bb1_2,1_2&Prime; _builder_version=\u00a0\u00bb3.25&Prime; background_size=\u00a0\u00bbinitial\u00a0\u00bb background_position=\u00a0\u00bbtop_left\u00a0\u00bb background_repeat=\u00a0\u00bbrepeat\u00a0\u00bb width=\u00a0\u00bb100%\u00a0\u00bb custom_padding=\u00a0\u00bb0px||||false|false\u00a0\u00bb][et_pb_column type=\u00a0\u00bb1_2&Prime; _builder_version=\u00a0\u00bb3.25&Prime; custom_padding=\u00a0\u00bb|||\u00a0\u00bb custom_padding__hover=\u00a0\u00bb|||\u00a0\u00bb][et_pb_wc_images _builder_version=\u00a0\u00bb3.0.47&Prime;][\/et_pb_wc_images][\/et_pb_column][et_pb_column type=\u00a0\u00bb1_2&Prime; _builder_version=\u00a0\u00bb3.25&Prime; custom_padding=\u00a0\u00bb|||\u00a0\u00bb custom_padding__hover=\u00a0\u00bb|||\u00a0\u00bb][et_pb_wc_title _builder_version=\u00a0\u00bb3.0.47&Prime;][\/et_pb_wc_title][et_pb_wc_rating _builder_version=\u00a0\u00bb3.0.47&Prime;][\/et_pb_wc_rating][et_pb_wc_price _builder_version=\u00a0\u00bb3.0.47&Prime;][\/et_pb_wc_price][et_pb_wc_description _builder_version=\u00a0\u00bb4.9.7&Prime;][\/et_pb_wc_description][et_pb_wc_add_to_cart _builder_version=\u00a0\u00bb3.0.47&Prime;][\/et_pb_wc_add_to_cart][et_pb_wc_meta _builder_version=\u00a0\u00bb3.0.47&Prime;][\/et_pb_wc_meta][\/et_pb_column][\/et_pb_row][et_pb_row _builder_version=\u00a0\u00bb3.25&Prime; background_size=\u00a0\u00bbinitial\u00a0\u00bb background_position=\u00a0\u00bbtop_left\u00a0\u00bb background_repeat=\u00a0\u00bbrepeat\u00a0\u00bb width=\u00a0\u00bb100%\u00a0\u00bb][et_pb_column type=\u00a0\u00bb4_4&Prime; _builder_version=\u00a0\u00bb3.25&Prime; custom_padding=\u00a0\u00bb|||\u00a0\u00bb custom_padding__hover=\u00a0\u00bb|||\u00a0\u00bb][et_pb_wc_tabs _builder_version=\u00a0\u00bb3.0.47&Prime;] [\/et_pb_wc_tabs][et_pb_wc_upsells _builder_version=\u00a0\u00bb3.0.47&Prime;][\/et_pb_wc_upsells][et_pb_wc_related_products _builder_version=\u00a0\u00bb3.0.47&Prime;][\/et_pb_wc_related_products][\/et_pb_column][\/et_pb_row][\/et_pb_section]<\/p>\n","protected":false},"excerpt":{"rendered":"","protected":false},"featured_media":7776,"template":"","meta":{"_acf_changed":false,"_et_pb_use_builder":"on","_et_pb_old_content":"Toutes les d\u00e9fenses Dolphin\u2122 roto-moul\u00e9es sont fabriqu\u00e9es \u00e0 partir de vinyle marin de la meilleure qualit\u00e9, ce qui permet d'obtenir une r\u00e9sistance sup\u00e9rieure, un amortissement et une finition tr\u00e8s brillante.\n\n\u00a0\n<ul>\n \t<li>Les d\u00e9fenses Dolphin ont \u00e9t\u00e9 test\u00e9es pendant de nombreuses ann\u00e9es dans divers environnements marins dans le monde entier.<\/li>\n \t<li>Les d\u00e9fenses Dolphin r\u00e9sistent \u00e0 la d\u00e9t\u00e9rioration due \u00e0 la moisissure, au gaz, \u00e0 l'huile, \u00e0 l'eau de mer et aux bact\u00e9ries et sont dot\u00e9es d'inhibiteurs d'ultraviolets int\u00e9gr\u00e9s.<\/li>\n \t<li>Dot\u00e9 d'ergots int\u00e9graux sp\u00e9cialement renforc\u00e9s pour une r\u00e9sistance accrue et une plus grande long\u00e9vit\u00e9.<\/li>\n \t<li>Soupape \u00e0 aiguille conventionnelle moul\u00e9e pour le gonflage, permettant d'ajuster le niveau de fermet\u00e9 d\u00e9sir\u00e9. Ces garde-boue offrent une protection maximale et un bon rapport qualit\u00e9-prix. <\/li>\n<\/ul>","_et_gb_content_width":""},"product_brand":[],"product_cat":[192,148],"product_tag":[],"class_list":{"0":"post-8531","1":"product","2":"type-product","3":"status-publish","4":"has-post-thumbnail","6":"product_cat-defenses","7":"product_cat-defenses-et-bouees","9":"first","10":"instock","11":"shipping-taxable","12":"product-type-simple"},"yoast_head":"<!-- This site is optimized with the Yoast SEO plugin v27.0 - https:\/\/yoast.com\/product\/yoast-seo-wordpress\/ -->\n<title>Dolphin\u2122 Twin Eye Ribbed Fender - 6.5\u2033 x 23\u2033 - Dock Edge+<\/title>\n<meta name=\"robots\" content=\"index, follow, max-snippet:-1, max-image-preview:large, max-video-preview:-1\" \/>\n<link rel=\"canonical\" href=\"https:\/\/dockedge.thinairweb.co\/fr\/produit\/dolphin-twin-eye-ribbed-fender-6-5%e2%80%b3-x-23%e2%80%b3-2\/\" \/>\n<meta property=\"og:locale\" content=\"fr_FR\" \/>\n<meta property=\"og:type\" content=\"article\" \/>\n<meta property=\"og:title\" content=\"Dolphin\u2122 Twin Eye Ribbed Fender - 6.5\u2033 x 23\u2033 - Dock Edge+\" \/>\n<meta property=\"og:url\" content=\"https:\/\/dockedge.thinairweb.co\/fr\/produit\/dolphin-twin-eye-ribbed-fender-6-5%e2%80%b3-x-23%e2%80%b3-2\/\" \/>\n<meta property=\"og:site_name\" content=\"Dock Edge+\" \/>\n<meta property=\"article:modified_time\" content=\"2025-07-29T13:15:16+00:00\" \/>\n<meta property=\"og:image\" content=\"https:\/\/dockedge.thinairweb.co\/wp-content\/uploads\/sites\/3\/2021\/06\/16D0F4F5-93F1-46D7-9959-01E6292BDC0E.jpeg\" \/>\n\t<meta property=\"og:image:width\" content=\"700\" \/>\n\t<meta property=\"og:image:height\" content=\"700\" \/>\n\t<meta property=\"og:image:type\" content=\"image\/jpeg\" \/>\n<meta name=\"twitter:card\" content=\"summary_large_image\" \/>\n<meta name=\"twitter:label1\" content=\"Dur\u00e9e de lecture estim\u00e9e\" \/>\n\t<meta name=\"twitter:data1\" content=\"1 minute\" \/>\n<script type=\"application\/ld+json\" class=\"yoast-schema-graph\">{\"@context\":\"https:\/\/schema.org\",\"@graph\":[{\"@type\":\"WebPage\",\"@id\":\"https:\/\/dockedge.thinairweb.co\/fr\/produit\/dolphin-twin-eye-ribbed-fender-6-5%e2%80%b3-x-23%e2%80%b3-2\/\",\"url\":\"https:\/\/dockedge.thinairweb.co\/fr\/produit\/dolphin-twin-eye-ribbed-fender-6-5%e2%80%b3-x-23%e2%80%b3-2\/\",\"name\":\"Dolphin\u2122 Twin Eye Ribbed Fender - 6.5\u2033 x 23\u2033 - Dock Edge+\",\"isPartOf\":{\"@id\":\"https:\/\/dockedge.thinairweb.co\/fr\/#website\"},\"primaryImageOfPage\":{\"@id\":\"https:\/\/dockedge.thinairweb.co\/fr\/produit\/dolphin-twin-eye-ribbed-fender-6-5%e2%80%b3-x-23%e2%80%b3-2\/#primaryimage\"},\"image\":{\"@id\":\"https:\/\/dockedge.thinairweb.co\/fr\/produit\/dolphin-twin-eye-ribbed-fender-6-5%e2%80%b3-x-23%e2%80%b3-2\/#primaryimage\"},\"thumbnailUrl\":\"https:\/\/dockedge.thinairweb.co\/wp-content\/uploads\/sites\/3\/2021\/06\/16D0F4F5-93F1-46D7-9959-01E6292BDC0E.jpeg\",\"datePublished\":\"2021-06-24T21:50:16+00:00\",\"dateModified\":\"2025-07-29T13:15:16+00:00\",\"breadcrumb\":{\"@id\":\"https:\/\/dockedge.thinairweb.co\/fr\/produit\/dolphin-twin-eye-ribbed-fender-6-5%e2%80%b3-x-23%e2%80%b3-2\/#breadcrumb\"},\"inLanguage\":\"fr-FR\",\"potentialAction\":[{\"@type\":\"ReadAction\",\"target\":[\"https:\/\/dockedge.thinairweb.co\/fr\/produit\/dolphin-twin-eye-ribbed-fender-6-5%e2%80%b3-x-23%e2%80%b3-2\/\"]}]},{\"@type\":\"ImageObject\",\"inLanguage\":\"fr-FR\",\"@id\":\"https:\/\/dockedge.thinairweb.co\/fr\/produit\/dolphin-twin-eye-ribbed-fender-6-5%e2%80%b3-x-23%e2%80%b3-2\/#primaryimage\",\"url\":\"https:\/\/dockedge.thinairweb.co\/wp-content\/uploads\/sites\/3\/2021\/06\/16D0F4F5-93F1-46D7-9959-01E6292BDC0E.jpeg\",\"contentUrl\":\"https:\/\/dockedge.thinairweb.co\/wp-content\/uploads\/sites\/3\/2021\/06\/16D0F4F5-93F1-46D7-9959-01E6292BDC0E.jpeg\",\"width\":700,\"height\":700,\"caption\":\"Dolphin Ribbed Fenders\"},{\"@type\":\"BreadcrumbList\",\"@id\":\"https:\/\/dockedge.thinairweb.co\/fr\/produit\/dolphin-twin-eye-ribbed-fender-6-5%e2%80%b3-x-23%e2%80%b3-2\/#breadcrumb\",\"itemListElement\":[{\"@type\":\"ListItem\",\"position\":1,\"name\":\"Home\",\"item\":\"https:\/\/dockedge.thinairweb.co\/fr\/\"},{\"@type\":\"ListItem\",\"position\":2,\"name\":\"Boutique\",\"item\":\"https:\/\/dockedge.thinairweb.co\/fr\/boutique\/\"},{\"@type\":\"ListItem\",\"position\":3,\"name\":\"Dolphin\u2122 Twin Eye Ribbed Fender &#8211; 6.5\u2033 x 23\u2033\"}]},{\"@type\":\"WebSite\",\"@id\":\"https:\/\/dockedge.thinairweb.co\/fr\/#website\",\"url\":\"https:\/\/dockedge.thinairweb.co\/fr\/\",\"name\":\"Dock Edge+\",\"description\":\"Your Dock. Your Way.\",\"potentialAction\":[{\"@type\":\"SearchAction\",\"target\":{\"@type\":\"EntryPoint\",\"urlTemplate\":\"https:\/\/dockedge.thinairweb.co\/fr\/?s={search_term_string}\"},\"query-input\":{\"@type\":\"PropertyValueSpecification\",\"valueRequired\":true,\"valueName\":\"search_term_string\"}}],\"inLanguage\":\"fr-FR\"}]}<\/script>\n<!-- \/ Yoast SEO plugin. -->","yoast_head_json":{"title":"Dolphin\u2122 Twin Eye Ribbed Fender - 6.5\u2033 x 23\u2033 - Dock Edge+","robots":{"index":"index","follow":"follow","max-snippet":"max-snippet:-1","max-image-preview":"max-image-preview:large","max-video-preview":"max-video-preview:-1"},"canonical":"https:\/\/dockedge.thinairweb.co\/fr\/produit\/dolphin-twin-eye-ribbed-fender-6-5%e2%80%b3-x-23%e2%80%b3-2\/","og_locale":"fr_FR","og_type":"article","og_title":"Dolphin\u2122 Twin Eye Ribbed Fender - 6.5\u2033 x 23\u2033 - Dock Edge+","og_url":"https:\/\/dockedge.thinairweb.co\/fr\/produit\/dolphin-twin-eye-ribbed-fender-6-5%e2%80%b3-x-23%e2%80%b3-2\/","og_site_name":"Dock Edge+","article_modified_time":"2025-07-29T13:15:16+00:00","og_image":[{"width":700,"height":700,"url":"https:\/\/dockedge.thinairweb.co\/wp-content\/uploads\/sites\/3\/2021\/06\/16D0F4F5-93F1-46D7-9959-01E6292BDC0E.jpeg","type":"image\/jpeg"}],"twitter_card":"summary_large_image","twitter_misc":{"Dur\u00e9e de lecture estim\u00e9e":"1 minute"},"schema":{"@context":"https:\/\/schema.org","@graph":[{"@type":"WebPage","@id":"https:\/\/dockedge.thinairweb.co\/fr\/produit\/dolphin-twin-eye-ribbed-fender-6-5%e2%80%b3-x-23%e2%80%b3-2\/","url":"https:\/\/dockedge.thinairweb.co\/fr\/produit\/dolphin-twin-eye-ribbed-fender-6-5%e2%80%b3-x-23%e2%80%b3-2\/","name":"Dolphin\u2122 Twin Eye Ribbed Fender - 6.5\u2033 x 23\u2033 - Dock Edge+","isPartOf":{"@id":"https:\/\/dockedge.thinairweb.co\/fr\/#website"},"primaryImageOfPage":{"@id":"https:\/\/dockedge.thinairweb.co\/fr\/produit\/dolphin-twin-eye-ribbed-fender-6-5%e2%80%b3-x-23%e2%80%b3-2\/#primaryimage"},"image":{"@id":"https:\/\/dockedge.thinairweb.co\/fr\/produit\/dolphin-twin-eye-ribbed-fender-6-5%e2%80%b3-x-23%e2%80%b3-2\/#primaryimage"},"thumbnailUrl":"https:\/\/dockedge.thinairweb.co\/wp-content\/uploads\/sites\/3\/2021\/06\/16D0F4F5-93F1-46D7-9959-01E6292BDC0E.jpeg","datePublished":"2021-06-24T21:50:16+00:00","dateModified":"2025-07-29T13:15:16+00:00","breadcrumb":{"@id":"https:\/\/dockedge.thinairweb.co\/fr\/produit\/dolphin-twin-eye-ribbed-fender-6-5%e2%80%b3-x-23%e2%80%b3-2\/#breadcrumb"},"inLanguage":"fr-FR","potentialAction":[{"@type":"ReadAction","target":["https:\/\/dockedge.thinairweb.co\/fr\/produit\/dolphin-twin-eye-ribbed-fender-6-5%e2%80%b3-x-23%e2%80%b3-2\/"]}]},{"@type":"ImageObject","inLanguage":"fr-FR","@id":"https:\/\/dockedge.thinairweb.co\/fr\/produit\/dolphin-twin-eye-ribbed-fender-6-5%e2%80%b3-x-23%e2%80%b3-2\/#primaryimage","url":"https:\/\/dockedge.thinairweb.co\/wp-content\/uploads\/sites\/3\/2021\/06\/16D0F4F5-93F1-46D7-9959-01E6292BDC0E.jpeg","contentUrl":"https:\/\/dockedge.thinairweb.co\/wp-content\/uploads\/sites\/3\/2021\/06\/16D0F4F5-93F1-46D7-9959-01E6292BDC0E.jpeg","width":700,"height":700,"caption":"Dolphin Ribbed Fenders"},{"@type":"BreadcrumbList","@id":"https:\/\/dockedge.thinairweb.co\/fr\/produit\/dolphin-twin-eye-ribbed-fender-6-5%e2%80%b3-x-23%e2%80%b3-2\/#breadcrumb","itemListElement":[{"@type":"ListItem","position":1,"name":"Home","item":"https:\/\/dockedge.thinairweb.co\/fr\/"},{"@type":"ListItem","position":2,"name":"Boutique","item":"https:\/\/dockedge.thinairweb.co\/fr\/boutique\/"},{"@type":"ListItem","position":3,"name":"Dolphin\u2122 Twin Eye Ribbed Fender &#8211; 6.5\u2033 x 23\u2033"}]},{"@type":"WebSite","@id":"https:\/\/dockedge.thinairweb.co\/fr\/#website","url":"https:\/\/dockedge.thinairweb.co\/fr\/","name":"Dock Edge+","description":"Your Dock. Your Way.","potentialAction":[{"@type":"SearchAction","target":{"@type":"EntryPoint","urlTemplate":"https:\/\/dockedge.thinairweb.co\/fr\/?s={search_term_string}"},"query-input":{"@type":"PropertyValueSpecification","valueRequired":true,"valueName":"search_term_string"}}],"inLanguage":"fr-FR"}]}},"acf":[],"_links":{"self":[{"href":"https:\/\/dockedge.thinairweb.co\/fr\/wp-json\/wp\/v2\/product\/8531","targetHints":{"allow":["GET"]}}],"collection":[{"href":"https:\/\/dockedge.thinairweb.co\/fr\/wp-json\/wp\/v2\/product"}],"about":[{"href":"https:\/\/dockedge.thinairweb.co\/fr\/wp-json\/wp\/v2\/types\/product"}],"wp:featuredmedia":[{"embeddable":true,"href":"https:\/\/dockedge.thinairweb.co\/fr\/wp-json\/wp\/v2\/media\/7776"}],"wp:attachment":[{"href":"https:\/\/dockedge.thinairweb.co\/fr\/wp-json\/wp\/v2\/media?parent=8531"}],"wp:term":[{"taxonomy":"product_brand","embeddable":true,"href":"https:\/\/dockedge.thinairweb.co\/fr\/wp-json\/wp\/v2\/product_brand?post=8531"},{"taxonomy":"product_cat","embeddable":true,"href":"https:\/\/dockedge.thinairweb.co\/fr\/wp-json\/wp\/v2\/product_cat?post=8531"},{"taxonomy":"product_tag","embeddable":true,"href":"https:\/\/dockedge.thinairweb.co\/fr\/wp-json\/wp\/v2\/product_tag?post=8531"}],"curies":[{"name":"wp","href":"https:\/\/api.w.org\/{rel}","templated":true}]}}