{"id":8543,"date":"2021-06-23T16:25:08","date_gmt":"2021-06-23T16:25:08","guid":{"rendered":"https:\/\/dockedge.com\/product\/bouee-damarrage-gonflable-12-blanc\/"},"modified":"2021-06-23T16:25:08","modified_gmt":"2021-06-23T16:25:08","slug":"bouee-damarrage-gonflable-12-blanc","status":"publish","type":"product","link":"https:\/\/dockedge.thinairweb.co\/fr\/produit\/bouee-damarrage-gonflable-12-blanc\/","title":{"rendered":"Bou\u00e9e d&rsquo;amarrage gonflable &#8211; 12&Prime;- Blanc"},"content":{"rendered":"<p>D\u00e9couvrez la nouvelle norme en mati\u00e8re de bou\u00e9es rotomoul\u00e9es qui d\u00e9passent les exigences rigoureuses de l&rsquo;industrie maritime commerciale !<\/p>\n<p>Les bou\u00e9es DockEdge+ sont id\u00e9ales pour les p\u00eacheurs professionnels et comme d\u00e9fenses pour les propri\u00e9taires de bateaux de plaisance. Fabriqu\u00e9es en vinyle marin de la plus haute qualit\u00e9, les bou\u00e9es DockEdge+ sont dot\u00e9es d&rsquo;un syst\u00e8me de valve am\u00e9lior\u00e9 qui facilite le gonflage et pr\u00e9vient les fuites. Les \u0153illets de corde moul\u00e9s ultra-robustes pr\u00e9sentent un grand rayon, combinant force et stabilit\u00e9 avec moins d&rsquo;usure, m\u00eame si vous utilisez des manilles.  <\/p>\n<p>&nbsp;<\/p>\n<ul>\n<li>Oeil de corde le plus solide de l&rsquo;industrie<\/li>\n<li>Id\u00e9al pour les manilles<\/li>\n<li>Valve de conception sup\u00e9rieure, commod\u00e9ment situ\u00e9e dans l&rsquo;\u0153il de la corde pour une plus grande durabilit\u00e9.<\/li>\n<li>Le syst\u00e8me \u00e0 valve unique facilite le gonflage et le d\u00e9gonflage et permet d&rsquo;\u00e9viter les fuites et le d\u00e9shabillage.<\/li>\n<li>Disponible en orange vif ou en blanc pour une meilleure visibilit\u00e9<\/li>\n<\/ul>\n","protected":false},"excerpt":{"rendered":"<p>D\u00e9couvrez la nouvelle norme en mati\u00e8re de bou\u00e9es rotomoul\u00e9es qui d\u00e9passent les exigences rigoureuses de l&rsquo;industrie maritime commerciale ! Les bou\u00e9es DockEdge+ sont id\u00e9ales pour les p\u00eacheurs professionnels et comme d\u00e9fenses pour les propri\u00e9taires de bateaux de plaisance. Fabriqu\u00e9es en vinyle marin de la plus haute qualit\u00e9, les bou\u00e9es DockEdge+ sont dot\u00e9es d&rsquo;un syst\u00e8me de [&hellip;]<\/p>\n","protected":false},"featured_media":7740,"template":"","meta":{"_acf_changed":false,"_et_pb_use_builder":"","_et_pb_old_content":"","_et_gb_content_width":""},"product_brand":[],"product_cat":[192],"product_tag":[],"class_list":{"0":"post-8543","1":"product","2":"type-product","3":"status-publish","4":"has-post-thumbnail","6":"product_cat-defenses","8":"first","9":"instock","10":"shipping-taxable","11":"product-type-simple"},"yoast_head":"<!-- This site is optimized with the Yoast SEO plugin v27.0 - https:\/\/yoast.com\/product\/yoast-seo-wordpress\/ -->\n<title>Bou\u00e9e d&#039;amarrage gonflable - 12&quot;- Blanc - Dock Edge+<\/title>\n<meta name=\"robots\" content=\"index, follow, max-snippet:-1, max-image-preview:large, max-video-preview:-1\" \/>\n<link rel=\"canonical\" href=\"https:\/\/dockedge.thinairweb.co\/fr\/produit\/bouee-damarrage-gonflable-12-blanc\/\" \/>\n<meta property=\"og:locale\" content=\"fr_FR\" \/>\n<meta property=\"og:type\" content=\"article\" \/>\n<meta property=\"og:title\" content=\"Bou\u00e9e d&#039;amarrage gonflable - 12&quot;- Blanc - Dock Edge+\" \/>\n<meta property=\"og:description\" content=\"D\u00e9couvrez la nouvelle norme en mati\u00e8re de bou\u00e9es rotomoul\u00e9es qui d\u00e9passent les exigences rigoureuses de l&rsquo;industrie maritime commerciale ! Les bou\u00e9es DockEdge+ sont id\u00e9ales pour les p\u00eacheurs professionnels et comme d\u00e9fenses pour les propri\u00e9taires de bateaux de plaisance. Fabriqu\u00e9es en vinyle marin de la plus haute qualit\u00e9, les bou\u00e9es DockEdge+ sont dot\u00e9es d&rsquo;un syst\u00e8me de [&hellip;]\" \/>\n<meta property=\"og:url\" content=\"https:\/\/dockedge.thinairweb.co\/fr\/produit\/bouee-damarrage-gonflable-12-blanc\/\" \/>\n<meta property=\"og:site_name\" content=\"Dock Edge+\" \/>\n<meta property=\"og:image\" content=\"https:\/\/dockedge.thinairweb.co\/wp-content\/uploads\/sites\/3\/2021\/06\/DE95712F.jpg\" \/>\n\t<meta property=\"og:image:width\" content=\"2354\" \/>\n\t<meta property=\"og:image:height\" content=\"2354\" \/>\n\t<meta property=\"og:image:type\" content=\"image\/jpeg\" \/>\n<meta name=\"twitter:card\" content=\"summary_large_image\" \/>\n<meta name=\"twitter:label1\" content=\"Dur\u00e9e de lecture estim\u00e9e\" \/>\n\t<meta name=\"twitter:data1\" content=\"1 minute\" \/>\n<script type=\"application\/ld+json\" class=\"yoast-schema-graph\">{\"@context\":\"https:\/\/schema.org\",\"@graph\":[{\"@type\":\"WebPage\",\"@id\":\"https:\/\/dockedge.thinairweb.co\/fr\/produit\/bouee-damarrage-gonflable-12-blanc\/\",\"url\":\"https:\/\/dockedge.thinairweb.co\/fr\/produit\/bouee-damarrage-gonflable-12-blanc\/\",\"name\":\"Bou\u00e9e d'amarrage gonflable - 12\\\"- Blanc - Dock Edge+\",\"isPartOf\":{\"@id\":\"https:\/\/dockedge.thinairweb.co\/fr\/#website\"},\"primaryImageOfPage\":{\"@id\":\"https:\/\/dockedge.thinairweb.co\/fr\/produit\/bouee-damarrage-gonflable-12-blanc\/#primaryimage\"},\"image\":{\"@id\":\"https:\/\/dockedge.thinairweb.co\/fr\/produit\/bouee-damarrage-gonflable-12-blanc\/#primaryimage\"},\"thumbnailUrl\":\"https:\/\/dockedge.thinairweb.co\/wp-content\/uploads\/sites\/3\/2021\/06\/DE95712F.jpg\",\"datePublished\":\"2021-06-23T16:25:08+00:00\",\"breadcrumb\":{\"@id\":\"https:\/\/dockedge.thinairweb.co\/fr\/produit\/bouee-damarrage-gonflable-12-blanc\/#breadcrumb\"},\"inLanguage\":\"fr-FR\",\"potentialAction\":[{\"@type\":\"ReadAction\",\"target\":[\"https:\/\/dockedge.thinairweb.co\/fr\/produit\/bouee-damarrage-gonflable-12-blanc\/\"]}]},{\"@type\":\"ImageObject\",\"inLanguage\":\"fr-FR\",\"@id\":\"https:\/\/dockedge.thinairweb.co\/fr\/produit\/bouee-damarrage-gonflable-12-blanc\/#primaryimage\",\"url\":\"https:\/\/dockedge.thinairweb.co\/wp-content\/uploads\/sites\/3\/2021\/06\/DE95712F.jpg\",\"contentUrl\":\"https:\/\/dockedge.thinairweb.co\/wp-content\/uploads\/sites\/3\/2021\/06\/DE95712F.jpg\",\"width\":2354,\"height\":2354,\"caption\":\"Inflatable Mooring Buoy in White\"},{\"@type\":\"BreadcrumbList\",\"@id\":\"https:\/\/dockedge.thinairweb.co\/fr\/produit\/bouee-damarrage-gonflable-12-blanc\/#breadcrumb\",\"itemListElement\":[{\"@type\":\"ListItem\",\"position\":1,\"name\":\"Home\",\"item\":\"https:\/\/dockedge.thinairweb.co\/fr\/\"},{\"@type\":\"ListItem\",\"position\":2,\"name\":\"Boutique\",\"item\":\"https:\/\/dockedge.thinairweb.co\/fr\/boutique\/\"},{\"@type\":\"ListItem\",\"position\":3,\"name\":\"Bou\u00e9e d&rsquo;amarrage gonflable &#8211; 12&Prime;- Blanc\"}]},{\"@type\":\"WebSite\",\"@id\":\"https:\/\/dockedge.thinairweb.co\/fr\/#website\",\"url\":\"https:\/\/dockedge.thinairweb.co\/fr\/\",\"name\":\"Dock Edge+\",\"description\":\"Your Dock. Your Way.\",\"potentialAction\":[{\"@type\":\"SearchAction\",\"target\":{\"@type\":\"EntryPoint\",\"urlTemplate\":\"https:\/\/dockedge.thinairweb.co\/fr\/?s={search_term_string}\"},\"query-input\":{\"@type\":\"PropertyValueSpecification\",\"valueRequired\":true,\"valueName\":\"search_term_string\"}}],\"inLanguage\":\"fr-FR\"}]}<\/script>\n<!-- \/ Yoast SEO plugin. -->","yoast_head_json":{"title":"Bou\u00e9e d'amarrage gonflable - 12\"- Blanc - Dock Edge+","robots":{"index":"index","follow":"follow","max-snippet":"max-snippet:-1","max-image-preview":"max-image-preview:large","max-video-preview":"max-video-preview:-1"},"canonical":"https:\/\/dockedge.thinairweb.co\/fr\/produit\/bouee-damarrage-gonflable-12-blanc\/","og_locale":"fr_FR","og_type":"article","og_title":"Bou\u00e9e d'amarrage gonflable - 12\"- Blanc - Dock Edge+","og_description":"D\u00e9couvrez la nouvelle norme en mati\u00e8re de bou\u00e9es rotomoul\u00e9es qui d\u00e9passent les exigences rigoureuses de l&rsquo;industrie maritime commerciale ! Les bou\u00e9es DockEdge+ sont id\u00e9ales pour les p\u00eacheurs professionnels et comme d\u00e9fenses pour les propri\u00e9taires de bateaux de plaisance. Fabriqu\u00e9es en vinyle marin de la plus haute qualit\u00e9, les bou\u00e9es DockEdge+ sont dot\u00e9es d&rsquo;un syst\u00e8me de [&hellip;]","og_url":"https:\/\/dockedge.thinairweb.co\/fr\/produit\/bouee-damarrage-gonflable-12-blanc\/","og_site_name":"Dock Edge+","og_image":[{"width":2354,"height":2354,"url":"https:\/\/dockedge.thinairweb.co\/wp-content\/uploads\/sites\/3\/2021\/06\/DE95712F.jpg","type":"image\/jpeg"}],"twitter_card":"summary_large_image","twitter_misc":{"Dur\u00e9e de lecture estim\u00e9e":"1 minute"},"schema":{"@context":"https:\/\/schema.org","@graph":[{"@type":"WebPage","@id":"https:\/\/dockedge.thinairweb.co\/fr\/produit\/bouee-damarrage-gonflable-12-blanc\/","url":"https:\/\/dockedge.thinairweb.co\/fr\/produit\/bouee-damarrage-gonflable-12-blanc\/","name":"Bou\u00e9e d'amarrage gonflable - 12\"- Blanc - Dock Edge+","isPartOf":{"@id":"https:\/\/dockedge.thinairweb.co\/fr\/#website"},"primaryImageOfPage":{"@id":"https:\/\/dockedge.thinairweb.co\/fr\/produit\/bouee-damarrage-gonflable-12-blanc\/#primaryimage"},"image":{"@id":"https:\/\/dockedge.thinairweb.co\/fr\/produit\/bouee-damarrage-gonflable-12-blanc\/#primaryimage"},"thumbnailUrl":"https:\/\/dockedge.thinairweb.co\/wp-content\/uploads\/sites\/3\/2021\/06\/DE95712F.jpg","datePublished":"2021-06-23T16:25:08+00:00","breadcrumb":{"@id":"https:\/\/dockedge.thinairweb.co\/fr\/produit\/bouee-damarrage-gonflable-12-blanc\/#breadcrumb"},"inLanguage":"fr-FR","potentialAction":[{"@type":"ReadAction","target":["https:\/\/dockedge.thinairweb.co\/fr\/produit\/bouee-damarrage-gonflable-12-blanc\/"]}]},{"@type":"ImageObject","inLanguage":"fr-FR","@id":"https:\/\/dockedge.thinairweb.co\/fr\/produit\/bouee-damarrage-gonflable-12-blanc\/#primaryimage","url":"https:\/\/dockedge.thinairweb.co\/wp-content\/uploads\/sites\/3\/2021\/06\/DE95712F.jpg","contentUrl":"https:\/\/dockedge.thinairweb.co\/wp-content\/uploads\/sites\/3\/2021\/06\/DE95712F.jpg","width":2354,"height":2354,"caption":"Inflatable Mooring Buoy in White"},{"@type":"BreadcrumbList","@id":"https:\/\/dockedge.thinairweb.co\/fr\/produit\/bouee-damarrage-gonflable-12-blanc\/#breadcrumb","itemListElement":[{"@type":"ListItem","position":1,"name":"Home","item":"https:\/\/dockedge.thinairweb.co\/fr\/"},{"@type":"ListItem","position":2,"name":"Boutique","item":"https:\/\/dockedge.thinairweb.co\/fr\/boutique\/"},{"@type":"ListItem","position":3,"name":"Bou\u00e9e d&rsquo;amarrage gonflable &#8211; 12&Prime;- Blanc"}]},{"@type":"WebSite","@id":"https:\/\/dockedge.thinairweb.co\/fr\/#website","url":"https:\/\/dockedge.thinairweb.co\/fr\/","name":"Dock Edge+","description":"Your Dock. Your Way.","potentialAction":[{"@type":"SearchAction","target":{"@type":"EntryPoint","urlTemplate":"https:\/\/dockedge.thinairweb.co\/fr\/?s={search_term_string}"},"query-input":{"@type":"PropertyValueSpecification","valueRequired":true,"valueName":"search_term_string"}}],"inLanguage":"fr-FR"}]}},"acf":[],"_links":{"self":[{"href":"https:\/\/dockedge.thinairweb.co\/fr\/wp-json\/wp\/v2\/product\/8543","targetHints":{"allow":["GET"]}}],"collection":[{"href":"https:\/\/dockedge.thinairweb.co\/fr\/wp-json\/wp\/v2\/product"}],"about":[{"href":"https:\/\/dockedge.thinairweb.co\/fr\/wp-json\/wp\/v2\/types\/product"}],"wp:featuredmedia":[{"embeddable":true,"href":"https:\/\/dockedge.thinairweb.co\/fr\/wp-json\/wp\/v2\/media\/7740"}],"wp:attachment":[{"href":"https:\/\/dockedge.thinairweb.co\/fr\/wp-json\/wp\/v2\/media?parent=8543"}],"wp:term":[{"taxonomy":"product_brand","embeddable":true,"href":"https:\/\/dockedge.thinairweb.co\/fr\/wp-json\/wp\/v2\/product_brand?post=8543"},{"taxonomy":"product_cat","embeddable":true,"href":"https:\/\/dockedge.thinairweb.co\/fr\/wp-json\/wp\/v2\/product_cat?post=8543"},{"taxonomy":"product_tag","embeddable":true,"href":"https:\/\/dockedge.thinairweb.co\/fr\/wp-json\/wp\/v2\/product_tag?post=8543"}],"curies":[{"name":"wp","href":"https:\/\/api.w.org\/{rel}","templated":true}]}}