{"id":8550,"date":"2020-05-12T21:15:45","date_gmt":"2020-05-12T21:15:45","guid":{"rendered":"https:\/\/dockedge.com\/product\/pare-chocs-supra-bumper\/"},"modified":"2020-05-12T21:15:45","modified_gmt":"2020-05-12T21:15:45","slug":"pare-chocs-supra-bumper","status":"publish","type":"product","link":"https:\/\/dockedge.thinairweb.co\/fr\/produit\/pare-chocs-supra-bumper\/","title":{"rendered":"Pare-chocs Supra Bumper\u2122"},"content":{"rendered":"<table id=\"product-table\" cellpadding=\"15\" cellspacing=\"0\" border=\"0\">\n<tbody>\n<tr>\n<th>N\u00b0 de pi\u00e8ce<\/th>\n<th>Description<\/th>\n<\/tr>\n<tr>\n<td>DE73021F<\/td>\n<td>Pare-chocs Supra 24&Prime; x 6&Prime; x 3.5&Prime;, blanc \u2021<\/td>\n<\/tr>\n<tr>\n<td>DE73026F<\/td>\n<td>Pare-chocs Supra 24&Prime; x 6&Prime; x 3.5&Prime;, noir \u2021<\/td>\n<\/tr>\n<tr>\n<td>DE73031F<\/td>\n<td>Pare-chocs Supra 48&Prime; x 6&Prime; x 3.5&Prime;, blanc \u2021<\/td>\n<\/tr>\n<tr>\n<td>DE73036F<\/td>\n<td>Pare-chocs Supra 48&Prime; x 6&Prime; x 3.5&Prime;, noir \u2021<\/td>\n<\/tr>\n<tr>\n<td>DE73041F<\/td>\n<td>72&Prime; x 6&Prime; x 3.5&Prime; Pare-chocs Supra, blanc \u2021<\/td>\n<\/tr>\n<tr>\n<td>DE73046F<\/td>\n<td>72&Prime; x 6&Prime; x 3.5&Prime; pare-chocs Supra, noir \u2021<\/td>\n<\/tr>\n<\/tbody>\n<\/table>\n<p><script src=\"\/\/ui.powerreviews.com\/stable\/4.0\/ui.js\"><\/script><\/p>\n<p><script>\n  POWERREVIEWS.display.render({\n      api_key: 'fdb23d80-8310-4409-87f2-2ee20e24a743',\n      locale: 'en_US',\n      merchant_group_id: '78535',\n      merchant_id: '542114',\n      page_id: '2739',\n      review_wrapper_url: 'http:\/\/www.dockedge.com\/write-a-review\/?pr_page_id=___PAGE_ID___',\nstructured_data_product_id : 'https:\/\/dockedge.com\/product\/supra-bumper\/',\nproduct:{\n        name: 'Supra Bumper', \n        url: 'https:\/\/dockedge.com\/product\/supra-bumper\/',\n        image_url: 'https:\/\/dockedge.com\/wp-content\/uploads\/sites\/3\/2024\/04\/DE73021F.jpg',\n        description: 'Supra Bumper WH',\n        category_name: 'Dock Protection',\n        manufacturer_id: 'DE73021F',\n        upc: '776113114940',\n        brand_name: 'DockEdge',\n        price: '<your_product_price>',\n        in_stock: '<product_in_stock_status>',\n        variants: [{\n            name: 'DE73026F',\n            description: 'Supra Bumper BK',\n\t\t    upc: '776113114957',\t\n            page_id_variant: '1',\n        },\n        {\n            name: 'DE73031F',\n            description: 'Supra Bumper WH',\n            upc: '776113114964',\n            page_id_variant: '2',  \n        },\n        {\n            name: 'DE73036F',\n            description: 'Supra Bumper BK',\n            upc: '776113114971',\n            page_id_variant: '3',   \n        },\n        {\n            name: 'DE73041F',\n            description: 'Supra Bumper WH',\n            upc: '776113114988',\n            page_id_variant: '4',   \n        },\n        {\n            name: 'DE73046F',\n            description: 'Supra Bumper BK',\n\t\t    upc: '776113115145',\t\n            page_id_variant: '5',\n    }]\n    },\n      components: {\n    ReviewSnippet: 'pr-reviewsnippet',\n    ReviewDisplay: 'pr-reviewdisplay'\n      }\n    });\n  <\/script><\/p>\n<div id=\"pr-reviewdisplay\"><\/div>\n","protected":false},"excerpt":{"rendered":"<div id=\"pr-reviewsnippet\"><\/div>\n<p><b>CUP<\/b> <\/p>\n<p class=\"p1\">Ce pare-chocs est id\u00e9al pour les grands bateaux et l&rsquo;arri\u00e8re a un l\u00e9ger rayon permettant un montage facile sur les pilotis. Fabriqu\u00e9 en PVC de qualit\u00e9 marine et prot\u00e9g\u00e9 contre les UV pour \u00e9viter toute d\u00e9coloration. Trait\u00e9 anti-microbien Microguard.  <\/p>\n","protected":false},"featured_media":7997,"template":"","meta":{"_acf_changed":false,"_et_pb_use_builder":"","_et_pb_old_content":"","_et_gb_content_width":""},"product_brand":[],"product_cat":[169],"product_tag":[],"class_list":{"0":"post-8550","1":"product","2":"type-product","3":"status-publish","4":"has-post-thumbnail","6":"product_cat-protection-des-quais","8":"first","9":"instock","10":"shipping-taxable","11":"product-type-simple"},"yoast_head":"<!-- This site is optimized with the Yoast SEO plugin v27.0 - https:\/\/yoast.com\/product\/yoast-seo-wordpress\/ -->\n<title>Pare-chocs Supra Bumper\u2122 - Dock Edge+<\/title>\n<meta name=\"robots\" content=\"index, follow, max-snippet:-1, max-image-preview:large, max-video-preview:-1\" \/>\n<link rel=\"canonical\" href=\"https:\/\/dockedge.thinairweb.co\/fr\/produit\/pare-chocs-supra-bumper\/\" \/>\n<meta property=\"og:locale\" content=\"fr_FR\" \/>\n<meta property=\"og:type\" content=\"article\" \/>\n<meta property=\"og:title\" content=\"Pare-chocs Supra Bumper\u2122 - Dock Edge+\" \/>\n<meta property=\"og:description\" content=\"CUP Ce pare-chocs est id\u00e9al pour les grands bateaux et l&#039;arri\u00e8re a un l\u00e9ger rayon permettant un montage facile sur les pilotis. Fabriqu\u00e9 en PVC de qualit\u00e9 marine et prot\u00e9g\u00e9 contre les UV pour \u00e9viter toute d\u00e9coloration. Trait\u00e9 anti-microbien Microguard.\" \/>\n<meta property=\"og:url\" content=\"https:\/\/dockedge.thinairweb.co\/fr\/produit\/pare-chocs-supra-bumper\/\" \/>\n<meta property=\"og:site_name\" content=\"Dock Edge+\" \/>\n<meta property=\"og:image\" content=\"https:\/\/dockedge.thinairweb.co\/wp-content\/uploads\/sites\/3\/2024\/04\/DE73021F.jpg\" \/>\n\t<meta property=\"og:image:width\" content=\"800\" \/>\n\t<meta property=\"og:image:height\" content=\"800\" \/>\n\t<meta property=\"og:image:type\" content=\"image\/jpeg\" \/>\n<meta name=\"twitter:card\" content=\"summary_large_image\" \/>\n<script type=\"application\/ld+json\" class=\"yoast-schema-graph\">{\"@context\":\"https:\/\/schema.org\",\"@graph\":[{\"@type\":\"WebPage\",\"@id\":\"https:\/\/dockedge.thinairweb.co\/fr\/produit\/pare-chocs-supra-bumper\/\",\"url\":\"https:\/\/dockedge.thinairweb.co\/fr\/produit\/pare-chocs-supra-bumper\/\",\"name\":\"Pare-chocs Supra Bumper\u2122 - Dock Edge+\",\"isPartOf\":{\"@id\":\"https:\/\/dockedge.thinairweb.co\/fr\/#website\"},\"primaryImageOfPage\":{\"@id\":\"https:\/\/dockedge.thinairweb.co\/fr\/produit\/pare-chocs-supra-bumper\/#primaryimage\"},\"image\":{\"@id\":\"https:\/\/dockedge.thinairweb.co\/fr\/produit\/pare-chocs-supra-bumper\/#primaryimage\"},\"thumbnailUrl\":\"https:\/\/dockedge.thinairweb.co\/wp-content\/uploads\/sites\/3\/2024\/04\/DE73021F.jpg\",\"datePublished\":\"2020-05-12T21:15:45+00:00\",\"breadcrumb\":{\"@id\":\"https:\/\/dockedge.thinairweb.co\/fr\/produit\/pare-chocs-supra-bumper\/#breadcrumb\"},\"inLanguage\":\"fr-FR\",\"potentialAction\":[{\"@type\":\"ReadAction\",\"target\":[\"https:\/\/dockedge.thinairweb.co\/fr\/produit\/pare-chocs-supra-bumper\/\"]}]},{\"@type\":\"ImageObject\",\"inLanguage\":\"fr-FR\",\"@id\":\"https:\/\/dockedge.thinairweb.co\/fr\/produit\/pare-chocs-supra-bumper\/#primaryimage\",\"url\":\"https:\/\/dockedge.thinairweb.co\/wp-content\/uploads\/sites\/3\/2024\/04\/DE73021F.jpg\",\"contentUrl\":\"https:\/\/dockedge.thinairweb.co\/wp-content\/uploads\/sites\/3\/2024\/04\/DE73021F.jpg\",\"width\":800,\"height\":800,\"caption\":\"Supra Dock Bumper in White\"},{\"@type\":\"BreadcrumbList\",\"@id\":\"https:\/\/dockedge.thinairweb.co\/fr\/produit\/pare-chocs-supra-bumper\/#breadcrumb\",\"itemListElement\":[{\"@type\":\"ListItem\",\"position\":1,\"name\":\"Home\",\"item\":\"https:\/\/dockedge.thinairweb.co\/fr\/\"},{\"@type\":\"ListItem\",\"position\":2,\"name\":\"Boutique\",\"item\":\"https:\/\/dockedge.thinairweb.co\/fr\/boutique\/\"},{\"@type\":\"ListItem\",\"position\":3,\"name\":\"Pare-chocs Supra Bumper\u2122\"}]},{\"@type\":\"WebSite\",\"@id\":\"https:\/\/dockedge.thinairweb.co\/fr\/#website\",\"url\":\"https:\/\/dockedge.thinairweb.co\/fr\/\",\"name\":\"Dock Edge+\",\"description\":\"Your Dock. Your Way.\",\"potentialAction\":[{\"@type\":\"SearchAction\",\"target\":{\"@type\":\"EntryPoint\",\"urlTemplate\":\"https:\/\/dockedge.thinairweb.co\/fr\/?s={search_term_string}\"},\"query-input\":{\"@type\":\"PropertyValueSpecification\",\"valueRequired\":true,\"valueName\":\"search_term_string\"}}],\"inLanguage\":\"fr-FR\"}]}<\/script>\n<!-- \/ Yoast SEO plugin. -->","yoast_head_json":{"title":"Pare-chocs Supra Bumper\u2122 - Dock Edge+","robots":{"index":"index","follow":"follow","max-snippet":"max-snippet:-1","max-image-preview":"max-image-preview:large","max-video-preview":"max-video-preview:-1"},"canonical":"https:\/\/dockedge.thinairweb.co\/fr\/produit\/pare-chocs-supra-bumper\/","og_locale":"fr_FR","og_type":"article","og_title":"Pare-chocs Supra Bumper\u2122 - Dock Edge+","og_description":"CUP Ce pare-chocs est id\u00e9al pour les grands bateaux et l'arri\u00e8re a un l\u00e9ger rayon permettant un montage facile sur les pilotis. Fabriqu\u00e9 en PVC de qualit\u00e9 marine et prot\u00e9g\u00e9 contre les UV pour \u00e9viter toute d\u00e9coloration. Trait\u00e9 anti-microbien Microguard.","og_url":"https:\/\/dockedge.thinairweb.co\/fr\/produit\/pare-chocs-supra-bumper\/","og_site_name":"Dock Edge+","og_image":[{"width":800,"height":800,"url":"https:\/\/dockedge.thinairweb.co\/wp-content\/uploads\/sites\/3\/2024\/04\/DE73021F.jpg","type":"image\/jpeg"}],"twitter_card":"summary_large_image","schema":{"@context":"https:\/\/schema.org","@graph":[{"@type":"WebPage","@id":"https:\/\/dockedge.thinairweb.co\/fr\/produit\/pare-chocs-supra-bumper\/","url":"https:\/\/dockedge.thinairweb.co\/fr\/produit\/pare-chocs-supra-bumper\/","name":"Pare-chocs Supra Bumper\u2122 - Dock Edge+","isPartOf":{"@id":"https:\/\/dockedge.thinairweb.co\/fr\/#website"},"primaryImageOfPage":{"@id":"https:\/\/dockedge.thinairweb.co\/fr\/produit\/pare-chocs-supra-bumper\/#primaryimage"},"image":{"@id":"https:\/\/dockedge.thinairweb.co\/fr\/produit\/pare-chocs-supra-bumper\/#primaryimage"},"thumbnailUrl":"https:\/\/dockedge.thinairweb.co\/wp-content\/uploads\/sites\/3\/2024\/04\/DE73021F.jpg","datePublished":"2020-05-12T21:15:45+00:00","breadcrumb":{"@id":"https:\/\/dockedge.thinairweb.co\/fr\/produit\/pare-chocs-supra-bumper\/#breadcrumb"},"inLanguage":"fr-FR","potentialAction":[{"@type":"ReadAction","target":["https:\/\/dockedge.thinairweb.co\/fr\/produit\/pare-chocs-supra-bumper\/"]}]},{"@type":"ImageObject","inLanguage":"fr-FR","@id":"https:\/\/dockedge.thinairweb.co\/fr\/produit\/pare-chocs-supra-bumper\/#primaryimage","url":"https:\/\/dockedge.thinairweb.co\/wp-content\/uploads\/sites\/3\/2024\/04\/DE73021F.jpg","contentUrl":"https:\/\/dockedge.thinairweb.co\/wp-content\/uploads\/sites\/3\/2024\/04\/DE73021F.jpg","width":800,"height":800,"caption":"Supra Dock Bumper in White"},{"@type":"BreadcrumbList","@id":"https:\/\/dockedge.thinairweb.co\/fr\/produit\/pare-chocs-supra-bumper\/#breadcrumb","itemListElement":[{"@type":"ListItem","position":1,"name":"Home","item":"https:\/\/dockedge.thinairweb.co\/fr\/"},{"@type":"ListItem","position":2,"name":"Boutique","item":"https:\/\/dockedge.thinairweb.co\/fr\/boutique\/"},{"@type":"ListItem","position":3,"name":"Pare-chocs Supra Bumper\u2122"}]},{"@type":"WebSite","@id":"https:\/\/dockedge.thinairweb.co\/fr\/#website","url":"https:\/\/dockedge.thinairweb.co\/fr\/","name":"Dock Edge+","description":"Your Dock. Your Way.","potentialAction":[{"@type":"SearchAction","target":{"@type":"EntryPoint","urlTemplate":"https:\/\/dockedge.thinairweb.co\/fr\/?s={search_term_string}"},"query-input":{"@type":"PropertyValueSpecification","valueRequired":true,"valueName":"search_term_string"}}],"inLanguage":"fr-FR"}]}},"acf":[],"_links":{"self":[{"href":"https:\/\/dockedge.thinairweb.co\/fr\/wp-json\/wp\/v2\/product\/8550","targetHints":{"allow":["GET"]}}],"collection":[{"href":"https:\/\/dockedge.thinairweb.co\/fr\/wp-json\/wp\/v2\/product"}],"about":[{"href":"https:\/\/dockedge.thinairweb.co\/fr\/wp-json\/wp\/v2\/types\/product"}],"wp:featuredmedia":[{"embeddable":true,"href":"https:\/\/dockedge.thinairweb.co\/fr\/wp-json\/wp\/v2\/media\/7997"}],"wp:attachment":[{"href":"https:\/\/dockedge.thinairweb.co\/fr\/wp-json\/wp\/v2\/media?parent=8550"}],"wp:term":[{"taxonomy":"product_brand","embeddable":true,"href":"https:\/\/dockedge.thinairweb.co\/fr\/wp-json\/wp\/v2\/product_brand?post=8550"},{"taxonomy":"product_cat","embeddable":true,"href":"https:\/\/dockedge.thinairweb.co\/fr\/wp-json\/wp\/v2\/product_cat?post=8550"},{"taxonomy":"product_tag","embeddable":true,"href":"https:\/\/dockedge.thinairweb.co\/fr\/wp-json\/wp\/v2\/product_tag?post=8550"}],"curies":[{"name":"wp","href":"https:\/\/api.w.org\/{rel}","templated":true}]}}