{"id":8552,"date":"2020-05-12T21:07:51","date_gmt":"2020-05-12T21:07:51","guid":{"rendered":"https:\/\/dockedge.com\/product\/supersoft-bumper\/"},"modified":"2020-05-12T21:07:51","modified_gmt":"2020-05-12T21:07:51","slug":"supersoft-bumper","status":"publish","type":"product","link":"https:\/\/dockedge.thinairweb.co\/fr\/produit\/supersoft-bumper\/","title":{"rendered":"SuperSoft Bumper\u2122"},"content":{"rendered":"<table id=\"product-table\" border=\"0\" cellspacing=\"0\" cellpadding=\"15\">\n<tbody>\n<tr>\n<th>N\u00b0 de pi\u00e8ce<\/th>\n<th>Description<\/th>\n<\/tr>\n<tr>\n<td>DE73303F<\/td>\n<td>Butoir SuperSoft 17.5&Prime; x 6&Prime; x 4&Prime; (44.5 x 15.2 x 10.2cm) \u2021<\/td>\n<\/tr>\n<tr>\n<td>DE73306F<\/td>\n<td>Pare-chocs droit SuperSoft 39&Prime; x 6&Prime; x 4&Prime; (99.1 x 15.2 x 10.2cm) \u2021<\/td>\n<\/tr>\n<\/tbody>\n<\/table>\n<p>&nbsp;<\/p>\n<div id=\"pr-reviewdisplay\"><\/div>\n","protected":false},"excerpt":{"rendered":"<div id=\"pr-reviewsnippet\"><\/div>\n<p><b>CUP<\/b> <\/p>\n<p class=\"p1\">Ce pare-chocs SuperSoft est id\u00e9al pour les grands bateaux et est disponible en version droite et en version d&rsquo;angle.<\/p>\n<p class=\"p2\">&#8211; PVC de premi\u00e8re qualit\u00e9 marine<\/p>\n<p class=\"p2\">&#8211; Facile \u00e0 installer sur la plupart des quais<\/p>\n<p class=\"p2\">&#8211; Protection suppl\u00e9mentaire lors de l&rsquo;accostage<\/p>\n<p class=\"p2\">&#8211; Prot\u00e9g\u00e9 contre les UV pour \u00e9viter la d\u00e9coloration<\/p>\n<p class=\"p2\">&#8211; Traitement anti-microbien Microguard<\/p>\n<p>Disponible en blanc uniquement<\/p>\n","protected":false},"featured_media":7780,"template":"","meta":{"_acf_changed":false,"_et_pb_use_builder":"","_et_pb_old_content":"","_et_gb_content_width":""},"product_brand":[],"product_cat":[168],"product_tag":[],"class_list":{"0":"post-8552","1":"product","2":"type-product","3":"status-publish","4":"has-post-thumbnail","6":"product_cat-protection-des-taches","8":"first","9":"instock","10":"shipping-taxable","11":"product-type-simple"},"yoast_head":"<!-- This site is optimized with the Yoast SEO plugin v27.0 - https:\/\/yoast.com\/product\/yoast-seo-wordpress\/ -->\n<title>SuperSoft Bumper\u2122 - Dock Edge+<\/title>\n<meta name=\"robots\" content=\"index, follow, max-snippet:-1, max-image-preview:large, max-video-preview:-1\" \/>\n<link rel=\"canonical\" href=\"https:\/\/dockedge.thinairweb.co\/fr\/produit\/supersoft-bumper\/\" \/>\n<meta property=\"og:locale\" content=\"fr_FR\" \/>\n<meta property=\"og:type\" content=\"article\" \/>\n<meta property=\"og:title\" content=\"SuperSoft Bumper\u2122 - Dock Edge+\" \/>\n<meta property=\"og:description\" content=\"CUP Ce pare-chocs SuperSoft est id\u00e9al pour les grands bateaux et est disponible en version droite et en version d&#039;angle. - PVC de premi\u00e8re qualit\u00e9 marine - Facile \u00e0 installer sur la plupart des quais - Protection suppl\u00e9mentaire lors de l&#039;accostage - Prot\u00e9g\u00e9 contre les UV pour \u00e9viter la d\u00e9coloration - Traitement anti-microbien Microguard Disponible en blanc uniquement\" \/>\n<meta property=\"og:url\" content=\"https:\/\/dockedge.thinairweb.co\/fr\/produit\/supersoft-bumper\/\" \/>\n<meta property=\"og:site_name\" content=\"Dock Edge+\" \/>\n<meta property=\"og:image\" content=\"https:\/\/dockedge.thinairweb.co\/wp-content\/uploads\/sites\/3\/2021\/06\/supersofts.jpg\" \/>\n\t<meta property=\"og:image:width\" content=\"750\" \/>\n\t<meta property=\"og:image:height\" content=\"750\" \/>\n\t<meta property=\"og:image:type\" content=\"image\/jpeg\" \/>\n<meta name=\"twitter:card\" content=\"summary_large_image\" \/>\n<script type=\"application\/ld+json\" class=\"yoast-schema-graph\">{\"@context\":\"https:\/\/schema.org\",\"@graph\":[{\"@type\":\"WebPage\",\"@id\":\"https:\/\/dockedge.thinairweb.co\/fr\/produit\/supersoft-bumper\/\",\"url\":\"https:\/\/dockedge.thinairweb.co\/fr\/produit\/supersoft-bumper\/\",\"name\":\"SuperSoft Bumper\u2122 - Dock Edge+\",\"isPartOf\":{\"@id\":\"https:\/\/dockedge.thinairweb.co\/fr\/#website\"},\"primaryImageOfPage\":{\"@id\":\"https:\/\/dockedge.thinairweb.co\/fr\/produit\/supersoft-bumper\/#primaryimage\"},\"image\":{\"@id\":\"https:\/\/dockedge.thinairweb.co\/fr\/produit\/supersoft-bumper\/#primaryimage\"},\"thumbnailUrl\":\"https:\/\/dockedge.thinairweb.co\/wp-content\/uploads\/sites\/3\/2021\/06\/supersofts.jpg\",\"datePublished\":\"2020-05-12T21:07:51+00:00\",\"breadcrumb\":{\"@id\":\"https:\/\/dockedge.thinairweb.co\/fr\/produit\/supersoft-bumper\/#breadcrumb\"},\"inLanguage\":\"fr-FR\",\"potentialAction\":[{\"@type\":\"ReadAction\",\"target\":[\"https:\/\/dockedge.thinairweb.co\/fr\/produit\/supersoft-bumper\/\"]}]},{\"@type\":\"ImageObject\",\"inLanguage\":\"fr-FR\",\"@id\":\"https:\/\/dockedge.thinairweb.co\/fr\/produit\/supersoft-bumper\/#primaryimage\",\"url\":\"https:\/\/dockedge.thinairweb.co\/wp-content\/uploads\/sites\/3\/2021\/06\/supersofts.jpg\",\"contentUrl\":\"https:\/\/dockedge.thinairweb.co\/wp-content\/uploads\/sites\/3\/2021\/06\/supersofts.jpg\",\"width\":750,\"height\":750,\"caption\":\"SuperSoft Bumper\u2122 in white\"},{\"@type\":\"BreadcrumbList\",\"@id\":\"https:\/\/dockedge.thinairweb.co\/fr\/produit\/supersoft-bumper\/#breadcrumb\",\"itemListElement\":[{\"@type\":\"ListItem\",\"position\":1,\"name\":\"Home\",\"item\":\"https:\/\/dockedge.thinairweb.co\/fr\/\"},{\"@type\":\"ListItem\",\"position\":2,\"name\":\"Boutique\",\"item\":\"https:\/\/dockedge.thinairweb.co\/fr\/boutique\/\"},{\"@type\":\"ListItem\",\"position\":3,\"name\":\"SuperSoft Bumper\u2122\"}]},{\"@type\":\"WebSite\",\"@id\":\"https:\/\/dockedge.thinairweb.co\/fr\/#website\",\"url\":\"https:\/\/dockedge.thinairweb.co\/fr\/\",\"name\":\"Dock Edge+\",\"description\":\"Your Dock. Your Way.\",\"potentialAction\":[{\"@type\":\"SearchAction\",\"target\":{\"@type\":\"EntryPoint\",\"urlTemplate\":\"https:\/\/dockedge.thinairweb.co\/fr\/?s={search_term_string}\"},\"query-input\":{\"@type\":\"PropertyValueSpecification\",\"valueRequired\":true,\"valueName\":\"search_term_string\"}}],\"inLanguage\":\"fr-FR\"}]}<\/script>\n<!-- \/ Yoast SEO plugin. -->","yoast_head_json":{"title":"SuperSoft Bumper\u2122 - Dock Edge+","robots":{"index":"index","follow":"follow","max-snippet":"max-snippet:-1","max-image-preview":"max-image-preview:large","max-video-preview":"max-video-preview:-1"},"canonical":"https:\/\/dockedge.thinairweb.co\/fr\/produit\/supersoft-bumper\/","og_locale":"fr_FR","og_type":"article","og_title":"SuperSoft Bumper\u2122 - Dock Edge+","og_description":"CUP Ce pare-chocs SuperSoft est id\u00e9al pour les grands bateaux et est disponible en version droite et en version d'angle. - PVC de premi\u00e8re qualit\u00e9 marine - Facile \u00e0 installer sur la plupart des quais - Protection suppl\u00e9mentaire lors de l'accostage - Prot\u00e9g\u00e9 contre les UV pour \u00e9viter la d\u00e9coloration - Traitement anti-microbien Microguard Disponible en blanc uniquement","og_url":"https:\/\/dockedge.thinairweb.co\/fr\/produit\/supersoft-bumper\/","og_site_name":"Dock Edge+","og_image":[{"width":750,"height":750,"url":"https:\/\/dockedge.thinairweb.co\/wp-content\/uploads\/sites\/3\/2021\/06\/supersofts.jpg","type":"image\/jpeg"}],"twitter_card":"summary_large_image","schema":{"@context":"https:\/\/schema.org","@graph":[{"@type":"WebPage","@id":"https:\/\/dockedge.thinairweb.co\/fr\/produit\/supersoft-bumper\/","url":"https:\/\/dockedge.thinairweb.co\/fr\/produit\/supersoft-bumper\/","name":"SuperSoft Bumper\u2122 - Dock Edge+","isPartOf":{"@id":"https:\/\/dockedge.thinairweb.co\/fr\/#website"},"primaryImageOfPage":{"@id":"https:\/\/dockedge.thinairweb.co\/fr\/produit\/supersoft-bumper\/#primaryimage"},"image":{"@id":"https:\/\/dockedge.thinairweb.co\/fr\/produit\/supersoft-bumper\/#primaryimage"},"thumbnailUrl":"https:\/\/dockedge.thinairweb.co\/wp-content\/uploads\/sites\/3\/2021\/06\/supersofts.jpg","datePublished":"2020-05-12T21:07:51+00:00","breadcrumb":{"@id":"https:\/\/dockedge.thinairweb.co\/fr\/produit\/supersoft-bumper\/#breadcrumb"},"inLanguage":"fr-FR","potentialAction":[{"@type":"ReadAction","target":["https:\/\/dockedge.thinairweb.co\/fr\/produit\/supersoft-bumper\/"]}]},{"@type":"ImageObject","inLanguage":"fr-FR","@id":"https:\/\/dockedge.thinairweb.co\/fr\/produit\/supersoft-bumper\/#primaryimage","url":"https:\/\/dockedge.thinairweb.co\/wp-content\/uploads\/sites\/3\/2021\/06\/supersofts.jpg","contentUrl":"https:\/\/dockedge.thinairweb.co\/wp-content\/uploads\/sites\/3\/2021\/06\/supersofts.jpg","width":750,"height":750,"caption":"SuperSoft Bumper\u2122 in white"},{"@type":"BreadcrumbList","@id":"https:\/\/dockedge.thinairweb.co\/fr\/produit\/supersoft-bumper\/#breadcrumb","itemListElement":[{"@type":"ListItem","position":1,"name":"Home","item":"https:\/\/dockedge.thinairweb.co\/fr\/"},{"@type":"ListItem","position":2,"name":"Boutique","item":"https:\/\/dockedge.thinairweb.co\/fr\/boutique\/"},{"@type":"ListItem","position":3,"name":"SuperSoft Bumper\u2122"}]},{"@type":"WebSite","@id":"https:\/\/dockedge.thinairweb.co\/fr\/#website","url":"https:\/\/dockedge.thinairweb.co\/fr\/","name":"Dock Edge+","description":"Your Dock. Your Way.","potentialAction":[{"@type":"SearchAction","target":{"@type":"EntryPoint","urlTemplate":"https:\/\/dockedge.thinairweb.co\/fr\/?s={search_term_string}"},"query-input":{"@type":"PropertyValueSpecification","valueRequired":true,"valueName":"search_term_string"}}],"inLanguage":"fr-FR"}]}},"acf":[],"_links":{"self":[{"href":"https:\/\/dockedge.thinairweb.co\/fr\/wp-json\/wp\/v2\/product\/8552","targetHints":{"allow":["GET"]}}],"collection":[{"href":"https:\/\/dockedge.thinairweb.co\/fr\/wp-json\/wp\/v2\/product"}],"about":[{"href":"https:\/\/dockedge.thinairweb.co\/fr\/wp-json\/wp\/v2\/types\/product"}],"wp:featuredmedia":[{"embeddable":true,"href":"https:\/\/dockedge.thinairweb.co\/fr\/wp-json\/wp\/v2\/media\/7780"}],"wp:attachment":[{"href":"https:\/\/dockedge.thinairweb.co\/fr\/wp-json\/wp\/v2\/media?parent=8552"}],"wp:term":[{"taxonomy":"product_brand","embeddable":true,"href":"https:\/\/dockedge.thinairweb.co\/fr\/wp-json\/wp\/v2\/product_brand?post=8552"},{"taxonomy":"product_cat","embeddable":true,"href":"https:\/\/dockedge.thinairweb.co\/fr\/wp-json\/wp\/v2\/product_cat?post=8552"},{"taxonomy":"product_tag","embeddable":true,"href":"https:\/\/dockedge.thinairweb.co\/fr\/wp-json\/wp\/v2\/product_tag?post=8552"}],"curies":[{"name":"wp","href":"https:\/\/api.w.org\/{rel}","templated":true}]}}