{"id":8554,"date":"2019-10-28T18:04:13","date_gmt":"2019-10-28T18:04:13","guid":{"rendered":"https:\/\/dockedge.com\/product\/taquet-a-base-ouverte-en-aluminium\/"},"modified":"2019-10-28T18:04:13","modified_gmt":"2019-10-28T18:04:13","slug":"taquet-a-base-ouverte-en-aluminium","status":"publish","type":"product","link":"https:\/\/dockedge.thinairweb.co\/fr\/produit\/taquet-a-base-ouverte-en-aluminium\/","title":{"rendered":"TAQUET \u00c0 BASE OUVERTE EN ALUMINIUM"},"content":{"rendered":"<table id=\"product-table\" cellpadding=\"15\" cellspacing=\"0\" border=\"0\">\n<tbody>\n<tr>\n<th>N\u00b0 de pi\u00e8ce<\/th>\n<th>Description<\/th>\n<\/tr>\n<tr>\n<td>DE2440F<\/td>\n<td>Taquet \u00e0 base ouverte en aluminium 10<\/td>\n<\/tr>\n<\/tbody>\n<\/table>\n<p><script src=\"\/\/ui.powerreviews.com\/stable\/4.0\/ui.js\"><\/script><\/p>\n<p><script>\n  POWERREVIEWS.display.render({\n      api_key: 'fdb23d80-8310-4409-87f2-2ee20e24a743',\n      locale: 'en_US',\n      merchant_group_id: '78535',\n      merchant_id: '542114',\n      page_id: '5108',\n      review_wrapper_url: 'http:\/\/www.dockedge.com\/write-a-review\/?pr_page_id=___PAGE_ID___',\nstructured_data_product_id : 'http:\/\/www.dockedge.com\/product\/aluminum-open-base-cleat\/',\nproduct:{\n        name: 'ALUMINUM OPEN BASE CLEAT', \n        url: 'http:\/\/www.dockedge.com\/product\/aluminum-open-base-cleat\/',\n        image_url: 'https:\/\/dockedge.com\/wp-content\/uploads\/sites\/3\/2019\/10\/DE2440F.jpg',\n        description: '10\" Open Base Cleat, Aluminum',\n        category_name: 'Cleats',\n        manufacturer_id: 'DE2440F',\n        upc: '776113996539',\n        brand_name: 'DockEdge',\n        price: '<your_product_price>',\n        in_stock: '<product_in_stock_status>',\n    },\n      components: {\n    ReviewSnippet: 'pr-reviewsnippet',\n    ReviewDisplay: 'pr-reviewdisplay'\n      }\n    });\n  <\/script><\/p>\n<div id=\"pr-reviewdisplay\"><\/div>\n","protected":false},"excerpt":{"rendered":"<div id=\"pr-reviewsnippet\"><\/div>\n<p><b>CUP<\/b> <br \/>\nCe taquet \u00e0 base ouverte en aluminium est con\u00e7u avec une empreinte extra large pour plus de solidit\u00e9. De plus, chaque taquet est dot\u00e9 d&rsquo;un trou de contre-encastrement \u00e9largi pour faciliter l&rsquo;installation \u00e0 l&rsquo;aide d&rsquo;une douille. Il peut \u00eatre boulonn\u00e9 \u00e0 travers ou \u00e0 l&rsquo;aide d&rsquo;un tire-fond.  <\/p>\n","protected":false},"featured_media":7675,"template":"","meta":{"_acf_changed":false,"_et_pb_use_builder":"","_et_pb_old_content":"","_et_gb_content_width":""},"product_brand":[],"product_cat":[171],"product_tag":[],"class_list":{"0":"post-8554","1":"product","2":"type-product","3":"status-publish","4":"has-post-thumbnail","6":"product_cat-crampons","8":"first","9":"instock","10":"shipping-taxable","11":"product-type-simple"},"yoast_head":"<!-- This site is optimized with the Yoast SEO plugin v27.0 - https:\/\/yoast.com\/product\/yoast-seo-wordpress\/ -->\n<title>TAQUET \u00c0 BASE OUVERTE EN ALUMINIUM - Dock Edge+<\/title>\n<meta name=\"robots\" content=\"index, follow, max-snippet:-1, max-image-preview:large, max-video-preview:-1\" \/>\n<link rel=\"canonical\" href=\"https:\/\/dockedge.thinairweb.co\/fr\/produit\/taquet-a-base-ouverte-en-aluminium\/\" \/>\n<meta property=\"og:locale\" content=\"fr_FR\" \/>\n<meta property=\"og:type\" content=\"article\" \/>\n<meta property=\"og:title\" content=\"TAQUET \u00c0 BASE OUVERTE EN ALUMINIUM - Dock Edge+\" \/>\n<meta property=\"og:description\" content=\"CUP Ce taquet \u00e0 base ouverte en aluminium est con\u00e7u avec une empreinte extra large pour plus de solidit\u00e9. De plus, chaque taquet est dot\u00e9 d&#039;un trou de contre-encastrement \u00e9largi pour faciliter l&#039;installation \u00e0 l&#039;aide d&#039;une douille. Il peut \u00eatre boulonn\u00e9 \u00e0 travers ou \u00e0 l&#039;aide d&#039;un tire-fond.\" \/>\n<meta property=\"og:url\" content=\"https:\/\/dockedge.thinairweb.co\/fr\/produit\/taquet-a-base-ouverte-en-aluminium\/\" \/>\n<meta property=\"og:site_name\" content=\"Dock Edge+\" \/>\n<meta property=\"og:image\" content=\"https:\/\/dockedge.thinairweb.co\/wp-content\/uploads\/sites\/3\/2019\/10\/DE2440F.jpg\" \/>\n\t<meta property=\"og:image:width\" content=\"700\" \/>\n\t<meta property=\"og:image:height\" content=\"700\" \/>\n\t<meta property=\"og:image:type\" content=\"image\/jpeg\" \/>\n<meta name=\"twitter:card\" content=\"summary_large_image\" \/>\n<script type=\"application\/ld+json\" class=\"yoast-schema-graph\">{\"@context\":\"https:\/\/schema.org\",\"@graph\":[{\"@type\":\"WebPage\",\"@id\":\"https:\/\/dockedge.thinairweb.co\/fr\/produit\/taquet-a-base-ouverte-en-aluminium\/\",\"url\":\"https:\/\/dockedge.thinairweb.co\/fr\/produit\/taquet-a-base-ouverte-en-aluminium\/\",\"name\":\"TAQUET \u00c0 BASE OUVERTE EN ALUMINIUM - Dock Edge+\",\"isPartOf\":{\"@id\":\"https:\/\/dockedge.thinairweb.co\/fr\/#website\"},\"primaryImageOfPage\":{\"@id\":\"https:\/\/dockedge.thinairweb.co\/fr\/produit\/taquet-a-base-ouverte-en-aluminium\/#primaryimage\"},\"image\":{\"@id\":\"https:\/\/dockedge.thinairweb.co\/fr\/produit\/taquet-a-base-ouverte-en-aluminium\/#primaryimage\"},\"thumbnailUrl\":\"https:\/\/dockedge.thinairweb.co\/wp-content\/uploads\/sites\/3\/2019\/10\/DE2440F.jpg\",\"datePublished\":\"2019-10-28T18:04:13+00:00\",\"breadcrumb\":{\"@id\":\"https:\/\/dockedge.thinairweb.co\/fr\/produit\/taquet-a-base-ouverte-en-aluminium\/#breadcrumb\"},\"inLanguage\":\"fr-FR\",\"potentialAction\":[{\"@type\":\"ReadAction\",\"target\":[\"https:\/\/dockedge.thinairweb.co\/fr\/produit\/taquet-a-base-ouverte-en-aluminium\/\"]}]},{\"@type\":\"ImageObject\",\"inLanguage\":\"fr-FR\",\"@id\":\"https:\/\/dockedge.thinairweb.co\/fr\/produit\/taquet-a-base-ouverte-en-aluminium\/#primaryimage\",\"url\":\"https:\/\/dockedge.thinairweb.co\/wp-content\/uploads\/sites\/3\/2019\/10\/DE2440F.jpg\",\"contentUrl\":\"https:\/\/dockedge.thinairweb.co\/wp-content\/uploads\/sites\/3\/2019\/10\/DE2440F.jpg\",\"width\":700,\"height\":700,\"caption\":\"Aluminum Open Base Cleat\"},{\"@type\":\"BreadcrumbList\",\"@id\":\"https:\/\/dockedge.thinairweb.co\/fr\/produit\/taquet-a-base-ouverte-en-aluminium\/#breadcrumb\",\"itemListElement\":[{\"@type\":\"ListItem\",\"position\":1,\"name\":\"Home\",\"item\":\"https:\/\/dockedge.thinairweb.co\/fr\/\"},{\"@type\":\"ListItem\",\"position\":2,\"name\":\"Boutique\",\"item\":\"https:\/\/dockedge.thinairweb.co\/fr\/boutique\/\"},{\"@type\":\"ListItem\",\"position\":3,\"name\":\"TAQUET \u00c0 BASE OUVERTE EN ALUMINIUM\"}]},{\"@type\":\"WebSite\",\"@id\":\"https:\/\/dockedge.thinairweb.co\/fr\/#website\",\"url\":\"https:\/\/dockedge.thinairweb.co\/fr\/\",\"name\":\"Dock Edge+\",\"description\":\"Your Dock. Your Way.\",\"potentialAction\":[{\"@type\":\"SearchAction\",\"target\":{\"@type\":\"EntryPoint\",\"urlTemplate\":\"https:\/\/dockedge.thinairweb.co\/fr\/?s={search_term_string}\"},\"query-input\":{\"@type\":\"PropertyValueSpecification\",\"valueRequired\":true,\"valueName\":\"search_term_string\"}}],\"inLanguage\":\"fr-FR\"}]}<\/script>\n<!-- \/ Yoast SEO plugin. -->","yoast_head_json":{"title":"TAQUET \u00c0 BASE OUVERTE EN ALUMINIUM - Dock Edge+","robots":{"index":"index","follow":"follow","max-snippet":"max-snippet:-1","max-image-preview":"max-image-preview:large","max-video-preview":"max-video-preview:-1"},"canonical":"https:\/\/dockedge.thinairweb.co\/fr\/produit\/taquet-a-base-ouverte-en-aluminium\/","og_locale":"fr_FR","og_type":"article","og_title":"TAQUET \u00c0 BASE OUVERTE EN ALUMINIUM - Dock Edge+","og_description":"CUP Ce taquet \u00e0 base ouverte en aluminium est con\u00e7u avec une empreinte extra large pour plus de solidit\u00e9. De plus, chaque taquet est dot\u00e9 d'un trou de contre-encastrement \u00e9largi pour faciliter l'installation \u00e0 l'aide d'une douille. Il peut \u00eatre boulonn\u00e9 \u00e0 travers ou \u00e0 l'aide d'un tire-fond.","og_url":"https:\/\/dockedge.thinairweb.co\/fr\/produit\/taquet-a-base-ouverte-en-aluminium\/","og_site_name":"Dock Edge+","og_image":[{"width":700,"height":700,"url":"https:\/\/dockedge.thinairweb.co\/wp-content\/uploads\/sites\/3\/2019\/10\/DE2440F.jpg","type":"image\/jpeg"}],"twitter_card":"summary_large_image","schema":{"@context":"https:\/\/schema.org","@graph":[{"@type":"WebPage","@id":"https:\/\/dockedge.thinairweb.co\/fr\/produit\/taquet-a-base-ouverte-en-aluminium\/","url":"https:\/\/dockedge.thinairweb.co\/fr\/produit\/taquet-a-base-ouverte-en-aluminium\/","name":"TAQUET \u00c0 BASE OUVERTE EN ALUMINIUM - Dock Edge+","isPartOf":{"@id":"https:\/\/dockedge.thinairweb.co\/fr\/#website"},"primaryImageOfPage":{"@id":"https:\/\/dockedge.thinairweb.co\/fr\/produit\/taquet-a-base-ouverte-en-aluminium\/#primaryimage"},"image":{"@id":"https:\/\/dockedge.thinairweb.co\/fr\/produit\/taquet-a-base-ouverte-en-aluminium\/#primaryimage"},"thumbnailUrl":"https:\/\/dockedge.thinairweb.co\/wp-content\/uploads\/sites\/3\/2019\/10\/DE2440F.jpg","datePublished":"2019-10-28T18:04:13+00:00","breadcrumb":{"@id":"https:\/\/dockedge.thinairweb.co\/fr\/produit\/taquet-a-base-ouverte-en-aluminium\/#breadcrumb"},"inLanguage":"fr-FR","potentialAction":[{"@type":"ReadAction","target":["https:\/\/dockedge.thinairweb.co\/fr\/produit\/taquet-a-base-ouverte-en-aluminium\/"]}]},{"@type":"ImageObject","inLanguage":"fr-FR","@id":"https:\/\/dockedge.thinairweb.co\/fr\/produit\/taquet-a-base-ouverte-en-aluminium\/#primaryimage","url":"https:\/\/dockedge.thinairweb.co\/wp-content\/uploads\/sites\/3\/2019\/10\/DE2440F.jpg","contentUrl":"https:\/\/dockedge.thinairweb.co\/wp-content\/uploads\/sites\/3\/2019\/10\/DE2440F.jpg","width":700,"height":700,"caption":"Aluminum Open Base Cleat"},{"@type":"BreadcrumbList","@id":"https:\/\/dockedge.thinairweb.co\/fr\/produit\/taquet-a-base-ouverte-en-aluminium\/#breadcrumb","itemListElement":[{"@type":"ListItem","position":1,"name":"Home","item":"https:\/\/dockedge.thinairweb.co\/fr\/"},{"@type":"ListItem","position":2,"name":"Boutique","item":"https:\/\/dockedge.thinairweb.co\/fr\/boutique\/"},{"@type":"ListItem","position":3,"name":"TAQUET \u00c0 BASE OUVERTE EN ALUMINIUM"}]},{"@type":"WebSite","@id":"https:\/\/dockedge.thinairweb.co\/fr\/#website","url":"https:\/\/dockedge.thinairweb.co\/fr\/","name":"Dock Edge+","description":"Your Dock. Your Way.","potentialAction":[{"@type":"SearchAction","target":{"@type":"EntryPoint","urlTemplate":"https:\/\/dockedge.thinairweb.co\/fr\/?s={search_term_string}"},"query-input":{"@type":"PropertyValueSpecification","valueRequired":true,"valueName":"search_term_string"}}],"inLanguage":"fr-FR"}]}},"acf":[],"_links":{"self":[{"href":"https:\/\/dockedge.thinairweb.co\/fr\/wp-json\/wp\/v2\/product\/8554","targetHints":{"allow":["GET"]}}],"collection":[{"href":"https:\/\/dockedge.thinairweb.co\/fr\/wp-json\/wp\/v2\/product"}],"about":[{"href":"https:\/\/dockedge.thinairweb.co\/fr\/wp-json\/wp\/v2\/types\/product"}],"wp:featuredmedia":[{"embeddable":true,"href":"https:\/\/dockedge.thinairweb.co\/fr\/wp-json\/wp\/v2\/media\/7675"}],"wp:attachment":[{"href":"https:\/\/dockedge.thinairweb.co\/fr\/wp-json\/wp\/v2\/media?parent=8554"}],"wp:term":[{"taxonomy":"product_brand","embeddable":true,"href":"https:\/\/dockedge.thinairweb.co\/fr\/wp-json\/wp\/v2\/product_brand?post=8554"},{"taxonomy":"product_cat","embeddable":true,"href":"https:\/\/dockedge.thinairweb.co\/fr\/wp-json\/wp\/v2\/product_cat?post=8554"},{"taxonomy":"product_tag","embeddable":true,"href":"https:\/\/dockedge.thinairweb.co\/fr\/wp-json\/wp\/v2\/product_tag?post=8554"}],"curies":[{"name":"wp","href":"https:\/\/api.w.org\/{rel}","templated":true}]}}