{"id":8557,"date":"2019-06-04T20:30:18","date_gmt":"2019-06-04T20:30:18","guid":{"rendered":"https:\/\/dockedge.com\/product\/visa-marine-potty-msd-18l\/"},"modified":"2019-06-04T20:30:18","modified_gmt":"2019-06-04T20:30:18","slug":"visa-marine-potty-msd-18l","status":"publish","type":"product","link":"https:\/\/dockedge.thinairweb.co\/fr\/produit\/visa-marine-potty-msd-18l\/","title":{"rendered":"Visa Marine Potty MSD 18L"},"content":{"rendered":"<table id=\"product-table\" border=\"0\" cellspacing=\"0\" cellpadding=\"15\">\n<tbody>\n<tr>\n<th>N\u00b0 de pi\u00e8ce<\/th>\n<th>Description<\/th>\n<\/tr>\n<tr>\n<td>DEF319<\/td>\n<td>Toilette Visa MSD 18 litres<\/td>\n<\/tr>\n<\/tbody>\n<\/table>\n<p><script src=\"\/\/ui.powerreviews.com\/stable\/4.0\/ui.js\"><\/script><\/p>\n<p><script>\n  POWERREVIEWS.display.render({\n      api_key: 'fdb23d80-8310-4409-87f2-2ee20e24a743',\n      locale: 'en_US',\n      merchant_group_id: '78535',\n      merchant_id: '542114',\n      page_id: '4761',\n      review_wrapper_url: 'http:\/\/www.dockedge.com\/write-a-review\/?pr_page_id=___PAGE_ID___',\nstructured_data_product_id : 'http:\/\/www.dockedge.com\/product\/visa-msd-18l\/',\nproduct:{\n        name: 'Visa Marine Potty MSD 18L', \n        url: 'http:\/\/www.dockedge.com\/product\/visa-msd-18l\/',\n        image_url: 'http:\/\/www.dockedge.com\/wp-content\/uploads\/sites\/3\/2019\/06\/DEF319F.jpg',\n        description: 'Toilet 18 Litre MSD Visa Grey',\n        category_name: 'Visa Marine Potty MSD',\n        manufacturer_id: 'DEF319',\n        upc: '776113106143',\n        brand_name: 'Dockedge',\n        price: '<your_product_price>',\n        in_stock: '<product_in_stock_status>',\n    },\n      components: {\n    ReviewSnippet: 'pr-reviewsnippet',\n    ReviewDisplay: 'pr-reviewdisplay'\n      }\n    });\n  <\/script><\/p>\n<div id=\"pr-reviewdisplay\"><\/div>\n","protected":false},"excerpt":{"rendered":"<div id=\"pr-reviewsnippet\"><\/div>\n<p><b>CUP<\/b> <\/p>\n<ul>\n<li>Toilette portable \u00e0 chasse d&rsquo;eau en 2 parties<\/li>\n<li>Construction solide et durable<\/li>\n<li>Raccord de vidange rotatif \u00e0 90 degr\u00e9s<\/li>\n<li>Rin\u00e7age par pompe \u00e0 piston bidirectionnelle<\/li>\n<li>Joint \u00e9tanche aux fuites et aux odeurs<\/li>\n<li>R\u00e9servoir d&rsquo;eau douce de 10L \/ 2.6 Gal. <\/li>\n<li>R\u00e9servoir de 18L \/ 4.8 Gal. <\/li>\n<li>Indicateur de niveau de d\u00e9chets<\/li>\n<li>Grande capacit\u00e9 d&rsquo;eau douce<\/li>\n<li>Dimensions : 42cm H x 35cm L x 37cm P<\/li>\n<\/ul>\n","protected":false},"featured_media":7503,"template":"","meta":{"_acf_changed":false,"_et_pb_use_builder":"","_et_pb_old_content":"","_et_gb_content_width":""},"product_brand":[],"product_cat":[194],"product_tag":[],"class_list":{"0":"post-8557","1":"product","2":"type-product","3":"status-publish","4":"has-post-thumbnail","6":"product_cat-visa-marine-potty-msd","8":"first","9":"instock","10":"shipping-taxable","11":"product-type-simple"},"yoast_head":"<!-- This site is optimized with the Yoast SEO plugin v27.0 - https:\/\/yoast.com\/product\/yoast-seo-wordpress\/ -->\n<title>Visa Marine Potty MSD 18L - Dock Edge+<\/title>\n<meta name=\"robots\" content=\"index, follow, max-snippet:-1, max-image-preview:large, max-video-preview:-1\" \/>\n<link rel=\"canonical\" href=\"https:\/\/dockedge.thinairweb.co\/fr\/produit\/visa-marine-potty-msd-18l\/\" \/>\n<meta property=\"og:locale\" content=\"fr_FR\" \/>\n<meta property=\"og:type\" content=\"article\" \/>\n<meta property=\"og:title\" content=\"Visa Marine Potty MSD 18L - Dock Edge+\" \/>\n<meta property=\"og:description\" content=\"CUP   Toilette portable \u00e0 chasse d&#039;eau en 2 parties  Construction solide et durable  Raccord de vidange rotatif \u00e0 90 degr\u00e9s  Rin\u00e7age par pompe \u00e0 piston bidirectionnelle  Joint \u00e9tanche aux fuites et aux odeurs  R\u00e9servoir d&#039;eau douce de 10L \/ 2.6 Gal.  R\u00e9servoir de 18L \/ 4.8 Gal.  Indicateur de niveau de d\u00e9chets  Grande capacit\u00e9 d&#039;eau douce  Dimensions : 42cm H x 35cm L x 37cm P\" \/>\n<meta property=\"og:url\" content=\"https:\/\/dockedge.thinairweb.co\/fr\/produit\/visa-marine-potty-msd-18l\/\" \/>\n<meta property=\"og:site_name\" content=\"Dock Edge+\" \/>\n<meta property=\"og:image\" content=\"https:\/\/dockedge.thinairweb.co\/wp-content\/uploads\/sites\/3\/2019\/06\/DEF319F.jpg\" \/>\n\t<meta property=\"og:image:width\" content=\"700\" \/>\n\t<meta property=\"og:image:height\" content=\"700\" \/>\n\t<meta property=\"og:image:type\" content=\"image\/jpeg\" \/>\n<meta name=\"twitter:card\" content=\"summary_large_image\" \/>\n<script type=\"application\/ld+json\" class=\"yoast-schema-graph\">{\"@context\":\"https:\/\/schema.org\",\"@graph\":[{\"@type\":\"WebPage\",\"@id\":\"https:\/\/dockedge.thinairweb.co\/fr\/produit\/visa-marine-potty-msd-18l\/\",\"url\":\"https:\/\/dockedge.thinairweb.co\/fr\/produit\/visa-marine-potty-msd-18l\/\",\"name\":\"Visa Marine Potty MSD 18L - Dock Edge+\",\"isPartOf\":{\"@id\":\"https:\/\/dockedge.thinairweb.co\/fr\/#website\"},\"primaryImageOfPage\":{\"@id\":\"https:\/\/dockedge.thinairweb.co\/fr\/produit\/visa-marine-potty-msd-18l\/#primaryimage\"},\"image\":{\"@id\":\"https:\/\/dockedge.thinairweb.co\/fr\/produit\/visa-marine-potty-msd-18l\/#primaryimage\"},\"thumbnailUrl\":\"https:\/\/dockedge.thinairweb.co\/wp-content\/uploads\/sites\/3\/2019\/06\/DEF319F.jpg\",\"datePublished\":\"2019-06-04T20:30:18+00:00\",\"breadcrumb\":{\"@id\":\"https:\/\/dockedge.thinairweb.co\/fr\/produit\/visa-marine-potty-msd-18l\/#breadcrumb\"},\"inLanguage\":\"fr-FR\",\"potentialAction\":[{\"@type\":\"ReadAction\",\"target\":[\"https:\/\/dockedge.thinairweb.co\/fr\/produit\/visa-marine-potty-msd-18l\/\"]}]},{\"@type\":\"ImageObject\",\"inLanguage\":\"fr-FR\",\"@id\":\"https:\/\/dockedge.thinairweb.co\/fr\/produit\/visa-marine-potty-msd-18l\/#primaryimage\",\"url\":\"https:\/\/dockedge.thinairweb.co\/wp-content\/uploads\/sites\/3\/2019\/06\/DEF319F.jpg\",\"contentUrl\":\"https:\/\/dockedge.thinairweb.co\/wp-content\/uploads\/sites\/3\/2019\/06\/DEF319F.jpg\",\"width\":700,\"height\":700,\"caption\":\"Visa Marine Potty MSD 18L\"},{\"@type\":\"BreadcrumbList\",\"@id\":\"https:\/\/dockedge.thinairweb.co\/fr\/produit\/visa-marine-potty-msd-18l\/#breadcrumb\",\"itemListElement\":[{\"@type\":\"ListItem\",\"position\":1,\"name\":\"Home\",\"item\":\"https:\/\/dockedge.thinairweb.co\/fr\/\"},{\"@type\":\"ListItem\",\"position\":2,\"name\":\"Boutique\",\"item\":\"https:\/\/dockedge.thinairweb.co\/fr\/boutique\/\"},{\"@type\":\"ListItem\",\"position\":3,\"name\":\"Visa Marine Potty MSD 18L\"}]},{\"@type\":\"WebSite\",\"@id\":\"https:\/\/dockedge.thinairweb.co\/fr\/#website\",\"url\":\"https:\/\/dockedge.thinairweb.co\/fr\/\",\"name\":\"Dock Edge+\",\"description\":\"Your Dock. Your Way.\",\"potentialAction\":[{\"@type\":\"SearchAction\",\"target\":{\"@type\":\"EntryPoint\",\"urlTemplate\":\"https:\/\/dockedge.thinairweb.co\/fr\/?s={search_term_string}\"},\"query-input\":{\"@type\":\"PropertyValueSpecification\",\"valueRequired\":true,\"valueName\":\"search_term_string\"}}],\"inLanguage\":\"fr-FR\"}]}<\/script>\n<!-- \/ Yoast SEO plugin. -->","yoast_head_json":{"title":"Visa Marine Potty MSD 18L - Dock Edge+","robots":{"index":"index","follow":"follow","max-snippet":"max-snippet:-1","max-image-preview":"max-image-preview:large","max-video-preview":"max-video-preview:-1"},"canonical":"https:\/\/dockedge.thinairweb.co\/fr\/produit\/visa-marine-potty-msd-18l\/","og_locale":"fr_FR","og_type":"article","og_title":"Visa Marine Potty MSD 18L - Dock Edge+","og_description":"CUP   Toilette portable \u00e0 chasse d'eau en 2 parties  Construction solide et durable  Raccord de vidange rotatif \u00e0 90 degr\u00e9s  Rin\u00e7age par pompe \u00e0 piston bidirectionnelle  Joint \u00e9tanche aux fuites et aux odeurs  R\u00e9servoir d'eau douce de 10L \/ 2.6 Gal.  R\u00e9servoir de 18L \/ 4.8 Gal.  Indicateur de niveau de d\u00e9chets  Grande capacit\u00e9 d'eau douce  Dimensions : 42cm H x 35cm L x 37cm P","og_url":"https:\/\/dockedge.thinairweb.co\/fr\/produit\/visa-marine-potty-msd-18l\/","og_site_name":"Dock Edge+","og_image":[{"width":700,"height":700,"url":"https:\/\/dockedge.thinairweb.co\/wp-content\/uploads\/sites\/3\/2019\/06\/DEF319F.jpg","type":"image\/jpeg"}],"twitter_card":"summary_large_image","schema":{"@context":"https:\/\/schema.org","@graph":[{"@type":"WebPage","@id":"https:\/\/dockedge.thinairweb.co\/fr\/produit\/visa-marine-potty-msd-18l\/","url":"https:\/\/dockedge.thinairweb.co\/fr\/produit\/visa-marine-potty-msd-18l\/","name":"Visa Marine Potty MSD 18L - Dock Edge+","isPartOf":{"@id":"https:\/\/dockedge.thinairweb.co\/fr\/#website"},"primaryImageOfPage":{"@id":"https:\/\/dockedge.thinairweb.co\/fr\/produit\/visa-marine-potty-msd-18l\/#primaryimage"},"image":{"@id":"https:\/\/dockedge.thinairweb.co\/fr\/produit\/visa-marine-potty-msd-18l\/#primaryimage"},"thumbnailUrl":"https:\/\/dockedge.thinairweb.co\/wp-content\/uploads\/sites\/3\/2019\/06\/DEF319F.jpg","datePublished":"2019-06-04T20:30:18+00:00","breadcrumb":{"@id":"https:\/\/dockedge.thinairweb.co\/fr\/produit\/visa-marine-potty-msd-18l\/#breadcrumb"},"inLanguage":"fr-FR","potentialAction":[{"@type":"ReadAction","target":["https:\/\/dockedge.thinairweb.co\/fr\/produit\/visa-marine-potty-msd-18l\/"]}]},{"@type":"ImageObject","inLanguage":"fr-FR","@id":"https:\/\/dockedge.thinairweb.co\/fr\/produit\/visa-marine-potty-msd-18l\/#primaryimage","url":"https:\/\/dockedge.thinairweb.co\/wp-content\/uploads\/sites\/3\/2019\/06\/DEF319F.jpg","contentUrl":"https:\/\/dockedge.thinairweb.co\/wp-content\/uploads\/sites\/3\/2019\/06\/DEF319F.jpg","width":700,"height":700,"caption":"Visa Marine Potty MSD 18L"},{"@type":"BreadcrumbList","@id":"https:\/\/dockedge.thinairweb.co\/fr\/produit\/visa-marine-potty-msd-18l\/#breadcrumb","itemListElement":[{"@type":"ListItem","position":1,"name":"Home","item":"https:\/\/dockedge.thinairweb.co\/fr\/"},{"@type":"ListItem","position":2,"name":"Boutique","item":"https:\/\/dockedge.thinairweb.co\/fr\/boutique\/"},{"@type":"ListItem","position":3,"name":"Visa Marine Potty MSD 18L"}]},{"@type":"WebSite","@id":"https:\/\/dockedge.thinairweb.co\/fr\/#website","url":"https:\/\/dockedge.thinairweb.co\/fr\/","name":"Dock Edge+","description":"Your Dock. Your Way.","potentialAction":[{"@type":"SearchAction","target":{"@type":"EntryPoint","urlTemplate":"https:\/\/dockedge.thinairweb.co\/fr\/?s={search_term_string}"},"query-input":{"@type":"PropertyValueSpecification","valueRequired":true,"valueName":"search_term_string"}}],"inLanguage":"fr-FR"}]}},"acf":[],"_links":{"self":[{"href":"https:\/\/dockedge.thinairweb.co\/fr\/wp-json\/wp\/v2\/product\/8557","targetHints":{"allow":["GET"]}}],"collection":[{"href":"https:\/\/dockedge.thinairweb.co\/fr\/wp-json\/wp\/v2\/product"}],"about":[{"href":"https:\/\/dockedge.thinairweb.co\/fr\/wp-json\/wp\/v2\/types\/product"}],"wp:featuredmedia":[{"embeddable":true,"href":"https:\/\/dockedge.thinairweb.co\/fr\/wp-json\/wp\/v2\/media\/7503"}],"wp:attachment":[{"href":"https:\/\/dockedge.thinairweb.co\/fr\/wp-json\/wp\/v2\/media?parent=8557"}],"wp:term":[{"taxonomy":"product_brand","embeddable":true,"href":"https:\/\/dockedge.thinairweb.co\/fr\/wp-json\/wp\/v2\/product_brand?post=8557"},{"taxonomy":"product_cat","embeddable":true,"href":"https:\/\/dockedge.thinairweb.co\/fr\/wp-json\/wp\/v2\/product_cat?post=8557"},{"taxonomy":"product_tag","embeddable":true,"href":"https:\/\/dockedge.thinairweb.co\/fr\/wp-json\/wp\/v2\/product_tag?post=8557"}],"curies":[{"name":"wp","href":"https:\/\/api.w.org\/{rel}","templated":true}]}}