{"id":8560,"date":"2019-10-23T15:44:10","date_gmt":"2019-10-23T15:44:10","guid":{"rendered":"https:\/\/dockedge.com\/product\/dockushion-hd\/"},"modified":"2019-10-23T15:44:10","modified_gmt":"2019-10-23T15:44:10","slug":"dockushion-hd","status":"publish","type":"product","link":"https:\/\/dockedge.thinairweb.co\/fr\/produit\/dockushion-hd\/","title":{"rendered":"DOCKUSHION HD"},"content":{"rendered":"<table id=\"product-table\" cellpadding=\"15\" cellspacing=\"0\" border=\"0\">\n<tbody>\n<tr>\n<th>N\u00b0 de pi\u00e8ce<\/th>\n<th>Description<\/th>\n<\/tr>\n<tr>\n<td>DE1156G<\/td>\n<td>DocKushion HD 48&Prime;, PUR, mousse<\/td>\n<\/tr>\n<tr>\n<td>DE1157G<\/td>\n<td>DocKorner ext\u00e9rieur HD 8-3\/8&Prime;, PUR, mousse<\/td>\n<\/tr>\n<tr>\n<td>DE1158G<\/td>\n<td>2&Prime; HD DocKap, PUR, Mousse<\/td>\n<\/tr>\n<tr>\n<td>DE1159G<\/td>\n<td>DocKorner int\u00e9rieur HD 6-3\/8&Prime;, PUR, mousse<\/td>\n<\/tr>\n<\/tbody>\n<\/table>\n<p><script src=\"\/\/ui.powerreviews.com\/stable\/4.0\/ui.js\"><\/script><\/p>\n<p><script>\n  POWERREVIEWS.display.render({\n      api_key: 'fdb23d80-8310-4409-87f2-2ee20e24a743',\n      locale: 'en_US',\n      merchant_group_id: '78535',\n      merchant_id: '542114',\n      page_id: '5076',\n      review_wrapper_url: 'http:\/\/www.dockedge.com\/write-a-review\/?pr_page_id=___PAGE_ID___',\nstructured_data_product_id : 'http:\/\/www.dockedge.com\/product\/dockushion-hd\/',\nproduct:{\n        name: 'DOCKUSHION HD', \n        url: 'http:\/\/www.dockedge.com\/product\/dockushion-hd\/',\n        image_url: 'https:\/\/dockedge.com\/wp-content\/uploads\/sites\/3\/2019\/10\/new-dockushion.jpg',\n        description: 'DocKushion HD 48\" Putty Foam',\n        category_name: 'Dock Protection',\n        manufacturer_id: 'DE1156G',\n        upc: '776113995846',\n        brand_name: 'DockEdge',\n        price: '<your_product_price>',\n        in_stock: '<product_in_stock_status>',\n        variants: [{\n            name: 'DE1157G',\n            description: 'DocKorner HD Outside 8-3\/8\" Putty Foam',\n\t    upc: '776113995853',\t\n            page_id_variant: '1',\n        },\n        {\n            name: 'DE1158G',\n            description: 'DocKap HD 2\" Putty Foam (2 Pcs\/Pk)',\n            upc: '776113995860',\n            page_id_variant: '2',  \n        },\n        {\n            name: 'DE1159G',\n            description: 'DocKorner HD Inside 6-3\/8\" Putty Foam',\n            upc: '776113995877',\n            page_id_variant: '3',  \n    }]\n    },\n      components: {\n    ReviewSnippet: 'pr-reviewsnippet',\n    ReviewDisplay: 'pr-reviewdisplay'\n      }\n    });\n  <\/script><\/p>\n<div id=\"pr-reviewdisplay\"><\/div>\n","protected":false},"excerpt":{"rendered":"<div id=\"pr-reviewsnippet\"><\/div>\n<p><b>CUP<\/b> <br \/>\nLe DocKushion HD est 20 % plus \u00e9pais que notre DocKushion Large ou Small. Le nouveau coin ext\u00e9rieur robuste et le nouveau coin int\u00e9rieur font du DocKushion HD la solution id\u00e9ale pour les applications plus lourdes.<br \/>\nLe nec plus ultra en mati\u00e8re de syst\u00e8mes de protection. Plus besoin d&rsquo;ailes ! Cette conception r\u00e9volutionnaire incorpore un noyau en mousse expans\u00e9e souple entour\u00e9 d&rsquo;une peau en mousse de polyur\u00e9thane int\u00e9grale stabilis\u00e9e aux U.V. Cela cr\u00e9e le syst\u00e8me le plus souple mais le plus durable. Cela cr\u00e9e le pare-chocs le plus doux mais le plus durable que vous puissiez offrir \u00e0 votre bateau. Un support moul\u00e9 permet un montage solide et s\u00e9curis\u00e9. Des prises m\u00e2les et femelles uniques aux extr\u00e9mit\u00e9s permettent d&rsquo;assembler les pi\u00e8ces en un clin d&rsquo;\u0153il pour un aspect homog\u00e8ne. Connectez les longueurs de DocKushion bout \u00e0 bout pour les grandes longueurs. Des embouts et des coins compl\u00e8tent votre syst\u00e8me pour un travail professionnel et propre.        <\/p>\n","protected":false},"featured_media":7634,"template":"","meta":{"_acf_changed":false,"_et_pb_use_builder":"","_et_pb_old_content":"","_et_gb_content_width":""},"product_brand":[],"product_cat":[169],"product_tag":[],"class_list":{"0":"post-8560","1":"product","2":"type-product","3":"status-publish","4":"has-post-thumbnail","6":"product_cat-protection-des-quais","8":"first","9":"instock","10":"shipping-taxable","11":"product-type-simple"},"yoast_head":"<!-- This site is optimized with the Yoast SEO plugin v27.0 - https:\/\/yoast.com\/product\/yoast-seo-wordpress\/ -->\n<title>DOCKUSHION HD - Dock Edge+<\/title>\n<meta name=\"robots\" content=\"index, follow, max-snippet:-1, max-image-preview:large, max-video-preview:-1\" \/>\n<link rel=\"canonical\" href=\"https:\/\/dockedge.thinairweb.co\/fr\/produit\/dockushion-hd\/\" \/>\n<meta property=\"og:locale\" content=\"fr_FR\" \/>\n<meta property=\"og:type\" content=\"article\" \/>\n<meta property=\"og:title\" content=\"DOCKUSHION HD - Dock Edge+\" \/>\n<meta property=\"og:description\" content=\"CUP Le DocKushion HD est 20 % plus \u00e9pais que notre DocKushion Large ou Small. Le nouveau coin ext\u00e9rieur robuste et le nouveau coin int\u00e9rieur font du DocKushion HD la solution id\u00e9ale pour les applications plus lourdes. Le nec plus ultra en mati\u00e8re de syst\u00e8mes de protection. Plus besoin d&#039;ailes ! Cette conception r\u00e9volutionnaire incorpore un noyau en mousse expans\u00e9e souple entour\u00e9 d&#039;une peau en mousse de polyur\u00e9thane int\u00e9grale stabilis\u00e9e aux U.V. Cela cr\u00e9e le syst\u00e8me le plus souple mais le plus durable. Cela cr\u00e9e le pare-chocs le plus doux mais le plus durable que vous puissiez offrir \u00e0 votre bateau. Un support moul\u00e9 permet un montage solide et s\u00e9curis\u00e9. Des prises m\u00e2les et femelles uniques aux extr\u00e9mit\u00e9s permettent d&#039;assembler les pi\u00e8ces en un clin d&#039;\u0153il pour un aspect homog\u00e8ne. Connectez les longueurs de DocKushion bout \u00e0 bout pour les grandes longueurs. Des embouts et des coins compl\u00e8tent votre syst\u00e8me pour un travail professionnel et propre.\" \/>\n<meta property=\"og:url\" content=\"https:\/\/dockedge.thinairweb.co\/fr\/produit\/dockushion-hd\/\" \/>\n<meta property=\"og:site_name\" content=\"Dock Edge+\" \/>\n<meta property=\"og:image\" content=\"https:\/\/dockedge.thinairweb.co\/wp-content\/uploads\/sites\/3\/2019\/10\/new-dockushion.jpg\" \/>\n\t<meta property=\"og:image:width\" content=\"700\" \/>\n\t<meta property=\"og:image:height\" content=\"700\" \/>\n\t<meta property=\"og:image:type\" content=\"image\/jpeg\" \/>\n<meta name=\"twitter:card\" content=\"summary_large_image\" \/>\n<script type=\"application\/ld+json\" class=\"yoast-schema-graph\">{\"@context\":\"https:\/\/schema.org\",\"@graph\":[{\"@type\":\"WebPage\",\"@id\":\"https:\/\/dockedge.thinairweb.co\/fr\/produit\/dockushion-hd\/\",\"url\":\"https:\/\/dockedge.thinairweb.co\/fr\/produit\/dockushion-hd\/\",\"name\":\"DOCKUSHION HD - Dock Edge+\",\"isPartOf\":{\"@id\":\"https:\/\/dockedge.thinairweb.co\/fr\/#website\"},\"primaryImageOfPage\":{\"@id\":\"https:\/\/dockedge.thinairweb.co\/fr\/produit\/dockushion-hd\/#primaryimage\"},\"image\":{\"@id\":\"https:\/\/dockedge.thinairweb.co\/fr\/produit\/dockushion-hd\/#primaryimage\"},\"thumbnailUrl\":\"https:\/\/dockedge.thinairweb.co\/wp-content\/uploads\/sites\/3\/2019\/10\/new-dockushion.jpg\",\"datePublished\":\"2019-10-23T15:44:10+00:00\",\"breadcrumb\":{\"@id\":\"https:\/\/dockedge.thinairweb.co\/fr\/produit\/dockushion-hd\/#breadcrumb\"},\"inLanguage\":\"fr-FR\",\"potentialAction\":[{\"@type\":\"ReadAction\",\"target\":[\"https:\/\/dockedge.thinairweb.co\/fr\/produit\/dockushion-hd\/\"]}]},{\"@type\":\"ImageObject\",\"inLanguage\":\"fr-FR\",\"@id\":\"https:\/\/dockedge.thinairweb.co\/fr\/produit\/dockushion-hd\/#primaryimage\",\"url\":\"https:\/\/dockedge.thinairweb.co\/wp-content\/uploads\/sites\/3\/2019\/10\/new-dockushion.jpg\",\"contentUrl\":\"https:\/\/dockedge.thinairweb.co\/wp-content\/uploads\/sites\/3\/2019\/10\/new-dockushion.jpg\",\"width\":700,\"height\":700,\"caption\":\"DocKushion in black\"},{\"@type\":\"BreadcrumbList\",\"@id\":\"https:\/\/dockedge.thinairweb.co\/fr\/produit\/dockushion-hd\/#breadcrumb\",\"itemListElement\":[{\"@type\":\"ListItem\",\"position\":1,\"name\":\"Home\",\"item\":\"https:\/\/dockedge.thinairweb.co\/fr\/\"},{\"@type\":\"ListItem\",\"position\":2,\"name\":\"Boutique\",\"item\":\"https:\/\/dockedge.thinairweb.co\/fr\/boutique\/\"},{\"@type\":\"ListItem\",\"position\":3,\"name\":\"DOCKUSHION HD\"}]},{\"@type\":\"WebSite\",\"@id\":\"https:\/\/dockedge.thinairweb.co\/fr\/#website\",\"url\":\"https:\/\/dockedge.thinairweb.co\/fr\/\",\"name\":\"Dock Edge+\",\"description\":\"Your Dock. Your Way.\",\"potentialAction\":[{\"@type\":\"SearchAction\",\"target\":{\"@type\":\"EntryPoint\",\"urlTemplate\":\"https:\/\/dockedge.thinairweb.co\/fr\/?s={search_term_string}\"},\"query-input\":{\"@type\":\"PropertyValueSpecification\",\"valueRequired\":true,\"valueName\":\"search_term_string\"}}],\"inLanguage\":\"fr-FR\"}]}<\/script>\n<!-- \/ Yoast SEO plugin. -->","yoast_head_json":{"title":"DOCKUSHION HD - Dock Edge+","robots":{"index":"index","follow":"follow","max-snippet":"max-snippet:-1","max-image-preview":"max-image-preview:large","max-video-preview":"max-video-preview:-1"},"canonical":"https:\/\/dockedge.thinairweb.co\/fr\/produit\/dockushion-hd\/","og_locale":"fr_FR","og_type":"article","og_title":"DOCKUSHION HD - Dock Edge+","og_description":"CUP Le DocKushion HD est 20 % plus \u00e9pais que notre DocKushion Large ou Small. Le nouveau coin ext\u00e9rieur robuste et le nouveau coin int\u00e9rieur font du DocKushion HD la solution id\u00e9ale pour les applications plus lourdes. Le nec plus ultra en mati\u00e8re de syst\u00e8mes de protection. Plus besoin d'ailes ! Cette conception r\u00e9volutionnaire incorpore un noyau en mousse expans\u00e9e souple entour\u00e9 d'une peau en mousse de polyur\u00e9thane int\u00e9grale stabilis\u00e9e aux U.V. Cela cr\u00e9e le syst\u00e8me le plus souple mais le plus durable. Cela cr\u00e9e le pare-chocs le plus doux mais le plus durable que vous puissiez offrir \u00e0 votre bateau. Un support moul\u00e9 permet un montage solide et s\u00e9curis\u00e9. Des prises m\u00e2les et femelles uniques aux extr\u00e9mit\u00e9s permettent d'assembler les pi\u00e8ces en un clin d'\u0153il pour un aspect homog\u00e8ne. Connectez les longueurs de DocKushion bout \u00e0 bout pour les grandes longueurs. Des embouts et des coins compl\u00e8tent votre syst\u00e8me pour un travail professionnel et propre.","og_url":"https:\/\/dockedge.thinairweb.co\/fr\/produit\/dockushion-hd\/","og_site_name":"Dock Edge+","og_image":[{"width":700,"height":700,"url":"https:\/\/dockedge.thinairweb.co\/wp-content\/uploads\/sites\/3\/2019\/10\/new-dockushion.jpg","type":"image\/jpeg"}],"twitter_card":"summary_large_image","schema":{"@context":"https:\/\/schema.org","@graph":[{"@type":"WebPage","@id":"https:\/\/dockedge.thinairweb.co\/fr\/produit\/dockushion-hd\/","url":"https:\/\/dockedge.thinairweb.co\/fr\/produit\/dockushion-hd\/","name":"DOCKUSHION HD - Dock Edge+","isPartOf":{"@id":"https:\/\/dockedge.thinairweb.co\/fr\/#website"},"primaryImageOfPage":{"@id":"https:\/\/dockedge.thinairweb.co\/fr\/produit\/dockushion-hd\/#primaryimage"},"image":{"@id":"https:\/\/dockedge.thinairweb.co\/fr\/produit\/dockushion-hd\/#primaryimage"},"thumbnailUrl":"https:\/\/dockedge.thinairweb.co\/wp-content\/uploads\/sites\/3\/2019\/10\/new-dockushion.jpg","datePublished":"2019-10-23T15:44:10+00:00","breadcrumb":{"@id":"https:\/\/dockedge.thinairweb.co\/fr\/produit\/dockushion-hd\/#breadcrumb"},"inLanguage":"fr-FR","potentialAction":[{"@type":"ReadAction","target":["https:\/\/dockedge.thinairweb.co\/fr\/produit\/dockushion-hd\/"]}]},{"@type":"ImageObject","inLanguage":"fr-FR","@id":"https:\/\/dockedge.thinairweb.co\/fr\/produit\/dockushion-hd\/#primaryimage","url":"https:\/\/dockedge.thinairweb.co\/wp-content\/uploads\/sites\/3\/2019\/10\/new-dockushion.jpg","contentUrl":"https:\/\/dockedge.thinairweb.co\/wp-content\/uploads\/sites\/3\/2019\/10\/new-dockushion.jpg","width":700,"height":700,"caption":"DocKushion in black"},{"@type":"BreadcrumbList","@id":"https:\/\/dockedge.thinairweb.co\/fr\/produit\/dockushion-hd\/#breadcrumb","itemListElement":[{"@type":"ListItem","position":1,"name":"Home","item":"https:\/\/dockedge.thinairweb.co\/fr\/"},{"@type":"ListItem","position":2,"name":"Boutique","item":"https:\/\/dockedge.thinairweb.co\/fr\/boutique\/"},{"@type":"ListItem","position":3,"name":"DOCKUSHION HD"}]},{"@type":"WebSite","@id":"https:\/\/dockedge.thinairweb.co\/fr\/#website","url":"https:\/\/dockedge.thinairweb.co\/fr\/","name":"Dock Edge+","description":"Your Dock. Your Way.","potentialAction":[{"@type":"SearchAction","target":{"@type":"EntryPoint","urlTemplate":"https:\/\/dockedge.thinairweb.co\/fr\/?s={search_term_string}"},"query-input":{"@type":"PropertyValueSpecification","valueRequired":true,"valueName":"search_term_string"}}],"inLanguage":"fr-FR"}]}},"acf":[],"_links":{"self":[{"href":"https:\/\/dockedge.thinairweb.co\/fr\/wp-json\/wp\/v2\/product\/8560","targetHints":{"allow":["GET"]}}],"collection":[{"href":"https:\/\/dockedge.thinairweb.co\/fr\/wp-json\/wp\/v2\/product"}],"about":[{"href":"https:\/\/dockedge.thinairweb.co\/fr\/wp-json\/wp\/v2\/types\/product"}],"wp:featuredmedia":[{"embeddable":true,"href":"https:\/\/dockedge.thinairweb.co\/fr\/wp-json\/wp\/v2\/media\/7634"}],"wp:attachment":[{"href":"https:\/\/dockedge.thinairweb.co\/fr\/wp-json\/wp\/v2\/media?parent=8560"}],"wp:term":[{"taxonomy":"product_brand","embeddable":true,"href":"https:\/\/dockedge.thinairweb.co\/fr\/wp-json\/wp\/v2\/product_brand?post=8560"},{"taxonomy":"product_cat","embeddable":true,"href":"https:\/\/dockedge.thinairweb.co\/fr\/wp-json\/wp\/v2\/product_cat?post=8560"},{"taxonomy":"product_tag","embeddable":true,"href":"https:\/\/dockedge.thinairweb.co\/fr\/wp-json\/wp\/v2\/product_tag?post=8560"}],"curies":[{"name":"wp","href":"https:\/\/api.w.org\/{rel}","templated":true}]}}