{"id":8566,"date":"2019-06-25T16:55:54","date_gmt":"2019-06-25T16:55:54","guid":{"rendered":"https:\/\/dockedge.com\/product\/liquid-gold-nettoyant-pour-cuvette-et-reservoir\/"},"modified":"2019-06-25T16:55:54","modified_gmt":"2019-06-25T16:55:54","slug":"liquid-gold-nettoyant-pour-cuvette-et-reservoir","status":"publish","type":"product","link":"https:\/\/dockedge.thinairweb.co\/fr\/produit\/liquid-gold-nettoyant-pour-cuvette-et-reservoir\/","title":{"rendered":"Liquid Gold\u2122 Nettoyant pour cuvette et r\u00e9servoir"},"content":{"rendered":"<table id=\"product-table\" border=\"0\" cellspacing=\"0\" cellpadding=\"15\">\n<tbody>\n<tr>\n<th>N\u00b0 de pi\u00e8ce<\/th>\n<th>Description<\/th>\n<\/tr>\n<tr>\n<td>DEFC10006B<\/td>\n<td>LIQUID GOLD\u2122 Nettoyant pour cuvette et r\u00e9servoir, 1L (33.8oz)<\/td>\n<\/tr>\n<\/tbody>\n<\/table>\n<p><script src=\"\/\/ui.powerreviews.com\/stable\/4.0\/ui.js\"><\/script><\/p>\n<p><script>\n  POWERREVIEWS.display.render({\n      api_key: 'fdb23d80-8310-4409-87f2-2ee20e24a743',\n      locale: 'en_US',\n      merchant_group_id: '78535',\n      merchant_id: '542114',\n      page_id: '4887',\n      review_wrapper_url: 'http:\/\/www.dockedge.com\/write-a-review\/?pr_page_id=___PAGE_ID___',\nstructured_data_product_id : 'http:\/\/www.dockedge.com\/product\/liquid-gold\/',\nproduct:{\n        name: 'Liquid Gold&#x2122;', \n        url: 'http:\/\/www.dockedge.com\/product\/liquid-gold\/',\n        image_url: 'http:\/\/www.dockedge.com\/wp-content\/uploads\/sites\/3\/2019\/06\/DEFC10006B.jpg',\n        description: 'Bowl&Tank Cleaner LIQUID GOLD 1L',\n        category_name: 'Toilet Care',\n        manufacturer_id: 'DEFC10006B',\n        upc: '776113995631',\n        brand_name: 'DockEdge',\n        price: '<your_product_price>',\n        in_stock: '<product_in_stock_status>',\n    },\n      components: {\n    ReviewSnippet: 'pr-reviewsnippet',\n    ReviewDisplay: 'pr-reviewdisplay'\n      }\n    });\n  <\/script><\/p>\n<div id=\"pr-reviewdisplay\"><\/div>\n","protected":false},"excerpt":{"rendered":"<div id=\"pr-reviewsnippet\"><\/div>\n<p><b>CUP<\/b> <\/p>\n<ul>\n<li>\u00c9limine les taches et les r\u00e9sidus qui causent des odeurs<\/li>\n<li>Nettoie et rafra\u00eechit entre les utilisations et le stockage hors saison.<\/li>\n<li>Non toxique<\/li>\n<li>Facile et \u00e9conomique \u00e0 utiliser<\/li>\n<\/ul>\n","protected":false},"featured_media":7559,"template":"","meta":{"_acf_changed":false,"_et_pb_use_builder":"off","_et_pb_old_content":"<table id=\"product-table\" border=\"0\" cellspacing=\"0\" cellpadding=\"15\">\n<tbody>\n<tr>\n<th>N\u00b0 de pi\u00e8ce<\/th>\n<th>Description<\/th>\n<\/tr>\n<tr>\n<td>DEFC10006B<\/td>\n<td>LIQUID GOLD\u2122 Nettoyant pour cuvette et r\u00e9servoir, 1L (33.8oz)<\/td>\n<\/tr>\n<tr>\n<td>DEFL10006B<\/td>\n<td>LIQUID GOLD\u2122 D\u00e9sodorisant, 984ml (33.26oz)<\/td>\n<\/tr>\n<tr>\n<td>DEFL5006B<\/td>\n<td>LIQUID GOLD\u2122 D\u00e9sodorisant, 494ml (16.7oz)<\/td>\n<\/tr>\n<tr>\n<td>DEFP5006B<\/td>\n<td>LIQUID GOLD\u2122 Cristaux d\u00e9sodorisants, 454gm (16oz)<\/td>\n<\/tr>\n<tr>\n<td>DEFT6B<\/td>\n<td>LIQUID GOLD\u2122 Rapid Dissolving Tissue, 2 paquets, 1000 feuilles\/rouleau<\/td>\n<\/tr>\n<\/tbody>\n<\/table>\n\n\n\n  POWERREVIEWS.display.render({\n  api_key: 'fdb23d80-8310-4409-87f2-2ee20e24a743',\n  locale : 'en_US',\n  merchant_group_id : '78535',\n  merchant_id : '542114',\n  page_id : '2973',\n  review_wrapper_url : 'http:\/\/dockedge.com\/write-a-review\/?pr_page_id=___PAGE_ID___',\nstructured_data_product_id : 'http:\/\/dockedge.com\/product\/liquid-gold\/',\nproduit:{\n  nom : \"Liquid Gold\u2122\",  \n  url : 'http:\/\/dockedge.com\/product\/liquid-gold\/',\n  image_url : 'http:\/\/dockedge.com\/wp-content\/uploads\/sites\/3\/2018\/04\/liquidgold.jpg',\n  description : 'Bowl&Tank Cleaner LIQUID GOLD 1L 46711',\n  category_name : 'Toilet Care',\n  Num\u00e9ro de fabricant : 'DEFC10006B',\n  upc : '057709000206',\n  marque : \"Dockedge\",\n  prix : '',\n  in_stock : '',\n  },\n  les composants : {\n  ReviewSnippet : 'pr-reviewsnippet',\n  ReviewDisplay : \"pr-reviewdisplay\" (affichage de l'examen)\n  }\n  }) ;\n  \n<div id=\"pr-reviewdisplay\"><\/div>","_et_gb_content_width":""},"product_brand":[],"product_cat":[188],"product_tag":[],"class_list":{"0":"post-8566","1":"product","2":"type-product","3":"status-publish","4":"has-post-thumbnail","6":"product_cat-soins-des-toilettes","8":"first","9":"instock","10":"shipping-taxable","11":"product-type-simple"},"yoast_head":"<!-- This site is optimized with the Yoast SEO plugin v27.0 - https:\/\/yoast.com\/product\/yoast-seo-wordpress\/ -->\n<title>Liquid Gold\u2122 Nettoyant pour cuvette et r\u00e9servoir - Dock Edge+<\/title>\n<meta name=\"robots\" content=\"index, follow, max-snippet:-1, max-image-preview:large, max-video-preview:-1\" \/>\n<link rel=\"canonical\" href=\"https:\/\/dockedge.thinairweb.co\/fr\/produit\/liquid-gold-nettoyant-pour-cuvette-et-reservoir\/\" \/>\n<meta property=\"og:locale\" content=\"fr_FR\" \/>\n<meta property=\"og:type\" content=\"article\" \/>\n<meta property=\"og:title\" content=\"Liquid Gold\u2122 Nettoyant pour cuvette et r\u00e9servoir - Dock Edge+\" \/>\n<meta property=\"og:description\" content=\"CUP   \u00c9limine les taches et les r\u00e9sidus qui causent des odeurs  Nettoie et rafra\u00eechit entre les utilisations et le stockage hors saison.  Non toxique  Facile et \u00e9conomique \u00e0 utiliser\" \/>\n<meta property=\"og:url\" content=\"https:\/\/dockedge.thinairweb.co\/fr\/produit\/liquid-gold-nettoyant-pour-cuvette-et-reservoir\/\" \/>\n<meta property=\"og:site_name\" content=\"Dock Edge+\" \/>\n<meta property=\"og:image\" content=\"https:\/\/dockedge.thinairweb.co\/wp-content\/uploads\/sites\/3\/2019\/06\/DEFC10006B.jpg\" \/>\n\t<meta property=\"og:image:width\" content=\"700\" \/>\n\t<meta property=\"og:image:height\" content=\"700\" \/>\n\t<meta property=\"og:image:type\" content=\"image\/jpeg\" \/>\n<meta name=\"twitter:card\" content=\"summary_large_image\" \/>\n<script type=\"application\/ld+json\" class=\"yoast-schema-graph\">{\"@context\":\"https:\/\/schema.org\",\"@graph\":[{\"@type\":\"WebPage\",\"@id\":\"https:\/\/dockedge.thinairweb.co\/fr\/produit\/liquid-gold-nettoyant-pour-cuvette-et-reservoir\/\",\"url\":\"https:\/\/dockedge.thinairweb.co\/fr\/produit\/liquid-gold-nettoyant-pour-cuvette-et-reservoir\/\",\"name\":\"Liquid Gold\u2122 Nettoyant pour cuvette et r\u00e9servoir - Dock Edge+\",\"isPartOf\":{\"@id\":\"https:\/\/dockedge.thinairweb.co\/fr\/#website\"},\"primaryImageOfPage\":{\"@id\":\"https:\/\/dockedge.thinairweb.co\/fr\/produit\/liquid-gold-nettoyant-pour-cuvette-et-reservoir\/#primaryimage\"},\"image\":{\"@id\":\"https:\/\/dockedge.thinairweb.co\/fr\/produit\/liquid-gold-nettoyant-pour-cuvette-et-reservoir\/#primaryimage\"},\"thumbnailUrl\":\"https:\/\/dockedge.thinairweb.co\/wp-content\/uploads\/sites\/3\/2019\/06\/DEFC10006B.jpg\",\"datePublished\":\"2019-06-25T16:55:54+00:00\",\"breadcrumb\":{\"@id\":\"https:\/\/dockedge.thinairweb.co\/fr\/produit\/liquid-gold-nettoyant-pour-cuvette-et-reservoir\/#breadcrumb\"},\"inLanguage\":\"fr-FR\",\"potentialAction\":[{\"@type\":\"ReadAction\",\"target\":[\"https:\/\/dockedge.thinairweb.co\/fr\/produit\/liquid-gold-nettoyant-pour-cuvette-et-reservoir\/\"]}]},{\"@type\":\"ImageObject\",\"inLanguage\":\"fr-FR\",\"@id\":\"https:\/\/dockedge.thinairweb.co\/fr\/produit\/liquid-gold-nettoyant-pour-cuvette-et-reservoir\/#primaryimage\",\"url\":\"https:\/\/dockedge.thinairweb.co\/wp-content\/uploads\/sites\/3\/2019\/06\/DEFC10006B.jpg\",\"contentUrl\":\"https:\/\/dockedge.thinairweb.co\/wp-content\/uploads\/sites\/3\/2019\/06\/DEFC10006B.jpg\",\"width\":700,\"height\":700,\"caption\":\"Liquid Gold Bowl and Tank Cleaner\"},{\"@type\":\"BreadcrumbList\",\"@id\":\"https:\/\/dockedge.thinairweb.co\/fr\/produit\/liquid-gold-nettoyant-pour-cuvette-et-reservoir\/#breadcrumb\",\"itemListElement\":[{\"@type\":\"ListItem\",\"position\":1,\"name\":\"Home\",\"item\":\"https:\/\/dockedge.thinairweb.co\/fr\/\"},{\"@type\":\"ListItem\",\"position\":2,\"name\":\"Boutique\",\"item\":\"https:\/\/dockedge.thinairweb.co\/fr\/boutique\/\"},{\"@type\":\"ListItem\",\"position\":3,\"name\":\"Liquid Gold\u2122 Nettoyant pour cuvette et r\u00e9servoir\"}]},{\"@type\":\"WebSite\",\"@id\":\"https:\/\/dockedge.thinairweb.co\/fr\/#website\",\"url\":\"https:\/\/dockedge.thinairweb.co\/fr\/\",\"name\":\"Dock Edge+\",\"description\":\"Your Dock. Your Way.\",\"potentialAction\":[{\"@type\":\"SearchAction\",\"target\":{\"@type\":\"EntryPoint\",\"urlTemplate\":\"https:\/\/dockedge.thinairweb.co\/fr\/?s={search_term_string}\"},\"query-input\":{\"@type\":\"PropertyValueSpecification\",\"valueRequired\":true,\"valueName\":\"search_term_string\"}}],\"inLanguage\":\"fr-FR\"}]}<\/script>\n<!-- \/ Yoast SEO plugin. -->","yoast_head_json":{"title":"Liquid Gold\u2122 Nettoyant pour cuvette et r\u00e9servoir - Dock Edge+","robots":{"index":"index","follow":"follow","max-snippet":"max-snippet:-1","max-image-preview":"max-image-preview:large","max-video-preview":"max-video-preview:-1"},"canonical":"https:\/\/dockedge.thinairweb.co\/fr\/produit\/liquid-gold-nettoyant-pour-cuvette-et-reservoir\/","og_locale":"fr_FR","og_type":"article","og_title":"Liquid Gold\u2122 Nettoyant pour cuvette et r\u00e9servoir - Dock Edge+","og_description":"CUP   \u00c9limine les taches et les r\u00e9sidus qui causent des odeurs  Nettoie et rafra\u00eechit entre les utilisations et le stockage hors saison.  Non toxique  Facile et \u00e9conomique \u00e0 utiliser","og_url":"https:\/\/dockedge.thinairweb.co\/fr\/produit\/liquid-gold-nettoyant-pour-cuvette-et-reservoir\/","og_site_name":"Dock Edge+","og_image":[{"width":700,"height":700,"url":"https:\/\/dockedge.thinairweb.co\/wp-content\/uploads\/sites\/3\/2019\/06\/DEFC10006B.jpg","type":"image\/jpeg"}],"twitter_card":"summary_large_image","schema":{"@context":"https:\/\/schema.org","@graph":[{"@type":"WebPage","@id":"https:\/\/dockedge.thinairweb.co\/fr\/produit\/liquid-gold-nettoyant-pour-cuvette-et-reservoir\/","url":"https:\/\/dockedge.thinairweb.co\/fr\/produit\/liquid-gold-nettoyant-pour-cuvette-et-reservoir\/","name":"Liquid Gold\u2122 Nettoyant pour cuvette et r\u00e9servoir - Dock Edge+","isPartOf":{"@id":"https:\/\/dockedge.thinairweb.co\/fr\/#website"},"primaryImageOfPage":{"@id":"https:\/\/dockedge.thinairweb.co\/fr\/produit\/liquid-gold-nettoyant-pour-cuvette-et-reservoir\/#primaryimage"},"image":{"@id":"https:\/\/dockedge.thinairweb.co\/fr\/produit\/liquid-gold-nettoyant-pour-cuvette-et-reservoir\/#primaryimage"},"thumbnailUrl":"https:\/\/dockedge.thinairweb.co\/wp-content\/uploads\/sites\/3\/2019\/06\/DEFC10006B.jpg","datePublished":"2019-06-25T16:55:54+00:00","breadcrumb":{"@id":"https:\/\/dockedge.thinairweb.co\/fr\/produit\/liquid-gold-nettoyant-pour-cuvette-et-reservoir\/#breadcrumb"},"inLanguage":"fr-FR","potentialAction":[{"@type":"ReadAction","target":["https:\/\/dockedge.thinairweb.co\/fr\/produit\/liquid-gold-nettoyant-pour-cuvette-et-reservoir\/"]}]},{"@type":"ImageObject","inLanguage":"fr-FR","@id":"https:\/\/dockedge.thinairweb.co\/fr\/produit\/liquid-gold-nettoyant-pour-cuvette-et-reservoir\/#primaryimage","url":"https:\/\/dockedge.thinairweb.co\/wp-content\/uploads\/sites\/3\/2019\/06\/DEFC10006B.jpg","contentUrl":"https:\/\/dockedge.thinairweb.co\/wp-content\/uploads\/sites\/3\/2019\/06\/DEFC10006B.jpg","width":700,"height":700,"caption":"Liquid Gold Bowl and Tank Cleaner"},{"@type":"BreadcrumbList","@id":"https:\/\/dockedge.thinairweb.co\/fr\/produit\/liquid-gold-nettoyant-pour-cuvette-et-reservoir\/#breadcrumb","itemListElement":[{"@type":"ListItem","position":1,"name":"Home","item":"https:\/\/dockedge.thinairweb.co\/fr\/"},{"@type":"ListItem","position":2,"name":"Boutique","item":"https:\/\/dockedge.thinairweb.co\/fr\/boutique\/"},{"@type":"ListItem","position":3,"name":"Liquid Gold\u2122 Nettoyant pour cuvette et r\u00e9servoir"}]},{"@type":"WebSite","@id":"https:\/\/dockedge.thinairweb.co\/fr\/#website","url":"https:\/\/dockedge.thinairweb.co\/fr\/","name":"Dock Edge+","description":"Your Dock. Your Way.","potentialAction":[{"@type":"SearchAction","target":{"@type":"EntryPoint","urlTemplate":"https:\/\/dockedge.thinairweb.co\/fr\/?s={search_term_string}"},"query-input":{"@type":"PropertyValueSpecification","valueRequired":true,"valueName":"search_term_string"}}],"inLanguage":"fr-FR"}]}},"acf":[],"_links":{"self":[{"href":"https:\/\/dockedge.thinairweb.co\/fr\/wp-json\/wp\/v2\/product\/8566","targetHints":{"allow":["GET"]}}],"collection":[{"href":"https:\/\/dockedge.thinairweb.co\/fr\/wp-json\/wp\/v2\/product"}],"about":[{"href":"https:\/\/dockedge.thinairweb.co\/fr\/wp-json\/wp\/v2\/types\/product"}],"wp:featuredmedia":[{"embeddable":true,"href":"https:\/\/dockedge.thinairweb.co\/fr\/wp-json\/wp\/v2\/media\/7559"}],"wp:attachment":[{"href":"https:\/\/dockedge.thinairweb.co\/fr\/wp-json\/wp\/v2\/media?parent=8566"}],"wp:term":[{"taxonomy":"product_brand","embeddable":true,"href":"https:\/\/dockedge.thinairweb.co\/fr\/wp-json\/wp\/v2\/product_brand?post=8566"},{"taxonomy":"product_cat","embeddable":true,"href":"https:\/\/dockedge.thinairweb.co\/fr\/wp-json\/wp\/v2\/product_cat?post=8566"},{"taxonomy":"product_tag","embeddable":true,"href":"https:\/\/dockedge.thinairweb.co\/fr\/wp-json\/wp\/v2\/product_tag?post=8566"}],"curies":[{"name":"wp","href":"https:\/\/api.w.org\/{rel}","templated":true}]}}