{"id":8570,"date":"2018-09-19T15:18:07","date_gmt":"2018-09-19T15:18:07","guid":{"rendered":"https:\/\/dockedge.com\/product\/rail-de-ponton-et-guide-lite\/"},"modified":"2018-09-19T15:18:07","modified_gmt":"2018-09-19T15:18:07","slug":"rail-de-ponton-et-guide-lite","status":"publish","type":"product","link":"https:\/\/dockedge.thinairweb.co\/fr\/produit\/rail-de-ponton-et-guide-lite\/","title":{"rendered":"RAIL DE PONTON ET GUIDE LITE"},"content":{"rendered":"<table id=\"product-table\" cellpadding=\"15\" cellspacing=\"0\" border=\"0\">\n<tr>\n<th>N\u00b0 de pi\u00e8ce<\/th>\n<th>Description<\/th>\n<\/tr>\n<tr>\n<td>DE96350F<\/td>\n<td>Pontoon Rail &amp; Guide Lite<\/td>\n<\/tr>\n<\/table>\n<p><script src=\"\/\/ui.powerreviews.com\/stable\/4.0\/ui.js\"><\/script><\/p>\n<p><script>\n  POWERREVIEWS.display.render({\n      api_key: 'fdb23d80-8310-4409-87f2-2ee20e24a743',\n      locale: 'en_US',\n      merchant_group_id: '78535',\n      merchant_id: '542114',\n      page_id: '3897',\n      review_wrapper_url: 'http:\/\/www.dockedge.com\/write-a-review\/?pr_page_id=___PAGE_ID___',\nstructured_data_product_id : 'http:\/\/www.dockedge.com\/product\/pontoon-rail-guide-lite\/',\nproduct:{\n        name: 'PONTOON RAIL & GUIDE LITE', \n        url: 'http:\/\/www.dockedge.com\/product\/pontoon-rail-guide-lite\/',\n        image_url: 'http:\/\/www.dockedge.com\/wp-content\/uploads\/sites\/3\/2018\/09\/DE96350F.jpg',\n        description: 'Pontoon Rail & Guide Lite',\n        category_name: 'Solar Lights',\n        manufacturer_id: 'DE96350F',\n        upc: '776113963500',\n        brand_name: 'DockEdge',\n        price: '<your_product_price>',\n        in_stock: '<product_in_stock_status>',\n    },\n      components: {\n    ReviewSnippet: 'pr-reviewsnippet',\n    ReviewDisplay: 'pr-reviewdisplay'\n      }\n    });\n  <\/script><\/p>\n<div id=\"pr-reviewdisplay\"><\/div>\n","protected":false},"excerpt":{"rendered":"<div id=\"pr-reviewsnippet\"><\/div>\n<p><b>CUP<\/b> <br \/>\nFabriqu\u00e9 en aluminium de qualit\u00e9 marine et recouvert d&rsquo;une couche de poudre pour une plus grande durabilit\u00e9. Sa conception unique lui permet de s&rsquo;adapter aux rambardes conventionnelles de 3,2 cm (1-1\/4&Prime;) des bateaux pontons. Excellent pour l&rsquo;\u00e9clairage d&rsquo;accentuation sur les bateaux et les quais. Ce n&rsquo;est pas UNIQUE \u00e0 l&rsquo;usage marin. Utilisez-le \u00e9galement sur votre pont \u00e0 la maison. 4 LED aliment\u00e9es par un condensateur 30F et une batterie de secours 1,2 V (Ni-MH). Dure jusqu&rsquo;\u00e0 15 heures avec une charge normale.<br \/>\n<a href=\"https:\/\/dockedge.com\/fr\/tableau-de-classement-ip\/\" target=\"_blank\" rel=\"noopener noreferrer\">Indice d&rsquo;\u00e9tanch\u00e9it\u00e9 IP 65<\/a><\/p>\n<p><img loading=\"lazy\" decoding=\"async\" class=\"size-full wp-image-3900 aligncenter\" src=\"https:\/\/dockedge.com\/wp-content\/uploads\/sites\/3\/2022\/12\/DE96350F_icon.png\" alt=\"\" width=\"398\" height=\"73\"><\/p>\n","protected":false},"featured_media":7335,"template":"","meta":{"_acf_changed":false,"_et_pb_use_builder":"","_et_pb_old_content":"","_et_gb_content_width":""},"product_brand":[],"product_cat":[183],"product_tag":[],"class_list":{"0":"post-8570","1":"product","2":"type-product","3":"status-publish","4":"has-post-thumbnail","6":"product_cat-lampes-solaires","8":"first","9":"instock","10":"shipping-taxable","11":"product-type-simple"},"yoast_head":"<!-- This site is optimized with the Yoast SEO plugin v27.0 - https:\/\/yoast.com\/product\/yoast-seo-wordpress\/ -->\n<title>RAIL DE PONTON ET GUIDE LITE - Dock Edge+<\/title>\n<meta name=\"robots\" content=\"index, follow, max-snippet:-1, max-image-preview:large, max-video-preview:-1\" \/>\n<link rel=\"canonical\" href=\"https:\/\/dockedge.thinairweb.co\/fr\/produit\/rail-de-ponton-et-guide-lite\/\" \/>\n<meta property=\"og:locale\" content=\"fr_FR\" \/>\n<meta property=\"og:type\" content=\"article\" \/>\n<meta property=\"og:title\" content=\"RAIL DE PONTON ET GUIDE LITE - Dock Edge+\" \/>\n<meta property=\"og:description\" content=\"CUP Fabriqu\u00e9 en aluminium de qualit\u00e9 marine et recouvert d&#039;une couche de poudre pour une plus grande durabilit\u00e9. Sa conception unique lui permet de s&#039;adapter aux rambardes conventionnelles de 3,2 cm (1-1\/4&quot;) des bateaux pontons. Excellent pour l&#039;\u00e9clairage d&#039;accentuation sur les bateaux et les quais. Ce n&#039;est pas UNIQUE \u00e0 l&#039;usage marin. Utilisez-le \u00e9galement sur votre pont \u00e0 la maison. 4 LED aliment\u00e9es par un condensateur 30F et une batterie de secours 1,2 V (Ni-MH). Dure jusqu&#039;\u00e0 15 heures avec une charge normale.    Indice d&#039;\u00e9tanch\u00e9it\u00e9 IP 65\" \/>\n<meta property=\"og:url\" content=\"https:\/\/dockedge.thinairweb.co\/fr\/produit\/rail-de-ponton-et-guide-lite\/\" \/>\n<meta property=\"og:site_name\" content=\"Dock Edge+\" \/>\n<meta property=\"og:image\" content=\"https:\/\/dockedge.thinairweb.co\/wp-content\/uploads\/sites\/3\/2018\/09\/DE96350F.jpg\" \/>\n\t<meta property=\"og:image:width\" content=\"700\" \/>\n\t<meta property=\"og:image:height\" content=\"700\" \/>\n\t<meta property=\"og:image:type\" content=\"image\/jpeg\" \/>\n<meta name=\"twitter:card\" content=\"summary_large_image\" \/>\n<script type=\"application\/ld+json\" class=\"yoast-schema-graph\">{\"@context\":\"https:\/\/schema.org\",\"@graph\":[{\"@type\":\"WebPage\",\"@id\":\"https:\/\/dockedge.thinairweb.co\/fr\/produit\/rail-de-ponton-et-guide-lite\/\",\"url\":\"https:\/\/dockedge.thinairweb.co\/fr\/produit\/rail-de-ponton-et-guide-lite\/\",\"name\":\"RAIL DE PONTON ET GUIDE LITE - Dock Edge+\",\"isPartOf\":{\"@id\":\"https:\/\/dockedge.thinairweb.co\/fr\/#website\"},\"primaryImageOfPage\":{\"@id\":\"https:\/\/dockedge.thinairweb.co\/fr\/produit\/rail-de-ponton-et-guide-lite\/#primaryimage\"},\"image\":{\"@id\":\"https:\/\/dockedge.thinairweb.co\/fr\/produit\/rail-de-ponton-et-guide-lite\/#primaryimage\"},\"thumbnailUrl\":\"https:\/\/dockedge.thinairweb.co\/wp-content\/uploads\/sites\/3\/2018\/09\/DE96350F.jpg\",\"datePublished\":\"2018-09-19T15:18:07+00:00\",\"breadcrumb\":{\"@id\":\"https:\/\/dockedge.thinairweb.co\/fr\/produit\/rail-de-ponton-et-guide-lite\/#breadcrumb\"},\"inLanguage\":\"fr-FR\",\"potentialAction\":[{\"@type\":\"ReadAction\",\"target\":[\"https:\/\/dockedge.thinairweb.co\/fr\/produit\/rail-de-ponton-et-guide-lite\/\"]}]},{\"@type\":\"ImageObject\",\"inLanguage\":\"fr-FR\",\"@id\":\"https:\/\/dockedge.thinairweb.co\/fr\/produit\/rail-de-ponton-et-guide-lite\/#primaryimage\",\"url\":\"https:\/\/dockedge.thinairweb.co\/wp-content\/uploads\/sites\/3\/2018\/09\/DE96350F.jpg\",\"contentUrl\":\"https:\/\/dockedge.thinairweb.co\/wp-content\/uploads\/sites\/3\/2018\/09\/DE96350F.jpg\",\"width\":700,\"height\":700,\"caption\":\"Pontoon Rail and Guide Lite Solar Light\"},{\"@type\":\"BreadcrumbList\",\"@id\":\"https:\/\/dockedge.thinairweb.co\/fr\/produit\/rail-de-ponton-et-guide-lite\/#breadcrumb\",\"itemListElement\":[{\"@type\":\"ListItem\",\"position\":1,\"name\":\"Home\",\"item\":\"https:\/\/dockedge.thinairweb.co\/fr\/\"},{\"@type\":\"ListItem\",\"position\":2,\"name\":\"Boutique\",\"item\":\"https:\/\/dockedge.thinairweb.co\/fr\/boutique\/\"},{\"@type\":\"ListItem\",\"position\":3,\"name\":\"RAIL DE PONTON ET GUIDE LITE\"}]},{\"@type\":\"WebSite\",\"@id\":\"https:\/\/dockedge.thinairweb.co\/fr\/#website\",\"url\":\"https:\/\/dockedge.thinairweb.co\/fr\/\",\"name\":\"Dock Edge+\",\"description\":\"Your Dock. Your Way.\",\"potentialAction\":[{\"@type\":\"SearchAction\",\"target\":{\"@type\":\"EntryPoint\",\"urlTemplate\":\"https:\/\/dockedge.thinairweb.co\/fr\/?s={search_term_string}\"},\"query-input\":{\"@type\":\"PropertyValueSpecification\",\"valueRequired\":true,\"valueName\":\"search_term_string\"}}],\"inLanguage\":\"fr-FR\"}]}<\/script>\n<!-- \/ Yoast SEO plugin. -->","yoast_head_json":{"title":"RAIL DE PONTON ET GUIDE LITE - Dock Edge+","robots":{"index":"index","follow":"follow","max-snippet":"max-snippet:-1","max-image-preview":"max-image-preview:large","max-video-preview":"max-video-preview:-1"},"canonical":"https:\/\/dockedge.thinairweb.co\/fr\/produit\/rail-de-ponton-et-guide-lite\/","og_locale":"fr_FR","og_type":"article","og_title":"RAIL DE PONTON ET GUIDE LITE - Dock Edge+","og_description":"CUP Fabriqu\u00e9 en aluminium de qualit\u00e9 marine et recouvert d'une couche de poudre pour une plus grande durabilit\u00e9. Sa conception unique lui permet de s'adapter aux rambardes conventionnelles de 3,2 cm (1-1\/4\") des bateaux pontons. Excellent pour l'\u00e9clairage d'accentuation sur les bateaux et les quais. Ce n'est pas UNIQUE \u00e0 l'usage marin. Utilisez-le \u00e9galement sur votre pont \u00e0 la maison. 4 LED aliment\u00e9es par un condensateur 30F et une batterie de secours 1,2 V (Ni-MH). Dure jusqu'\u00e0 15 heures avec une charge normale.    Indice d'\u00e9tanch\u00e9it\u00e9 IP 65","og_url":"https:\/\/dockedge.thinairweb.co\/fr\/produit\/rail-de-ponton-et-guide-lite\/","og_site_name":"Dock Edge+","og_image":[{"width":700,"height":700,"url":"https:\/\/dockedge.thinairweb.co\/wp-content\/uploads\/sites\/3\/2018\/09\/DE96350F.jpg","type":"image\/jpeg"}],"twitter_card":"summary_large_image","schema":{"@context":"https:\/\/schema.org","@graph":[{"@type":"WebPage","@id":"https:\/\/dockedge.thinairweb.co\/fr\/produit\/rail-de-ponton-et-guide-lite\/","url":"https:\/\/dockedge.thinairweb.co\/fr\/produit\/rail-de-ponton-et-guide-lite\/","name":"RAIL DE PONTON ET GUIDE LITE - Dock Edge+","isPartOf":{"@id":"https:\/\/dockedge.thinairweb.co\/fr\/#website"},"primaryImageOfPage":{"@id":"https:\/\/dockedge.thinairweb.co\/fr\/produit\/rail-de-ponton-et-guide-lite\/#primaryimage"},"image":{"@id":"https:\/\/dockedge.thinairweb.co\/fr\/produit\/rail-de-ponton-et-guide-lite\/#primaryimage"},"thumbnailUrl":"https:\/\/dockedge.thinairweb.co\/wp-content\/uploads\/sites\/3\/2018\/09\/DE96350F.jpg","datePublished":"2018-09-19T15:18:07+00:00","breadcrumb":{"@id":"https:\/\/dockedge.thinairweb.co\/fr\/produit\/rail-de-ponton-et-guide-lite\/#breadcrumb"},"inLanguage":"fr-FR","potentialAction":[{"@type":"ReadAction","target":["https:\/\/dockedge.thinairweb.co\/fr\/produit\/rail-de-ponton-et-guide-lite\/"]}]},{"@type":"ImageObject","inLanguage":"fr-FR","@id":"https:\/\/dockedge.thinairweb.co\/fr\/produit\/rail-de-ponton-et-guide-lite\/#primaryimage","url":"https:\/\/dockedge.thinairweb.co\/wp-content\/uploads\/sites\/3\/2018\/09\/DE96350F.jpg","contentUrl":"https:\/\/dockedge.thinairweb.co\/wp-content\/uploads\/sites\/3\/2018\/09\/DE96350F.jpg","width":700,"height":700,"caption":"Pontoon Rail and Guide Lite Solar Light"},{"@type":"BreadcrumbList","@id":"https:\/\/dockedge.thinairweb.co\/fr\/produit\/rail-de-ponton-et-guide-lite\/#breadcrumb","itemListElement":[{"@type":"ListItem","position":1,"name":"Home","item":"https:\/\/dockedge.thinairweb.co\/fr\/"},{"@type":"ListItem","position":2,"name":"Boutique","item":"https:\/\/dockedge.thinairweb.co\/fr\/boutique\/"},{"@type":"ListItem","position":3,"name":"RAIL DE PONTON ET GUIDE LITE"}]},{"@type":"WebSite","@id":"https:\/\/dockedge.thinairweb.co\/fr\/#website","url":"https:\/\/dockedge.thinairweb.co\/fr\/","name":"Dock Edge+","description":"Your Dock. Your Way.","potentialAction":[{"@type":"SearchAction","target":{"@type":"EntryPoint","urlTemplate":"https:\/\/dockedge.thinairweb.co\/fr\/?s={search_term_string}"},"query-input":{"@type":"PropertyValueSpecification","valueRequired":true,"valueName":"search_term_string"}}],"inLanguage":"fr-FR"}]}},"acf":[],"_links":{"self":[{"href":"https:\/\/dockedge.thinairweb.co\/fr\/wp-json\/wp\/v2\/product\/8570","targetHints":{"allow":["GET"]}}],"collection":[{"href":"https:\/\/dockedge.thinairweb.co\/fr\/wp-json\/wp\/v2\/product"}],"about":[{"href":"https:\/\/dockedge.thinairweb.co\/fr\/wp-json\/wp\/v2\/types\/product"}],"wp:featuredmedia":[{"embeddable":true,"href":"https:\/\/dockedge.thinairweb.co\/fr\/wp-json\/wp\/v2\/media\/7335"}],"wp:attachment":[{"href":"https:\/\/dockedge.thinairweb.co\/fr\/wp-json\/wp\/v2\/media?parent=8570"}],"wp:term":[{"taxonomy":"product_brand","embeddable":true,"href":"https:\/\/dockedge.thinairweb.co\/fr\/wp-json\/wp\/v2\/product_brand?post=8570"},{"taxonomy":"product_cat","embeddable":true,"href":"https:\/\/dockedge.thinairweb.co\/fr\/wp-json\/wp\/v2\/product_cat?post=8570"},{"taxonomy":"product_tag","embeddable":true,"href":"https:\/\/dockedge.thinairweb.co\/fr\/wp-json\/wp\/v2\/product_tag?post=8570"}],"curies":[{"name":"wp","href":"https:\/\/api.w.org\/{rel}","templated":true}]}}