{"id":8572,"date":"2018-09-19T15:00:13","date_gmt":"2018-09-19T15:00:13","guid":{"rendered":"https:\/\/dockedge.com\/product\/lumiere-solaire-sous-marine\/"},"modified":"2018-09-19T15:00:13","modified_gmt":"2018-09-19T15:00:13","slug":"lumiere-solaire-sous-marine","status":"publish","type":"product","link":"https:\/\/dockedge.thinairweb.co\/fr\/produit\/lumiere-solaire-sous-marine\/","title":{"rendered":"LUMI\u00c8RE SOLAIRE SOUS-MARINE"},"content":{"rendered":"<table id=\"product-table\" border=\"0\" cellspacing=\"0\" cellpadding=\"15\">\n<tbody>\n<tr>\n<th>N\u00b0 de pi\u00e8ce<\/th>\n<th>Description<\/th>\n<\/tr>\n<tr>\n<td>DE96283F<\/td>\n<td>Lampe solaire sous-marine<\/td>\n<\/tr>\n<\/tbody>\n<\/table>\n<p><script src=\"\/\/ui.powerreviews.com\/stable\/4.0\/ui.js\"><\/script><\/p>\n<p><script>\n  POWERREVIEWS.display.render({\n      api_key: 'fdb23d80-8310-4409-87f2-2ee20e24a743',\n      locale: 'en_US',\n      merchant_group_id: '78535',\n      merchant_id: '542114',\n      page_id: '3888',\n      review_wrapper_url: 'http:\/\/www.dockedge.com\/write-a-review\/?pr_page_id=___PAGE_ID___',\nstructured_data_product_id : 'http:\/\/www.dockedge.com\/product\/solar-under-water-light\/',\nproduct:{\n        name: 'SOLAR UNDERWATER LIGHT', \n        url: 'http:\/\/www.dockedge.com\/product\/solar-underwater-light\/',\n        image_url: 'http:\/\/www.dockedge.com\/wp-content\/uploads\/sites\/3\/2018\/09\/DE96283F.jpg',\n        description: 'Solar Underwater Light',\n        category_name: 'Solar Lights',\n        manufacturer_id: 'DE96283F',\n        upc: '776113998793',\n        brand_name: 'DockEdge',\n        price: '',\n        in_stock: '',\n    },\n      components: {\n    ReviewSnippet: 'pr-reviewsnippet',\n    ReviewDisplay: 'pr-reviewdisplay'\n      }\n    });\n  <\/script><\/p>\n<div id=\"pr-reviewdisplay\"><\/div>\n","protected":false},"excerpt":{"rendered":"<div id=\"pr-reviewsnippet\"><\/div>\n<p><b>CUP<\/b> <\/p>\n<ul>\n<li>Se monte sur des quais flottants ou fixes<\/li>\n<li>7 couleurs au choix \u00e0 l&rsquo;aide de la t\u00e9l\u00e9commande<\/li>\n<li>Comprend 3 lampes \u00e9tanches et le c\u00e2blage<\/li>\n<li>Supports de montage robustes et quincaillerie inclus<\/li>\n<li>Permet d&rsquo;\u00e9tendre jusqu&rsquo;\u00e0 24 pieds entre les lampes<\/li>\n<li>Comprend un grand panneau solaire et une batterie avec interrupteur marche\/arr\u00eat<\/li>\n<li>Facile \u00e0 assembler<\/li>\n<li>Jusqu&rsquo;\u00e0 80 lumens<\/li>\n<li><a href=\"https:\/\/dockedge.com\/fr\/tableau-de-classement-ip\/\" target=\"_blank\" rel=\"noopener noreferrer\">Indice d&rsquo;\u00e9tanch\u00e9it\u00e9 IP 68<\/a><\/li>\n<\/ul>\n<p><img loading=\"lazy\" decoding=\"async\" class=\"size-full wp-image-3891 aligncenter\" src=\"https:\/\/dockedge.com\/wp-content\/uploads\/sites\/3\/2018\/09\/DE96283Fcolours.jpg\" alt=\"\" width=\"1000\" height=\"334\" srcset=\"https:\/\/dockedge.thinairweb.co\/wp-content\/uploads\/sites\/3\/2018\/09\/DE96283Fcolours.jpg 1000w, https:\/\/dockedge.thinairweb.co\/wp-content\/uploads\/sites\/3\/2018\/09\/DE96283Fcolours-300x100.jpg 300w, https:\/\/dockedge.thinairweb.co\/wp-content\/uploads\/sites\/3\/2018\/09\/DE96283Fcolours-768x257.jpg 768w, https:\/\/dockedge.thinairweb.co\/wp-content\/uploads\/sites\/3\/2018\/09\/DE96283Fcolours-600x200.jpg 600w\" sizes=\"auto, (max-width: 1000px) 100vw, 1000px\" \/><\/p>\n<p><img loading=\"lazy\" decoding=\"async\" class=\"size-full wp-image-3892 aligncenter\" src=\"https:\/\/dockedge.com\/wp-content\/uploads\/sites\/3\/2023\/02\/DE96283F_icon.png\" alt=\"\" width=\"506\" height=\"73\"><\/p>\n","protected":false},"featured_media":7854,"template":"","meta":{"_acf_changed":false,"_et_pb_use_builder":"off","_et_pb_old_content":"<table id=\"product-table\" cellpadding=\"15\" cellspacing=\"0\" border=\"0\">\n           <tr>\n             <th>N\u00b0 de pi\u00e8ce<\/th>\n             <th>Description<\/th>\n           <\/tr>\n           \n           <tr>\n             <td>DE96283F<\/td>\n             <td>Lampe solaire sous-marine<\/td>\n           <\/tr>\n<\/table>\n\n\n\n\n  POWERREVIEWS.display.render({\n  api_key: 'fdb23d80-8310-4409-87f2-2ee20e24a743',\n  locale : 'en_US',\n  merchant_group_id : '78535',\n  merchant_id : '542114',\n  page_id : '3888',\n  review_wrapper_url : 'http:\/\/www.dockedge.com\/write-a-review\/?pr_page_id=___PAGE_ID___',\nstructured_data_product_id : 'http:\/\/www.dockedge.com\/product\/solar-under-water-light\/',\nproduit:{\n  nom : \"SOLAR UNDERWATER LIGHT\",  \n  url : 'http:\/\/www.dockedge.com\/product\/solar-underwater-light\/',\n  image_url : 'http:\/\/www.dockedge.com\/wp-content\/uploads\/sites\/3\/2018\/09\/DE96283F.jpg',\n  description : \"Lumi\u00e8re solaire sous-marine\",\n  category_name : 'Solar Lights',\n  Num\u00e9ro de fabricant : 'DE96283F',\n  upc : '',\n  nom de marque : \"DockEdge\",\n  prix : '',\n  in_stock : '',\n  },\n  les composants : {\n  ReviewSnippet : 'pr-reviewsnippet',\n  ReviewDisplay : \"pr-reviewdisplay\" (affichage de l'examen)\n  }\n  }) ;\n  \n\n<div id=\"pr-reviewdisplay\"><\/div>","_et_gb_content_width":""},"product_brand":[],"product_cat":[183],"product_tag":[],"class_list":{"0":"post-8572","1":"product","2":"type-product","3":"status-publish","4":"has-post-thumbnail","6":"product_cat-lampes-solaires","8":"first","9":"instock","10":"shipping-taxable","11":"product-type-simple"},"yoast_head":"<!-- This site is optimized with the Yoast SEO plugin v27.0 - https:\/\/yoast.com\/product\/yoast-seo-wordpress\/ -->\n<title>LUMI\u00c8RE SOLAIRE SOUS-MARINE - Dock Edge+<\/title>\n<meta name=\"robots\" content=\"index, follow, max-snippet:-1, max-image-preview:large, max-video-preview:-1\" \/>\n<link rel=\"canonical\" href=\"https:\/\/dockedge.thinairweb.co\/fr\/produit\/lumiere-solaire-sous-marine\/\" \/>\n<meta property=\"og:locale\" content=\"fr_FR\" \/>\n<meta property=\"og:type\" content=\"article\" \/>\n<meta property=\"og:title\" content=\"LUMI\u00c8RE SOLAIRE SOUS-MARINE - Dock Edge+\" \/>\n<meta property=\"og:description\" content=\"CUP   Se monte sur des quais flottants ou fixes  7 couleurs au choix \u00e0 l&#039;aide de la t\u00e9l\u00e9commande  Comprend 3 lampes \u00e9tanches et le c\u00e2blage  Supports de montage robustes et quincaillerie inclus  Permet d&#039;\u00e9tendre jusqu&#039;\u00e0 24 pieds entre les lampes  Comprend un grand panneau solaire et une batterie avec interrupteur marche\/arr\u00eat  Facile \u00e0 assembler  Jusqu&#039;\u00e0 80 lumens  Indice d&#039;\u00e9tanch\u00e9it\u00e9 IP 68\" \/>\n<meta property=\"og:url\" content=\"https:\/\/dockedge.thinairweb.co\/fr\/produit\/lumiere-solaire-sous-marine\/\" \/>\n<meta property=\"og:site_name\" content=\"Dock Edge+\" \/>\n<meta property=\"og:image\" content=\"https:\/\/dockedge.thinairweb.co\/wp-content\/uploads\/sites\/3\/2018\/09\/DE96283Fa.jpg\" \/>\n\t<meta property=\"og:image:width\" content=\"700\" \/>\n\t<meta property=\"og:image:height\" content=\"700\" \/>\n\t<meta property=\"og:image:type\" content=\"image\/jpeg\" \/>\n<meta name=\"twitter:card\" content=\"summary_large_image\" \/>\n<script type=\"application\/ld+json\" class=\"yoast-schema-graph\">{\"@context\":\"https:\/\/schema.org\",\"@graph\":[{\"@type\":\"WebPage\",\"@id\":\"https:\/\/dockedge.thinairweb.co\/fr\/produit\/lumiere-solaire-sous-marine\/\",\"url\":\"https:\/\/dockedge.thinairweb.co\/fr\/produit\/lumiere-solaire-sous-marine\/\",\"name\":\"LUMI\u00c8RE SOLAIRE SOUS-MARINE - Dock Edge+\",\"isPartOf\":{\"@id\":\"https:\/\/dockedge.thinairweb.co\/fr\/#website\"},\"primaryImageOfPage\":{\"@id\":\"https:\/\/dockedge.thinairweb.co\/fr\/produit\/lumiere-solaire-sous-marine\/#primaryimage\"},\"image\":{\"@id\":\"https:\/\/dockedge.thinairweb.co\/fr\/produit\/lumiere-solaire-sous-marine\/#primaryimage\"},\"thumbnailUrl\":\"https:\/\/dockedge.thinairweb.co\/wp-content\/uploads\/sites\/3\/2018\/09\/DE96283Fa.jpg\",\"datePublished\":\"2018-09-19T15:00:13+00:00\",\"breadcrumb\":{\"@id\":\"https:\/\/dockedge.thinairweb.co\/fr\/produit\/lumiere-solaire-sous-marine\/#breadcrumb\"},\"inLanguage\":\"fr-FR\",\"potentialAction\":[{\"@type\":\"ReadAction\",\"target\":[\"https:\/\/dockedge.thinairweb.co\/fr\/produit\/lumiere-solaire-sous-marine\/\"]}]},{\"@type\":\"ImageObject\",\"inLanguage\":\"fr-FR\",\"@id\":\"https:\/\/dockedge.thinairweb.co\/fr\/produit\/lumiere-solaire-sous-marine\/#primaryimage\",\"url\":\"https:\/\/dockedge.thinairweb.co\/wp-content\/uploads\/sites\/3\/2018\/09\/DE96283Fa.jpg\",\"contentUrl\":\"https:\/\/dockedge.thinairweb.co\/wp-content\/uploads\/sites\/3\/2018\/09\/DE96283Fa.jpg\",\"width\":700,\"height\":700,\"caption\":\"Solar Underwater Lights\"},{\"@type\":\"BreadcrumbList\",\"@id\":\"https:\/\/dockedge.thinairweb.co\/fr\/produit\/lumiere-solaire-sous-marine\/#breadcrumb\",\"itemListElement\":[{\"@type\":\"ListItem\",\"position\":1,\"name\":\"Home\",\"item\":\"https:\/\/dockedge.thinairweb.co\/fr\/\"},{\"@type\":\"ListItem\",\"position\":2,\"name\":\"Boutique\",\"item\":\"https:\/\/dockedge.thinairweb.co\/fr\/boutique\/\"},{\"@type\":\"ListItem\",\"position\":3,\"name\":\"LUMI\u00c8RE SOLAIRE SOUS-MARINE\"}]},{\"@type\":\"WebSite\",\"@id\":\"https:\/\/dockedge.thinairweb.co\/fr\/#website\",\"url\":\"https:\/\/dockedge.thinairweb.co\/fr\/\",\"name\":\"Dock Edge+\",\"description\":\"Your Dock. Your Way.\",\"potentialAction\":[{\"@type\":\"SearchAction\",\"target\":{\"@type\":\"EntryPoint\",\"urlTemplate\":\"https:\/\/dockedge.thinairweb.co\/fr\/?s={search_term_string}\"},\"query-input\":{\"@type\":\"PropertyValueSpecification\",\"valueRequired\":true,\"valueName\":\"search_term_string\"}}],\"inLanguage\":\"fr-FR\"}]}<\/script>\n<!-- \/ Yoast SEO plugin. -->","yoast_head_json":{"title":"LUMI\u00c8RE SOLAIRE SOUS-MARINE - Dock Edge+","robots":{"index":"index","follow":"follow","max-snippet":"max-snippet:-1","max-image-preview":"max-image-preview:large","max-video-preview":"max-video-preview:-1"},"canonical":"https:\/\/dockedge.thinairweb.co\/fr\/produit\/lumiere-solaire-sous-marine\/","og_locale":"fr_FR","og_type":"article","og_title":"LUMI\u00c8RE SOLAIRE SOUS-MARINE - Dock Edge+","og_description":"CUP   Se monte sur des quais flottants ou fixes  7 couleurs au choix \u00e0 l'aide de la t\u00e9l\u00e9commande  Comprend 3 lampes \u00e9tanches et le c\u00e2blage  Supports de montage robustes et quincaillerie inclus  Permet d'\u00e9tendre jusqu'\u00e0 24 pieds entre les lampes  Comprend un grand panneau solaire et une batterie avec interrupteur marche\/arr\u00eat  Facile \u00e0 assembler  Jusqu'\u00e0 80 lumens  Indice d'\u00e9tanch\u00e9it\u00e9 IP 68","og_url":"https:\/\/dockedge.thinairweb.co\/fr\/produit\/lumiere-solaire-sous-marine\/","og_site_name":"Dock Edge+","og_image":[{"width":700,"height":700,"url":"https:\/\/dockedge.thinairweb.co\/wp-content\/uploads\/sites\/3\/2018\/09\/DE96283Fa.jpg","type":"image\/jpeg"}],"twitter_card":"summary_large_image","schema":{"@context":"https:\/\/schema.org","@graph":[{"@type":"WebPage","@id":"https:\/\/dockedge.thinairweb.co\/fr\/produit\/lumiere-solaire-sous-marine\/","url":"https:\/\/dockedge.thinairweb.co\/fr\/produit\/lumiere-solaire-sous-marine\/","name":"LUMI\u00c8RE SOLAIRE SOUS-MARINE - Dock Edge+","isPartOf":{"@id":"https:\/\/dockedge.thinairweb.co\/fr\/#website"},"primaryImageOfPage":{"@id":"https:\/\/dockedge.thinairweb.co\/fr\/produit\/lumiere-solaire-sous-marine\/#primaryimage"},"image":{"@id":"https:\/\/dockedge.thinairweb.co\/fr\/produit\/lumiere-solaire-sous-marine\/#primaryimage"},"thumbnailUrl":"https:\/\/dockedge.thinairweb.co\/wp-content\/uploads\/sites\/3\/2018\/09\/DE96283Fa.jpg","datePublished":"2018-09-19T15:00:13+00:00","breadcrumb":{"@id":"https:\/\/dockedge.thinairweb.co\/fr\/produit\/lumiere-solaire-sous-marine\/#breadcrumb"},"inLanguage":"fr-FR","potentialAction":[{"@type":"ReadAction","target":["https:\/\/dockedge.thinairweb.co\/fr\/produit\/lumiere-solaire-sous-marine\/"]}]},{"@type":"ImageObject","inLanguage":"fr-FR","@id":"https:\/\/dockedge.thinairweb.co\/fr\/produit\/lumiere-solaire-sous-marine\/#primaryimage","url":"https:\/\/dockedge.thinairweb.co\/wp-content\/uploads\/sites\/3\/2018\/09\/DE96283Fa.jpg","contentUrl":"https:\/\/dockedge.thinairweb.co\/wp-content\/uploads\/sites\/3\/2018\/09\/DE96283Fa.jpg","width":700,"height":700,"caption":"Solar Underwater Lights"},{"@type":"BreadcrumbList","@id":"https:\/\/dockedge.thinairweb.co\/fr\/produit\/lumiere-solaire-sous-marine\/#breadcrumb","itemListElement":[{"@type":"ListItem","position":1,"name":"Home","item":"https:\/\/dockedge.thinairweb.co\/fr\/"},{"@type":"ListItem","position":2,"name":"Boutique","item":"https:\/\/dockedge.thinairweb.co\/fr\/boutique\/"},{"@type":"ListItem","position":3,"name":"LUMI\u00c8RE SOLAIRE SOUS-MARINE"}]},{"@type":"WebSite","@id":"https:\/\/dockedge.thinairweb.co\/fr\/#website","url":"https:\/\/dockedge.thinairweb.co\/fr\/","name":"Dock Edge+","description":"Your Dock. Your Way.","potentialAction":[{"@type":"SearchAction","target":{"@type":"EntryPoint","urlTemplate":"https:\/\/dockedge.thinairweb.co\/fr\/?s={search_term_string}"},"query-input":{"@type":"PropertyValueSpecification","valueRequired":true,"valueName":"search_term_string"}}],"inLanguage":"fr-FR"}]}},"acf":[],"_links":{"self":[{"href":"https:\/\/dockedge.thinairweb.co\/fr\/wp-json\/wp\/v2\/product\/8572","targetHints":{"allow":["GET"]}}],"collection":[{"href":"https:\/\/dockedge.thinairweb.co\/fr\/wp-json\/wp\/v2\/product"}],"about":[{"href":"https:\/\/dockedge.thinairweb.co\/fr\/wp-json\/wp\/v2\/types\/product"}],"wp:featuredmedia":[{"embeddable":true,"href":"https:\/\/dockedge.thinairweb.co\/fr\/wp-json\/wp\/v2\/media\/7854"}],"wp:attachment":[{"href":"https:\/\/dockedge.thinairweb.co\/fr\/wp-json\/wp\/v2\/media?parent=8572"}],"wp:term":[{"taxonomy":"product_brand","embeddable":true,"href":"https:\/\/dockedge.thinairweb.co\/fr\/wp-json\/wp\/v2\/product_brand?post=8572"},{"taxonomy":"product_cat","embeddable":true,"href":"https:\/\/dockedge.thinairweb.co\/fr\/wp-json\/wp\/v2\/product_cat?post=8572"},{"taxonomy":"product_tag","embeddable":true,"href":"https:\/\/dockedge.thinairweb.co\/fr\/wp-json\/wp\/v2\/product_tag?post=8572"}],"curies":[{"name":"wp","href":"https:\/\/api.w.org\/{rel}","templated":true}]}}