{"id":8574,"date":"2018-09-19T14:45:04","date_gmt":"2018-09-19T14:45:04","guid":{"rendered":"https:\/\/dockedge.com\/product\/lumiere-de-marquage-solaire\/"},"modified":"2018-09-19T14:45:04","modified_gmt":"2018-09-19T14:45:04","slug":"lumiere-de-marquage-solaire","status":"publish","type":"product","link":"https:\/\/dockedge.thinairweb.co\/fr\/produit\/lumiere-de-marquage-solaire\/","title":{"rendered":"LUMI\u00c8RE DE MARQUAGE SOLAIRE"},"content":{"rendered":"<table id=\"product-table\" border=\"0\" cellspacing=\"0\" cellpadding=\"15\">\n<tbody>\n<tr>\n<th>N\u00b0 de pi\u00e8ce<\/th>\n<th>Description<\/th>\n<\/tr>\n<tr>\n<td>DE96501F<\/td>\n<td>Feu de signalisation solaire, transparent<\/td>\n<\/tr>\n<tr>\n<td>DE96503F<\/td>\n<td>Feu de position solaire, ambre<\/td>\n<\/tr>\n<tr>\n<td>DE96507F<\/td>\n<td>Feu de signalisation solaire, rouge<\/td>\n<\/tr>\n<\/tbody>\n<\/table>\n<p><script src=\"\/\/ui.powerreviews.com\/stable\/4.0\/ui.js\"><\/script><\/p>\n<p><script>\n  POWERREVIEWS.display.render({\n      api_key: 'fdb23d80-8310-4409-87f2-2ee20e24a743',\n      locale: 'en_US',\n      merchant_group_id: '78535',\n      merchant_id: '542114',\n      page_id: '3883',\n      review_wrapper_url: 'http:\/\/www.dockedge.com\/write-a-review\/?pr_page_id=___PAGE_ID___',\nstructured_data_product_id : 'http:\/\/www.dockedge.com\/product\/solar-marker-light\/',\nproduct:{\n        name: 'SOLAR MARKER LIGHT', \n        url: 'http:\/\/www.dockedge.com\/product\/solar-marker-light\/',\n        image_url: 'http:\/\/www.dockedge.com\/wp-content\/uploads\/sites\/3\/2018\/09\/solar_markers_pro.jpg',\n        description: 'Marker Light 123x100mm Clear Solar',\n        category_name: 'Solar Lights',\n        manufacturer_id: 'DE96501F',\n        upc: '776113965016',\n        brand_name: 'DockEdge',\n        price: '<your_product_price>',\n        in_stock: '<product_in_stock_status>',\n        variants: [{\n            name: 'DE96503F',\n            description: 'Marker Light 123x100mm Amber Solar',\n\t    upc: '776113965030',\t\n            page_id_variant: '1',\n    },\n    {\n            name: 'DE96507F',\n            description: 'Marker Light 123x100mm Red Solar',\n            upc: '776113965078',\n            page_id_variant: '2',  \n    }]\n    },\n      components: {\n    ReviewSnippet: 'pr-reviewsnippet',\n    ReviewDisplay: 'pr-reviewdisplay'\n      }\n    });\n  <\/script><\/p>\n<div id=\"pr-reviewdisplay\"><\/div>\n","protected":false},"excerpt":{"rendered":"<div id=\"pr-reviewsnippet\"><\/div>\n<p><b>CUP<\/b> <br \/>\nCes lampes \u00e0 allumage automatique \u00e0 la tomb\u00e9e de la nuit sont id\u00e9ales pour les pilotis et les quais.<\/p>\n<ul>\n<li>Taille 4-7\/8&Prime; x 3-15\/16&Prime;<\/li>\n<li>6pc LED sont visibles sur 1000m<\/li>\n<li>Interrupteur constant\/clignotant\/arr\u00eat<\/li>\n<li>Clignote 35 fois\/minute<\/li>\n<li>Fonctionne pendant 45 heures en mode clignotant ou 20 heures en mode constant avec une charge compl\u00e8te.<\/li>\n<li>Batterie lithium 1000mAh non rempla\u00e7able<\/li>\n<li><a href=\"https:\/\/dockedge.com\/fr\/tableau-de-classement-ip\/\" target=\"_blank\" rel=\"noopener noreferrer\">Indice d&rsquo;\u00e9tanch\u00e9it\u00e9 IP 44<\/a><\/li>\n<\/ul>\n<p><img loading=\"lazy\" decoding=\"async\" class=\"size-full wp-image-3885 aligncenter\" src=\"https:\/\/dockedge.com\/wp-content\/uploads\/sites\/3\/2022\/12\/solar_markers_icon.png\" alt=\"\" width=\"399\" height=\"75\"><\/p>\n<p>&nbsp;<\/p>\n","protected":false},"featured_media":7628,"template":"","meta":{"_acf_changed":false,"_et_pb_use_builder":"","_et_pb_old_content":"","_et_gb_content_width":""},"product_brand":[],"product_cat":[183],"product_tag":[],"class_list":{"0":"post-8574","1":"product","2":"type-product","3":"status-publish","4":"has-post-thumbnail","6":"product_cat-lampes-solaires","8":"first","9":"instock","10":"shipping-taxable","11":"product-type-simple"},"yoast_head":"<!-- This site is optimized with the Yoast SEO plugin v27.0 - https:\/\/yoast.com\/product\/yoast-seo-wordpress\/ -->\n<title>LUMI\u00c8RE DE MARQUAGE SOLAIRE - Dock Edge+<\/title>\n<meta name=\"robots\" content=\"index, follow, max-snippet:-1, max-image-preview:large, max-video-preview:-1\" \/>\n<link rel=\"canonical\" href=\"https:\/\/dockedge.thinairweb.co\/fr\/produit\/lumiere-de-marquage-solaire\/\" \/>\n<meta property=\"og:locale\" content=\"fr_FR\" \/>\n<meta property=\"og:type\" content=\"article\" \/>\n<meta property=\"og:title\" content=\"LUMI\u00c8RE DE MARQUAGE SOLAIRE - Dock Edge+\" \/>\n<meta property=\"og:description\" content=\"CUP Ces lampes \u00e0 allumage automatique \u00e0 la tomb\u00e9e de la nuit sont id\u00e9ales pour les pilotis et les quais.  Taille 4-7\/8&quot; x 3-15\/16&quot;  6pc LED sont visibles sur 1000m  Interrupteur constant\/clignotant\/arr\u00eat  Clignote 35 fois\/minute  Fonctionne pendant 45 heures en mode clignotant ou 20 heures en mode constant avec une charge compl\u00e8te.  Batterie lithium 1000mAh non rempla\u00e7able  Indice d&#039;\u00e9tanch\u00e9it\u00e9 IP 44  &nbsp;\" \/>\n<meta property=\"og:url\" content=\"https:\/\/dockedge.thinairweb.co\/fr\/produit\/lumiere-de-marquage-solaire\/\" \/>\n<meta property=\"og:site_name\" content=\"Dock Edge+\" \/>\n<meta property=\"og:image\" content=\"https:\/\/dockedge.thinairweb.co\/wp-content\/uploads\/sites\/3\/2018\/09\/DE96501F.jpg\" \/>\n\t<meta property=\"og:image:width\" content=\"700\" \/>\n\t<meta property=\"og:image:height\" content=\"700\" \/>\n\t<meta property=\"og:image:type\" content=\"image\/jpeg\" \/>\n<meta name=\"twitter:card\" content=\"summary_large_image\" \/>\n<script type=\"application\/ld+json\" class=\"yoast-schema-graph\">{\"@context\":\"https:\/\/schema.org\",\"@graph\":[{\"@type\":\"WebPage\",\"@id\":\"https:\/\/dockedge.thinairweb.co\/fr\/produit\/lumiere-de-marquage-solaire\/\",\"url\":\"https:\/\/dockedge.thinairweb.co\/fr\/produit\/lumiere-de-marquage-solaire\/\",\"name\":\"LUMI\u00c8RE DE MARQUAGE SOLAIRE - Dock Edge+\",\"isPartOf\":{\"@id\":\"https:\/\/dockedge.thinairweb.co\/fr\/#website\"},\"primaryImageOfPage\":{\"@id\":\"https:\/\/dockedge.thinairweb.co\/fr\/produit\/lumiere-de-marquage-solaire\/#primaryimage\"},\"image\":{\"@id\":\"https:\/\/dockedge.thinairweb.co\/fr\/produit\/lumiere-de-marquage-solaire\/#primaryimage\"},\"thumbnailUrl\":\"https:\/\/dockedge.thinairweb.co\/wp-content\/uploads\/sites\/3\/2018\/09\/DE96501F.jpg\",\"datePublished\":\"2018-09-19T14:45:04+00:00\",\"breadcrumb\":{\"@id\":\"https:\/\/dockedge.thinairweb.co\/fr\/produit\/lumiere-de-marquage-solaire\/#breadcrumb\"},\"inLanguage\":\"fr-FR\",\"potentialAction\":[{\"@type\":\"ReadAction\",\"target\":[\"https:\/\/dockedge.thinairweb.co\/fr\/produit\/lumiere-de-marquage-solaire\/\"]}]},{\"@type\":\"ImageObject\",\"inLanguage\":\"fr-FR\",\"@id\":\"https:\/\/dockedge.thinairweb.co\/fr\/produit\/lumiere-de-marquage-solaire\/#primaryimage\",\"url\":\"https:\/\/dockedge.thinairweb.co\/wp-content\/uploads\/sites\/3\/2018\/09\/DE96501F.jpg\",\"contentUrl\":\"https:\/\/dockedge.thinairweb.co\/wp-content\/uploads\/sites\/3\/2018\/09\/DE96501F.jpg\",\"width\":700,\"height\":700,\"caption\":\"Solar Marker Light\"},{\"@type\":\"BreadcrumbList\",\"@id\":\"https:\/\/dockedge.thinairweb.co\/fr\/produit\/lumiere-de-marquage-solaire\/#breadcrumb\",\"itemListElement\":[{\"@type\":\"ListItem\",\"position\":1,\"name\":\"Home\",\"item\":\"https:\/\/dockedge.thinairweb.co\/fr\/\"},{\"@type\":\"ListItem\",\"position\":2,\"name\":\"Boutique\",\"item\":\"https:\/\/dockedge.thinairweb.co\/fr\/boutique\/\"},{\"@type\":\"ListItem\",\"position\":3,\"name\":\"LUMI\u00c8RE DE MARQUAGE SOLAIRE\"}]},{\"@type\":\"WebSite\",\"@id\":\"https:\/\/dockedge.thinairweb.co\/fr\/#website\",\"url\":\"https:\/\/dockedge.thinairweb.co\/fr\/\",\"name\":\"Dock Edge+\",\"description\":\"Your Dock. Your Way.\",\"potentialAction\":[{\"@type\":\"SearchAction\",\"target\":{\"@type\":\"EntryPoint\",\"urlTemplate\":\"https:\/\/dockedge.thinairweb.co\/fr\/?s={search_term_string}\"},\"query-input\":{\"@type\":\"PropertyValueSpecification\",\"valueRequired\":true,\"valueName\":\"search_term_string\"}}],\"inLanguage\":\"fr-FR\"}]}<\/script>\n<!-- \/ Yoast SEO plugin. -->","yoast_head_json":{"title":"LUMI\u00c8RE DE MARQUAGE SOLAIRE - Dock Edge+","robots":{"index":"index","follow":"follow","max-snippet":"max-snippet:-1","max-image-preview":"max-image-preview:large","max-video-preview":"max-video-preview:-1"},"canonical":"https:\/\/dockedge.thinairweb.co\/fr\/produit\/lumiere-de-marquage-solaire\/","og_locale":"fr_FR","og_type":"article","og_title":"LUMI\u00c8RE DE MARQUAGE SOLAIRE - Dock Edge+","og_description":"CUP Ces lampes \u00e0 allumage automatique \u00e0 la tomb\u00e9e de la nuit sont id\u00e9ales pour les pilotis et les quais.  Taille 4-7\/8\" x 3-15\/16\"  6pc LED sont visibles sur 1000m  Interrupteur constant\/clignotant\/arr\u00eat  Clignote 35 fois\/minute  Fonctionne pendant 45 heures en mode clignotant ou 20 heures en mode constant avec une charge compl\u00e8te.  Batterie lithium 1000mAh non rempla\u00e7able  Indice d'\u00e9tanch\u00e9it\u00e9 IP 44  &nbsp;","og_url":"https:\/\/dockedge.thinairweb.co\/fr\/produit\/lumiere-de-marquage-solaire\/","og_site_name":"Dock Edge+","og_image":[{"width":700,"height":700,"url":"https:\/\/dockedge.thinairweb.co\/wp-content\/uploads\/sites\/3\/2018\/09\/DE96501F.jpg","type":"image\/jpeg"}],"twitter_card":"summary_large_image","schema":{"@context":"https:\/\/schema.org","@graph":[{"@type":"WebPage","@id":"https:\/\/dockedge.thinairweb.co\/fr\/produit\/lumiere-de-marquage-solaire\/","url":"https:\/\/dockedge.thinairweb.co\/fr\/produit\/lumiere-de-marquage-solaire\/","name":"LUMI\u00c8RE DE MARQUAGE SOLAIRE - Dock Edge+","isPartOf":{"@id":"https:\/\/dockedge.thinairweb.co\/fr\/#website"},"primaryImageOfPage":{"@id":"https:\/\/dockedge.thinairweb.co\/fr\/produit\/lumiere-de-marquage-solaire\/#primaryimage"},"image":{"@id":"https:\/\/dockedge.thinairweb.co\/fr\/produit\/lumiere-de-marquage-solaire\/#primaryimage"},"thumbnailUrl":"https:\/\/dockedge.thinairweb.co\/wp-content\/uploads\/sites\/3\/2018\/09\/DE96501F.jpg","datePublished":"2018-09-19T14:45:04+00:00","breadcrumb":{"@id":"https:\/\/dockedge.thinairweb.co\/fr\/produit\/lumiere-de-marquage-solaire\/#breadcrumb"},"inLanguage":"fr-FR","potentialAction":[{"@type":"ReadAction","target":["https:\/\/dockedge.thinairweb.co\/fr\/produit\/lumiere-de-marquage-solaire\/"]}]},{"@type":"ImageObject","inLanguage":"fr-FR","@id":"https:\/\/dockedge.thinairweb.co\/fr\/produit\/lumiere-de-marquage-solaire\/#primaryimage","url":"https:\/\/dockedge.thinairweb.co\/wp-content\/uploads\/sites\/3\/2018\/09\/DE96501F.jpg","contentUrl":"https:\/\/dockedge.thinairweb.co\/wp-content\/uploads\/sites\/3\/2018\/09\/DE96501F.jpg","width":700,"height":700,"caption":"Solar Marker Light"},{"@type":"BreadcrumbList","@id":"https:\/\/dockedge.thinairweb.co\/fr\/produit\/lumiere-de-marquage-solaire\/#breadcrumb","itemListElement":[{"@type":"ListItem","position":1,"name":"Home","item":"https:\/\/dockedge.thinairweb.co\/fr\/"},{"@type":"ListItem","position":2,"name":"Boutique","item":"https:\/\/dockedge.thinairweb.co\/fr\/boutique\/"},{"@type":"ListItem","position":3,"name":"LUMI\u00c8RE DE MARQUAGE SOLAIRE"}]},{"@type":"WebSite","@id":"https:\/\/dockedge.thinairweb.co\/fr\/#website","url":"https:\/\/dockedge.thinairweb.co\/fr\/","name":"Dock Edge+","description":"Your Dock. Your Way.","potentialAction":[{"@type":"SearchAction","target":{"@type":"EntryPoint","urlTemplate":"https:\/\/dockedge.thinairweb.co\/fr\/?s={search_term_string}"},"query-input":{"@type":"PropertyValueSpecification","valueRequired":true,"valueName":"search_term_string"}}],"inLanguage":"fr-FR"}]}},"acf":[],"_links":{"self":[{"href":"https:\/\/dockedge.thinairweb.co\/fr\/wp-json\/wp\/v2\/product\/8574","targetHints":{"allow":["GET"]}}],"collection":[{"href":"https:\/\/dockedge.thinairweb.co\/fr\/wp-json\/wp\/v2\/product"}],"about":[{"href":"https:\/\/dockedge.thinairweb.co\/fr\/wp-json\/wp\/v2\/types\/product"}],"wp:featuredmedia":[{"embeddable":true,"href":"https:\/\/dockedge.thinairweb.co\/fr\/wp-json\/wp\/v2\/media\/7628"}],"wp:attachment":[{"href":"https:\/\/dockedge.thinairweb.co\/fr\/wp-json\/wp\/v2\/media?parent=8574"}],"wp:term":[{"taxonomy":"product_brand","embeddable":true,"href":"https:\/\/dockedge.thinairweb.co\/fr\/wp-json\/wp\/v2\/product_brand?post=8574"},{"taxonomy":"product_cat","embeddable":true,"href":"https:\/\/dockedge.thinairweb.co\/fr\/wp-json\/wp\/v2\/product_cat?post=8574"},{"taxonomy":"product_tag","embeddable":true,"href":"https:\/\/dockedge.thinairweb.co\/fr\/wp-json\/wp\/v2\/product_tag?post=8574"}],"curies":[{"name":"wp","href":"https:\/\/api.w.org\/{rel}","templated":true}]}}