{"id":8575,"date":"2018-09-19T20:33:41","date_gmt":"2018-09-19T20:33:41","guid":{"rendered":"https:\/\/dockedge.com\/product\/crampons-rabattables-haut-de-gamme\/"},"modified":"2018-09-19T20:33:41","modified_gmt":"2018-09-19T20:33:41","slug":"crampons-rabattables-haut-de-gamme","status":"publish","type":"product","link":"https:\/\/dockedge.thinairweb.co\/fr\/produit\/crampons-rabattables-haut-de-gamme\/","title":{"rendered":"CRAMPONS RABATTABLES HAUT DE GAMME"},"content":{"rendered":"<table id=\"product-table\" cellpadding=\"15\" cellspacing=\"0\" border=\"0\">\n<tr>\n<th>N\u00b0 de pi\u00e8ce<\/th>\n<th>Description<\/th>\n<\/tr>\n<tr>\n<td>DE2616WF<\/td>\n<td>6&Prime; Premium Flip-Up, blanc<\/td>\n<\/tr>\n<tr>\n<td>DE2616PF<\/td>\n<td>6&Prime; Premium Flip-Up, poli<\/td>\n<\/tr>\n<tr>\n<td>DE2616BF<\/td>\n<td>6&Prime; Premium Flip-Up, noir<\/td>\n<\/tr>\n<\/table>\n<p><script src=\"\/\/ui.powerreviews.com\/stable\/4.0\/ui.js\"><\/script><\/p>\n<p><script>\n  POWERREVIEWS.display.render({\n      api_key: 'fdb23d80-8310-4409-87f2-2ee20e24a743',\n      locale: 'en_US',\n      merchant_group_id: '78535',\n      merchant_id: '542114',\n      page_id: '3947',\n      review_wrapper_url: 'http:\/\/www.dockedge.com\/write-a-review\/?pr_page_id=___PAGE_ID___',\nstructured_data_product_id : 'http:\/\/www.dockedge.com\/product\/premium-flip-up-cleats\/',\nproduct:{\n        name: 'PREMIUM FLIP-UP CLEATS', \n        url: 'http:\/\/www.dockedge.com\/product\/premium-flip-up-cleats\/',\n        image_url: 'http:\/\/www.dockedge.com\/wp-content\/uploads\/sites\/3\/2018\/09\/premium_flip.jpg',\n        description: 'Cleat FlipUp 6\" White DockSide Alum',\n        category_name: 'Cleats',\n        manufacturer_id: 'DE2616WF',\n        upc: '776113992968',\n        brand_name: 'DockEdge',\n        price: '<your_product_price>',\n        in_stock: '<product_in_stock_status>',\n        variants: [{\n            name: 'DE2616PF',\n            description: '<Cleat FlipUp 6\" Polished DockSide Alum>',\n\t    upc: '776113995693',\t\n            page_id_variant: '1',\n        },\n        {\n            name: 'DE2616BF',\n            description: 'Cleat FlipUp 6\" Black DockSide Alum',\n            upc: '776113997277',\n            page_id_variant: '2',  \n    }]\n    },\n      components: {\n    ReviewSnippet: 'pr-reviewsnippet',\n    ReviewDisplay: 'pr-reviewdisplay'\n      }\n    });\n  <\/script><\/p>\n<div id=\"pr-reviewdisplay\"><\/div>\n","protected":false},"excerpt":{"rendered":"<div id=\"pr-reviewsnippet\"><\/div>\n<p><b>CUP<\/b> <br \/>\nLa conception \u00e0 double pivot permet d&rsquo;attacher plus facilement le cordage et d&rsquo;accro\u00eetre la r\u00e9sistance. Ces taquets sont moul\u00e9s en aluminium Almag 35 de qualit\u00e9 marine et recouverts d&rsquo;un rev\u00eatement en poudre blanc ou bruni selon un proc\u00e9d\u00e9 sp\u00e9cial pour obtenir une finition m\u00e9tallique traditionnelle. <\/p>\n","protected":false},"featured_media":7820,"template":"","meta":{"_acf_changed":false,"_et_pb_use_builder":"","_et_pb_old_content":"","_et_gb_content_width":""},"product_brand":[],"product_cat":[171],"product_tag":[],"class_list":{"0":"post-8575","1":"product","2":"type-product","3":"status-publish","4":"has-post-thumbnail","6":"product_cat-crampons","8":"first","9":"instock","10":"shipping-taxable","11":"product-type-simple"},"yoast_head":"<!-- This site is optimized with the Yoast SEO plugin v27.0 - https:\/\/yoast.com\/product\/yoast-seo-wordpress\/ -->\n<title>CRAMPONS RABATTABLES HAUT DE GAMME - Dock Edge+<\/title>\n<meta name=\"robots\" content=\"index, follow, max-snippet:-1, max-image-preview:large, max-video-preview:-1\" \/>\n<link rel=\"canonical\" href=\"https:\/\/dockedge.thinairweb.co\/fr\/produit\/crampons-rabattables-haut-de-gamme\/\" \/>\n<meta property=\"og:locale\" content=\"fr_FR\" \/>\n<meta property=\"og:type\" content=\"article\" \/>\n<meta property=\"og:title\" content=\"CRAMPONS RABATTABLES HAUT DE GAMME - Dock Edge+\" \/>\n<meta property=\"og:description\" content=\"CUP La conception \u00e0 double pivot permet d&#039;attacher plus facilement le cordage et d&#039;accro\u00eetre la r\u00e9sistance. Ces taquets sont moul\u00e9s en aluminium Almag 35 de qualit\u00e9 marine et recouverts d&#039;un rev\u00eatement en poudre blanc ou bruni selon un proc\u00e9d\u00e9 sp\u00e9cial pour obtenir une finition m\u00e9tallique traditionnelle.\" \/>\n<meta property=\"og:url\" content=\"https:\/\/dockedge.thinairweb.co\/fr\/produit\/crampons-rabattables-haut-de-gamme\/\" \/>\n<meta property=\"og:site_name\" content=\"Dock Edge+\" \/>\n<meta property=\"og:image\" content=\"https:\/\/dockedge.thinairweb.co\/wp-content\/uploads\/sites\/3\/2022\/01\/premium_flip.jpg\" \/>\n\t<meta property=\"og:image:width\" content=\"700\" \/>\n\t<meta property=\"og:image:height\" content=\"700\" \/>\n\t<meta property=\"og:image:type\" content=\"image\/jpeg\" \/>\n<meta name=\"twitter:card\" content=\"summary_large_image\" \/>\n<script type=\"application\/ld+json\" class=\"yoast-schema-graph\">{\"@context\":\"https:\/\/schema.org\",\"@graph\":[{\"@type\":\"WebPage\",\"@id\":\"https:\/\/dockedge.thinairweb.co\/fr\/produit\/crampons-rabattables-haut-de-gamme\/\",\"url\":\"https:\/\/dockedge.thinairweb.co\/fr\/produit\/crampons-rabattables-haut-de-gamme\/\",\"name\":\"CRAMPONS RABATTABLES HAUT DE GAMME - Dock Edge+\",\"isPartOf\":{\"@id\":\"https:\/\/dockedge.thinairweb.co\/fr\/#website\"},\"primaryImageOfPage\":{\"@id\":\"https:\/\/dockedge.thinairweb.co\/fr\/produit\/crampons-rabattables-haut-de-gamme\/#primaryimage\"},\"image\":{\"@id\":\"https:\/\/dockedge.thinairweb.co\/fr\/produit\/crampons-rabattables-haut-de-gamme\/#primaryimage\"},\"thumbnailUrl\":\"https:\/\/dockedge.thinairweb.co\/wp-content\/uploads\/sites\/3\/2022\/01\/premium_flip.jpg\",\"datePublished\":\"2018-09-19T20:33:41+00:00\",\"breadcrumb\":{\"@id\":\"https:\/\/dockedge.thinairweb.co\/fr\/produit\/crampons-rabattables-haut-de-gamme\/#breadcrumb\"},\"inLanguage\":\"fr-FR\",\"potentialAction\":[{\"@type\":\"ReadAction\",\"target\":[\"https:\/\/dockedge.thinairweb.co\/fr\/produit\/crampons-rabattables-haut-de-gamme\/\"]}]},{\"@type\":\"ImageObject\",\"inLanguage\":\"fr-FR\",\"@id\":\"https:\/\/dockedge.thinairweb.co\/fr\/produit\/crampons-rabattables-haut-de-gamme\/#primaryimage\",\"url\":\"https:\/\/dockedge.thinairweb.co\/wp-content\/uploads\/sites\/3\/2022\/01\/premium_flip.jpg\",\"contentUrl\":\"https:\/\/dockedge.thinairweb.co\/wp-content\/uploads\/sites\/3\/2022\/01\/premium_flip.jpg\",\"width\":700,\"height\":700,\"caption\":\"Premium Flip-up cleats\"},{\"@type\":\"BreadcrumbList\",\"@id\":\"https:\/\/dockedge.thinairweb.co\/fr\/produit\/crampons-rabattables-haut-de-gamme\/#breadcrumb\",\"itemListElement\":[{\"@type\":\"ListItem\",\"position\":1,\"name\":\"Home\",\"item\":\"https:\/\/dockedge.thinairweb.co\/fr\/\"},{\"@type\":\"ListItem\",\"position\":2,\"name\":\"Boutique\",\"item\":\"https:\/\/dockedge.thinairweb.co\/fr\/boutique\/\"},{\"@type\":\"ListItem\",\"position\":3,\"name\":\"CRAMPONS RABATTABLES HAUT DE GAMME\"}]},{\"@type\":\"WebSite\",\"@id\":\"https:\/\/dockedge.thinairweb.co\/fr\/#website\",\"url\":\"https:\/\/dockedge.thinairweb.co\/fr\/\",\"name\":\"Dock Edge+\",\"description\":\"Your Dock. Your Way.\",\"potentialAction\":[{\"@type\":\"SearchAction\",\"target\":{\"@type\":\"EntryPoint\",\"urlTemplate\":\"https:\/\/dockedge.thinairweb.co\/fr\/?s={search_term_string}\"},\"query-input\":{\"@type\":\"PropertyValueSpecification\",\"valueRequired\":true,\"valueName\":\"search_term_string\"}}],\"inLanguage\":\"fr-FR\"}]}<\/script>\n<!-- \/ Yoast SEO plugin. -->","yoast_head_json":{"title":"CRAMPONS RABATTABLES HAUT DE GAMME - Dock Edge+","robots":{"index":"index","follow":"follow","max-snippet":"max-snippet:-1","max-image-preview":"max-image-preview:large","max-video-preview":"max-video-preview:-1"},"canonical":"https:\/\/dockedge.thinairweb.co\/fr\/produit\/crampons-rabattables-haut-de-gamme\/","og_locale":"fr_FR","og_type":"article","og_title":"CRAMPONS RABATTABLES HAUT DE GAMME - Dock Edge+","og_description":"CUP La conception \u00e0 double pivot permet d'attacher plus facilement le cordage et d'accro\u00eetre la r\u00e9sistance. Ces taquets sont moul\u00e9s en aluminium Almag 35 de qualit\u00e9 marine et recouverts d'un rev\u00eatement en poudre blanc ou bruni selon un proc\u00e9d\u00e9 sp\u00e9cial pour obtenir une finition m\u00e9tallique traditionnelle.","og_url":"https:\/\/dockedge.thinairweb.co\/fr\/produit\/crampons-rabattables-haut-de-gamme\/","og_site_name":"Dock Edge+","og_image":[{"width":700,"height":700,"url":"https:\/\/dockedge.thinairweb.co\/wp-content\/uploads\/sites\/3\/2022\/01\/premium_flip.jpg","type":"image\/jpeg"}],"twitter_card":"summary_large_image","schema":{"@context":"https:\/\/schema.org","@graph":[{"@type":"WebPage","@id":"https:\/\/dockedge.thinairweb.co\/fr\/produit\/crampons-rabattables-haut-de-gamme\/","url":"https:\/\/dockedge.thinairweb.co\/fr\/produit\/crampons-rabattables-haut-de-gamme\/","name":"CRAMPONS RABATTABLES HAUT DE GAMME - Dock Edge+","isPartOf":{"@id":"https:\/\/dockedge.thinairweb.co\/fr\/#website"},"primaryImageOfPage":{"@id":"https:\/\/dockedge.thinairweb.co\/fr\/produit\/crampons-rabattables-haut-de-gamme\/#primaryimage"},"image":{"@id":"https:\/\/dockedge.thinairweb.co\/fr\/produit\/crampons-rabattables-haut-de-gamme\/#primaryimage"},"thumbnailUrl":"https:\/\/dockedge.thinairweb.co\/wp-content\/uploads\/sites\/3\/2022\/01\/premium_flip.jpg","datePublished":"2018-09-19T20:33:41+00:00","breadcrumb":{"@id":"https:\/\/dockedge.thinairweb.co\/fr\/produit\/crampons-rabattables-haut-de-gamme\/#breadcrumb"},"inLanguage":"fr-FR","potentialAction":[{"@type":"ReadAction","target":["https:\/\/dockedge.thinairweb.co\/fr\/produit\/crampons-rabattables-haut-de-gamme\/"]}]},{"@type":"ImageObject","inLanguage":"fr-FR","@id":"https:\/\/dockedge.thinairweb.co\/fr\/produit\/crampons-rabattables-haut-de-gamme\/#primaryimage","url":"https:\/\/dockedge.thinairweb.co\/wp-content\/uploads\/sites\/3\/2022\/01\/premium_flip.jpg","contentUrl":"https:\/\/dockedge.thinairweb.co\/wp-content\/uploads\/sites\/3\/2022\/01\/premium_flip.jpg","width":700,"height":700,"caption":"Premium Flip-up cleats"},{"@type":"BreadcrumbList","@id":"https:\/\/dockedge.thinairweb.co\/fr\/produit\/crampons-rabattables-haut-de-gamme\/#breadcrumb","itemListElement":[{"@type":"ListItem","position":1,"name":"Home","item":"https:\/\/dockedge.thinairweb.co\/fr\/"},{"@type":"ListItem","position":2,"name":"Boutique","item":"https:\/\/dockedge.thinairweb.co\/fr\/boutique\/"},{"@type":"ListItem","position":3,"name":"CRAMPONS RABATTABLES HAUT DE GAMME"}]},{"@type":"WebSite","@id":"https:\/\/dockedge.thinairweb.co\/fr\/#website","url":"https:\/\/dockedge.thinairweb.co\/fr\/","name":"Dock Edge+","description":"Your Dock. Your Way.","potentialAction":[{"@type":"SearchAction","target":{"@type":"EntryPoint","urlTemplate":"https:\/\/dockedge.thinairweb.co\/fr\/?s={search_term_string}"},"query-input":{"@type":"PropertyValueSpecification","valueRequired":true,"valueName":"search_term_string"}}],"inLanguage":"fr-FR"}]}},"acf":[],"_links":{"self":[{"href":"https:\/\/dockedge.thinairweb.co\/fr\/wp-json\/wp\/v2\/product\/8575","targetHints":{"allow":["GET"]}}],"collection":[{"href":"https:\/\/dockedge.thinairweb.co\/fr\/wp-json\/wp\/v2\/product"}],"about":[{"href":"https:\/\/dockedge.thinairweb.co\/fr\/wp-json\/wp\/v2\/types\/product"}],"wp:featuredmedia":[{"embeddable":true,"href":"https:\/\/dockedge.thinairweb.co\/fr\/wp-json\/wp\/v2\/media\/7820"}],"wp:attachment":[{"href":"https:\/\/dockedge.thinairweb.co\/fr\/wp-json\/wp\/v2\/media?parent=8575"}],"wp:term":[{"taxonomy":"product_brand","embeddable":true,"href":"https:\/\/dockedge.thinairweb.co\/fr\/wp-json\/wp\/v2\/product_brand?post=8575"},{"taxonomy":"product_cat","embeddable":true,"href":"https:\/\/dockedge.thinairweb.co\/fr\/wp-json\/wp\/v2\/product_cat?post=8575"},{"taxonomy":"product_tag","embeddable":true,"href":"https:\/\/dockedge.thinairweb.co\/fr\/wp-json\/wp\/v2\/product_tag?post=8575"}],"curies":[{"name":"wp","href":"https:\/\/api.w.org\/{rel}","templated":true}]}}