{"id":8576,"date":"2018-09-18T23:06:13","date_gmt":"2018-09-18T23:06:13","guid":{"rendered":"https:\/\/dockedge.com\/product\/defenses-de-la-serie-fd\/"},"modified":"2018-09-18T23:06:13","modified_gmt":"2018-09-18T23:06:13","slug":"defenses-de-la-serie-fd","status":"publish","type":"product","link":"https:\/\/dockedge.thinairweb.co\/fr\/produit\/defenses-de-la-serie-fd\/","title":{"rendered":"D\u00e9fenses de la s\u00e9rie FD"},"content":{"rendered":"<table id=\"product-table\" border=\"0\" cellspacing=\"0\" cellpadding=\"15\">\n<tbody>\n<tr>\n<th>N\u00b0 de pi\u00e8ce<\/th>\n<th>Description<\/th>\n<\/tr>\n<tr>\n<td>DE72621F<\/td>\n<td>Aile 6&Prime; x 24&Prime; s\u00e9rie FD<\/td>\n<\/tr>\n<tr>\n<td>DE72821F<\/td>\n<td>Aile 8.5&Prime; x 24&Prime; S\u00e9rie FD<\/td>\n<\/tr>\n<tr>\n<td>DE72831F<\/td>\n<td>Aile 8.5&Prime; x 30&Prime; S\u00e9rie FD<\/td>\n<\/tr>\n<tr>\n<td>DE72841F<\/td>\n<td>Aile 8.5&Prime; x 41&Prime; s\u00e9rie FD<\/td>\n<\/tr>\n<tr>\n<td>DE72131F<\/td>\n<td>Aile 11&Prime; x 30&Prime; s\u00e9rie FD<\/td>\n<\/tr>\n<tr>\n<td>DE72141F<\/td>\n<td>Aile 11&Prime; x 43&Prime; de la s\u00e9rie FD<\/td>\n<\/tr>\n<tr>\n<td>DE72140F<\/td>\n<td>Aile 15&Prime; x 40&Prime; de la s\u00e9rie FD<\/td>\n<\/tr>\n<tr>\n<td>DE72158F<\/td>\n<td>15&Prime; x 58&Prime; Aile de la s\u00e9rie FD<\/td>\n<\/tr>\n<tr>\n<td>DE72258F<\/td>\n<td>21&Prime; x 58&Prime; Aile de la s\u00e9rie FD<\/td>\n<\/tr>\n<\/tbody>\n<\/table>\n<p><script src=\"\/\/ui.powerreviews.com\/stable\/4.0\/ui.js\"><\/script><\/p>\n<p><script>\n  POWERREVIEWS.display.render({\n      api_key: 'fdb23d80-8310-4409-87f2-2ee20e24a743',\n      locale: 'en_US',\n      merchant_group_id: '78535',\n      merchant_id: '542114',\n      page_id: '3877',\n      review_wrapper_url: 'http:\/\/www.dockedge.com\/write-a-review\/?pr_page_id=___PAGE_ID___',\nstructured_data_product_id : 'http:\/\/www.dockedge.com\/product\/fd-series-fenders\/',\nproduct:{\n        name: 'FD Series Fenders', \n        url: 'http:\/\/www.dockedge.com\/product\/fd-series-fenders\/',\n        image_url: 'http:\/\/www.dockedge.com\/wp-content\/uploads\/sites\/3\/2018\/09\/FD_series.jpg',\n        description: '6\" x 24\" FD Series Fender',\n        category_name: 'Fenders & Buoys',\n        manufacturer_id: 'DE72621F',\n        upc: '776113102442',\n        brand_name: 'DockEdge',\n        price: '<your_product_price>',\n        in_stock: '<product_in_stock_status>',\n        variants: [{\n            name: 'DE72821F',\n            description: '8.5\" x 24\" FD Series Fender',\n            upc: '776113102459',\t\n            page_id_variant: '1',\n        },\n        {\n            name: 'DE72831F',\n            description: '8.5\" x 30\" FD Series Fender',\n            upc: '776113102466',\n            page_id_variant: '2',  \n        },\n        {\n            name: 'DE72841F',\n            description: '8.5\" x 41\" FD Series Fender',\n            upc: '776113102473',\n            page_id_variant: '3',  \n        },\n        {\n            name: 'DE72131F',\n            description: '11\" x 30\" FD Series Fender',\n            upc: '776113102428',\n            page_id_variant: '4',  \n        },\n        {\n            name: 'DE72141F',\n            description: '11\" x 43\" FD Series Fender',\n            upc: '776113102435',\n            page_id_variant: '5',   \n        },\n        {\n            name: 'DE72140F',\n            description: '15\" x 40\" FD Series Fender',\n            upc: '776113994894',\n            page_id_variant: '6',  \n        },\n        {\n            name: 'DE72158F',\n            description: '15\" x 58\" FD Series Fender',\n            upc: '776113994900',\n            page_id_variant: '7',  \n        },\n        {\n            name: 'DE72258F',\n            description: '21\" x 58\" FD Series Fender',\n            upc: '776113994917',\n            page_id_variant: '8',   \n    }]\n    },\n      components: {\n    ReviewSnippet: 'pr-reviewsnippet',\n    ReviewDisplay: 'pr-reviewdisplay'\n      }\n    });\n  <\/script><\/p>\n<div id=\"pr-reviewdisplay\"><\/div>\n","protected":false},"excerpt":{"rendered":"<div id=\"pr-reviewsnippet\"><\/div>\n<p><b>CUP<\/b> <\/p>\n<ul>\n<li>Plusieurs tailles pour s&rsquo;adapter \u00e0 tous les navires<\/li>\n<li>L&rsquo;\u0153il double permet une utilisation horizontale ou verticale<\/li>\n<li>Plusieurs cordes renforc\u00e9es et nervur\u00e9es<\/li>\n<li>Valve unique en vinyle pour une \u00e9tanch\u00e9it\u00e9 parfaite<\/li>\n<li>Epaisseur de paroi uniforme pour une r\u00e9sistance et une durabilit\u00e9 maximales<\/li>\n<li>Con\u00e7u pour \u00eatre utilis\u00e9 dans les amarrages permanents non prot\u00e9g\u00e9s, les pilotis, les \u00e9cluses et les murs en b\u00e9ton.<\/li>\n<\/ul>\n","protected":false},"featured_media":7562,"template":"","meta":{"_acf_changed":false,"_et_pb_use_builder":"","_et_pb_old_content":"","_et_gb_content_width":""},"product_brand":[],"product_cat":[148],"product_tag":[],"class_list":{"0":"post-8576","1":"product","2":"type-product","3":"status-publish","4":"has-post-thumbnail","6":"product_cat-defenses-et-bouees","8":"first","9":"instock","10":"shipping-taxable","11":"product-type-simple"},"yoast_head":"<!-- This site is optimized with the Yoast SEO plugin v27.0 - https:\/\/yoast.com\/product\/yoast-seo-wordpress\/ -->\n<title>D\u00e9fenses de la s\u00e9rie FD - Dock Edge+<\/title>\n<meta name=\"robots\" content=\"index, follow, max-snippet:-1, max-image-preview:large, max-video-preview:-1\" \/>\n<link rel=\"canonical\" href=\"https:\/\/dockedge.thinairweb.co\/fr\/produit\/defenses-de-la-serie-fd\/\" \/>\n<meta property=\"og:locale\" content=\"fr_FR\" \/>\n<meta property=\"og:type\" content=\"article\" \/>\n<meta property=\"og:title\" content=\"D\u00e9fenses de la s\u00e9rie FD - Dock Edge+\" \/>\n<meta property=\"og:description\" content=\"CUP   Plusieurs tailles pour s&#039;adapter \u00e0 tous les navires  L&#039;\u0153il double permet une utilisation horizontale ou verticale  Plusieurs cordes renforc\u00e9es et nervur\u00e9es  Valve unique en vinyle pour une \u00e9tanch\u00e9it\u00e9 parfaite  Epaisseur de paroi uniforme pour une r\u00e9sistance et une durabilit\u00e9 maximales  Con\u00e7u pour \u00eatre utilis\u00e9 dans les amarrages permanents non prot\u00e9g\u00e9s, les pilotis, les \u00e9cluses et les murs en b\u00e9ton.\" \/>\n<meta property=\"og:url\" content=\"https:\/\/dockedge.thinairweb.co\/fr\/produit\/defenses-de-la-serie-fd\/\" \/>\n<meta property=\"og:site_name\" content=\"Dock Edge+\" \/>\n<meta property=\"og:image\" content=\"https:\/\/dockedge.thinairweb.co\/wp-content\/uploads\/sites\/3\/2018\/09\/FD_series.jpg\" \/>\n\t<meta property=\"og:image:width\" content=\"700\" \/>\n\t<meta property=\"og:image:height\" content=\"700\" \/>\n\t<meta property=\"og:image:type\" content=\"image\/jpeg\" \/>\n<meta name=\"twitter:card\" content=\"summary_large_image\" \/>\n<script type=\"application\/ld+json\" class=\"yoast-schema-graph\">{\"@context\":\"https:\/\/schema.org\",\"@graph\":[{\"@type\":\"WebPage\",\"@id\":\"https:\/\/dockedge.thinairweb.co\/fr\/produit\/defenses-de-la-serie-fd\/\",\"url\":\"https:\/\/dockedge.thinairweb.co\/fr\/produit\/defenses-de-la-serie-fd\/\",\"name\":\"D\u00e9fenses de la s\u00e9rie FD - Dock Edge+\",\"isPartOf\":{\"@id\":\"https:\/\/dockedge.thinairweb.co\/fr\/#website\"},\"primaryImageOfPage\":{\"@id\":\"https:\/\/dockedge.thinairweb.co\/fr\/produit\/defenses-de-la-serie-fd\/#primaryimage\"},\"image\":{\"@id\":\"https:\/\/dockedge.thinairweb.co\/fr\/produit\/defenses-de-la-serie-fd\/#primaryimage\"},\"thumbnailUrl\":\"https:\/\/dockedge.thinairweb.co\/wp-content\/uploads\/sites\/3\/2018\/09\/FD_series.jpg\",\"datePublished\":\"2018-09-18T23:06:13+00:00\",\"breadcrumb\":{\"@id\":\"https:\/\/dockedge.thinairweb.co\/fr\/produit\/defenses-de-la-serie-fd\/#breadcrumb\"},\"inLanguage\":\"fr-FR\",\"potentialAction\":[{\"@type\":\"ReadAction\",\"target\":[\"https:\/\/dockedge.thinairweb.co\/fr\/produit\/defenses-de-la-serie-fd\/\"]}]},{\"@type\":\"ImageObject\",\"inLanguage\":\"fr-FR\",\"@id\":\"https:\/\/dockedge.thinairweb.co\/fr\/produit\/defenses-de-la-serie-fd\/#primaryimage\",\"url\":\"https:\/\/dockedge.thinairweb.co\/wp-content\/uploads\/sites\/3\/2018\/09\/FD_series.jpg\",\"contentUrl\":\"https:\/\/dockedge.thinairweb.co\/wp-content\/uploads\/sites\/3\/2018\/09\/FD_series.jpg\",\"width\":700,\"height\":700,\"caption\":\"FD Series Fenders\"},{\"@type\":\"BreadcrumbList\",\"@id\":\"https:\/\/dockedge.thinairweb.co\/fr\/produit\/defenses-de-la-serie-fd\/#breadcrumb\",\"itemListElement\":[{\"@type\":\"ListItem\",\"position\":1,\"name\":\"Home\",\"item\":\"https:\/\/dockedge.thinairweb.co\/fr\/\"},{\"@type\":\"ListItem\",\"position\":2,\"name\":\"Boutique\",\"item\":\"https:\/\/dockedge.thinairweb.co\/fr\/boutique\/\"},{\"@type\":\"ListItem\",\"position\":3,\"name\":\"D\u00e9fenses de la s\u00e9rie FD\"}]},{\"@type\":\"WebSite\",\"@id\":\"https:\/\/dockedge.thinairweb.co\/fr\/#website\",\"url\":\"https:\/\/dockedge.thinairweb.co\/fr\/\",\"name\":\"Dock Edge+\",\"description\":\"Your Dock. Your Way.\",\"potentialAction\":[{\"@type\":\"SearchAction\",\"target\":{\"@type\":\"EntryPoint\",\"urlTemplate\":\"https:\/\/dockedge.thinairweb.co\/fr\/?s={search_term_string}\"},\"query-input\":{\"@type\":\"PropertyValueSpecification\",\"valueRequired\":true,\"valueName\":\"search_term_string\"}}],\"inLanguage\":\"fr-FR\"}]}<\/script>\n<!-- \/ Yoast SEO plugin. -->","yoast_head_json":{"title":"D\u00e9fenses de la s\u00e9rie FD - Dock Edge+","robots":{"index":"index","follow":"follow","max-snippet":"max-snippet:-1","max-image-preview":"max-image-preview:large","max-video-preview":"max-video-preview:-1"},"canonical":"https:\/\/dockedge.thinairweb.co\/fr\/produit\/defenses-de-la-serie-fd\/","og_locale":"fr_FR","og_type":"article","og_title":"D\u00e9fenses de la s\u00e9rie FD - Dock Edge+","og_description":"CUP   Plusieurs tailles pour s'adapter \u00e0 tous les navires  L'\u0153il double permet une utilisation horizontale ou verticale  Plusieurs cordes renforc\u00e9es et nervur\u00e9es  Valve unique en vinyle pour une \u00e9tanch\u00e9it\u00e9 parfaite  Epaisseur de paroi uniforme pour une r\u00e9sistance et une durabilit\u00e9 maximales  Con\u00e7u pour \u00eatre utilis\u00e9 dans les amarrages permanents non prot\u00e9g\u00e9s, les pilotis, les \u00e9cluses et les murs en b\u00e9ton.","og_url":"https:\/\/dockedge.thinairweb.co\/fr\/produit\/defenses-de-la-serie-fd\/","og_site_name":"Dock Edge+","og_image":[{"width":700,"height":700,"url":"https:\/\/dockedge.thinairweb.co\/wp-content\/uploads\/sites\/3\/2018\/09\/FD_series.jpg","type":"image\/jpeg"}],"twitter_card":"summary_large_image","schema":{"@context":"https:\/\/schema.org","@graph":[{"@type":"WebPage","@id":"https:\/\/dockedge.thinairweb.co\/fr\/produit\/defenses-de-la-serie-fd\/","url":"https:\/\/dockedge.thinairweb.co\/fr\/produit\/defenses-de-la-serie-fd\/","name":"D\u00e9fenses de la s\u00e9rie FD - Dock Edge+","isPartOf":{"@id":"https:\/\/dockedge.thinairweb.co\/fr\/#website"},"primaryImageOfPage":{"@id":"https:\/\/dockedge.thinairweb.co\/fr\/produit\/defenses-de-la-serie-fd\/#primaryimage"},"image":{"@id":"https:\/\/dockedge.thinairweb.co\/fr\/produit\/defenses-de-la-serie-fd\/#primaryimage"},"thumbnailUrl":"https:\/\/dockedge.thinairweb.co\/wp-content\/uploads\/sites\/3\/2018\/09\/FD_series.jpg","datePublished":"2018-09-18T23:06:13+00:00","breadcrumb":{"@id":"https:\/\/dockedge.thinairweb.co\/fr\/produit\/defenses-de-la-serie-fd\/#breadcrumb"},"inLanguage":"fr-FR","potentialAction":[{"@type":"ReadAction","target":["https:\/\/dockedge.thinairweb.co\/fr\/produit\/defenses-de-la-serie-fd\/"]}]},{"@type":"ImageObject","inLanguage":"fr-FR","@id":"https:\/\/dockedge.thinairweb.co\/fr\/produit\/defenses-de-la-serie-fd\/#primaryimage","url":"https:\/\/dockedge.thinairweb.co\/wp-content\/uploads\/sites\/3\/2018\/09\/FD_series.jpg","contentUrl":"https:\/\/dockedge.thinairweb.co\/wp-content\/uploads\/sites\/3\/2018\/09\/FD_series.jpg","width":700,"height":700,"caption":"FD Series Fenders"},{"@type":"BreadcrumbList","@id":"https:\/\/dockedge.thinairweb.co\/fr\/produit\/defenses-de-la-serie-fd\/#breadcrumb","itemListElement":[{"@type":"ListItem","position":1,"name":"Home","item":"https:\/\/dockedge.thinairweb.co\/fr\/"},{"@type":"ListItem","position":2,"name":"Boutique","item":"https:\/\/dockedge.thinairweb.co\/fr\/boutique\/"},{"@type":"ListItem","position":3,"name":"D\u00e9fenses de la s\u00e9rie FD"}]},{"@type":"WebSite","@id":"https:\/\/dockedge.thinairweb.co\/fr\/#website","url":"https:\/\/dockedge.thinairweb.co\/fr\/","name":"Dock Edge+","description":"Your Dock. Your Way.","potentialAction":[{"@type":"SearchAction","target":{"@type":"EntryPoint","urlTemplate":"https:\/\/dockedge.thinairweb.co\/fr\/?s={search_term_string}"},"query-input":{"@type":"PropertyValueSpecification","valueRequired":true,"valueName":"search_term_string"}}],"inLanguage":"fr-FR"}]}},"acf":[],"_links":{"self":[{"href":"https:\/\/dockedge.thinairweb.co\/fr\/wp-json\/wp\/v2\/product\/8576","targetHints":{"allow":["GET"]}}],"collection":[{"href":"https:\/\/dockedge.thinairweb.co\/fr\/wp-json\/wp\/v2\/product"}],"about":[{"href":"https:\/\/dockedge.thinairweb.co\/fr\/wp-json\/wp\/v2\/types\/product"}],"wp:featuredmedia":[{"embeddable":true,"href":"https:\/\/dockedge.thinairweb.co\/fr\/wp-json\/wp\/v2\/media\/7562"}],"wp:attachment":[{"href":"https:\/\/dockedge.thinairweb.co\/fr\/wp-json\/wp\/v2\/media?parent=8576"}],"wp:term":[{"taxonomy":"product_brand","embeddable":true,"href":"https:\/\/dockedge.thinairweb.co\/fr\/wp-json\/wp\/v2\/product_brand?post=8576"},{"taxonomy":"product_cat","embeddable":true,"href":"https:\/\/dockedge.thinairweb.co\/fr\/wp-json\/wp\/v2\/product_cat?post=8576"},{"taxonomy":"product_tag","embeddable":true,"href":"https:\/\/dockedge.thinairweb.co\/fr\/wp-json\/wp\/v2\/product_tag?post=8576"}],"curies":[{"name":"wp","href":"https:\/\/api.w.org\/{rel}","templated":true}]}}