{"id":8579,"date":"2018-04-19T02:08:21","date_gmt":"2018-04-19T02:08:21","guid":{"rendered":"https:\/\/dockedge.com\/product\/kit-de-roue-de-rampe-pour-bateau-1200lb\/"},"modified":"2018-04-19T02:08:21","modified_gmt":"2018-04-19T02:08:21","slug":"kit-de-roue-de-rampe-pour-bateau-1200lb","status":"publish","type":"product","link":"https:\/\/dockedge.thinairweb.co\/fr\/produit\/kit-de-roue-de-rampe-pour-bateau-1200lb\/","title":{"rendered":"Kit de roue de rampe pour bateau &#8211; 1200lb"},"content":{"rendered":"<table id=\"product-table\" border=\"0\" cellspacing=\"0\" cellpadding=\"15\">\n<tbody>\n<tr>\n<th>N\u00b0 de pi\u00e8ce<\/th>\n<th>Description<\/th>\n<\/tr>\n<tr>\n<td>DE85412F<\/td>\n<td>Kit de roue PWC, 3.5&Prime;, rampe d&rsquo;une capacit\u00e9 de 1200#.<\/td>\n<\/tr>\n<\/tbody>\n<\/table>\n<p><script src=\"\/\/ui.powerreviews.com\/stable\/4.0\/ui.js\"><\/script><\/p>\n<p><script>\n  POWERREVIEWS.display.render({\n      api_key: 'fdb23d80-8310-4409-87f2-2ee20e24a743',\n      locale: 'en_US',\n      merchant_group_id: '78535',\n      merchant_id: '542114',\n      page_id: '3109',\n      review_wrapper_url: 'http:\/\/www.dockedge.com\/write-a-review\/?pr_page_id=___PAGE_ID___',\nstructured_data_product_id : 'http:\/\/www.dockedge.com\/product\/watercraft-ramp-wheel-kit-1200\/',\nproduct:{\n        name: 'Watercraft Ramp Wheel Kit - 1200lb', \n        url: 'http:\/\/www.dockedge.com\/product\/watercraft-ramp-wheel-kit-1200\/',\n        image_url: 'http:\/\/www.dockedge.com\/wp-content\/uploads\/sites\/3\/2018\/04\/1200lbCapacityRamp.jpg',\n        description: 'PWC Wheel Kit 3.5\" 1200# Capacity Ramp',\n        category_name: 'Dock Accessories',\n        manufacturer_id: 'DE85412F',\n        upc: '776113854129',\n        brand_name: 'DockEdge',\n        price: '<your_product_price>',\n        in_stock: '<product_in_stock_status>',\n    },\n      components: {\n    ReviewSnippet: 'pr-reviewsnippet',\n    ReviewDisplay: 'pr-reviewdisplay'\n      }\n    });\n  <\/script><\/p>\n<div id=\"pr-reviewdisplay\"><\/div>\n","protected":false},"excerpt":{"rendered":"<div id=\"pr-reviewsnippet\"><\/div>\n<p><b>CUP<\/b> <\/p>\n<p>Ce kit de rampe pour bateau Dock Edge+ est sp\u00e9cialement con\u00e7u pour les bateaux pesant jusqu&rsquo;\u00e0 1 200 livres et les motomarines, en tenant compte du poids du bateau, du moteur, du carburant et de tout \u00e9quipement \u00e0 bord. Il est \u00e9quip\u00e9 d&rsquo;une quincaillerie en aluminium, de rouleaux en polyur\u00e9thane et d&rsquo;un treuil de traction ultra-robuste. <\/p>\n<p>Le kit comprend<\/p>\n<ul>\n<li>Treuil de traction de 1 600 livres<\/li>\n<li>Sangle de s\u00e9curit\u00e9 de 25 pieds<\/li>\n<li>16 rouleaux ondul\u00e9s \u00e0 haute densit\u00e9<\/li>\n<li>Supports en aluminium de qualit\u00e9 marine<\/li>\n<li>Mat\u00e9riel de fixation et instructions d\u00e9taill\u00e9es.<\/li>\n<\/ul>\n<p><strong>Le bois n&rsquo;est pas inclus.<\/strong><\/p>\n<p>&nbsp;<\/p>\n","protected":false},"featured_media":8055,"template":"","meta":{"_acf_changed":false,"_et_pb_use_builder":"","_et_pb_old_content":"","_et_gb_content_width":""},"product_brand":[],"product_cat":[150],"product_tag":[],"class_list":{"0":"post-8579","1":"product","2":"type-product","3":"status-publish","4":"has-post-thumbnail","6":"product_cat-accessoires-de-quai","8":"first","9":"instock","10":"shipping-taxable","11":"product-type-simple"},"yoast_head":"<!-- This site is optimized with the Yoast SEO plugin v27.0 - https:\/\/yoast.com\/product\/yoast-seo-wordpress\/ -->\n<title>Kit de roue de rampe pour bateau - 1200lb - Dock Edge+<\/title>\n<meta name=\"robots\" content=\"index, follow, max-snippet:-1, max-image-preview:large, max-video-preview:-1\" \/>\n<link rel=\"canonical\" href=\"https:\/\/dockedge.thinairweb.co\/fr\/produit\/kit-de-roue-de-rampe-pour-bateau-1200lb\/\" \/>\n<meta property=\"og:locale\" content=\"fr_FR\" \/>\n<meta property=\"og:type\" content=\"article\" \/>\n<meta property=\"og:title\" content=\"Kit de roue de rampe pour bateau - 1200lb - Dock Edge+\" \/>\n<meta property=\"og:description\" content=\"CUP  Ce kit de rampe pour bateau Dock Edge+ est sp\u00e9cialement con\u00e7u pour les bateaux pesant jusqu&#039;\u00e0 1 200 livres et les motomarines, en tenant compte du poids du bateau, du moteur, du carburant et de tout \u00e9quipement \u00e0 bord. Il est \u00e9quip\u00e9 d&#039;une quincaillerie en aluminium, de rouleaux en polyur\u00e9thane et d&#039;un treuil de traction ultra-robuste.  Le kit comprend  Treuil de traction de 1 600 livres  Sangle de s\u00e9curit\u00e9 de 25 pieds  16 rouleaux ondul\u00e9s \u00e0 haute densit\u00e9  Supports en aluminium de qualit\u00e9 marine  Mat\u00e9riel de fixation et instructions d\u00e9taill\u00e9es. Le bois n&#039;est pas inclus. &nbsp;\" \/>\n<meta property=\"og:url\" content=\"https:\/\/dockedge.thinairweb.co\/fr\/produit\/kit-de-roue-de-rampe-pour-bateau-1200lb\/\" \/>\n<meta property=\"og:site_name\" content=\"Dock Edge+\" \/>\n<meta property=\"og:image\" content=\"https:\/\/dockedge.thinairweb.co\/wp-content\/uploads\/sites\/3\/2024\/07\/DE85412Fa.jpg\" \/>\n\t<meta property=\"og:image:width\" content=\"1000\" \/>\n\t<meta property=\"og:image:height\" content=\"724\" \/>\n\t<meta property=\"og:image:type\" content=\"image\/jpeg\" \/>\n<meta name=\"twitter:card\" content=\"summary_large_image\" \/>\n<script type=\"application\/ld+json\" class=\"yoast-schema-graph\">{\"@context\":\"https:\/\/schema.org\",\"@graph\":[{\"@type\":\"WebPage\",\"@id\":\"https:\/\/dockedge.thinairweb.co\/fr\/produit\/kit-de-roue-de-rampe-pour-bateau-1200lb\/\",\"url\":\"https:\/\/dockedge.thinairweb.co\/fr\/produit\/kit-de-roue-de-rampe-pour-bateau-1200lb\/\",\"name\":\"Kit de roue de rampe pour bateau - 1200lb - Dock Edge+\",\"isPartOf\":{\"@id\":\"https:\/\/dockedge.thinairweb.co\/fr\/#website\"},\"primaryImageOfPage\":{\"@id\":\"https:\/\/dockedge.thinairweb.co\/fr\/produit\/kit-de-roue-de-rampe-pour-bateau-1200lb\/#primaryimage\"},\"image\":{\"@id\":\"https:\/\/dockedge.thinairweb.co\/fr\/produit\/kit-de-roue-de-rampe-pour-bateau-1200lb\/#primaryimage\"},\"thumbnailUrl\":\"https:\/\/dockedge.thinairweb.co\/wp-content\/uploads\/sites\/3\/2024\/07\/DE85412Fa.jpg\",\"datePublished\":\"2018-04-19T02:08:21+00:00\",\"breadcrumb\":{\"@id\":\"https:\/\/dockedge.thinairweb.co\/fr\/produit\/kit-de-roue-de-rampe-pour-bateau-1200lb\/#breadcrumb\"},\"inLanguage\":\"fr-FR\",\"potentialAction\":[{\"@type\":\"ReadAction\",\"target\":[\"https:\/\/dockedge.thinairweb.co\/fr\/produit\/kit-de-roue-de-rampe-pour-bateau-1200lb\/\"]}]},{\"@type\":\"ImageObject\",\"inLanguage\":\"fr-FR\",\"@id\":\"https:\/\/dockedge.thinairweb.co\/fr\/produit\/kit-de-roue-de-rampe-pour-bateau-1200lb\/#primaryimage\",\"url\":\"https:\/\/dockedge.thinairweb.co\/wp-content\/uploads\/sites\/3\/2024\/07\/DE85412Fa.jpg\",\"contentUrl\":\"https:\/\/dockedge.thinairweb.co\/wp-content\/uploads\/sites\/3\/2024\/07\/DE85412Fa.jpg\",\"width\":1000,\"height\":724,\"caption\":\"Dock Edge+ Watercraft Ramp Kit\"},{\"@type\":\"BreadcrumbList\",\"@id\":\"https:\/\/dockedge.thinairweb.co\/fr\/produit\/kit-de-roue-de-rampe-pour-bateau-1200lb\/#breadcrumb\",\"itemListElement\":[{\"@type\":\"ListItem\",\"position\":1,\"name\":\"Home\",\"item\":\"https:\/\/dockedge.thinairweb.co\/fr\/\"},{\"@type\":\"ListItem\",\"position\":2,\"name\":\"Boutique\",\"item\":\"https:\/\/dockedge.thinairweb.co\/fr\/boutique\/\"},{\"@type\":\"ListItem\",\"position\":3,\"name\":\"Kit de roue de rampe pour bateau &#8211; 1200lb\"}]},{\"@type\":\"WebSite\",\"@id\":\"https:\/\/dockedge.thinairweb.co\/fr\/#website\",\"url\":\"https:\/\/dockedge.thinairweb.co\/fr\/\",\"name\":\"Dock Edge+\",\"description\":\"Your Dock. Your Way.\",\"potentialAction\":[{\"@type\":\"SearchAction\",\"target\":{\"@type\":\"EntryPoint\",\"urlTemplate\":\"https:\/\/dockedge.thinairweb.co\/fr\/?s={search_term_string}\"},\"query-input\":{\"@type\":\"PropertyValueSpecification\",\"valueRequired\":true,\"valueName\":\"search_term_string\"}}],\"inLanguage\":\"fr-FR\"}]}<\/script>\n<!-- \/ Yoast SEO plugin. -->","yoast_head_json":{"title":"Kit de roue de rampe pour bateau - 1200lb - Dock Edge+","robots":{"index":"index","follow":"follow","max-snippet":"max-snippet:-1","max-image-preview":"max-image-preview:large","max-video-preview":"max-video-preview:-1"},"canonical":"https:\/\/dockedge.thinairweb.co\/fr\/produit\/kit-de-roue-de-rampe-pour-bateau-1200lb\/","og_locale":"fr_FR","og_type":"article","og_title":"Kit de roue de rampe pour bateau - 1200lb - Dock Edge+","og_description":"CUP  Ce kit de rampe pour bateau Dock Edge+ est sp\u00e9cialement con\u00e7u pour les bateaux pesant jusqu'\u00e0 1 200 livres et les motomarines, en tenant compte du poids du bateau, du moteur, du carburant et de tout \u00e9quipement \u00e0 bord. Il est \u00e9quip\u00e9 d'une quincaillerie en aluminium, de rouleaux en polyur\u00e9thane et d'un treuil de traction ultra-robuste.  Le kit comprend  Treuil de traction de 1 600 livres  Sangle de s\u00e9curit\u00e9 de 25 pieds  16 rouleaux ondul\u00e9s \u00e0 haute densit\u00e9  Supports en aluminium de qualit\u00e9 marine  Mat\u00e9riel de fixation et instructions d\u00e9taill\u00e9es. Le bois n'est pas inclus. &nbsp;","og_url":"https:\/\/dockedge.thinairweb.co\/fr\/produit\/kit-de-roue-de-rampe-pour-bateau-1200lb\/","og_site_name":"Dock Edge+","og_image":[{"width":1000,"height":724,"url":"https:\/\/dockedge.thinairweb.co\/wp-content\/uploads\/sites\/3\/2024\/07\/DE85412Fa.jpg","type":"image\/jpeg"}],"twitter_card":"summary_large_image","schema":{"@context":"https:\/\/schema.org","@graph":[{"@type":"WebPage","@id":"https:\/\/dockedge.thinairweb.co\/fr\/produit\/kit-de-roue-de-rampe-pour-bateau-1200lb\/","url":"https:\/\/dockedge.thinairweb.co\/fr\/produit\/kit-de-roue-de-rampe-pour-bateau-1200lb\/","name":"Kit de roue de rampe pour bateau - 1200lb - Dock Edge+","isPartOf":{"@id":"https:\/\/dockedge.thinairweb.co\/fr\/#website"},"primaryImageOfPage":{"@id":"https:\/\/dockedge.thinairweb.co\/fr\/produit\/kit-de-roue-de-rampe-pour-bateau-1200lb\/#primaryimage"},"image":{"@id":"https:\/\/dockedge.thinairweb.co\/fr\/produit\/kit-de-roue-de-rampe-pour-bateau-1200lb\/#primaryimage"},"thumbnailUrl":"https:\/\/dockedge.thinairweb.co\/wp-content\/uploads\/sites\/3\/2024\/07\/DE85412Fa.jpg","datePublished":"2018-04-19T02:08:21+00:00","breadcrumb":{"@id":"https:\/\/dockedge.thinairweb.co\/fr\/produit\/kit-de-roue-de-rampe-pour-bateau-1200lb\/#breadcrumb"},"inLanguage":"fr-FR","potentialAction":[{"@type":"ReadAction","target":["https:\/\/dockedge.thinairweb.co\/fr\/produit\/kit-de-roue-de-rampe-pour-bateau-1200lb\/"]}]},{"@type":"ImageObject","inLanguage":"fr-FR","@id":"https:\/\/dockedge.thinairweb.co\/fr\/produit\/kit-de-roue-de-rampe-pour-bateau-1200lb\/#primaryimage","url":"https:\/\/dockedge.thinairweb.co\/wp-content\/uploads\/sites\/3\/2024\/07\/DE85412Fa.jpg","contentUrl":"https:\/\/dockedge.thinairweb.co\/wp-content\/uploads\/sites\/3\/2024\/07\/DE85412Fa.jpg","width":1000,"height":724,"caption":"Dock Edge+ Watercraft Ramp Kit"},{"@type":"BreadcrumbList","@id":"https:\/\/dockedge.thinairweb.co\/fr\/produit\/kit-de-roue-de-rampe-pour-bateau-1200lb\/#breadcrumb","itemListElement":[{"@type":"ListItem","position":1,"name":"Home","item":"https:\/\/dockedge.thinairweb.co\/fr\/"},{"@type":"ListItem","position":2,"name":"Boutique","item":"https:\/\/dockedge.thinairweb.co\/fr\/boutique\/"},{"@type":"ListItem","position":3,"name":"Kit de roue de rampe pour bateau &#8211; 1200lb"}]},{"@type":"WebSite","@id":"https:\/\/dockedge.thinairweb.co\/fr\/#website","url":"https:\/\/dockedge.thinairweb.co\/fr\/","name":"Dock Edge+","description":"Your Dock. Your Way.","potentialAction":[{"@type":"SearchAction","target":{"@type":"EntryPoint","urlTemplate":"https:\/\/dockedge.thinairweb.co\/fr\/?s={search_term_string}"},"query-input":{"@type":"PropertyValueSpecification","valueRequired":true,"valueName":"search_term_string"}}],"inLanguage":"fr-FR"}]}},"acf":[],"_links":{"self":[{"href":"https:\/\/dockedge.thinairweb.co\/fr\/wp-json\/wp\/v2\/product\/8579","targetHints":{"allow":["GET"]}}],"collection":[{"href":"https:\/\/dockedge.thinairweb.co\/fr\/wp-json\/wp\/v2\/product"}],"about":[{"href":"https:\/\/dockedge.thinairweb.co\/fr\/wp-json\/wp\/v2\/types\/product"}],"wp:featuredmedia":[{"embeddable":true,"href":"https:\/\/dockedge.thinairweb.co\/fr\/wp-json\/wp\/v2\/media\/8055"}],"wp:attachment":[{"href":"https:\/\/dockedge.thinairweb.co\/fr\/wp-json\/wp\/v2\/media?parent=8579"}],"wp:term":[{"taxonomy":"product_brand","embeddable":true,"href":"https:\/\/dockedge.thinairweb.co\/fr\/wp-json\/wp\/v2\/product_brand?post=8579"},{"taxonomy":"product_cat","embeddable":true,"href":"https:\/\/dockedge.thinairweb.co\/fr\/wp-json\/wp\/v2\/product_cat?post=8579"},{"taxonomy":"product_tag","embeddable":true,"href":"https:\/\/dockedge.thinairweb.co\/fr\/wp-json\/wp\/v2\/product_tag?post=8579"}],"curies":[{"name":"wp","href":"https:\/\/api.w.org\/{rel}","templated":true}]}}