{"id":8583,"date":"2018-04-19T02:07:36","date_gmt":"2018-04-19T02:07:36","guid":{"rendered":"https:\/\/dockedge.com\/product\/defenses-toon\/"},"modified":"2025-07-29T13:15:44","modified_gmt":"2025-07-29T13:15:44","slug":"defenses-toon","status":"publish","type":"product","link":"https:\/\/dockedge.thinairweb.co\/fr\/produit\/defenses-toon\/","title":{"rendered":"D\u00e9fenses Toon"},"content":{"rendered":"<p>[et_pb_section fb_built=\u00a0\u00bb1&Prime; _builder_version=\u00a0\u00bb3.22&Prime; custom_padding=\u00a0\u00bb0px||||false|false\u00a0\u00bb global_colors_info=\u00a0\u00bb{}\u00a0\u00bb][et_pb_row _builder_version=\u00a0\u00bb3.25&Prime; background_size=\u00a0\u00bbinitial\u00a0\u00bb background_position=\u00a0\u00bbtop_left\u00a0\u00bb background_repeat=\u00a0\u00bbrepeat\u00a0\u00bb width=\u00a0\u00bb100%\u00a0\u00bb custom_padding=\u00a0\u00bb0px||0px||false|false\u00a0\u00bb global_colors_info=\u00a0\u00bb{}\u00a0\u00bb][et_pb_column type=\u00a0\u00bb4_4&Prime; _builder_version=\u00a0\u00bb3.25&Prime; custom_padding=\u00a0\u00bb|||\u00a0\u00bb global_colors_info=\u00a0\u00bb{}\u00a0\u00bb custom_padding__hover=\u00a0\u00bb|||\u00a0\u00bb][et_pb_wc_breadcrumb _builder_version=\u00a0\u00bb3.0.47&Prime; global_colors_info=\u00a0\u00bb{}\u00a0\u00bb][\/et_pb_wc_breadcrumb][et_pb_wc_cart_notice global_colors_info=\u00a0\u00bb{}\u00a0\u00bb][\/et_pb_wc_cart_notice][\/et_pb_column][\/et_pb_row][et_pb_row _builder_version=\u00a0\u00bb3.25&Prime; background_size=\u00a0\u00bbinitial\u00a0\u00bb background_position=\u00a0\u00bbtop_left\u00a0\u00bb background_repeat=\u00a0\u00bbrepeat\u00a0\u00bb width=\u00a0\u00bb100%\u00a0\u00bb custom_padding=\u00a0\u00bb0px||||false|false\u00a0\u00bb global_colors_info=\u00a0\u00bb{}\u00a0\u00bb column_structure=\u00a0\u00bb1_2,1_2&Prime;][et_pb_column type=\u00a0\u00bb1_2&Prime; _builder_version=\u00a0\u00bb3.25&Prime; custom_padding=\u00a0\u00bb|||\u00a0\u00bb global_colors_info=\u00a0\u00bb{}\u00a0\u00bb custom_padding__hover=\u00a0\u00bb|||\u00a0\u00bb][et_pb_wc_images _builder_version=\u00a0\u00bb3.0.47&Prime; global_colors_info=\u00a0\u00bb{}\u00a0\u00bb][\/et_pb_wc_images][\/et_pb_column][et_pb_column type=\u00a0\u00bb1_2&Prime; _builder_version=\u00a0\u00bb3.25&Prime; custom_padding=\u00a0\u00bb|||\u00a0\u00bb global_colors_info=\u00a0\u00bb{}\u00a0\u00bb custom_padding__hover=\u00a0\u00bb|||\u00a0\u00bb][et_pb_wc_title _builder_version=\u00a0\u00bb3.0.47&Prime; global_colors_info=\u00a0\u00bb{}\u00a0\u00bb][\/et_pb_wc_title][et_pb_wc_rating _builder_version=\u00a0\u00bb3.0.47&Prime; global_colors_info=\u00a0\u00bb{}\u00a0\u00bb][\/et_pb_wc_rating][et_pb_wc_price _builder_version=\u00a0\u00bb3.0.47&Prime; global_colors_info=\u00a0\u00bb{}\u00a0\u00bb][\/et_pb_wc_price][et_pb_wc_description _builder_version=\u00a0\u00bb3.0.47&Prime; global_colors_info=\u00a0\u00bb{}\u00a0\u00bb][\/et_pb_wc_description][et_pb_wc_add_to_cart global_colors_info=\u00a0\u00bb{}\u00a0\u00bb][\/et_pb_wc_add_to_cart][et_pb_wc_meta _builder_version=\u00a0\u00bb3.0.47&Prime; global_colors_info=\u00a0\u00bb{}\u00a0\u00bb][\/et_pb_wc_meta][\/et_pb_column][\/et_pb_row][et_pb_row _builder_version=\u00a0\u00bb4.14.8&Prime; _module_preset=\u00a0\u00bbdefault\u00a0\u00bb][et_pb_column _builder_version=\u00a0\u00bb4.14.8&Prime; _module_preset=\u00a0\u00bbdefault\u00a0\u00bb type=\u00a0\u00bb4_4&Prime;][et_pb_video src=\u00a0\u00bbhttps:\/\/www.youtube.com\/watch?v=SrrIqUFP3nY\u00a0\u00bb _builder_version=\u00a0\u00bb4.14.8&Prime; _module_preset=\u00a0\u00bbdefault\u00a0\u00bb hover_enabled=\u00a0\u00bb0&Prime; sticky_enabled=\u00a0\u00bb0&Prime;][\/et_pb_video][\/et_pb_column][\/et_pb_row][et_pb_row _builder_version=\u00a0\u00bb3.25&Prime; background_size=\u00a0\u00bbinitial\u00a0\u00bb background_position=\u00a0\u00bbtop_left\u00a0\u00bb background_repeat=\u00a0\u00bbrepeat\u00a0\u00bb width=\u00a0\u00bb100%\u00a0\u00bb global_colors_info=\u00a0\u00bb{}\u00a0\u00bb][et_pb_column type=\u00a0\u00bb4_4&Prime; _builder_version=\u00a0\u00bb3.25&Prime; custom_padding=\u00a0\u00bb|||\u00a0\u00bb global_colors_info=\u00a0\u00bb{}\u00a0\u00bb custom_padding__hover=\u00a0\u00bb|||\u00a0\u00bb][et_pb_wc_tabs _builder_version=\u00a0\u00bb3.0.47&Prime; global_colors_info=\u00a0\u00bb{}\u00a0\u00bb]\t\t\t\t\t[\/et_pb_wc_tabs][et_pb_wc_upsells _builder_version=\u00a0\u00bb3.0.47&Prime; global_colors_info=\u00a0\u00bb{}\u00a0\u00bb][\/et_pb_wc_upsells][et_pb_wc_related_products _builder_version=\u00a0\u00bb3.0.47&Prime; global_colors_info=\u00a0\u00bb{}\u00a0\u00bb][\/et_pb_wc_related_products][\/et_pb_column][\/et_pb_row][\/et_pb_section]<\/p>\n","protected":false},"excerpt":{"rendered":"<div id=\"pr-reviewsnippet\"><\/div>\n<p><b>CUP<\/b> <br \/>\nLe Toon Fender\u2122 est le premier pare-battage con\u00e7u sp\u00e9cialement pour les pontons. Elle est con\u00e7ue pour s&rsquo;attacher \u00e0 diff\u00e9rents styles de pont et contient un double syst\u00e8me d&rsquo;accrochage pour emp\u00eacher la d\u00e9fense de se relever et de voler dans tous les sens. Cette d\u00e9fense moul\u00e9e en PVC de 6&Prime; x 36&Prime; Cette d\u00e9fense moul\u00e9e en PVC de 6&Prime; x 36&Prime; est dot\u00e9e d&rsquo;un syst\u00e8me d&rsquo;attache r\u00e9glable qui vous permet d&rsquo;accrocher la d\u00e9fense au rail et de l&rsquo;ajuster vers le haut ou vers le bas. Elle poss\u00e8de \u00e9galement un crochet inf\u00e9rieur qui se connecte \u00e0 l&rsquo;une des huit fixations de r\u00e9cepteur int\u00e9gr\u00e9es \u00e0 la d\u00e9fense en PVC. Ce type de crochet se fixe \u00e0 la garniture en aluminium qui entoure le pont du bateau ponton. De plus, un bloc de mousse E.V.A. de 6&Prime; x 6&Prime; avec velcro est fix\u00e9 \u00e0 la d\u00e9fense pour faciliter l&rsquo;ajustement et assurer une protection suppl\u00e9mentaire. Enfin, des crochets en aluminium emp\u00eachent le pare-battage de glisser sur le rail de frottement.      <\/p>\n<p>Caract\u00e9ristiques et avantages :<\/p>\n<ul>\n<li>Il s&rsquo;agit d&rsquo;un syst\u00e8me complet &#8211; Il n&rsquo;est pas n\u00e9cessaire d&rsquo;acheter des dispositifs de fixation ou des cordes suppl\u00e9mentaires.<\/li>\n<li>Pas besoin d&rsquo;enlever le garde-boue &#8211; Le double crochet emp\u00eache le garde-boue de rouler ou de se soulever, il n&rsquo;est pas n\u00e9cessaire de ranger le garde-boue.<\/li>\n<li>Plus de 36&Prime; de long, ajustable de 17&Prime; \u00e0 34&Prime; de fixation &#8211; Prot\u00e8ge du dessus de la rambarde sup\u00e9rieure jusqu&rsquo;\u00e0 4 \u00e0 5 pouces en dessous de la garniture du plancher, ou peut \u00eatre ajust\u00e9 pour prot\u00e9ger les pontons eux-m\u00eames.<\/li>\n<li>Prot\u00e8ge sous la ligne de flottaison &#8211; C&rsquo;est le seul garde-boue qui prot\u00e8ge sous la ligne de flottaison et qui ne flotte pas comme le feraient des garde-boue ronds typiques.<\/li>\n<li>Protection au-dessus du point d&rsquo;attache &#8211; C&rsquo;est la seule d\u00e9fense qui prot\u00e8ge au-dessus du point d&rsquo;attache, sans laisser de zone d&rsquo;accroche pour les quais ou les bateaux. Les cordages et les points d&rsquo;attache des d\u00e9fenses classiques sont g\u00e9n\u00e9ralement des points d&rsquo;accroche pour les quais et peuvent \u00eatre dangereux et endommager le bateau et les passagers. <\/li>\n<li>Conception effil\u00e9e &#8211; La forme de ce pare-battage permet d&rsquo;\u00e9vacuer l&rsquo;eau et d&rsquo;autres objets du bateau.<\/li>\n<li>Le crochet sup\u00e9rieur fin en acier inoxydable permet de l&rsquo;attacher entre les rembourrages des coussins &#8211; ce qui est impossible avec une corde classique.<\/li>\n<\/ul>\n","protected":false},"featured_media":7252,"template":"","meta":{"_acf_changed":false,"_et_pb_use_builder":"on","_et_pb_old_content":"<table id=\"product-table\" cellpadding=\"15\" cellspacing=\"0\" border=\"0\">\n           <tbody><tr>\n             <th>N\u00b0 de pi\u00e8ce<\/th>\n             <th>Description<\/th>\n           <\/tr>\n           \n           <tr>\n             <td>DE53131F<\/td>\n             <td>6\" x 36\" Toon Fender, PVC, Cr\u00e8me \u2021<\/td>\n           <\/tr>\n           \n           <tr>\n             <td>DE53134F<\/td>\n             <td>6\" x 36\" Toon Fender, PVC, Beige \u2021<\/td>\n           <\/tr>\n           \n           <tr>\n             <td>DE53135F<\/td>\n             <td>6\" x 36\" Toon Fender, PVC, Gris \u2021<\/td>\n           <\/tr>\n           \n           <tr>\n             <td>DE53136F<\/td>\n             <td>6\" x 36\" Garde-boue Toon, PVC, noir \u2021<\/td>\n           <\/tr>\n\n           <tr>\n             <td>DE53010F<\/td>\n             <td>Kit d'accessoires pour ailes Toon, but\u00e9es<\/td>\n           <\/tr>\n\n<\/tbody><\/table>\n<script src=\"\/\/ui.powerreviews.com\/stable\/4.0\/ui.js\"><\/script>\n\n<script>\n  POWERREVIEWS.display.render({\n      api_key: 'fdb23d80-8310-4409-87f2-2ee20e24a743',\n      locale: 'en_US',\n      merchant_group_id: '78535',\n      merchant_id: '542114',\n      page_id: '3107',\n      review_wrapper_url: 'http:\/\/www.dockedge.com\/write-a-review\/?pr_page_id=___PAGE_ID___',\nstructured_data_product_id : 'http:\/\/www.dockedge.com\/product\/toon-fenders\/',\nproduct:{\n        name: 'Toon Fenders', \n        url: 'http:\/\/www.dockedge.com\/product\/toon-fenders\/',\n        image_url: 'http:\/\/www.dockedge.com\/wp-content\/uploads\/sites\/3\/2018\/04\/ToonFender.jpg',\n        description: 'Toon Fndr Std 6\"x36\" PVC Cream',\n        category_name: 'Fenders & Buoys',\n        manufacturer_id: 'DE53131',\n        upc: '776113531310',\n        brand_name: 'DockEdge',\n        price: '<your_product_price>',\n        in_stock: '<product_in_stock_status>',\n        variants: [{\n            name: 'DE53134',\n            description: 'Toon Fndr Std 6\"x36\" PVC Beige',\n\t    upc: '776113531341',\t\n            page_id_variant: '1',\n        },\n        {\n            name: 'DE53135',\n            description: 'Toon Fndr Std 6\"x36\" PVC Grey',\n            upc: '776113531358',\n            page_id_variant: '2',  \n        },\n        {\n            name: 'DE53136',\n            description: 'Toon Fndr Std 6\"x36\" PVC Black',\n            upc: '776113531365',\n            page_id_variant: '3',   \n        },\n        {\n            name: 'DE53010F',\n            description: 'Toon Fender Accessory Kit, Stops',\n\t    upc: '776113530108',\t\n            page_id_variant: '4',\n    }]\n    },\n      components: {\n    ReviewSnippet: 'pr-reviewsnippet',\n    ReviewDisplay: 'pr-reviewdisplay'\n      }\n    });\n  <\/script>\n<div id=\"pr-reviewdisplay\"><\/div>","_et_gb_content_width":""},"product_brand":[],"product_cat":[148],"product_tag":[],"class_list":{"0":"post-8583","1":"product","2":"type-product","3":"status-publish","4":"has-post-thumbnail","6":"product_cat-defenses-et-bouees","8":"first","9":"instock","10":"shipping-taxable","11":"product-type-simple"},"yoast_head":"<!-- This site is optimized with the Yoast SEO plugin v27.0 - https:\/\/yoast.com\/product\/yoast-seo-wordpress\/ -->\n<title>D\u00e9fenses Toon - Dock Edge+<\/title>\n<meta name=\"robots\" content=\"index, follow, max-snippet:-1, max-image-preview:large, max-video-preview:-1\" \/>\n<link rel=\"canonical\" href=\"https:\/\/dockedge.thinairweb.co\/fr\/produit\/defenses-toon\/\" \/>\n<meta property=\"og:locale\" content=\"fr_FR\" \/>\n<meta property=\"og:type\" content=\"article\" \/>\n<meta property=\"og:title\" content=\"D\u00e9fenses Toon - Dock Edge+\" \/>\n<meta property=\"og:description\" content=\"CUP Le Toon Fender\u2122 est le premier pare-battage con\u00e7u sp\u00e9cialement pour les pontons. Elle est con\u00e7ue pour s&#039;attacher \u00e0 diff\u00e9rents styles de pont et contient un double syst\u00e8me d&#039;accrochage pour emp\u00eacher la d\u00e9fense de se relever et de voler dans tous les sens. Cette d\u00e9fense moul\u00e9e en PVC de 6&quot; x 36&quot; Cette d\u00e9fense moul\u00e9e en PVC de 6&quot; x 36&quot; est dot\u00e9e d&#039;un syst\u00e8me d&#039;attache r\u00e9glable qui vous permet d&#039;accrocher la d\u00e9fense au rail et de l&#039;ajuster vers le haut ou vers le bas. Elle poss\u00e8de \u00e9galement un crochet inf\u00e9rieur qui se connecte \u00e0 l&#039;une des huit fixations de r\u00e9cepteur int\u00e9gr\u00e9es \u00e0 la d\u00e9fense en PVC. Ce type de crochet se fixe \u00e0 la garniture en aluminium qui entoure le pont du bateau ponton. De plus, un bloc de mousse E.V.A. de 6&quot; x 6&quot; avec velcro est fix\u00e9 \u00e0 la d\u00e9fense pour faciliter l&#039;ajustement et assurer une protection suppl\u00e9mentaire. Enfin, des crochets en aluminium emp\u00eachent le pare-battage de glisser sur le rail de frottement.    Caract\u00e9ristiques et avantages :   Il s&#039;agit d&#039;un syst\u00e8me complet - Il n&#039;est pas n\u00e9cessaire d&#039;acheter des dispositifs de fixation ou des cordes suppl\u00e9mentaires.  Pas besoin d&#039;enlever le garde-boue - Le double crochet emp\u00eache le garde-boue de rouler ou de se soulever, il n&#039;est pas n\u00e9cessaire de ranger le garde-boue.  Plus de 36&quot; de long, ajustable de 17&quot; \u00e0 34&quot; de fixation - Prot\u00e8ge du dessus de la rambarde sup\u00e9rieure jusqu&#039;\u00e0 4 \u00e0 5 pouces en dessous de la garniture du plancher, ou peut \u00eatre ajust\u00e9 pour prot\u00e9ger les pontons eux-m\u00eames.  Prot\u00e8ge sous la ligne de flottaison - C&#039;est le seul garde-boue qui prot\u00e8ge sous la ligne de flottaison et qui ne flotte pas comme le feraient des garde-boue ronds typiques.  Protection au-dessus du point d&#039;attache - C&#039;est la seule d\u00e9fense qui prot\u00e8ge au-dessus du point d&#039;attache, sans laisser de zone d&#039;accroche pour les quais ou les bateaux. Les cordages et les points d&#039;attache des d\u00e9fenses classiques sont g\u00e9n\u00e9ralement des points d&#039;accroche pour les quais et peuvent \u00eatre dangereux et endommager le bateau et les passagers.  Conception effil\u00e9e - La forme de ce pare-battage permet d&#039;\u00e9vacuer l&#039;eau et d&#039;autres objets du bateau.  Le crochet sup\u00e9rieur fin en acier inoxydable permet de l&#039;attacher entre les rembourrages des coussins - ce qui est impossible avec une corde classique.\" \/>\n<meta property=\"og:url\" content=\"https:\/\/dockedge.thinairweb.co\/fr\/produit\/defenses-toon\/\" \/>\n<meta property=\"og:site_name\" content=\"Dock Edge+\" \/>\n<meta property=\"article:modified_time\" content=\"2025-07-29T13:15:44+00:00\" \/>\n<meta property=\"og:image\" content=\"https:\/\/dockedge.thinairweb.co\/wp-content\/uploads\/sites\/3\/2018\/04\/toon_colours.jpg\" \/>\n\t<meta property=\"og:image:width\" content=\"700\" \/>\n\t<meta property=\"og:image:height\" content=\"700\" \/>\n\t<meta property=\"og:image:type\" content=\"image\/jpeg\" \/>\n<meta name=\"twitter:card\" content=\"summary_large_image\" \/>\n<meta name=\"twitter:label1\" content=\"Dur\u00e9e de lecture estim\u00e9e\" \/>\n\t<meta name=\"twitter:data1\" content=\"2 minutes\" \/>\n<script type=\"application\/ld+json\" class=\"yoast-schema-graph\">{\"@context\":\"https:\/\/schema.org\",\"@graph\":[{\"@type\":\"WebPage\",\"@id\":\"https:\/\/dockedge.thinairweb.co\/fr\/produit\/defenses-toon\/\",\"url\":\"https:\/\/dockedge.thinairweb.co\/fr\/produit\/defenses-toon\/\",\"name\":\"D\u00e9fenses Toon - Dock Edge+\",\"isPartOf\":{\"@id\":\"https:\/\/dockedge.thinairweb.co\/fr\/#website\"},\"primaryImageOfPage\":{\"@id\":\"https:\/\/dockedge.thinairweb.co\/fr\/produit\/defenses-toon\/#primaryimage\"},\"image\":{\"@id\":\"https:\/\/dockedge.thinairweb.co\/fr\/produit\/defenses-toon\/#primaryimage\"},\"thumbnailUrl\":\"https:\/\/dockedge.thinairweb.co\/wp-content\/uploads\/sites\/3\/2018\/04\/toon_colours.jpg\",\"datePublished\":\"2018-04-19T02:07:36+00:00\",\"dateModified\":\"2025-07-29T13:15:44+00:00\",\"breadcrumb\":{\"@id\":\"https:\/\/dockedge.thinairweb.co\/fr\/produit\/defenses-toon\/#breadcrumb\"},\"inLanguage\":\"fr-FR\",\"potentialAction\":[{\"@type\":\"ReadAction\",\"target\":[\"https:\/\/dockedge.thinairweb.co\/fr\/produit\/defenses-toon\/\"]}]},{\"@type\":\"ImageObject\",\"inLanguage\":\"fr-FR\",\"@id\":\"https:\/\/dockedge.thinairweb.co\/fr\/produit\/defenses-toon\/#primaryimage\",\"url\":\"https:\/\/dockedge.thinairweb.co\/wp-content\/uploads\/sites\/3\/2018\/04\/toon_colours.jpg\",\"contentUrl\":\"https:\/\/dockedge.thinairweb.co\/wp-content\/uploads\/sites\/3\/2018\/04\/toon_colours.jpg\",\"width\":700,\"height\":700,\"caption\":\"Toon Fenders in a variety of colours\"},{\"@type\":\"BreadcrumbList\",\"@id\":\"https:\/\/dockedge.thinairweb.co\/fr\/produit\/defenses-toon\/#breadcrumb\",\"itemListElement\":[{\"@type\":\"ListItem\",\"position\":1,\"name\":\"Home\",\"item\":\"https:\/\/dockedge.thinairweb.co\/fr\/\"},{\"@type\":\"ListItem\",\"position\":2,\"name\":\"Boutique\",\"item\":\"https:\/\/dockedge.thinairweb.co\/fr\/boutique\/\"},{\"@type\":\"ListItem\",\"position\":3,\"name\":\"D\u00e9fenses Toon\"}]},{\"@type\":\"WebSite\",\"@id\":\"https:\/\/dockedge.thinairweb.co\/fr\/#website\",\"url\":\"https:\/\/dockedge.thinairweb.co\/fr\/\",\"name\":\"Dock Edge+\",\"description\":\"Your Dock. Your Way.\",\"potentialAction\":[{\"@type\":\"SearchAction\",\"target\":{\"@type\":\"EntryPoint\",\"urlTemplate\":\"https:\/\/dockedge.thinairweb.co\/fr\/?s={search_term_string}\"},\"query-input\":{\"@type\":\"PropertyValueSpecification\",\"valueRequired\":true,\"valueName\":\"search_term_string\"}}],\"inLanguage\":\"fr-FR\"}]}<\/script>\n<!-- \/ Yoast SEO plugin. -->","yoast_head_json":{"title":"D\u00e9fenses Toon - Dock Edge+","robots":{"index":"index","follow":"follow","max-snippet":"max-snippet:-1","max-image-preview":"max-image-preview:large","max-video-preview":"max-video-preview:-1"},"canonical":"https:\/\/dockedge.thinairweb.co\/fr\/produit\/defenses-toon\/","og_locale":"fr_FR","og_type":"article","og_title":"D\u00e9fenses Toon - Dock Edge+","og_description":"CUP Le Toon Fender\u2122 est le premier pare-battage con\u00e7u sp\u00e9cialement pour les pontons. Elle est con\u00e7ue pour s'attacher \u00e0 diff\u00e9rents styles de pont et contient un double syst\u00e8me d'accrochage pour emp\u00eacher la d\u00e9fense de se relever et de voler dans tous les sens. Cette d\u00e9fense moul\u00e9e en PVC de 6\" x 36\" Cette d\u00e9fense moul\u00e9e en PVC de 6\" x 36\" est dot\u00e9e d'un syst\u00e8me d'attache r\u00e9glable qui vous permet d'accrocher la d\u00e9fense au rail et de l'ajuster vers le haut ou vers le bas. Elle poss\u00e8de \u00e9galement un crochet inf\u00e9rieur qui se connecte \u00e0 l'une des huit fixations de r\u00e9cepteur int\u00e9gr\u00e9es \u00e0 la d\u00e9fense en PVC. Ce type de crochet se fixe \u00e0 la garniture en aluminium qui entoure le pont du bateau ponton. De plus, un bloc de mousse E.V.A. de 6\" x 6\" avec velcro est fix\u00e9 \u00e0 la d\u00e9fense pour faciliter l'ajustement et assurer une protection suppl\u00e9mentaire. Enfin, des crochets en aluminium emp\u00eachent le pare-battage de glisser sur le rail de frottement.    Caract\u00e9ristiques et avantages :   Il s'agit d'un syst\u00e8me complet - Il n'est pas n\u00e9cessaire d'acheter des dispositifs de fixation ou des cordes suppl\u00e9mentaires.  Pas besoin d'enlever le garde-boue - Le double crochet emp\u00eache le garde-boue de rouler ou de se soulever, il n'est pas n\u00e9cessaire de ranger le garde-boue.  Plus de 36\" de long, ajustable de 17\" \u00e0 34\" de fixation - Prot\u00e8ge du dessus de la rambarde sup\u00e9rieure jusqu'\u00e0 4 \u00e0 5 pouces en dessous de la garniture du plancher, ou peut \u00eatre ajust\u00e9 pour prot\u00e9ger les pontons eux-m\u00eames.  Prot\u00e8ge sous la ligne de flottaison - C'est le seul garde-boue qui prot\u00e8ge sous la ligne de flottaison et qui ne flotte pas comme le feraient des garde-boue ronds typiques.  Protection au-dessus du point d'attache - C'est la seule d\u00e9fense qui prot\u00e8ge au-dessus du point d'attache, sans laisser de zone d'accroche pour les quais ou les bateaux. Les cordages et les points d'attache des d\u00e9fenses classiques sont g\u00e9n\u00e9ralement des points d'accroche pour les quais et peuvent \u00eatre dangereux et endommager le bateau et les passagers.  Conception effil\u00e9e - La forme de ce pare-battage permet d'\u00e9vacuer l'eau et d'autres objets du bateau.  Le crochet sup\u00e9rieur fin en acier inoxydable permet de l'attacher entre les rembourrages des coussins - ce qui est impossible avec une corde classique.","og_url":"https:\/\/dockedge.thinairweb.co\/fr\/produit\/defenses-toon\/","og_site_name":"Dock Edge+","article_modified_time":"2025-07-29T13:15:44+00:00","og_image":[{"width":700,"height":700,"url":"https:\/\/dockedge.thinairweb.co\/wp-content\/uploads\/sites\/3\/2018\/04\/toon_colours.jpg","type":"image\/jpeg"}],"twitter_card":"summary_large_image","twitter_misc":{"Dur\u00e9e de lecture estim\u00e9e":"2 minutes"},"schema":{"@context":"https:\/\/schema.org","@graph":[{"@type":"WebPage","@id":"https:\/\/dockedge.thinairweb.co\/fr\/produit\/defenses-toon\/","url":"https:\/\/dockedge.thinairweb.co\/fr\/produit\/defenses-toon\/","name":"D\u00e9fenses Toon - Dock Edge+","isPartOf":{"@id":"https:\/\/dockedge.thinairweb.co\/fr\/#website"},"primaryImageOfPage":{"@id":"https:\/\/dockedge.thinairweb.co\/fr\/produit\/defenses-toon\/#primaryimage"},"image":{"@id":"https:\/\/dockedge.thinairweb.co\/fr\/produit\/defenses-toon\/#primaryimage"},"thumbnailUrl":"https:\/\/dockedge.thinairweb.co\/wp-content\/uploads\/sites\/3\/2018\/04\/toon_colours.jpg","datePublished":"2018-04-19T02:07:36+00:00","dateModified":"2025-07-29T13:15:44+00:00","breadcrumb":{"@id":"https:\/\/dockedge.thinairweb.co\/fr\/produit\/defenses-toon\/#breadcrumb"},"inLanguage":"fr-FR","potentialAction":[{"@type":"ReadAction","target":["https:\/\/dockedge.thinairweb.co\/fr\/produit\/defenses-toon\/"]}]},{"@type":"ImageObject","inLanguage":"fr-FR","@id":"https:\/\/dockedge.thinairweb.co\/fr\/produit\/defenses-toon\/#primaryimage","url":"https:\/\/dockedge.thinairweb.co\/wp-content\/uploads\/sites\/3\/2018\/04\/toon_colours.jpg","contentUrl":"https:\/\/dockedge.thinairweb.co\/wp-content\/uploads\/sites\/3\/2018\/04\/toon_colours.jpg","width":700,"height":700,"caption":"Toon Fenders in a variety of colours"},{"@type":"BreadcrumbList","@id":"https:\/\/dockedge.thinairweb.co\/fr\/produit\/defenses-toon\/#breadcrumb","itemListElement":[{"@type":"ListItem","position":1,"name":"Home","item":"https:\/\/dockedge.thinairweb.co\/fr\/"},{"@type":"ListItem","position":2,"name":"Boutique","item":"https:\/\/dockedge.thinairweb.co\/fr\/boutique\/"},{"@type":"ListItem","position":3,"name":"D\u00e9fenses Toon"}]},{"@type":"WebSite","@id":"https:\/\/dockedge.thinairweb.co\/fr\/#website","url":"https:\/\/dockedge.thinairweb.co\/fr\/","name":"Dock Edge+","description":"Your Dock. Your Way.","potentialAction":[{"@type":"SearchAction","target":{"@type":"EntryPoint","urlTemplate":"https:\/\/dockedge.thinairweb.co\/fr\/?s={search_term_string}"},"query-input":{"@type":"PropertyValueSpecification","valueRequired":true,"valueName":"search_term_string"}}],"inLanguage":"fr-FR"}]}},"acf":[],"_links":{"self":[{"href":"https:\/\/dockedge.thinairweb.co\/fr\/wp-json\/wp\/v2\/product\/8583","targetHints":{"allow":["GET"]}}],"collection":[{"href":"https:\/\/dockedge.thinairweb.co\/fr\/wp-json\/wp\/v2\/product"}],"about":[{"href":"https:\/\/dockedge.thinairweb.co\/fr\/wp-json\/wp\/v2\/types\/product"}],"wp:featuredmedia":[{"embeddable":true,"href":"https:\/\/dockedge.thinairweb.co\/fr\/wp-json\/wp\/v2\/media\/7252"}],"wp:attachment":[{"href":"https:\/\/dockedge.thinairweb.co\/fr\/wp-json\/wp\/v2\/media?parent=8583"}],"wp:term":[{"taxonomy":"product_brand","embeddable":true,"href":"https:\/\/dockedge.thinairweb.co\/fr\/wp-json\/wp\/v2\/product_brand?post=8583"},{"taxonomy":"product_cat","embeddable":true,"href":"https:\/\/dockedge.thinairweb.co\/fr\/wp-json\/wp\/v2\/product_cat?post=8583"},{"taxonomy":"product_tag","embeddable":true,"href":"https:\/\/dockedge.thinairweb.co\/fr\/wp-json\/wp\/v2\/product_tag?post=8583"}],"curies":[{"name":"wp","href":"https:\/\/api.w.org\/{rel}","templated":true}]}}