{"id":8590,"date":"2018-04-19T02:04:09","date_gmt":"2018-04-19T02:04:09","guid":{"rendered":"https:\/\/dockedge.com\/product\/defenses-nervurees-twin-eye\/"},"modified":"2018-04-19T02:04:09","modified_gmt":"2018-04-19T02:04:09","slug":"defenses-nervurees-twin-eye","status":"publish","type":"product","link":"https:\/\/dockedge.thinairweb.co\/fr\/produit\/defenses-nervurees-twin-eye\/","title":{"rendered":"D\u00e9fenses nervur\u00e9es Twin Eye"},"content":{"rendered":"<table id=\"product-table\" border=\"0\" cellspacing=\"0\" cellpadding=\"15\">\n<tbody>\n<tr>\n<th>N\u00b0 de pi\u00e8ce<\/th>\n<th>Description<\/th>\n<\/tr>\n<tr>\n<td>DE79161F<\/td>\n<td>D\u00e9fenses de bateau nervur\u00e9es 4.5&Prime; x 16&Prime; Twin-Eye, blanc \u2021<\/td>\n<\/tr>\n<tr>\n<td>DE79162F<\/td>\n<td>D\u00e9fenses de bateau nervur\u00e9es \u00e0 double \u0153il de 4,5&Prime; x 16&Prime;, bleu royal \u2021<\/td>\n<\/tr>\n<tr>\n<td>DE79166F<\/td>\n<td>D\u00e9fenses de bateau nervur\u00e9es 4.5&Prime; x 16&Prime; Twin-Eye, noir \u2021<\/td>\n<\/tr>\n<tr>\n<td>DE79169F<\/td>\n<td>D\u00e9fenses de bateau nervur\u00e9es 4.5&Prime; x 16&Prime; Twin-Eye, bleu marine \u2021<\/td>\n<\/tr>\n<tr>\n<td>DE79201F<\/td>\n<td>D\u00e9fenses de bateau nervur\u00e9es \u00e0 double \u0153il de 5,5 po x 20 po, blanches \u2021<\/td>\n<\/tr>\n<tr>\n<td>DE79202F<\/td>\n<td>D\u00e9fenses de bateau nervur\u00e9es 5.5&Prime; x 20&Prime; Twin-Eye, bleu royal \u2021<\/td>\n<\/tr>\n<tr>\n<td>DE79206F<\/td>\n<td>D\u00e9fenses de bateau nervur\u00e9es \u00e0 double \u0153il de 5,5&Prime; x 20&Prime;, noires \u2021<\/td>\n<\/tr>\n<tr>\n<td>DE79209F<\/td>\n<td>D\u00e9fenses de bateau nervur\u00e9es 5.5&Prime; x 20&Prime; Twin-Eye, bleu marine \u2021<\/td>\n<\/tr>\n<tr>\n<td>DE79231F<\/td>\n<td>D\u00e9fenses de bateau 6.5&Prime; x 23&Prime; Twin-Eye Ribbed, blanc \u2021<\/td>\n<\/tr>\n<tr>\n<td>DE79232F<\/td>\n<td>D\u00e9fenses de bateau nervur\u00e9es \u00e0 double \u0153il de 6,5&Prime; x 23&Prime;, bleu royal \u2021<\/td>\n<\/tr>\n<tr>\n<td>DE79236F<\/td>\n<td>D\u00e9fenses de bateau 6.5&Prime; x 23&Prime; Twin-Eye Ribbed, noir \u2021<\/td>\n<\/tr>\n<tr>\n<td>DE79239F<\/td>\n<td>D\u00e9fenses de bateau nervur\u00e9es \u00e0 double \u0153il de 6,5&Prime; x 23&Prime;, bleu marine \u2021<\/td>\n<\/tr>\n<tr>\n<td>DE79271F<\/td>\n<td>8.5&Prime; x 27&Prime; D\u00e9fenses de bateau nervur\u00e9es Twin-Eye, blanches \u2021<\/td>\n<\/tr>\n<tr>\n<td>DE79276F<\/td>\n<td>8.5&Prime; x 27&Prime; D\u00e9fenses de bateau nervur\u00e9es Twin-Eye, noires \u2021<\/td>\n<\/tr>\n<tr>\n<td>DE79279F<\/td>\n<td>8.5&Prime; x 27&Prime; D\u00e9fenses de bateau nervur\u00e9es Twin-Eye, bleu marine \u2021<\/td>\n<\/tr>\n<\/tbody>\n<\/table>\n<p><script src=\"\/\/ui.powerreviews.com\/stable\/4.0\/ui.js\"><\/script><\/p>\n<p><script>\n  POWERREVIEWS.display.render({\n      api_key: 'fdb23d80-8310-4409-87f2-2ee20e24a743',\n      locale: 'en_US',\n      merchant_group_id: '78535',\n      merchant_id: '542114',\n      page_id: '3102',\n      review_wrapper_url: 'http:\/\/www.dockedge.com\/write-a-review\/?pr_page_id=___PAGE_ID___',\nstructured_data_product_id : 'http:\/\/www.dockedge.com\/product\/twin-eye-ribbed-fenders\/',\nproduct:{\n        name: 'Twin Eye ( Ribbed ) Fenders', \n        url: 'http:\/\/www.dockedge.com\/product\/twin-eye-ribbed-fenders\/',\n        image_url: 'http:\/\/www.dockedge.com\/wp-content\/uploads\/sites\/3\/2018\/04\/TwinEyeRibbed.jpg',\n        description: 'Boat Fender, Ribbed, 4.5\"x16\", White',\n        category_name: 'Fenders &amp; Buoys',\n        manufacturer_id: 'DE79161F',\n        upc: '776113791615',\n        brand_name: 'DockEdge',\n        price: '<your_product_price>',\n        in_stock: '<product_in_stock_status>',\n        variants: [{\n            name: 'DE79162F',\n            description: 'Boat Fender, Ribbed, 4.5\"x16\", Royal Blue',\n\t    upc: '776113992470',\t\n            page_id_variant: '1',\n        },\n        {\n            name: 'DE79166F',\n            description: 'Boat Fender, Ribbed, 4.5\"x16\", Black',\n            upc: '776113103210',\n            page_id_variant: '2',  \n        },\n        {\n            name: 'DE79169F',\n            description: 'Boat Fender, Ribbed, 4.5\"x16\", Navy Blue',\n            upc: '776113103241',\n            page_id_variant: '3',  \n        },\n        {\n            name: 'DE79201F',\n            description: 'Boat Fender, Ribbed, 5.5\"x20\", White',\n            upc: '776113792018',\n            page_id_variant: '4',   \n        },\n        {\n            name: 'DE79202F',\n            description: 'Boat Fender, Ribbed, 5.5\"x20\", Royal Blue',\n\t    upc: '776113103319',\t\n            page_id_variant: '5',\n        },\n        {\n            name: 'DE79206F',\n            description: 'Boat Fender, Ribbed, 5.5\"x20\", Black',\n            upc: '776113103340',\n            page_id_variant: '6',  \n        },\n        {\n            name: 'DE79209F',\n            description: 'Boat Fender, Ribbed, 5.5\"x20\", Navy Blue',\n\t    upc: '776113103371',\t\n            page_id_variant: '7',\n        },\n        {\n            name: 'DE79231F',\n            description: 'Boat Fender, Ribbed, 6.5\"x23\", White',\n\t    upc: '776113103401',\t\n            page_id_variant: '8',\n         },\n         {\n            name: 'DE79232F',\n            description: 'Boat Fender, Ribbed, 6.5\"x23\", Royal Blue',\n            upc: '776113103449',\t\n            page_id_variant: '9',\n        },\n        {\n            name: 'DE79236F',\n            description: 'Boat Fender, Ribbed, 6.5\"x23\", Black',\n            upc: '776113103487',\n            page_id_variant: '10',  \n        },\n        {\n            name: 'DE79239F',\n            description: 'Boat Fender, Ribbed, 6.5\"x23\", Navy Blue',\n            upc: '776113103517',\n            page_id_variant: '11',  \n        },\n        {\n            name: 'DE79271F',\n            description: 'Boat Fender, Ribbed, 8.5\"x27\", White',\n            upc: '776113103531',\n            page_id_variant: '12',   \n        },\n        {\n            name: 'DE79276F',\n            description: 'Boat Fender, Ribbed, 8.5\"x27\", Black',\n            upc: '776113103579',\n            page_id_variant: '13',  \n        },\n        {\n            name: 'DE79279F',\n            description: 'Boat Fender, Ribbed, 8.5\"x27\", Navy Blue',\n\t    upc: '776113103593',\t\n            page_id_variant: '14',\n    }]\n    },\n      components: {\n    ReviewSnippet: 'pr-reviewsnippet',\n    ReviewDisplay: 'pr-reviewdisplay'\n      }\n    });\n <\/script><\/p>\n<div id=\"pr-reviewdisplay\"><\/div>\n","protected":false},"excerpt":{"rendered":"<div id=\"pr-reviewsnippet\"><\/div>\n<p><b>CUP<\/b> <br \/>\nToutes les d\u00e9fenses roto-moul\u00e9es de DockSide sont fabriqu\u00e9es \u00e0 partir de vinyle marin de la meilleure qualit\u00e9, ce qui leur conf\u00e8re une r\u00e9sistance et un amortissement sup\u00e9rieurs, ainsi qu&rsquo;une finition tr\u00e8s brillante. Les d\u00e9fenses DockSide ont \u00e9t\u00e9 test\u00e9es pendant de nombreuses ann\u00e9es dans divers environnements marins dans le monde entier. Les d\u00e9fenses DockSide r\u00e9sistent \u00e0 la d\u00e9t\u00e9rioration due \u00e0 la moisissure, au gaz, \u00e0 l&rsquo;huile, \u00e0 l&rsquo;eau de mer et aux bact\u00e9ries et sont dot\u00e9es de stabilisateurs U.V. int\u00e9gr\u00e9s. Toutes les d\u00e9fenses sont \u00e9quip\u00e9es d&rsquo;une valve de gonflage qui permet d&rsquo;ajuster le niveau de fermet\u00e9 souhait\u00e9.   <\/p>\n<p>Les nouvelles d\u00e9fenses Twin Eye Ribbed de DockSide sont dot\u00e9es de pattes int\u00e9grales sp\u00e9cialement renforc\u00e9es pour une r\u00e9sistance accrue et une plus longue dur\u00e9e de vie. Ces d\u00e9fenses offrent une protection maximale et un bon rapport qualit\u00e9-prix. <\/p>\n","protected":false},"featured_media":7565,"template":"","meta":{"_acf_changed":false,"_et_pb_use_builder":"","_et_pb_old_content":"","_et_gb_content_width":""},"product_brand":[],"product_cat":[148],"product_tag":[],"class_list":{"0":"post-8590","1":"product","2":"type-product","3":"status-publish","4":"has-post-thumbnail","6":"product_cat-defenses-et-bouees","8":"first","9":"instock","10":"shipping-taxable","11":"product-type-simple"},"yoast_head":"<!-- This site is optimized with the Yoast SEO plugin v27.0 - https:\/\/yoast.com\/product\/yoast-seo-wordpress\/ -->\n<title>D\u00e9fenses nervur\u00e9es Twin Eye - Dock Edge+<\/title>\n<meta name=\"robots\" content=\"index, follow, max-snippet:-1, max-image-preview:large, max-video-preview:-1\" \/>\n<link rel=\"canonical\" href=\"https:\/\/dockedge.thinairweb.co\/fr\/produit\/defenses-nervurees-twin-eye\/\" \/>\n<meta property=\"og:locale\" content=\"fr_FR\" \/>\n<meta property=\"og:type\" content=\"article\" \/>\n<meta property=\"og:title\" content=\"D\u00e9fenses nervur\u00e9es Twin Eye - Dock Edge+\" \/>\n<meta property=\"og:description\" content=\"CUP Toutes les d\u00e9fenses roto-moul\u00e9es de DockSide sont fabriqu\u00e9es \u00e0 partir de vinyle marin de la meilleure qualit\u00e9, ce qui leur conf\u00e8re une r\u00e9sistance et un amortissement sup\u00e9rieurs, ainsi qu&#039;une finition tr\u00e8s brillante. Les d\u00e9fenses DockSide ont \u00e9t\u00e9 test\u00e9es pendant de nombreuses ann\u00e9es dans divers environnements marins dans le monde entier. Les d\u00e9fenses DockSide r\u00e9sistent \u00e0 la d\u00e9t\u00e9rioration due \u00e0 la moisissure, au gaz, \u00e0 l&#039;huile, \u00e0 l&#039;eau de mer et aux bact\u00e9ries et sont dot\u00e9es de stabilisateurs U.V. int\u00e9gr\u00e9s. Toutes les d\u00e9fenses sont \u00e9quip\u00e9es d&#039;une valve de gonflage qui permet d&#039;ajuster le niveau de fermet\u00e9 souhait\u00e9.   Les nouvelles d\u00e9fenses Twin Eye Ribbed de DockSide sont dot\u00e9es de pattes int\u00e9grales sp\u00e9cialement renforc\u00e9es pour une r\u00e9sistance accrue et une plus longue dur\u00e9e de vie. Ces d\u00e9fenses offrent une protection maximale et un bon rapport qualit\u00e9-prix.\" \/>\n<meta property=\"og:url\" content=\"https:\/\/dockedge.thinairweb.co\/fr\/produit\/defenses-nervurees-twin-eye\/\" \/>\n<meta property=\"og:site_name\" content=\"Dock Edge+\" \/>\n<meta property=\"og:image\" content=\"https:\/\/dockedge.thinairweb.co\/wp-content\/uploads\/sites\/3\/2018\/04\/TwinEyeRibbed.jpg\" \/>\n\t<meta property=\"og:image:width\" content=\"700\" \/>\n\t<meta property=\"og:image:height\" content=\"700\" \/>\n\t<meta property=\"og:image:type\" content=\"image\/jpeg\" \/>\n<meta name=\"twitter:card\" content=\"summary_large_image\" \/>\n<meta name=\"twitter:label1\" content=\"Dur\u00e9e de lecture estim\u00e9e\" \/>\n\t<meta name=\"twitter:data1\" content=\"1 minute\" \/>\n<script type=\"application\/ld+json\" class=\"yoast-schema-graph\">{\"@context\":\"https:\/\/schema.org\",\"@graph\":[{\"@type\":\"WebPage\",\"@id\":\"https:\/\/dockedge.thinairweb.co\/fr\/produit\/defenses-nervurees-twin-eye\/\",\"url\":\"https:\/\/dockedge.thinairweb.co\/fr\/produit\/defenses-nervurees-twin-eye\/\",\"name\":\"D\u00e9fenses nervur\u00e9es Twin Eye - Dock Edge+\",\"isPartOf\":{\"@id\":\"https:\/\/dockedge.thinairweb.co\/fr\/#website\"},\"primaryImageOfPage\":{\"@id\":\"https:\/\/dockedge.thinairweb.co\/fr\/produit\/defenses-nervurees-twin-eye\/#primaryimage\"},\"image\":{\"@id\":\"https:\/\/dockedge.thinairweb.co\/fr\/produit\/defenses-nervurees-twin-eye\/#primaryimage\"},\"thumbnailUrl\":\"https:\/\/dockedge.thinairweb.co\/wp-content\/uploads\/sites\/3\/2018\/04\/TwinEyeRibbed.jpg\",\"datePublished\":\"2018-04-19T02:04:09+00:00\",\"breadcrumb\":{\"@id\":\"https:\/\/dockedge.thinairweb.co\/fr\/produit\/defenses-nervurees-twin-eye\/#breadcrumb\"},\"inLanguage\":\"fr-FR\",\"potentialAction\":[{\"@type\":\"ReadAction\",\"target\":[\"https:\/\/dockedge.thinairweb.co\/fr\/produit\/defenses-nervurees-twin-eye\/\"]}]},{\"@type\":\"ImageObject\",\"inLanguage\":\"fr-FR\",\"@id\":\"https:\/\/dockedge.thinairweb.co\/fr\/produit\/defenses-nervurees-twin-eye\/#primaryimage\",\"url\":\"https:\/\/dockedge.thinairweb.co\/wp-content\/uploads\/sites\/3\/2018\/04\/TwinEyeRibbed.jpg\",\"contentUrl\":\"https:\/\/dockedge.thinairweb.co\/wp-content\/uploads\/sites\/3\/2018\/04\/TwinEyeRibbed.jpg\",\"width\":700,\"height\":700,\"caption\":\"Twin Eye Ribbed Fenders\"},{\"@type\":\"BreadcrumbList\",\"@id\":\"https:\/\/dockedge.thinairweb.co\/fr\/produit\/defenses-nervurees-twin-eye\/#breadcrumb\",\"itemListElement\":[{\"@type\":\"ListItem\",\"position\":1,\"name\":\"Home\",\"item\":\"https:\/\/dockedge.thinairweb.co\/fr\/\"},{\"@type\":\"ListItem\",\"position\":2,\"name\":\"Boutique\",\"item\":\"https:\/\/dockedge.thinairweb.co\/fr\/boutique\/\"},{\"@type\":\"ListItem\",\"position\":3,\"name\":\"D\u00e9fenses nervur\u00e9es Twin Eye\"}]},{\"@type\":\"WebSite\",\"@id\":\"https:\/\/dockedge.thinairweb.co\/fr\/#website\",\"url\":\"https:\/\/dockedge.thinairweb.co\/fr\/\",\"name\":\"Dock Edge+\",\"description\":\"Your Dock. Your Way.\",\"potentialAction\":[{\"@type\":\"SearchAction\",\"target\":{\"@type\":\"EntryPoint\",\"urlTemplate\":\"https:\/\/dockedge.thinairweb.co\/fr\/?s={search_term_string}\"},\"query-input\":{\"@type\":\"PropertyValueSpecification\",\"valueRequired\":true,\"valueName\":\"search_term_string\"}}],\"inLanguage\":\"fr-FR\"}]}<\/script>\n<!-- \/ Yoast SEO plugin. -->","yoast_head_json":{"title":"D\u00e9fenses nervur\u00e9es Twin Eye - Dock Edge+","robots":{"index":"index","follow":"follow","max-snippet":"max-snippet:-1","max-image-preview":"max-image-preview:large","max-video-preview":"max-video-preview:-1"},"canonical":"https:\/\/dockedge.thinairweb.co\/fr\/produit\/defenses-nervurees-twin-eye\/","og_locale":"fr_FR","og_type":"article","og_title":"D\u00e9fenses nervur\u00e9es Twin Eye - Dock Edge+","og_description":"CUP Toutes les d\u00e9fenses roto-moul\u00e9es de DockSide sont fabriqu\u00e9es \u00e0 partir de vinyle marin de la meilleure qualit\u00e9, ce qui leur conf\u00e8re une r\u00e9sistance et un amortissement sup\u00e9rieurs, ainsi qu'une finition tr\u00e8s brillante. Les d\u00e9fenses DockSide ont \u00e9t\u00e9 test\u00e9es pendant de nombreuses ann\u00e9es dans divers environnements marins dans le monde entier. Les d\u00e9fenses DockSide r\u00e9sistent \u00e0 la d\u00e9t\u00e9rioration due \u00e0 la moisissure, au gaz, \u00e0 l'huile, \u00e0 l'eau de mer et aux bact\u00e9ries et sont dot\u00e9es de stabilisateurs U.V. int\u00e9gr\u00e9s. Toutes les d\u00e9fenses sont \u00e9quip\u00e9es d'une valve de gonflage qui permet d'ajuster le niveau de fermet\u00e9 souhait\u00e9.   Les nouvelles d\u00e9fenses Twin Eye Ribbed de DockSide sont dot\u00e9es de pattes int\u00e9grales sp\u00e9cialement renforc\u00e9es pour une r\u00e9sistance accrue et une plus longue dur\u00e9e de vie. Ces d\u00e9fenses offrent une protection maximale et un bon rapport qualit\u00e9-prix.","og_url":"https:\/\/dockedge.thinairweb.co\/fr\/produit\/defenses-nervurees-twin-eye\/","og_site_name":"Dock Edge+","og_image":[{"width":700,"height":700,"url":"https:\/\/dockedge.thinairweb.co\/wp-content\/uploads\/sites\/3\/2018\/04\/TwinEyeRibbed.jpg","type":"image\/jpeg"}],"twitter_card":"summary_large_image","twitter_misc":{"Dur\u00e9e de lecture estim\u00e9e":"1 minute"},"schema":{"@context":"https:\/\/schema.org","@graph":[{"@type":"WebPage","@id":"https:\/\/dockedge.thinairweb.co\/fr\/produit\/defenses-nervurees-twin-eye\/","url":"https:\/\/dockedge.thinairweb.co\/fr\/produit\/defenses-nervurees-twin-eye\/","name":"D\u00e9fenses nervur\u00e9es Twin Eye - Dock Edge+","isPartOf":{"@id":"https:\/\/dockedge.thinairweb.co\/fr\/#website"},"primaryImageOfPage":{"@id":"https:\/\/dockedge.thinairweb.co\/fr\/produit\/defenses-nervurees-twin-eye\/#primaryimage"},"image":{"@id":"https:\/\/dockedge.thinairweb.co\/fr\/produit\/defenses-nervurees-twin-eye\/#primaryimage"},"thumbnailUrl":"https:\/\/dockedge.thinairweb.co\/wp-content\/uploads\/sites\/3\/2018\/04\/TwinEyeRibbed.jpg","datePublished":"2018-04-19T02:04:09+00:00","breadcrumb":{"@id":"https:\/\/dockedge.thinairweb.co\/fr\/produit\/defenses-nervurees-twin-eye\/#breadcrumb"},"inLanguage":"fr-FR","potentialAction":[{"@type":"ReadAction","target":["https:\/\/dockedge.thinairweb.co\/fr\/produit\/defenses-nervurees-twin-eye\/"]}]},{"@type":"ImageObject","inLanguage":"fr-FR","@id":"https:\/\/dockedge.thinairweb.co\/fr\/produit\/defenses-nervurees-twin-eye\/#primaryimage","url":"https:\/\/dockedge.thinairweb.co\/wp-content\/uploads\/sites\/3\/2018\/04\/TwinEyeRibbed.jpg","contentUrl":"https:\/\/dockedge.thinairweb.co\/wp-content\/uploads\/sites\/3\/2018\/04\/TwinEyeRibbed.jpg","width":700,"height":700,"caption":"Twin Eye Ribbed Fenders"},{"@type":"BreadcrumbList","@id":"https:\/\/dockedge.thinairweb.co\/fr\/produit\/defenses-nervurees-twin-eye\/#breadcrumb","itemListElement":[{"@type":"ListItem","position":1,"name":"Home","item":"https:\/\/dockedge.thinairweb.co\/fr\/"},{"@type":"ListItem","position":2,"name":"Boutique","item":"https:\/\/dockedge.thinairweb.co\/fr\/boutique\/"},{"@type":"ListItem","position":3,"name":"D\u00e9fenses nervur\u00e9es Twin Eye"}]},{"@type":"WebSite","@id":"https:\/\/dockedge.thinairweb.co\/fr\/#website","url":"https:\/\/dockedge.thinairweb.co\/fr\/","name":"Dock Edge+","description":"Your Dock. Your Way.","potentialAction":[{"@type":"SearchAction","target":{"@type":"EntryPoint","urlTemplate":"https:\/\/dockedge.thinairweb.co\/fr\/?s={search_term_string}"},"query-input":{"@type":"PropertyValueSpecification","valueRequired":true,"valueName":"search_term_string"}}],"inLanguage":"fr-FR"}]}},"acf":[],"_links":{"self":[{"href":"https:\/\/dockedge.thinairweb.co\/fr\/wp-json\/wp\/v2\/product\/8590","targetHints":{"allow":["GET"]}}],"collection":[{"href":"https:\/\/dockedge.thinairweb.co\/fr\/wp-json\/wp\/v2\/product"}],"about":[{"href":"https:\/\/dockedge.thinairweb.co\/fr\/wp-json\/wp\/v2\/types\/product"}],"wp:featuredmedia":[{"embeddable":true,"href":"https:\/\/dockedge.thinairweb.co\/fr\/wp-json\/wp\/v2\/media\/7565"}],"wp:attachment":[{"href":"https:\/\/dockedge.thinairweb.co\/fr\/wp-json\/wp\/v2\/media?parent=8590"}],"wp:term":[{"taxonomy":"product_brand","embeddable":true,"href":"https:\/\/dockedge.thinairweb.co\/fr\/wp-json\/wp\/v2\/product_brand?post=8590"},{"taxonomy":"product_cat","embeddable":true,"href":"https:\/\/dockedge.thinairweb.co\/fr\/wp-json\/wp\/v2\/product_cat?post=8590"},{"taxonomy":"product_tag","embeddable":true,"href":"https:\/\/dockedge.thinairweb.co\/fr\/wp-json\/wp\/v2\/product_tag?post=8590"}],"curies":[{"name":"wp","href":"https:\/\/api.w.org\/{rel}","templated":true}]}}