{"id":8592,"date":"2018-04-18T16:55:00","date_gmt":"2018-04-18T16:55:00","guid":{"rendered":"https:\/\/dockedge.com\/product\/profile-dangle\/"},"modified":"2018-04-18T16:55:00","modified_gmt":"2018-04-18T16:55:00","slug":"profile-dangle","status":"publish","type":"product","link":"https:\/\/dockedge.thinairweb.co\/fr\/produit\/profile-dangle\/","title":{"rendered":"PROFIL\u00c9 D&rsquo;ANGLE"},"content":{"rendered":"<table id=\"product-table\" cellpadding=\"15\" cellspacing=\"0\" border=\"0\">\n<tbody>\n<tr>\n<th>N\u00b0 de pi\u00e8ce<\/th>\n<th>Description<\/th>\n<\/tr>\n<tr>\n<td>DE1050F<\/td>\n<td>Profil\u00e9 d&rsquo;angle blanc, 48 pi (longueurs de 6 x 8 pi) \u2021<\/td>\n<\/tr>\n<tr>\n<td>DE1040F<\/td>\n<td>Profil\u00e9 d&rsquo;angle blanc, 16 pi (2 longueurs de 8 pi) \u2021<\/td>\n<\/tr>\n<\/tbody>\n<\/table>\n<p><script src=\"\/\/ui.powerreviews.com\/stable\/4.0\/ui.js\"><\/script><\/p>\n<p><script>\n  POWERREVIEWS.display.render({\n      api_key: 'fdb23d80-8310-4409-87f2-2ee20e24a743',\n      locale: 'en_US',\n      merchant_group_id: '78535',\n      merchant_id: '542114',\n      page_id: '2990',\n      review_wrapper_url: 'http:\/\/www.dockedge.com\/write-a-review\/?pr_page_id=___PAGE_ID___',\nstructured_data_product_id : 'http:\/\/www.dockedge.com\/product\/corner-edge-profile\/',\nproduct:{\n        name: 'CORNER EDGE PROFILE', \n        url: 'http:\/\/www.dockedge.com\/product\/corner-edge-profile\/',\n        image_url: 'http:\/\/www.dockedge.com\/wp-content\/uploads\/sites\/3\/2018\/04\/1050-FX.jpg',\n        description: 'CornerEdge Profile (48Ft\/Crt) WH',\n        category_name: 'PVC Edge Bumpers',\n        manufacturer_id: 'DE1050F',\n        upc: '776113105009',\n        brand_name: 'Dockedge',\n        price: '<your_product_price>',\n        in_stock: '<product_in_stock_status>',\n        variants: [{\n            name: 'DE1040F',\n            description: 'CornerEdge Profile (16Ft\/Crt) WH',\n\t    upc: '776113104002',\t\n            page_id_variant: '1',\n    }]\n    },\n      components: {\n    ReviewSnippet: 'pr-reviewsnippet',\n    ReviewDisplay: 'pr-reviewdisplay'\n      }\n    });\n  <\/script><\/p>\n<div id=\"pr-reviewdisplay\"><\/div>\n","protected":false},"excerpt":{"rendered":"<div id=\"pr-reviewsnippet\"><\/div>\n<p><b>CUP<\/b> <br \/>\nLa r\u00e9ponse aux probl\u00e8mes d&rsquo;amarrage de tous les plaisanciers. Il peut \u00eatre mont\u00e9 horizontalement ou sur des coins de quai verticaux et des piliers. Sa conception unique sert \u00e9galement de barre d&rsquo;appui pratique lors de l&rsquo;accostage et convient parfaitement aux bateaux de p\u00eache et de ski dont le plat-bord surplombe le quai et n\u00e9cessite une protection sup\u00e9rieure. Ce profil\u00e9 exceptionnellement solide est renforc\u00e9 par deux supports internes. Comme tous les profil\u00e9s DockEdge+, il est fabriqu\u00e9 en PVC souple de qualit\u00e9 marine, con\u00e7u pour ne pas s&rsquo;\u00e9cailler ou se fissurer dans des conditions d&rsquo;utilisation normales. Il n&rsquo;est pas affect\u00e9 par l&rsquo;huile, le gaz ou l&rsquo;eau sal\u00e9e. Les inhibiteurs d&rsquo;UV et de champignons emp\u00eachent la d\u00e9coloration, le jaunissement, la d\u00e9t\u00e9rioration due \u00e0 la lumi\u00e8re du soleil et les taches inesth\u00e9tiques.      <\/p>\n<p>Disponible en blanc uniquement<\/p>\n","protected":false},"featured_media":7245,"template":"","meta":{"_acf_changed":false,"_et_pb_use_builder":"","_et_pb_old_content":"","_et_gb_content_width":""},"product_brand":[],"product_cat":[151],"product_tag":[],"class_list":{"0":"post-8592","1":"product","2":"type-product","3":"status-publish","4":"has-post-thumbnail","6":"product_cat-butoirs-en-pvc-de-premiere-qualite","8":"first","9":"instock","10":"shipping-taxable","11":"product-type-simple"},"yoast_head":"<!-- This site is optimized with the Yoast SEO plugin v27.0 - https:\/\/yoast.com\/product\/yoast-seo-wordpress\/ -->\n<title>PROFIL\u00c9 D&#039;ANGLE - Dock Edge+<\/title>\n<meta name=\"robots\" content=\"index, follow, max-snippet:-1, max-image-preview:large, max-video-preview:-1\" \/>\n<link rel=\"canonical\" href=\"https:\/\/dockedge.thinairweb.co\/fr\/produit\/profile-dangle\/\" \/>\n<meta property=\"og:locale\" content=\"fr_FR\" \/>\n<meta property=\"og:type\" content=\"article\" \/>\n<meta property=\"og:title\" content=\"PROFIL\u00c9 D&#039;ANGLE - Dock Edge+\" \/>\n<meta property=\"og:description\" content=\"CUP La r\u00e9ponse aux probl\u00e8mes d&#039;amarrage de tous les plaisanciers. Il peut \u00eatre mont\u00e9 horizontalement ou sur des coins de quai verticaux et des piliers. Sa conception unique sert \u00e9galement de barre d&#039;appui pratique lors de l&#039;accostage et convient parfaitement aux bateaux de p\u00eache et de ski dont le plat-bord surplombe le quai et n\u00e9cessite une protection sup\u00e9rieure. Ce profil\u00e9 exceptionnellement solide est renforc\u00e9 par deux supports internes. Comme tous les profil\u00e9s DockEdge+, il est fabriqu\u00e9 en PVC souple de qualit\u00e9 marine, con\u00e7u pour ne pas s&#039;\u00e9cailler ou se fissurer dans des conditions d&#039;utilisation normales. Il n&#039;est pas affect\u00e9 par l&#039;huile, le gaz ou l&#039;eau sal\u00e9e. Les inhibiteurs d&#039;UV et de champignons emp\u00eachent la d\u00e9coloration, le jaunissement, la d\u00e9t\u00e9rioration due \u00e0 la lumi\u00e8re du soleil et les taches inesth\u00e9tiques.    Disponible en blanc uniquement\" \/>\n<meta property=\"og:url\" content=\"https:\/\/dockedge.thinairweb.co\/fr\/produit\/profile-dangle\/\" \/>\n<meta property=\"og:site_name\" content=\"Dock Edge+\" \/>\n<meta property=\"og:image\" content=\"https:\/\/dockedge.thinairweb.co\/wp-content\/uploads\/sites\/3\/2018\/04\/DE1050F.jpg\" \/>\n\t<meta property=\"og:image:width\" content=\"500\" \/>\n\t<meta property=\"og:image:height\" content=\"500\" \/>\n\t<meta property=\"og:image:type\" content=\"image\/jpeg\" \/>\n<meta name=\"twitter:card\" content=\"summary_large_image\" \/>\n<script type=\"application\/ld+json\" class=\"yoast-schema-graph\">{\"@context\":\"https:\/\/schema.org\",\"@graph\":[{\"@type\":\"WebPage\",\"@id\":\"https:\/\/dockedge.thinairweb.co\/fr\/produit\/profile-dangle\/\",\"url\":\"https:\/\/dockedge.thinairweb.co\/fr\/produit\/profile-dangle\/\",\"name\":\"PROFIL\u00c9 D'ANGLE - Dock Edge+\",\"isPartOf\":{\"@id\":\"https:\/\/dockedge.thinairweb.co\/fr\/#website\"},\"primaryImageOfPage\":{\"@id\":\"https:\/\/dockedge.thinairweb.co\/fr\/produit\/profile-dangle\/#primaryimage\"},\"image\":{\"@id\":\"https:\/\/dockedge.thinairweb.co\/fr\/produit\/profile-dangle\/#primaryimage\"},\"thumbnailUrl\":\"https:\/\/dockedge.thinairweb.co\/wp-content\/uploads\/sites\/3\/2018\/04\/DE1050F.jpg\",\"datePublished\":\"2018-04-18T16:55:00+00:00\",\"breadcrumb\":{\"@id\":\"https:\/\/dockedge.thinairweb.co\/fr\/produit\/profile-dangle\/#breadcrumb\"},\"inLanguage\":\"fr-FR\",\"potentialAction\":[{\"@type\":\"ReadAction\",\"target\":[\"https:\/\/dockedge.thinairweb.co\/fr\/produit\/profile-dangle\/\"]}]},{\"@type\":\"ImageObject\",\"inLanguage\":\"fr-FR\",\"@id\":\"https:\/\/dockedge.thinairweb.co\/fr\/produit\/profile-dangle\/#primaryimage\",\"url\":\"https:\/\/dockedge.thinairweb.co\/wp-content\/uploads\/sites\/3\/2018\/04\/DE1050F.jpg\",\"contentUrl\":\"https:\/\/dockedge.thinairweb.co\/wp-content\/uploads\/sites\/3\/2018\/04\/DE1050F.jpg\",\"width\":500,\"height\":500,\"caption\":\"Corner Edge Profile in white\"},{\"@type\":\"BreadcrumbList\",\"@id\":\"https:\/\/dockedge.thinairweb.co\/fr\/produit\/profile-dangle\/#breadcrumb\",\"itemListElement\":[{\"@type\":\"ListItem\",\"position\":1,\"name\":\"Home\",\"item\":\"https:\/\/dockedge.thinairweb.co\/fr\/\"},{\"@type\":\"ListItem\",\"position\":2,\"name\":\"Boutique\",\"item\":\"https:\/\/dockedge.thinairweb.co\/fr\/boutique\/\"},{\"@type\":\"ListItem\",\"position\":3,\"name\":\"PROFIL\u00c9 D&rsquo;ANGLE\"}]},{\"@type\":\"WebSite\",\"@id\":\"https:\/\/dockedge.thinairweb.co\/fr\/#website\",\"url\":\"https:\/\/dockedge.thinairweb.co\/fr\/\",\"name\":\"Dock Edge+\",\"description\":\"Your Dock. Your Way.\",\"potentialAction\":[{\"@type\":\"SearchAction\",\"target\":{\"@type\":\"EntryPoint\",\"urlTemplate\":\"https:\/\/dockedge.thinairweb.co\/fr\/?s={search_term_string}\"},\"query-input\":{\"@type\":\"PropertyValueSpecification\",\"valueRequired\":true,\"valueName\":\"search_term_string\"}}],\"inLanguage\":\"fr-FR\"}]}<\/script>\n<!-- \/ Yoast SEO plugin. -->","yoast_head_json":{"title":"PROFIL\u00c9 D'ANGLE - Dock Edge+","robots":{"index":"index","follow":"follow","max-snippet":"max-snippet:-1","max-image-preview":"max-image-preview:large","max-video-preview":"max-video-preview:-1"},"canonical":"https:\/\/dockedge.thinairweb.co\/fr\/produit\/profile-dangle\/","og_locale":"fr_FR","og_type":"article","og_title":"PROFIL\u00c9 D'ANGLE - Dock Edge+","og_description":"CUP La r\u00e9ponse aux probl\u00e8mes d'amarrage de tous les plaisanciers. Il peut \u00eatre mont\u00e9 horizontalement ou sur des coins de quai verticaux et des piliers. Sa conception unique sert \u00e9galement de barre d'appui pratique lors de l'accostage et convient parfaitement aux bateaux de p\u00eache et de ski dont le plat-bord surplombe le quai et n\u00e9cessite une protection sup\u00e9rieure. Ce profil\u00e9 exceptionnellement solide est renforc\u00e9 par deux supports internes. Comme tous les profil\u00e9s DockEdge+, il est fabriqu\u00e9 en PVC souple de qualit\u00e9 marine, con\u00e7u pour ne pas s'\u00e9cailler ou se fissurer dans des conditions d'utilisation normales. Il n'est pas affect\u00e9 par l'huile, le gaz ou l'eau sal\u00e9e. Les inhibiteurs d'UV et de champignons emp\u00eachent la d\u00e9coloration, le jaunissement, la d\u00e9t\u00e9rioration due \u00e0 la lumi\u00e8re du soleil et les taches inesth\u00e9tiques.    Disponible en blanc uniquement","og_url":"https:\/\/dockedge.thinairweb.co\/fr\/produit\/profile-dangle\/","og_site_name":"Dock Edge+","og_image":[{"width":500,"height":500,"url":"https:\/\/dockedge.thinairweb.co\/wp-content\/uploads\/sites\/3\/2018\/04\/DE1050F.jpg","type":"image\/jpeg"}],"twitter_card":"summary_large_image","schema":{"@context":"https:\/\/schema.org","@graph":[{"@type":"WebPage","@id":"https:\/\/dockedge.thinairweb.co\/fr\/produit\/profile-dangle\/","url":"https:\/\/dockedge.thinairweb.co\/fr\/produit\/profile-dangle\/","name":"PROFIL\u00c9 D'ANGLE - Dock Edge+","isPartOf":{"@id":"https:\/\/dockedge.thinairweb.co\/fr\/#website"},"primaryImageOfPage":{"@id":"https:\/\/dockedge.thinairweb.co\/fr\/produit\/profile-dangle\/#primaryimage"},"image":{"@id":"https:\/\/dockedge.thinairweb.co\/fr\/produit\/profile-dangle\/#primaryimage"},"thumbnailUrl":"https:\/\/dockedge.thinairweb.co\/wp-content\/uploads\/sites\/3\/2018\/04\/DE1050F.jpg","datePublished":"2018-04-18T16:55:00+00:00","breadcrumb":{"@id":"https:\/\/dockedge.thinairweb.co\/fr\/produit\/profile-dangle\/#breadcrumb"},"inLanguage":"fr-FR","potentialAction":[{"@type":"ReadAction","target":["https:\/\/dockedge.thinairweb.co\/fr\/produit\/profile-dangle\/"]}]},{"@type":"ImageObject","inLanguage":"fr-FR","@id":"https:\/\/dockedge.thinairweb.co\/fr\/produit\/profile-dangle\/#primaryimage","url":"https:\/\/dockedge.thinairweb.co\/wp-content\/uploads\/sites\/3\/2018\/04\/DE1050F.jpg","contentUrl":"https:\/\/dockedge.thinairweb.co\/wp-content\/uploads\/sites\/3\/2018\/04\/DE1050F.jpg","width":500,"height":500,"caption":"Corner Edge Profile in white"},{"@type":"BreadcrumbList","@id":"https:\/\/dockedge.thinairweb.co\/fr\/produit\/profile-dangle\/#breadcrumb","itemListElement":[{"@type":"ListItem","position":1,"name":"Home","item":"https:\/\/dockedge.thinairweb.co\/fr\/"},{"@type":"ListItem","position":2,"name":"Boutique","item":"https:\/\/dockedge.thinairweb.co\/fr\/boutique\/"},{"@type":"ListItem","position":3,"name":"PROFIL\u00c9 D&rsquo;ANGLE"}]},{"@type":"WebSite","@id":"https:\/\/dockedge.thinairweb.co\/fr\/#website","url":"https:\/\/dockedge.thinairweb.co\/fr\/","name":"Dock Edge+","description":"Your Dock. Your Way.","potentialAction":[{"@type":"SearchAction","target":{"@type":"EntryPoint","urlTemplate":"https:\/\/dockedge.thinairweb.co\/fr\/?s={search_term_string}"},"query-input":{"@type":"PropertyValueSpecification","valueRequired":true,"valueName":"search_term_string"}}],"inLanguage":"fr-FR"}]}},"acf":[],"_links":{"self":[{"href":"https:\/\/dockedge.thinairweb.co\/fr\/wp-json\/wp\/v2\/product\/8592","targetHints":{"allow":["GET"]}}],"collection":[{"href":"https:\/\/dockedge.thinairweb.co\/fr\/wp-json\/wp\/v2\/product"}],"about":[{"href":"https:\/\/dockedge.thinairweb.co\/fr\/wp-json\/wp\/v2\/types\/product"}],"wp:featuredmedia":[{"embeddable":true,"href":"https:\/\/dockedge.thinairweb.co\/fr\/wp-json\/wp\/v2\/media\/7245"}],"wp:attachment":[{"href":"https:\/\/dockedge.thinairweb.co\/fr\/wp-json\/wp\/v2\/media?parent=8592"}],"wp:term":[{"taxonomy":"product_brand","embeddable":true,"href":"https:\/\/dockedge.thinairweb.co\/fr\/wp-json\/wp\/v2\/product_brand?post=8592"},{"taxonomy":"product_cat","embeddable":true,"href":"https:\/\/dockedge.thinairweb.co\/fr\/wp-json\/wp\/v2\/product_cat?post=8592"},{"taxonomy":"product_tag","embeddable":true,"href":"https:\/\/dockedge.thinairweb.co\/fr\/wp-json\/wp\/v2\/product_tag?post=8592"}],"curies":[{"name":"wp","href":"https:\/\/api.w.org\/{rel}","templated":true}]}}